{"id":3944,"date":"2016-12-01T00:21:13","date_gmt":"2016-11-30T23:21:13","guid":{"rendered":"http:\/\/lalecheleague.ch\/eventi\/hft\/"},"modified":"2025-09-01T17:48:52","modified_gmt":"2025-09-01T15:48:52","slug":"convegno","status":"publish","type":"page","link":"https:\/\/lalecheleague.ch\/it\/chi-siamo\/convegno\/","title":{"rendered":"Convegno autunnale"},"content":{"rendered":"<section class=\"l-section wpb_row height_small\"><div class=\"l-section-h i-cf\"><div class=\"g-cols vc_row via_flex valign_top type_default stacking_default\"><div class=\"vc_col-sm-12 wpb_column vc_column_container\"><div class=\"vc_column-inner\"><div class=\"wpb_wrapper\"><div class=\"wpb_text_column\"><div class=\"wpb_wrapper\"><p>La conferenza pubblica autunnale di La Leche League Svizzera HFT \u00e8 una rinomata opportunit\u00e0 di formazione continua per consulenti per l&#8217;allattamento al seno, professionisti medici, genitori e assistenti. D\u00e0 diritto a punti CERP e elog. Le presentazioni saranno tradotte simultaneamente in francese e in italiano.<\/p>\n<p>La prossima e 23a conferenza pubblica autunnale si terr\u00e0 il <strong>8 novembre 2025<\/strong>.<\/p>\n<p><a href=\"https:\/\/stillshop.ch\/convegno\" target=\"_blank\" rel=\"noopener\">Biglietto<\/a><\/p>\n<p><a href=\"https:\/\/lalecheleague.ch\/wp-content\/uploads\/Invito-e-programma-CAP-2025.pdf\" target=\"_blank\" rel=\"noopener\">Programma<\/a><\/p>\n<\/div><\/div><div class=\"w-image align_none\"><div class=\"w-image-h\"><img decoding=\"async\" width=\"744\" height=\"749\" src=\"https:\/\/lalecheleague.ch\/wp-content\/uploads\/2025-CPA-it.png\" class=\"attachment-large size-large\" alt=\"\" loading=\"lazy\" srcset=\"https:\/\/lalecheleague.ch\/wp-content\/uploads\/2025-CPA-it.png 744w, https:\/\/lalecheleague.ch\/wp-content\/uploads\/2025-CPA-it-220x220.png 220w\" sizes=\"auto, (max-width: 744px) 100vw, 744px\" \/><\/div><\/div><\/div><\/div><\/div><\/div><\/div><\/section>\n","protected":false},"excerpt":{"rendered":"La conferenza pubblica autunnale di La Leche League Svizzera HFT \u00e8 una rinomata opportunit\u00e0 di formazione continua per consulenti per l&#8217;allattamento al seno, professionisti medici, genitori e assistenti. D\u00e0 diritto a punti CERP e elog. Le presentazioni saranno tradotte simultaneamente in francese e in italiano. La prossima e 23a conferenza pubblica autunnale si terr\u00e0 il...","protected":false},"author":15,"featured_media":0,"parent":1655,"menu_order":0,"comment_status":"closed","ping_status":"closed","template":"","meta":{"_exactmetrics_skip_tracking":false,"_exactmetrics_sitenote_active":false,"_exactmetrics_sitenote_note":"","_exactmetrics_sitenote_category":0,"footnotes":""},"class_list":["post-3944","page","type-page","status-publish","hentry"],"yoast_head":"<!-- This site is optimized with the Yoast SEO Premium plugin v25.7.1 (Yoast SEO v25.7) - https:\/\/yoast.com\/wordpress\/plugins\/seo\/ -->\n<title>Convegno autunnale - Supporto e consulenza per l\u2019allattamento \u2013 La Leche League Svizzera<\/title>\n<meta name=\"robots\" content=\"index, follow, max-snippet:-1, max-image-preview:large, max-video-preview:-1\" \/>\n<link rel=\"canonical\" href=\"https:\/\/lalecheleague.ch\/it\/chi-siamo\/convegno\/\" \/>\n<meta property=\"og:locale\" content=\"it_IT\" \/>\n<meta property=\"og:type\" content=\"article\" \/>\n<meta property=\"og:title\" content=\"Convegno autunnale\" \/>\n<meta property=\"og:url\" content=\"https:\/\/lalecheleague.ch\/it\/chi-siamo\/convegno\/\" \/>\n<meta property=\"og:site_name\" content=\"Supporto e consulenza per l\u2019allattamento \u2013 La Leche League Svizzera\" \/>\n<meta property=\"article:publisher\" content=\"https:\/\/www.facebook.com\/La-Leche-League-Schweiz-Suisse-Svizzera-Svizra-163191413759963\" \/>\n<meta property=\"article:modified_time\" content=\"2025-09-01T15:48:52+00:00\" \/>\n<meta property=\"og:image\" content=\"http:\/\/lalecheleague.ch\/wp-content\/uploads\/2016\/04\/Favicon_primary_transparent.png\" \/>\n<meta name=\"twitter:card\" content=\"summary_large_image\" \/>\n<meta name=\"twitter:label1\" content=\"Tempo di lettura stimato\" \/>\n\t<meta name=\"twitter:data1\" content=\"1 minuto\" \/>\n<script type=\"application\/ld+json\" class=\"yoast-schema-graph\">{\"@context\":\"https:\/\/schema.org\",\"@graph\":[{\"@type\":\"WebPage\",\"@id\":\"https:\/\/lalecheleague.ch\/it\/chi-siamo\/convegno\/\",\"url\":\"https:\/\/lalecheleague.ch\/it\/chi-siamo\/convegno\/\",\"name\":\"Convegno autunnale - Supporto e consulenza per l\u2019allattamento \u2013 La Leche League Svizzera\",\"isPartOf\":{\"@id\":\"https:\/\/lalecheleague.ch\/it\/#website\"},\"datePublished\":\"2016-11-30T23:21:13+00:00\",\"dateModified\":\"2025-09-01T15:48:52+00:00\",\"breadcrumb\":{\"@id\":\"https:\/\/lalecheleague.ch\/it\/chi-siamo\/convegno\/#breadcrumb\"},\"inLanguage\":\"it-IT\",\"potentialAction\":[{\"@type\":\"ReadAction\",\"target\":[\"https:\/\/lalecheleague.ch\/it\/chi-siamo\/convegno\/\"]}]},{\"@type\":\"BreadcrumbList\",\"@id\":\"https:\/\/lalecheleague.ch\/it\/chi-siamo\/convegno\/#breadcrumb\",\"itemListElement\":[{\"@type\":\"ListItem\",\"position\":1,\"name\":\"Startseite\",\"item\":\"https:\/\/lalecheleague.ch\/it\/\"},{\"@type\":\"ListItem\",\"position\":2,\"name\":\"Chi siamo\",\"item\":\"https:\/\/lalecheleague.ch\/it\/chi-siamo\/\"},{\"@type\":\"ListItem\",\"position\":3,\"name\":\"Convegno autunnale\"}]},{\"@type\":\"WebSite\",\"@id\":\"https:\/\/lalecheleague.ch\/it\/#website\",\"url\":\"https:\/\/lalecheleague.ch\/it\/\",\"name\":\"lalecheleague.ch\",\"description\":\"Domande sull\u2019allattamento? Qui trovi consigli, consulenza e supporto.o per le mamme\",\"publisher\":{\"@id\":\"https:\/\/lalecheleague.ch\/it\/#organization\"},\"alternateName\":\"stillberatung.ch\",\"potentialAction\":[{\"@type\":\"SearchAction\",\"target\":{\"@type\":\"EntryPoint\",\"urlTemplate\":\"https:\/\/lalecheleague.ch\/it\/?s={search_term_string}\"},\"query-input\":{\"@type\":\"PropertyValueSpecification\",\"valueRequired\":true,\"valueName\":\"search_term_string\"}}],\"inLanguage\":\"it-IT\"},{\"@type\":\"Organization\",\"@id\":\"https:\/\/lalecheleague.ch\/it\/#organization\",\"name\":\"La Leche League Schweiz\",\"url\":\"https:\/\/lalecheleague.ch\/it\/\",\"logo\":{\"@type\":\"ImageObject\",\"inLanguage\":\"it-IT\",\"@id\":\"https:\/\/lalecheleague.ch\/it\/#\/schema\/logo\/image\/\",\"url\":\"https:\/\/lalecheleague.ch\/wp-content\/uploads\/Favicon_primary_transparent.png\",\"contentUrl\":\"https:\/\/lalecheleague.ch\/wp-content\/uploads\/Favicon_primary_transparent.png\",\"width\":218,\"height\":218,\"caption\":\"La Leche League Schweiz\"},\"image\":{\"@id\":\"https:\/\/lalecheleague.ch\/it\/#\/schema\/logo\/image\/\"},\"sameAs\":[\"https:\/\/www.facebook.com\/La-Leche-League-Schweiz-Suisse-Svizzera-Svizra-163191413759963\"]}]}<\/script>\n<!-- \/ Yoast SEO Premium plugin. -->","yoast_head_json":{"title":"Convegno autunnale - Supporto e consulenza per l\u2019allattamento \u2013 La Leche League Svizzera","robots":{"index":"index","follow":"follow","max-snippet":"max-snippet:-1","max-image-preview":"max-image-preview:large","max-video-preview":"max-video-preview:-1"},"canonical":"https:\/\/lalecheleague.ch\/it\/chi-siamo\/convegno\/","og_locale":"it_IT","og_type":"article","og_title":"Convegno autunnale","og_url":"https:\/\/lalecheleague.ch\/it\/chi-siamo\/convegno\/","og_site_name":"Supporto e consulenza per l\u2019allattamento \u2013 La Leche League Svizzera","article_publisher":"https:\/\/www.facebook.com\/La-Leche-League-Schweiz-Suisse-Svizzera-Svizra-163191413759963","article_modified_time":"2025-09-01T15:48:52+00:00","og_image":[{"url":"http:\/\/lalecheleague.ch\/wp-content\/uploads\/2016\/04\/Favicon_primary_transparent.png","type":"","width":"","height":""}],"twitter_card":"summary_large_image","twitter_misc":{"Tempo di lettura stimato":"1 minuto"},"schema":{"@context":"https:\/\/schema.org","@graph":[{"@type":"WebPage","@id":"https:\/\/lalecheleague.ch\/it\/chi-siamo\/convegno\/","url":"https:\/\/lalecheleague.ch\/it\/chi-siamo\/convegno\/","name":"Convegno autunnale - Supporto e consulenza per l\u2019allattamento \u2013 La Leche League Svizzera","isPartOf":{"@id":"https:\/\/lalecheleague.ch\/it\/#website"},"datePublished":"2016-11-30T23:21:13+00:00","dateModified":"2025-09-01T15:48:52+00:00","breadcrumb":{"@id":"https:\/\/lalecheleague.ch\/it\/chi-siamo\/convegno\/#breadcrumb"},"inLanguage":"it-IT","potentialAction":[{"@type":"ReadAction","target":["https:\/\/lalecheleague.ch\/it\/chi-siamo\/convegno\/"]}]},{"@type":"BreadcrumbList","@id":"https:\/\/lalecheleague.ch\/it\/chi-siamo\/convegno\/#breadcrumb","itemListElement":[{"@type":"ListItem","position":1,"name":"Startseite","item":"https:\/\/lalecheleague.ch\/it\/"},{"@type":"ListItem","position":2,"name":"Chi siamo","item":"https:\/\/lalecheleague.ch\/it\/chi-siamo\/"},{"@type":"ListItem","position":3,"name":"Convegno autunnale"}]},{"@type":"WebSite","@id":"https:\/\/lalecheleague.ch\/it\/#website","url":"https:\/\/lalecheleague.ch\/it\/","name":"lalecheleague.ch","description":"Domande sull\u2019allattamento? Qui trovi consigli, consulenza e supporto.o per le mamme","publisher":{"@id":"https:\/\/lalecheleague.ch\/it\/#organization"},"alternateName":"stillberatung.ch","potentialAction":[{"@type":"SearchAction","target":{"@type":"EntryPoint","urlTemplate":"https:\/\/lalecheleague.ch\/it\/?s={search_term_string}"},"query-input":{"@type":"PropertyValueSpecification","valueRequired":true,"valueName":"search_term_string"}}],"inLanguage":"it-IT"},{"@type":"Organization","@id":"https:\/\/lalecheleague.ch\/it\/#organization","name":"La Leche League Schweiz","url":"https:\/\/lalecheleague.ch\/it\/","logo":{"@type":"ImageObject","inLanguage":"it-IT","@id":"https:\/\/lalecheleague.ch\/it\/#\/schema\/logo\/image\/","url":"https:\/\/lalecheleague.ch\/wp-content\/uploads\/Favicon_primary_transparent.png","contentUrl":"https:\/\/lalecheleague.ch\/wp-content\/uploads\/Favicon_primary_transparent.png","width":218,"height":218,"caption":"La Leche League Schweiz"},"image":{"@id":"https:\/\/lalecheleague.ch\/it\/#\/schema\/logo\/image\/"},"sameAs":["https:\/\/www.facebook.com\/La-Leche-League-Schweiz-Suisse-Svizzera-Svizra-163191413759963"]}]}},"_links":{"self":[{"href":"https:\/\/lalecheleague.ch\/it\/wp-json\/wp\/v2\/pages\/3944","targetHints":{"allow":["GET"]}}],"collection":[{"href":"https:\/\/lalecheleague.ch\/it\/wp-json\/wp\/v2\/pages"}],"about":[{"href":"https:\/\/lalecheleague.ch\/it\/wp-json\/wp\/v2\/types\/page"}],"author":[{"embeddable":true,"href":"https:\/\/lalecheleague.ch\/it\/wp-json\/wp\/v2\/users\/15"}],"replies":[{"embeddable":true,"href":"https:\/\/lalecheleague.ch\/it\/wp-json\/wp\/v2\/comments?post=3944"}],"version-history":[{"count":43,"href":"https:\/\/lalecheleague.ch\/it\/wp-json\/wp\/v2\/pages\/3944\/revisions"}],"predecessor-version":[{"id":41153,"href":"https:\/\/lalecheleague.ch\/it\/wp-json\/wp\/v2\/pages\/3944\/revisions\/41153"}],"up":[{"embeddable":true,"href":"https:\/\/lalecheleague.ch\/it\/wp-json\/wp\/v2\/pages\/1655"}],"wp:attachment":[{"href":"https:\/\/lalecheleague.ch\/it\/wp-json\/wp\/v2\/media?parent=3944"}],"curies":[{"name":"wp","href":"https:\/\/api.w.org\/{rel}","templated":true}]}}