{"id":1655,"date":"2016-04-06T12:28:25","date_gmt":"2016-04-06T12:28:25","guid":{"rendered":"http:\/\/lalecheleague.ch\/it\/ueber-uns\/"},"modified":"2016-10-12T13:46:43","modified_gmt":"2016-10-12T11:46:43","slug":"chi-siamo","status":"publish","type":"page","link":"https:\/\/lalecheleague.ch\/it\/chi-siamo\/","title":{"rendered":"Chi siamo"},"content":{"rendered":"<section class=\"l-section wpb_row height_small\"><div class=\"l-section-h i-cf\"><div class=\"g-cols vc_row via_flex valign_top type_default stacking_default\"><div class=\"vc_col-sm-12 wpb_column vc_column_container\"><div class=\"vc_column-inner\"><div class=\"wpb_wrapper\">[vc_custom_heading text=&#8221;La Leche League&#8221; use_theme_fonts=&#8221;yes&#8221;]<div class=\"wpb_text_column\"><div class=\"wpb_wrapper\"><p>Die La Leche League ist eine konfessionell, wirtschaftlich und politisch unabh\u00e4ngige Non Profit Organisation, welche seit 60 Jahren weltweit Hilfe zu allen Fragen rund um das Stillen bietet. Die Beraterinnen arbeiten alle ehrenamtlich. Die Informationen, die Ihnen von den Stillberaterinnen der La Leche League zur Verf\u00fcgung gestellt werden, beruhen nach bestem Wissen und Gewissen auf dem aktuellen Forschungsstand zum Stillen.<br \/>\nUnsere Beratung von Mutter zu Mutter kann jedoch keine \u00e4rztliche Diagnose und Therapie ersetzen. Wenden Sie sich bei medizinischen Fragen und in Notf\u00e4llen an eine medizinische Fachperson (\u00c4rztin, Laktationsberaterin IBCLC).<\/p>\n<\/div><\/div><\/div><\/div><\/div><\/div><\/div><\/section><section class=\"l-section wpb_row height_small\"><div class=\"l-section-h i-cf\"><div class=\"g-cols vc_row via_flex valign_top type_default stacking_default\"><div class=\"vc_col-sm-12 wpb_column vc_column_container\"><div class=\"vc_column-inner\"><div class=\"wpb_wrapper\">[vc_custom_heading text=&#8221;Stillberatung von Mutter zu Mutter&#8221; use_theme_fonts=&#8221;yes&#8221;]<div class=\"wpb_text_column\"><div class=\"wpb_wrapper\"><p>Die Stillberaterinnen der La Leche League beraten M\u00fctter\u00a0kostenlos und auch ausserhalb von B\u00fcrozeiten in allen Stillfragen. Eine Stillberaterin absolviert eine Ausbildung und hat selber Erfahrung als stillende Mutter.<\/p>\n<\/div><\/div><\/div><\/div><\/div><\/div><\/div><\/section><section class=\"l-section wpb_row height_small\"><div class=\"l-section-h i-cf\"><div class=\"g-cols vc_row via_flex valign_top type_default stacking_default\"><div class=\"vc_col-sm-12 wpb_column vc_column_container\"><div class=\"vc_column-inner\"><div class=\"wpb_wrapper\">[vc_custom_heading text=&#8221;Von Mitgliedern und Spendern getragen&#8221; use_theme_fonts=&#8221;yes&#8221;]<div class=\"wpb_text_column\"><div class=\"wpb_wrapper\"><p>Die La Leche League finanziert sich mit Mitglieder- und Spendenbeitr\u00e4ge.<\/p>\n<\/div><\/div><\/div><\/div><\/div><\/div><\/div><\/section>\n","protected":false},"excerpt":{"rendered":"[vc_custom_heading text=\"La Leche League\" use_theme_fonts=\"yes\"]Die La Leche League ist eine konfessionell, wirtschaftlich und politisch unabh\u00e4ngige Non Profit Organisation, welche seit 60 Jahren weltweit Hilfe zu allen Fragen rund um das Stillen bietet. Die Beraterinnen arbeiten alle ehrenamtlich. Die Informationen, die Ihnen von den Stillberaterinnen der La Leche League zur Verf\u00fcgung gestellt werden, beruhen nach bestem...","protected":false},"author":15,"featured_media":0,"parent":0,"menu_order":0,"comment_status":"closed","ping_status":"closed","template":"","meta":{"_exactmetrics_skip_tracking":false,"_exactmetrics_sitenote_active":false,"_exactmetrics_sitenote_note":"","_exactmetrics_sitenote_category":0,"footnotes":""},"class_list":["post-1655","page","type-page","status-publish","hentry"],"yoast_head":"<!-- This site is optimized with the Yoast SEO Premium plugin v25.7.1 (Yoast SEO v25.7) - https:\/\/yoast.com\/wordpress\/plugins\/seo\/ -->\n<title>Chi siamo - Supporto e consulenza per l\u2019allattamento \u2013 La Leche League Svizzera<\/title>\n<meta name=\"robots\" content=\"index, follow, max-snippet:-1, max-image-preview:large, max-video-preview:-1\" \/>\n<link rel=\"canonical\" href=\"https:\/\/lalecheleague.ch\/it\/chi-siamo\/\" \/>\n<meta property=\"og:locale\" content=\"it_IT\" \/>\n<meta property=\"og:type\" content=\"article\" \/>\n<meta property=\"og:title\" content=\"Chi siamo\" \/>\n<meta property=\"og:url\" content=\"https:\/\/lalecheleague.ch\/it\/chi-siamo\/\" \/>\n<meta property=\"og:site_name\" content=\"Supporto e consulenza per l\u2019allattamento \u2013 La Leche League Svizzera\" \/>\n<meta property=\"article:publisher\" content=\"https:\/\/www.facebook.com\/La-Leche-League-Schweiz-Suisse-Svizzera-Svizra-163191413759963\" \/>\n<meta property=\"article:modified_time\" content=\"2016-10-12T11:46:43+00:00\" \/>\n<meta property=\"og:image\" content=\"http:\/\/lalecheleague.ch\/wp-content\/uploads\/2016\/04\/Favicon_primary_transparent.png\" \/>\n<meta name=\"twitter:card\" content=\"summary_large_image\" \/>\n<meta name=\"twitter:label1\" content=\"Tempo di lettura stimato\" \/>\n\t<meta name=\"twitter:data1\" content=\"1 minuto\" \/>\n<script type=\"application\/ld+json\" class=\"yoast-schema-graph\">{\"@context\":\"https:\/\/schema.org\",\"@graph\":[{\"@type\":\"WebPage\",\"@id\":\"https:\/\/lalecheleague.ch\/it\/chi-siamo\/\",\"url\":\"https:\/\/lalecheleague.ch\/it\/chi-siamo\/\",\"name\":\"Chi siamo - Supporto e consulenza per l\u2019allattamento \u2013 La Leche League Svizzera\",\"isPartOf\":{\"@id\":\"https:\/\/lalecheleague.ch\/it\/#website\"},\"datePublished\":\"2016-04-06T12:28:25+00:00\",\"dateModified\":\"2016-10-12T11:46:43+00:00\",\"breadcrumb\":{\"@id\":\"https:\/\/lalecheleague.ch\/it\/chi-siamo\/#breadcrumb\"},\"inLanguage\":\"it-IT\",\"potentialAction\":[{\"@type\":\"ReadAction\",\"target\":[\"https:\/\/lalecheleague.ch\/it\/chi-siamo\/\"]}]},{\"@type\":\"BreadcrumbList\",\"@id\":\"https:\/\/lalecheleague.ch\/it\/chi-siamo\/#breadcrumb\",\"itemListElement\":[{\"@type\":\"ListItem\",\"position\":1,\"name\":\"Startseite\",\"item\":\"https:\/\/lalecheleague.ch\/it\/\"},{\"@type\":\"ListItem\",\"position\":2,\"name\":\"Chi siamo\"}]},{\"@type\":\"WebSite\",\"@id\":\"https:\/\/lalecheleague.ch\/it\/#website\",\"url\":\"https:\/\/lalecheleague.ch\/it\/\",\"name\":\"lalecheleague.ch\",\"description\":\"Domande sull\u2019allattamento? Qui trovi consigli, consulenza e supporto.o per le mamme\",\"publisher\":{\"@id\":\"https:\/\/lalecheleague.ch\/it\/#organization\"},\"alternateName\":\"stillberatung.ch\",\"potentialAction\":[{\"@type\":\"SearchAction\",\"target\":{\"@type\":\"EntryPoint\",\"urlTemplate\":\"https:\/\/lalecheleague.ch\/it\/?s={search_term_string}\"},\"query-input\":{\"@type\":\"PropertyValueSpecification\",\"valueRequired\":true,\"valueName\":\"search_term_string\"}}],\"inLanguage\":\"it-IT\"},{\"@type\":\"Organization\",\"@id\":\"https:\/\/lalecheleague.ch\/it\/#organization\",\"name\":\"La Leche League Schweiz\",\"url\":\"https:\/\/lalecheleague.ch\/it\/\",\"logo\":{\"@type\":\"ImageObject\",\"inLanguage\":\"it-IT\",\"@id\":\"https:\/\/lalecheleague.ch\/it\/#\/schema\/logo\/image\/\",\"url\":\"https:\/\/lalecheleague.ch\/wp-content\/uploads\/Favicon_primary_transparent.png\",\"contentUrl\":\"https:\/\/lalecheleague.ch\/wp-content\/uploads\/Favicon_primary_transparent.png\",\"width\":218,\"height\":218,\"caption\":\"La Leche League Schweiz\"},\"image\":{\"@id\":\"https:\/\/lalecheleague.ch\/it\/#\/schema\/logo\/image\/\"},\"sameAs\":[\"https:\/\/www.facebook.com\/La-Leche-League-Schweiz-Suisse-Svizzera-Svizra-163191413759963\"]}]}<\/script>\n<!-- \/ Yoast SEO Premium plugin. -->","yoast_head_json":{"title":"Chi siamo - Supporto e consulenza per l\u2019allattamento \u2013 La Leche League Svizzera","robots":{"index":"index","follow":"follow","max-snippet":"max-snippet:-1","max-image-preview":"max-image-preview:large","max-video-preview":"max-video-preview:-1"},"canonical":"https:\/\/lalecheleague.ch\/it\/chi-siamo\/","og_locale":"it_IT","og_type":"article","og_title":"Chi siamo","og_url":"https:\/\/lalecheleague.ch\/it\/chi-siamo\/","og_site_name":"Supporto e consulenza per l\u2019allattamento \u2013 La Leche League Svizzera","article_publisher":"https:\/\/www.facebook.com\/La-Leche-League-Schweiz-Suisse-Svizzera-Svizra-163191413759963","article_modified_time":"2016-10-12T11:46:43+00:00","og_image":[{"url":"http:\/\/lalecheleague.ch\/wp-content\/uploads\/2016\/04\/Favicon_primary_transparent.png","type":"","width":"","height":""}],"twitter_card":"summary_large_image","twitter_misc":{"Tempo di lettura stimato":"1 minuto"},"schema":{"@context":"https:\/\/schema.org","@graph":[{"@type":"WebPage","@id":"https:\/\/lalecheleague.ch\/it\/chi-siamo\/","url":"https:\/\/lalecheleague.ch\/it\/chi-siamo\/","name":"Chi siamo - Supporto e consulenza per l\u2019allattamento \u2013 La Leche League Svizzera","isPartOf":{"@id":"https:\/\/lalecheleague.ch\/it\/#website"},"datePublished":"2016-04-06T12:28:25+00:00","dateModified":"2016-10-12T11:46:43+00:00","breadcrumb":{"@id":"https:\/\/lalecheleague.ch\/it\/chi-siamo\/#breadcrumb"},"inLanguage":"it-IT","potentialAction":[{"@type":"ReadAction","target":["https:\/\/lalecheleague.ch\/it\/chi-siamo\/"]}]},{"@type":"BreadcrumbList","@id":"https:\/\/lalecheleague.ch\/it\/chi-siamo\/#breadcrumb","itemListElement":[{"@type":"ListItem","position":1,"name":"Startseite","item":"https:\/\/lalecheleague.ch\/it\/"},{"@type":"ListItem","position":2,"name":"Chi siamo"}]},{"@type":"WebSite","@id":"https:\/\/lalecheleague.ch\/it\/#website","url":"https:\/\/lalecheleague.ch\/it\/","name":"lalecheleague.ch","description":"Domande sull\u2019allattamento? Qui trovi consigli, consulenza e supporto.o per le mamme","publisher":{"@id":"https:\/\/lalecheleague.ch\/it\/#organization"},"alternateName":"stillberatung.ch","potentialAction":[{"@type":"SearchAction","target":{"@type":"EntryPoint","urlTemplate":"https:\/\/lalecheleague.ch\/it\/?s={search_term_string}"},"query-input":{"@type":"PropertyValueSpecification","valueRequired":true,"valueName":"search_term_string"}}],"inLanguage":"it-IT"},{"@type":"Organization","@id":"https:\/\/lalecheleague.ch\/it\/#organization","name":"La Leche League Schweiz","url":"https:\/\/lalecheleague.ch\/it\/","logo":{"@type":"ImageObject","inLanguage":"it-IT","@id":"https:\/\/lalecheleague.ch\/it\/#\/schema\/logo\/image\/","url":"https:\/\/lalecheleague.ch\/wp-content\/uploads\/Favicon_primary_transparent.png","contentUrl":"https:\/\/lalecheleague.ch\/wp-content\/uploads\/Favicon_primary_transparent.png","width":218,"height":218,"caption":"La Leche League Schweiz"},"image":{"@id":"https:\/\/lalecheleague.ch\/it\/#\/schema\/logo\/image\/"},"sameAs":["https:\/\/www.facebook.com\/La-Leche-League-Schweiz-Suisse-Svizzera-Svizra-163191413759963"]}]}},"_links":{"self":[{"href":"https:\/\/lalecheleague.ch\/it\/wp-json\/wp\/v2\/pages\/1655","targetHints":{"allow":["GET"]}}],"collection":[{"href":"https:\/\/lalecheleague.ch\/it\/wp-json\/wp\/v2\/pages"}],"about":[{"href":"https:\/\/lalecheleague.ch\/it\/wp-json\/wp\/v2\/types\/page"}],"author":[{"embeddable":true,"href":"https:\/\/lalecheleague.ch\/it\/wp-json\/wp\/v2\/users\/15"}],"replies":[{"embeddable":true,"href":"https:\/\/lalecheleague.ch\/it\/wp-json\/wp\/v2\/comments?post=1655"}],"version-history":[{"count":2,"href":"https:\/\/lalecheleague.ch\/it\/wp-json\/wp\/v2\/pages\/1655\/revisions"}],"predecessor-version":[{"id":2166,"href":"https:\/\/lalecheleague.ch\/it\/wp-json\/wp\/v2\/pages\/1655\/revisions\/2166"}],"wp:attachment":[{"href":"https:\/\/lalecheleague.ch\/it\/wp-json\/wp\/v2\/media?parent=1655"}],"curies":[{"name":"wp","href":"https:\/\/api.w.org\/{rel}","templated":true}]}}