{"id":1454,"date":"2016-05-23T09:14:20","date_gmt":"2016-05-23T09:14:20","guid":{"rendered":"http:\/\/lalecheleague.ch\/it\/consigli-di-allattamento-al-seno\/e-mail\/"},"modified":"2025-01-27T00:04:56","modified_gmt":"2025-01-26T23:04:56","slug":"e-mail","status":"publish","type":"page","link":"https:\/\/lalecheleague.ch\/it\/consulenza-di-allattamento\/e-mail\/","title":{"rendered":"E-mail"},"content":{"rendered":"<section class=\"l-section wpb_row height_auto\"><div class=\"l-section-h i-cf\"><div class=\"g-cols vc_row via_flex valign_top type_default stacking_default\"><div class=\"vc_col-sm-12 wpb_column vc_column_container\"><div class=\"vc_column-inner\"><div class=\"wpb_wrapper\"><div class=\"w-separator size_custom\" style=\"height:30px\"><\/div><\/div><\/div><\/div><\/div><\/div><\/section><section class=\"l-section wpb_row height_auto\"><div class=\"l-section-h i-cf\"><div class=\"g-cols vc_row via_flex valign_top type_default stacking_default\"><div class=\"vc_col-sm-12 wpb_column vc_column_container\"><div class=\"vc_column-inner\"><div class=\"wpb_wrapper\"><div class=\"wpb_text_column\"><div class=\"wpb_wrapper\"><p>Per la consulenza d\u2019allattamento al seno via e-mail, utilizza esclusivamente il modulo sottostante.<br \/>\nDescrivi il tuo problema o poni la tua domanda nello spazio nominato &#8220;Il tuo messaggio&#8221;.<\/p>\n<p>Tieni presente che la consulente d\u2019allattamento si fa un&#8217;idea della situazione solo <strong>in base alla tua descrizione, cerca quindi di essere il pi\u00f9 accurata possibile<\/strong> in modo da poter ricevere una risposta pertinente. Anche se sarai stata precisa \u00e9 probabile che la consulente abbia bisogno di altre informazioni, poich\u00e9 ogni consulenza \u00e9 personalizzata e possono esserci diverse soluzioni per lo stesso problema.<br \/>\nDescrivere la vostra preoccupazione pertanto <strong>pi\u00f9 preciso possibile<\/strong> per dare una risposta competente.<\/p>\n<p>Dopo aver inviato il modulo, sarai contattata da una consulente per l&#8217;allattamento il prima possibile.<br \/>\nSe hai bisogno di assistenza immediata o vorresti discutere subito le tue preoccupazioni, hai la possibilit\u00e0 di <a href=\"https:\/\/lalecheleague.ch\/it\/consigli\/telefono\/\">stabilire un contatto telefonico con una consulente d\u2019allattamento di tua scelta<\/a>.<\/p>\n<\/div><\/div><div class=\"g-cols wpb_row via_flex valign_top type_default stacking_default\"><div class=\"vc_col-sm-8 wpb_column vc_column_container\"><div class=\"vc_column-inner\"><div class=\"wpb_wrapper\"><div class=\"wpb_text_column\"><div class=\"wpb_wrapper\">\n<div class=\"wpcf7 no-js\" id=\"wpcf7-f1912-o1\" lang=\"de-DE\" dir=\"ltr\" data-wpcf7-id=\"1912\">\n<div class=\"screen-reader-response\"><p role=\"status\" aria-live=\"polite\" aria-atomic=\"true\"><\/p> <ul><\/ul><\/div>\n<form action=\"\/it\/wp-json\/wp\/v2\/pages\/1454#wpcf7-f1912-o1\" method=\"post\" class=\"wpcf7-form init\" aria-label=\"Kontaktformular\" novalidate=\"novalidate\" data-status=\"init\">\n<fieldset class=\"hidden-fields-container\"><input type=\"hidden\" name=\"_wpcf7\" value=\"1912\" \/><input type=\"hidden\" name=\"_wpcf7_version\" value=\"6.1.1\" \/><input type=\"hidden\" name=\"_wpcf7_locale\" value=\"de_DE\" \/><input type=\"hidden\" name=\"_wpcf7_unit_tag\" value=\"wpcf7-f1912-o1\" \/><input type=\"hidden\" name=\"_wpcf7_container_post\" value=\"0\" \/><input type=\"hidden\" name=\"_wpcf7_posted_data_hash\" value=\"\" \/><input type=\"hidden\" name=\"_wpcf7_recaptcha_response\" value=\"\" \/>\n<\/fieldset>\n<p><label>Il tuo nome\n\t\t<font color=\"red\">*\n\t\t<\/font><br \/>\n<span class=\"wpcf7-form-control-wrap\" data-name=\"asker-firstname\"><input size=\"40\" maxlength=\"400\" class=\"wpcf7-form-control wpcf7-text wpcf7-validates-as-required\" aria-required=\"true\" aria-invalid=\"false\" placeholder=\"Nome\" value=\"\" type=\"text\" name=\"asker-firstname\" \/><\/span><\/label><br \/>\n<label><span class=\"wpcf7-form-control-wrap\" data-name=\"asker-lastname\"><input size=\"40\" maxlength=\"400\" class=\"wpcf7-form-control wpcf7-text wpcf7-validates-as-required\" aria-required=\"true\" aria-invalid=\"false\" placeholder=\"Cognome\" value=\"\" type=\"text\" name=\"asker-lastname\" \/><\/span><\/label>\n<\/p>\n<p><label>Il tuo indirizzo e-mail\n\t\t<font color=\"red\">*\n\t\t<\/font><br \/>\n<span class=\"wpcf7-form-control-wrap\" data-name=\"asker-mail\"><input size=\"40\" maxlength=\"400\" class=\"wpcf7-form-control wpcf7-email wpcf7-validates-as-required wpcf7-text wpcf7-validates-as-email\" aria-required=\"true\" aria-invalid=\"false\" placeholder=\"info@esempio.ch\" value=\"\" type=\"email\" name=\"asker-mail\" \/><\/span><\/label>\n<\/p>\n<p><label>Domicilio<br \/>\n<span class=\"wpcf7-form-control-wrap\" data-name=\"asker-plz\"><input class=\"wpcf7-form-control wpcf7-number wpcf7-validates-as-number\" id=\"LLL_Beratung_Mail_Halbbreit\" min=\"0\" max=\"9999\" aria-invalid=\"false\" placeholder=\"8000\" value=\"\" type=\"number\" name=\"asker-plz\" \/><\/span><\/label><br \/>\n<label><span class=\"wpcf7-form-control-wrap\" data-name=\"asker-place\"><input size=\"40\" maxlength=\"400\" class=\"wpcf7-form-control wpcf7-text\" aria-invalid=\"false\" placeholder=\"Z\u00fcrich\" value=\"\" type=\"text\" name=\"asker-place\" \/><\/span><\/label>\n<\/p>\n<p><label>Il tuo numero di telefono<br \/>\n<span class=\"wpcf7-form-control-wrap\" data-name=\"asker-tel\"><input size=\"40\" maxlength=\"400\" class=\"wpcf7-form-control wpcf7-tel wpcf7-text wpcf7-validates-as-tel\" aria-invalid=\"false\" placeholder=\"+41 98 765 43 21\" value=\"\" type=\"tel\" name=\"asker-tel\" \/><\/span><\/label><br \/>\n<label><br \/>\n<span class=\"wpcf7-form-control-wrap\" data-name=\"asker-LLL\"><span class=\"wpcf7-form-control wpcf7-checkbox wpcf7-exclusive-checkbox\"><span class=\"wpcf7-list-item first last\"><input type=\"checkbox\" name=\"asker-LLL\" value=\"Sono un membro di La Leche League Svizzera\" \/><span class=\"wpcf7-list-item-label\">Sono un membro di La Leche League Svizzera<\/span><\/span><\/span><\/span><br \/>\n<span><a target=\"_blank\" href=\"http:\/\/membro.lalecheleague.ch\">Vorrei diventare un membro di La Leche League Svizzera<\/a><\/span><br \/>\n<span><a target=\"_blank\" href=\"http:\/\/stillshop.ch\/epages\/174212.sf\/it_CH\/?ViewObjectPath=%2FShops%2F174212%2FProducts%2FME.002%2FSubProducts%2FME.002-de\">Vorrei diventare un membro di simpatia di La Leche League Svizzera<\/a><\/span><\/label>\n<\/p>\n<p><label>Nome del bambino<br \/>\n<span class=\"wpcf7-form-control-wrap\" data-name=\"asker-child-name\"><input size=\"40\" maxlength=\"400\" class=\"wpcf7-form-control wpcf7-text\" aria-invalid=\"false\" placeholder=\"Luca\" value=\"\" type=\"text\" name=\"asker-child-name\" \/><\/span><\/label>\n<\/p>\n<p><label>Data di nascita del bambino<br \/>\n<span class=\"wpcf7-form-control-wrap\" data-name=\"asker-child-date\"><input class=\"wpcf7-form-control wpcf7-date wpcf7-validates-as-date\" aria-invalid=\"false\" placeholder=\"2016-08-26\" value=\"\" type=\"date\" name=\"asker-child-date\" \/><\/span>\n\t\t<font size=1 color=\"grey\">&emsp;Nel formato AAAA-MM-DD\n\t\t<\/font><\/label>\n<\/p>\n<p><label>Il tuo messaggio<br \/>\n<span class=\"wpcf7-form-control-wrap\" data-name=\"asker-message\"><textarea cols=\"40\" rows=\"10\" maxlength=\"2000\" class=\"wpcf7-form-control wpcf7-textarea\" aria-invalid=\"false\" placeholder=\"Descrivi la tua situazione nel modo pi\u00f9 accurato possibile cos\u00ec che la consulente possa farsi un&#039;idea precisa di quello che succede.\" name=\"asker-message\"><\/textarea><\/span><\/label>\n<\/p>\n<p><input class=\"wpcf7-form-control wpcf7-submit has-spinner\" type=\"submit\" value=\"Inviare\" \/>\n<\/p><div class=\"wpcf7-response-output\" aria-hidden=\"true\"><\/div>\n<\/form>\n<\/div>\n\n<\/div><\/div><\/div><\/div><\/div><div class=\"vc_col-sm-4 wpb_column vc_column_container\"><div class=\"vc_column-inner\"><div class=\"wpb_wrapper\"><\/div><\/div><\/div><\/div><div class=\"w-separator size_small with_line width_default thick_2 style_solid color_border align_center\"><div class=\"w-separator-h\"><\/div><\/div><div class=\"wpb_text_column\"><div class=\"wpb_wrapper\"><p>Le informazioni che vi vengono fornite da consulenti dell&#8217;allattamento de La Leche League si basano sulla migliore scienza e coscienza allo stato attuale della ricerca sull&#8217;allattamento al seno.<br \/>\nTuttavia, il nostro consiglio da madre a madre non pu\u00f2 sostituire una diagnosi medica e\/o la terapia.<br \/>\n<strong>In caso di domande mediche e\/o di emergenze contattate un professionista medico (medico, consulente per l&#8217;allattamento IBCLC).<\/strong><\/p>\n<p><strong>\u00a0<\/strong><\/p>\n<\/div><\/div><\/div><\/div><\/div><\/div><\/div><\/section>\n","protected":false},"excerpt":{"rendered":"Per la consulenza d\u2019allattamento al seno via e-mail, utilizza esclusivamente il modulo sottostante. Descrivi il tuo problema o poni la tua domanda nello spazio nominato &#8220;Il tuo messaggio&#8221;. Tieni presente che la consulente d\u2019allattamento si fa un&#8217;idea della situazione solo in base alla tua descrizione, cerca quindi di essere il pi\u00f9 accurata possibile in modo...","protected":false},"author":14,"featured_media":0,"parent":1435,"menu_order":0,"comment_status":"closed","ping_status":"closed","template":"","meta":{"_exactmetrics_skip_tracking":false,"_exactmetrics_sitenote_active":false,"_exactmetrics_sitenote_note":"","_exactmetrics_sitenote_category":0,"footnotes":""},"class_list":["post-1454","page","type-page","status-publish","hentry"],"yoast_head":"<!-- This site is optimized with the Yoast SEO Premium plugin v25.7.1 (Yoast SEO v25.7) - https:\/\/yoast.com\/wordpress\/plugins\/seo\/ -->\n<title>E-mail - Supporto e consulenza per l\u2019allattamento \u2013 La Leche League Svizzera<\/title>\n<meta name=\"robots\" content=\"index, follow, max-snippet:-1, max-image-preview:large, max-video-preview:-1\" \/>\n<link rel=\"canonical\" href=\"https:\/\/lalecheleague.ch\/it\/consulenza-di-allattamento\/e-mail\/\" \/>\n<meta property=\"og:locale\" content=\"it_IT\" \/>\n<meta property=\"og:type\" content=\"article\" \/>\n<meta property=\"og:title\" content=\"E-mail\" \/>\n<meta property=\"og:url\" content=\"https:\/\/lalecheleague.ch\/it\/consulenza-di-allattamento\/e-mail\/\" \/>\n<meta property=\"og:site_name\" content=\"Supporto e consulenza per l\u2019allattamento \u2013 La Leche League Svizzera\" \/>\n<meta property=\"article:publisher\" content=\"https:\/\/www.facebook.com\/La-Leche-League-Schweiz-Suisse-Svizzera-Svizra-163191413759963\" \/>\n<meta property=\"article:modified_time\" content=\"2025-01-26T23:04:56+00:00\" \/>\n<meta property=\"og:image\" content=\"http:\/\/lalecheleague.ch\/wp-content\/uploads\/2016\/04\/Favicon_primary_transparent.png\" \/>\n<meta name=\"twitter:card\" content=\"summary_large_image\" \/>\n<meta name=\"twitter:label1\" content=\"Tempo di lettura stimato\" \/>\n\t<meta name=\"twitter:data1\" content=\"1 minuto\" \/>\n<script type=\"application\/ld+json\" class=\"yoast-schema-graph\">{\"@context\":\"https:\/\/schema.org\",\"@graph\":[{\"@type\":\"WebPage\",\"@id\":\"https:\/\/lalecheleague.ch\/it\/consulenza-di-allattamento\/e-mail\/\",\"url\":\"https:\/\/lalecheleague.ch\/it\/consulenza-di-allattamento\/e-mail\/\",\"name\":\"E-mail - Supporto e consulenza per l\u2019allattamento \u2013 La Leche League Svizzera\",\"isPartOf\":{\"@id\":\"https:\/\/lalecheleague.ch\/it\/#website\"},\"datePublished\":\"2016-05-23T09:14:20+00:00\",\"dateModified\":\"2025-01-26T23:04:56+00:00\",\"breadcrumb\":{\"@id\":\"https:\/\/lalecheleague.ch\/it\/consulenza-di-allattamento\/e-mail\/#breadcrumb\"},\"inLanguage\":\"it-IT\",\"potentialAction\":[{\"@type\":\"ReadAction\",\"target\":[\"https:\/\/lalecheleague.ch\/it\/consulenza-di-allattamento\/e-mail\/\"]}]},{\"@type\":\"BreadcrumbList\",\"@id\":\"https:\/\/lalecheleague.ch\/it\/consulenza-di-allattamento\/e-mail\/#breadcrumb\",\"itemListElement\":[{\"@type\":\"ListItem\",\"position\":1,\"name\":\"Startseite\",\"item\":\"https:\/\/lalecheleague.ch\/it\/\"},{\"@type\":\"ListItem\",\"position\":2,\"name\":\"Consigli di allattamento al seno\",\"item\":\"https:\/\/lalecheleague.ch\/it\/consulenza-di-allattamento\/\"},{\"@type\":\"ListItem\",\"position\":3,\"name\":\"E-mail\"}]},{\"@type\":\"WebSite\",\"@id\":\"https:\/\/lalecheleague.ch\/it\/#website\",\"url\":\"https:\/\/lalecheleague.ch\/it\/\",\"name\":\"lalecheleague.ch\",\"description\":\"Domande sull\u2019allattamento? Qui trovi consigli, consulenza e supporto.o per le mamme\",\"publisher\":{\"@id\":\"https:\/\/lalecheleague.ch\/it\/#organization\"},\"alternateName\":\"stillberatung.ch\",\"potentialAction\":[{\"@type\":\"SearchAction\",\"target\":{\"@type\":\"EntryPoint\",\"urlTemplate\":\"https:\/\/lalecheleague.ch\/it\/?s={search_term_string}\"},\"query-input\":{\"@type\":\"PropertyValueSpecification\",\"valueRequired\":true,\"valueName\":\"search_term_string\"}}],\"inLanguage\":\"it-IT\"},{\"@type\":\"Organization\",\"@id\":\"https:\/\/lalecheleague.ch\/it\/#organization\",\"name\":\"La Leche League Schweiz\",\"url\":\"https:\/\/lalecheleague.ch\/it\/\",\"logo\":{\"@type\":\"ImageObject\",\"inLanguage\":\"it-IT\",\"@id\":\"https:\/\/lalecheleague.ch\/it\/#\/schema\/logo\/image\/\",\"url\":\"https:\/\/lalecheleague.ch\/wp-content\/uploads\/Favicon_primary_transparent.png\",\"contentUrl\":\"https:\/\/lalecheleague.ch\/wp-content\/uploads\/Favicon_primary_transparent.png\",\"width\":218,\"height\":218,\"caption\":\"La Leche League Schweiz\"},\"image\":{\"@id\":\"https:\/\/lalecheleague.ch\/it\/#\/schema\/logo\/image\/\"},\"sameAs\":[\"https:\/\/www.facebook.com\/La-Leche-League-Schweiz-Suisse-Svizzera-Svizra-163191413759963\"]}]}<\/script>\n<!-- \/ Yoast SEO Premium plugin. -->","yoast_head_json":{"title":"E-mail - Supporto e consulenza per l\u2019allattamento \u2013 La Leche League Svizzera","robots":{"index":"index","follow":"follow","max-snippet":"max-snippet:-1","max-image-preview":"max-image-preview:large","max-video-preview":"max-video-preview:-1"},"canonical":"https:\/\/lalecheleague.ch\/it\/consulenza-di-allattamento\/e-mail\/","og_locale":"it_IT","og_type":"article","og_title":"E-mail","og_url":"https:\/\/lalecheleague.ch\/it\/consulenza-di-allattamento\/e-mail\/","og_site_name":"Supporto e consulenza per l\u2019allattamento \u2013 La Leche League Svizzera","article_publisher":"https:\/\/www.facebook.com\/La-Leche-League-Schweiz-Suisse-Svizzera-Svizra-163191413759963","article_modified_time":"2025-01-26T23:04:56+00:00","og_image":[{"url":"http:\/\/lalecheleague.ch\/wp-content\/uploads\/2016\/04\/Favicon_primary_transparent.png","type":"","width":"","height":""}],"twitter_card":"summary_large_image","twitter_misc":{"Tempo di lettura stimato":"1 minuto"},"schema":{"@context":"https:\/\/schema.org","@graph":[{"@type":"WebPage","@id":"https:\/\/lalecheleague.ch\/it\/consulenza-di-allattamento\/e-mail\/","url":"https:\/\/lalecheleague.ch\/it\/consulenza-di-allattamento\/e-mail\/","name":"E-mail - Supporto e consulenza per l\u2019allattamento \u2013 La Leche League Svizzera","isPartOf":{"@id":"https:\/\/lalecheleague.ch\/it\/#website"},"datePublished":"2016-05-23T09:14:20+00:00","dateModified":"2025-01-26T23:04:56+00:00","breadcrumb":{"@id":"https:\/\/lalecheleague.ch\/it\/consulenza-di-allattamento\/e-mail\/#breadcrumb"},"inLanguage":"it-IT","potentialAction":[{"@type":"ReadAction","target":["https:\/\/lalecheleague.ch\/it\/consulenza-di-allattamento\/e-mail\/"]}]},{"@type":"BreadcrumbList","@id":"https:\/\/lalecheleague.ch\/it\/consulenza-di-allattamento\/e-mail\/#breadcrumb","itemListElement":[{"@type":"ListItem","position":1,"name":"Startseite","item":"https:\/\/lalecheleague.ch\/it\/"},{"@type":"ListItem","position":2,"name":"Consigli di allattamento al seno","item":"https:\/\/lalecheleague.ch\/it\/consulenza-di-allattamento\/"},{"@type":"ListItem","position":3,"name":"E-mail"}]},{"@type":"WebSite","@id":"https:\/\/lalecheleague.ch\/it\/#website","url":"https:\/\/lalecheleague.ch\/it\/","name":"lalecheleague.ch","description":"Domande sull\u2019allattamento? Qui trovi consigli, consulenza e supporto.o per le mamme","publisher":{"@id":"https:\/\/lalecheleague.ch\/it\/#organization"},"alternateName":"stillberatung.ch","potentialAction":[{"@type":"SearchAction","target":{"@type":"EntryPoint","urlTemplate":"https:\/\/lalecheleague.ch\/it\/?s={search_term_string}"},"query-input":{"@type":"PropertyValueSpecification","valueRequired":true,"valueName":"search_term_string"}}],"inLanguage":"it-IT"},{"@type":"Organization","@id":"https:\/\/lalecheleague.ch\/it\/#organization","name":"La Leche League Schweiz","url":"https:\/\/lalecheleague.ch\/it\/","logo":{"@type":"ImageObject","inLanguage":"it-IT","@id":"https:\/\/lalecheleague.ch\/it\/#\/schema\/logo\/image\/","url":"https:\/\/lalecheleague.ch\/wp-content\/uploads\/Favicon_primary_transparent.png","contentUrl":"https:\/\/lalecheleague.ch\/wp-content\/uploads\/Favicon_primary_transparent.png","width":218,"height":218,"caption":"La Leche League Schweiz"},"image":{"@id":"https:\/\/lalecheleague.ch\/it\/#\/schema\/logo\/image\/"},"sameAs":["https:\/\/www.facebook.com\/La-Leche-League-Schweiz-Suisse-Svizzera-Svizra-163191413759963"]}]}},"_links":{"self":[{"href":"https:\/\/lalecheleague.ch\/it\/wp-json\/wp\/v2\/pages\/1454","targetHints":{"allow":["GET"]}}],"collection":[{"href":"https:\/\/lalecheleague.ch\/it\/wp-json\/wp\/v2\/pages"}],"about":[{"href":"https:\/\/lalecheleague.ch\/it\/wp-json\/wp\/v2\/types\/page"}],"author":[{"embeddable":true,"href":"https:\/\/lalecheleague.ch\/it\/wp-json\/wp\/v2\/users\/14"}],"replies":[{"embeddable":true,"href":"https:\/\/lalecheleague.ch\/it\/wp-json\/wp\/v2\/comments?post=1454"}],"version-history":[{"count":27,"href":"https:\/\/lalecheleague.ch\/it\/wp-json\/wp\/v2\/pages\/1454\/revisions"}],"predecessor-version":[{"id":39653,"href":"https:\/\/lalecheleague.ch\/it\/wp-json\/wp\/v2\/pages\/1454\/revisions\/39653"}],"up":[{"embeddable":true,"href":"https:\/\/lalecheleague.ch\/it\/wp-json\/wp\/v2\/pages\/1435"}],"wp:attachment":[{"href":"https:\/\/lalecheleague.ch\/it\/wp-json\/wp\/v2\/media?parent=1454"}],"curies":[{"name":"wp","href":"https:\/\/api.w.org\/{rel}","templated":true}]}}