{"id":488,"date":"2016-04-17T12:47:42","date_gmt":"2016-04-17T12:47:42","guid":{"rendered":"http:\/\/lalecheleague.ch\/la-leche-league-schweiz\/?lang=fr"},"modified":"2023-03-02T08:18:42","modified_gmt":"2023-03-02T07:18:42","slug":"la-leche-league-schweiz","status":"publish","type":"page","link":"https:\/\/lalecheleague.ch\/fr\/","title":{"rendered":"La Leche League Suisse"},"content":{"rendered":"<section class=\"l-section wpb_row height_auto\"><div class=\"l-section-h i-cf\"><div class=\"g-cols vc_row via_flex valign_top type_default stacking_default\"><div class=\"vc_col-sm-12 wpb_column vc_column_container\"><div class=\"vc_column-inner\"><div class=\"wpb_wrapper\">\n\t\t\t<!-- START Frontpage_fr REVOLUTION SLIDER 6.7.35 --><p class=\"rs-p-wp-fix\"><\/p>\n\t\t\t<rs-module-wrap id=\"rev_slider_28_1_wrapper\" data-source=\"gallery\" style=\"visibility:hidden;background:transparent;padding:0;margin:0px auto;margin-top:0;margin-bottom:0;\">\n\t\t\t\t<rs-module id=\"rev_slider_28_1\" style=\"\" data-version=\"6.7.35\">\n\t\t\t\t\t<rs-slides style=\"overflow: hidden; position: absolute;\">\n\t\t\t\t\t\t<rs-slide style=\"position: absolute;\" data-key=\"rs-58\" data-title=\"Slide\" data-anim=\"adpr:false;\" data-in=\"o:0;\" data-out=\"a:false;\">\n\t\t\t\t\t\t\t<img decoding=\"async\" src=\"\/\/lalecheleague.ch\/wp-content\/plugins\/revslider\/sr6\/assets\/assets\/dummy.png\" alt=\"\" title=\"Stillen-Baum\" width=\"1200\" height=\"660\" class=\"rev-slidebg tp-rs-img rs-lazyload\" data-lazyload=\"\/\/lalecheleague.ch\/wp-content\/uploads\/Stillen-Baum-scaled.jpg\" data-no-retina>\n<!--\n\t\t\t\t\t\t\t--><rs-layer\n\t\t\t\t\t\t\t\tid=\"slider-28-slide-58-layer-0\" \n\t\t\t\t\t\t\t\tdata-type=\"text\"\n\t\t\t\t\t\t\t\tdata-rsp_ch=\"on\"\n\t\t\t\t\t\t\t\tdata-xy=\"x:r;xo:50px,20px,15px,9px;y:b;yo:10px,10px,7px,4px;\"\n\t\t\t\t\t\t\t\tdata-text=\"w:normal;s:12,12,9,5;l:25,25,18,11;\"\n\t\t\t\t\t\t\t\tdata-dim=\"w:auto,262px,199px,122px;\"\n\t\t\t\t\t\t\t\tdata-frame_999=\"o:0;st:w;\"\n\t\t\t\t\t\t\t\tstyle=\"z-index:19;font-family:'Roboto';\"\n\t\t\t\t\t\t\t>Photography by: Gina Gr\u00fcter natural-photography \n\t\t\t\t\t\t\t<\/rs-layer><!--\n\n\t\t\t\t\t\t\t--><rs-layer\n\t\t\t\t\t\t\t\tid=\"slider-28-slide-58-layer-1\" \n\t\t\t\t\t\t\t\tdata-type=\"text\"\n\t\t\t\t\t\t\t\tdata-color=\"#fff\"\n\t\t\t\t\t\t\t\tdata-rsp_ch=\"on\"\n\t\t\t\t\t\t\t\tdata-xy=\"xo:50px,50px,46px,21px;yo:240px,190px,243px,228px;\"\n\t\t\t\t\t\t\t\tdata-text=\"w:normal;s:30,24,28,20;l:30,24,28,20;ls:2,1,0,0;fw:300;\"\n\t\t\t\t\t\t\t\tdata-dim=\"w:887px,732px,464px,448px;minh:0px,none,none,none;\"\n\t\t\t\t\t\t\t\tdata-frame_999=\"o:0;st:w;\"\n\t\t\t\t\t\t\t\tstyle=\"z-index:17;font-family:'Open Sans';\"\n\t\t\t\t\t\t\t>Nos points forts sont d\u2018une part l\u2018accompagnement individuel au t\u00e9l\u00e9phone\/par mail. D\u2018autre part, les rencontres d\u2018\u00e9change mensuelles reposent sur l\u2018entraide mutuelle et permettent aux participants \u2013 familles ou professionnels \u2013 de s\u2018inspirer d\u2018exp\u00e9riences riches et diverses. \n\t\t\t\t\t\t\t<\/rs-layer><!--\n\n\t\t\t\t\t\t\t--><rs-layer\n\t\t\t\t\t\t\t\tid=\"slider-28-slide-58-layer-2\" \n\t\t\t\t\t\t\t\tdata-type=\"shape\"\n\t\t\t\t\t\t\t\tdata-rsp_ch=\"on\"\n\t\t\t\t\t\t\t\tdata-xy=\"y:m;\"\n\t\t\t\t\t\t\t\tdata-text=\"w:normal;s:20,16,12,7;l:0,20,15,9;\"\n\t\t\t\t\t\t\t\tdata-dim=\"w:100%;h:100%;\"\n\t\t\t\t\t\t\t\tdata-basealign=\"slide\"\n\t\t\t\t\t\t\t\tdata-frame_999=\"o:0;st:w;\"\n\t\t\t\t\t\t\t\tstyle=\"z-index:8;background-color:rgba(12,12,12,0.71);\"\n\t\t\t\t\t\t\t> \n\t\t\t\t\t\t\t<\/rs-layer><!--\n\n\t\t\t\t\t\t\t--><a\n\t\t\t\t\t\t\t\tid=\"slider-28-slide-58-layer-3\" \n\t\t\t\t\t\t\t\tclass=\"rs-layer rev-btn\"\n\t\t\t\t\t\t\t\thref=\"https:\/\/lalecheleague.ch\/fr\/propos-de-nous\/cpa\/\" target=\"_self\"\n\t\t\t\t\t\t\t\tdata-type=\"button\"\n\t\t\t\t\t\t\t\tdata-bsh=\"h:3px;\"\n\t\t\t\t\t\t\t\tdata-rsp_ch=\"on\"\n\t\t\t\t\t\t\t\tdata-xy=\"x:l,l,c,l;xo:818px,690px,0,25px;y:b;yo:100px,50px,90px,18px;\"\n\t\t\t\t\t\t\t\tdata-text=\"w:nowrap;s:17;l:17;fw:500;a:center;\"\n\t\t\t\t\t\t\t\tdata-dim=\"w:180px,155px,200px,210px;h:80px,80px,80px,73px;minh:0px,none,none,none;\"\n\t\t\t\t\t\t\t\tdata-padding=\"t:25,25,25,20;\"\n\t\t\t\t\t\t\t\tdata-border=\"bor:2px,2px,2px,2px;\"\n\t\t\t\t\t\t\t\tdata-frame_999=\"o:0;st:w;\"\n\t\t\t\t\t\t\t\tdata-frame_hover=\"c:#ff9600;bgc:#fff;gs:sliding;bor:0px,0px,0px,0px;td:underline;bri:120%;\"\n\t\t\t\t\t\t\t\tstyle=\"z-index:9;background-color:#ff9600;font-family:'Roboto';\"\n\t\t\t\t\t\t\t><i class=\"fa-newspaper-o\"><\/i> <br \/>\nCongr\u00e8s \n\t\t\t\t\t\t\t<\/a><!--\n\n\t\t\t\t\t\t\t--><a\n\t\t\t\t\t\t\t\tid=\"slider-28-slide-58-layer-4\" \n\t\t\t\t\t\t\t\tclass=\"rs-layer rev-btn\"\n\t\t\t\t\t\t\t\thref=\"https:\/\/lalecheleague.ch\/fr\/conseils\/telephone\/\" target=\"_self\"\n\t\t\t\t\t\t\t\tdata-type=\"button\"\n\t\t\t\t\t\t\t\tdata-bsh=\"h:3px;\"\n\t\t\t\t\t\t\t\tdata-rsp_ch=\"on\"\n\t\t\t\t\t\t\t\tdata-xy=\"xo:46px,50px,50px,25px;y:b;yo:98px,50px,180px,175px;\"\n\t\t\t\t\t\t\t\tdata-text=\"w:nowrap;s:17;l:17;fw:500;a:center;\"\n\t\t\t\t\t\t\t\tdata-dim=\"w:180px,155px,200px,210px;h:80px,80px,80px,73px;minh:0px,none,none,none;\"\n\t\t\t\t\t\t\t\tdata-padding=\"t:15,15,15,10;\"\n\t\t\t\t\t\t\t\tdata-border=\"bor:2px,2px,2px,2px;\"\n\t\t\t\t\t\t\t\tdata-frame_999=\"o:0;st:w;\"\n\t\t\t\t\t\t\t\tdata-frame_hover=\"c:#ff9600;bgc:#fff;gs:sliding;bor:0px,0px,0px,0px;td:underline;bri:120%;\"\n\t\t\t\t\t\t\t\tstyle=\"z-index:15;background-color:#ff9600;font-family:'Roboto';\"\n\t\t\t\t\t\t\t> <i class=\"fa-phone\"><\/i> <br \/>\n Consultations par <br \/>\nt\u00e9l\u00e9phone \n\t\t\t\t\t\t\t<\/a><!--\n\n\t\t\t\t\t\t\t--><a\n\t\t\t\t\t\t\t\tid=\"slider-28-slide-58-layer-5\" \n\t\t\t\t\t\t\t\tclass=\"rs-layer rev-btn\"\n\t\t\t\t\t\t\t\thref=\"https:\/\/lalecheleague.ch\/fr\/don\/\" target=\"_self\"\n\t\t\t\t\t\t\t\tdata-type=\"button\"\n\t\t\t\t\t\t\t\tdata-bsh=\"h:3px;\"\n\t\t\t\t\t\t\t\tdata-rsp_ch=\"on\"\n\t\t\t\t\t\t\t\tdata-xy=\"x:r;xo:50px,53px,33px,25px;y:m,m,t,t;yo:-142px,-147px,299px,25px;\"\n\t\t\t\t\t\t\t\tdata-text=\"w:nowrap;s:30,30,30,17;l:40;fw:500;a:center;\"\n\t\t\t\t\t\t\t\tdata-dim=\"w:180px,180px,180px,120px;h:90px,90px,90px,50px;minh:0px,none,none,none;\"\n\t\t\t\t\t\t\t\tdata-padding=\"t:25,25,25,5;\"\n\t\t\t\t\t\t\t\tdata-border=\"bor:100px,100px,100px,100px;\"\n\t\t\t\t\t\t\t\tdata-frame_999=\"o:0;st:w;\"\n\t\t\t\t\t\t\t\tdata-frame_hover=\"c:#46c528;bgc:#fff;bor:100px,100px,100px,100px;bri:120%;\"\n\t\t\t\t\t\t\t\tstyle=\"z-index:14;background-color:#46c528;font-family:'Roboto';\"\n\t\t\t\t\t\t\t>Don \n\t\t\t\t\t\t\t<\/a><!--\n\n\t\t\t\t\t\t\t--><rs-layer\n\t\t\t\t\t\t\t\tid=\"slider-28-slide-58-layer-6\" \n\t\t\t\t\t\t\t\tdata-type=\"text\"\n\t\t\t\t\t\t\t\tdata-color=\"#fff\"\n\t\t\t\t\t\t\t\tdata-tsh=\"h:3px;v:3px;\"\n\t\t\t\t\t\t\t\tdata-rsp_ch=\"on\"\n\t\t\t\t\t\t\t\tdata-xy=\"xo:50px,50px,50px,25px;yo:110px,60px,80px,95px;\"\n\t\t\t\t\t\t\t\tdata-text=\"w:normal;s:40,35,35,28;l:48,48,35,28;ls:1;\"\n\t\t\t\t\t\t\t\tdata-dim=\"w:1128px,1128px,655.988px,448px;minh:0px,none,none,none;\"\n\t\t\t\t\t\t\t\tdata-frame_999=\"o:0;st:w;\"\n\t\t\t\t\t\t\t\tstyle=\"z-index:16;font-family:'Indie Flower';\"\n\t\t\t\t\t\t\t>L\u2019histoire de La Leche League commence par un r\u00eave: toutes les femmes qui le souhaitent devraient pouvoir allaiter leurs b\u00e9b\u00e9s!<br \/>\n \n\t\t\t\t\t\t\t<\/rs-layer><!--\n\n\t\t\t\t\t\t\t--><a\n\t\t\t\t\t\t\t\tid=\"slider-28-slide-58-layer-7\" \n\t\t\t\t\t\t\t\tclass=\"rs-layer rev-btn\"\n\t\t\t\t\t\t\t\thref=\"https:\/\/lalecheleague.ch\/fr\/conseils\/e-mail\/\" target=\"_self\"\n\t\t\t\t\t\t\t\tdata-type=\"button\"\n\t\t\t\t\t\t\t\tdata-bsh=\"h:3px;\"\n\t\t\t\t\t\t\t\tdata-rsp_ch=\"on\"\n\t\t\t\t\t\t\t\tdata-xy=\"x:l,l,c,r;xo:242px,210px,0,25px;y:b;yo:100px,50px,180px,175px;\"\n\t\t\t\t\t\t\t\tdata-text=\"w:nowrap;s:17;l:17;fw:500;a:center;\"\n\t\t\t\t\t\t\t\tdata-dim=\"w:180px,155px,200px,210px;h:80px,80px,80px,73px;minh:0px,none,none,none;\"\n\t\t\t\t\t\t\t\tdata-padding=\"t:15,15,15,10;\"\n\t\t\t\t\t\t\t\tdata-border=\"bor:2px,2px,2px,2px;\"\n\t\t\t\t\t\t\t\tdata-frame_999=\"o:0;st:w;\"\n\t\t\t\t\t\t\t\tdata-frame_hover=\"c:#ff9600;bgc:#fff;gs:sliding;bor:0px,0px,0px,0px;td:underline;bri:120%;\"\n\t\t\t\t\t\t\t\tstyle=\"z-index:13;background-color:#ff9600;font-family:'Roboto';\"\n\t\t\t\t\t\t\t><i class=\"material-icons\">email<\/i> <br \/>\nConsultation <br \/>\npar mail \n\t\t\t\t\t\t\t<\/a><!--\n\n\t\t\t\t\t\t\t--><a\n\t\t\t\t\t\t\t\tid=\"slider-28-slide-58-layer-8\" \n\t\t\t\t\t\t\t\tclass=\"rs-layer rev-btn\"\n\t\t\t\t\t\t\t\thref=\"https:\/\/lalecheleague.ch\/fr\/conseils\/reunions-de-lallaitement-maternel\/\" target=\"_self\"\n\t\t\t\t\t\t\t\tdata-type=\"button\"\n\t\t\t\t\t\t\t\tdata-bsh=\"h:3px;\"\n\t\t\t\t\t\t\t\tdata-rsp_ch=\"on\"\n\t\t\t\t\t\t\t\tdata-xy=\"xo:434px,370px,50px,25px;y:b;yo:100px,50px,90px,96px;\"\n\t\t\t\t\t\t\t\tdata-text=\"w:nowrap;s:17;l:17;fw:500;a:center;\"\n\t\t\t\t\t\t\t\tdata-dim=\"w:180px,155px,200px,210px;h:80px,80px,80px,73px;minh:0px,none,none,none;\"\n\t\t\t\t\t\t\t\tdata-padding=\"t:25,25,25,20;\"\n\t\t\t\t\t\t\t\tdata-border=\"bor:2px,2px,2px,2px;\"\n\t\t\t\t\t\t\t\tdata-frame_999=\"o:0;st:w;\"\n\t\t\t\t\t\t\t\tdata-frame_hover=\"c:#ff9600;bgc:#fff;gs:sliding;bor:0px,0px,0px,0px;td:underline;bri:120%;\"\n\t\t\t\t\t\t\t\tstyle=\"z-index:12;background-color:#ff9600;font-family:'Roboto';\"\n\t\t\t\t\t\t\t><i class=\"material-icons\">people<\/i> <br \/>\nR\u00e9unions \n\t\t\t\t\t\t\t<\/a><!--\n\n\t\t\t\t\t\t\t--><a\n\t\t\t\t\t\t\t\tid=\"slider-28-slide-58-layer-9\" \n\t\t\t\t\t\t\t\tclass=\"rs-layer rev-btn\"\n\t\t\t\t\t\t\t\thref=\"https:\/\/lalecheleague.ch\/fr\/les-bases-de-lallaitement-maternel\/\" target=\"_self\"\n\t\t\t\t\t\t\t\tdata-type=\"button\"\n\t\t\t\t\t\t\t\tdata-bsh=\"h:3px;\"\n\t\t\t\t\t\t\t\tdata-rsp_ch=\"on\"\n\t\t\t\t\t\t\t\tdata-xy=\"x:l,l,r,r;xo:626px,530px,50px,25px;y:b;yo:100px,50px,179px,96px;\"\n\t\t\t\t\t\t\t\tdata-text=\"w:nowrap;s:17;l:17;fw:500;a:center;\"\n\t\t\t\t\t\t\t\tdata-dim=\"w:180px,155px,200px,210px;h:80px,80px,80px,73px;minh:0px,none,none,none;\"\n\t\t\t\t\t\t\t\tdata-padding=\"t:10,6,6,7;\"\n\t\t\t\t\t\t\t\tdata-border=\"bor:2px,2px,2px,2px;\"\n\t\t\t\t\t\t\t\tdata-frame_999=\"o:0;st:w;\"\n\t\t\t\t\t\t\t\tdata-frame_hover=\"c:#ff9600;bgc:#fff;gs:sliding;bor:0px,0px,0px,0px;td:underline;bri:120%;\"\n\t\t\t\t\t\t\t\tstyle=\"z-index:11;background-color:#ff9600;font-family:'Roboto';\"\n\t\t\t\t\t\t\t><i class=\"fa-info-circle\"><\/i> <br \/>\nLes Bases de <br \/>\nl\u2019allaitement<br \/>\nmaternel \n\t\t\t\t\t\t\t<\/a><!--\n\n\t\t\t\t\t\t\t--><a\n\t\t\t\t\t\t\t\tid=\"slider-28-slide-58-layer-10\" \n\t\t\t\t\t\t\t\tclass=\"rs-layer rev-btn\"\n\t\t\t\t\t\t\t\thref=\"http:\/\/stillshop.ch\/fr_CH\" target=\"_blank\" rel=\"noopener\"\n\t\t\t\t\t\t\t\tdata-type=\"button\"\n\t\t\t\t\t\t\t\tdata-bsh=\"h:3px;\"\n\t\t\t\t\t\t\t\tdata-rsp_ch=\"on\"\n\t\t\t\t\t\t\t\tdata-xy=\"x:r,l,r,r;xo:50px,850px,50px,25px;y:b;yo:100px,50px,90px,18px;\"\n\t\t\t\t\t\t\t\tdata-text=\"w:nowrap;s:17;l:17;fw:500;a:center;\"\n\t\t\t\t\t\t\t\tdata-dim=\"w:180px,155px,200px,210px;h:80px,80px,80px,73px;minh:0px,none,none,none;\"\n\t\t\t\t\t\t\t\tdata-padding=\"t:25,25,25,20;\"\n\t\t\t\t\t\t\t\tdata-border=\"bor:2px,2px,2px,2px;\"\n\t\t\t\t\t\t\t\tdata-frame_999=\"o:0;st:w;\"\n\t\t\t\t\t\t\t\tdata-frame_hover=\"c:#ff9600;bgc:#fff;gs:sliding;bor:0px,0px,0px,0px;td:underline;bri:120%;\"\n\t\t\t\t\t\t\t\tstyle=\"z-index:10;background-color:#ff9600;font-family:'Roboto';\"\n\t\t\t\t\t\t\t><i class=\"fa-shopping-cart\"><\/i> <br \/>\nBoutique \n\t\t\t\t\t\t\t<\/a><!--\n\n\t\t\t\t\t\t\t--><rs-layer\n\t\t\t\t\t\t\t\tid=\"slider-28-slide-58-layer-11\" \n\t\t\t\t\t\t\t\tdata-type=\"image\"\n\t\t\t\t\t\t\t\tdata-rsp_ch=\"on\"\n\t\t\t\t\t\t\t\tdata-xy=\"xo:50px,0,0,0;yo:10px,30px,22px,13px;\"\n\t\t\t\t\t\t\t\tdata-text=\"w:normal;s:20,16,12,7;l:0,20,15,9;\"\n\t\t\t\t\t\t\t\tdata-dim=\"w:200px,247px,187px,115px;h:44px,55px,41px,25px;\"\n\t\t\t\t\t\t\t\tdata-vbility=\"f,f,t,t\"\n\t\t\t\t\t\t\t\tdata-basealign=\"slide\"\n\t\t\t\t\t\t\t\tdata-frame_999=\"o:0;st:w;\"\n\t\t\t\t\t\t\t\tstyle=\"z-index:18;\"\n\t\t\t\t\t\t\t><img decoding=\"async\" src=\"\/\/lalecheleague.ch\/wp-content\/plugins\/revslider\/sr6\/assets\/assets\/dummy.png\" alt=\"\" class=\"tp-rs-img rs-lazyload\" width=\"19351\" height=\"4296\" data-lazyload=\"\/\/lalecheleague.ch\/wp-content\/uploads\/foto-hintergrund-LLLgruen.png\" data-no-retina> \n\t\t\t\t\t\t\t<\/rs-layer><!--\n-->\t\t\t\t\t<\/rs-slide>\n\t\t\t\t\t<\/rs-slides>\n\t\t\t\t<\/rs-module>\n\t\t\t\t<script>\n\t\t\t\t\tsetREVStartSize({c: 'rev_slider_28_1',rl:[1240,1024,778,480],el:[900,768,960,720],gw:[1240,1024,778,480],gh:[900,768,960,720],type:'hero',justify:'',layout:'fullwidth',mh:\"0\"});if (window.RS_MODULES!==undefined && window.RS_MODULES.modules!==undefined && window.RS_MODULES.modules[\"revslider281\"]!==undefined) {window.RS_MODULES.modules[\"revslider281\"].once = false;window.revapi28 = undefined;if (window.RS_MODULES.checkMinimal!==undefined) window.RS_MODULES.checkMinimal()}\n\t\t\t\t<\/script>\n\t\t\t<\/rs-module-wrap>\n\t\t\t<!-- END REVOLUTION SLIDER -->\n<\/div><\/div><\/div><\/div><\/div><\/section><section class=\"l-section wpb_row height_auto\"><div class=\"l-section-h i-cf\"><div class=\"g-cols vc_row via_flex valign_top type_default stacking_default\"><div class=\"vc_col-sm-12 wpb_column vc_column_container\"><div class=\"vc_column-inner\"><div class=\"wpb_wrapper\">[vc_custom_heading text=\u00a0\u00bbStatistique Suisse\u00a0\u00bb font_container=\u00a0\u00bbtag:h2|text_align:center\u00a0\u00bb use_theme_fonts=\u00a0\u00bbyes\u00a0\u00bb]<div class=\"g-cols wpb_row via_flex valign_top type_default stacking_default\"><div class=\"vc_col-sm-3 wpb_column vc_column_container\"><div class=\"vc_column-inner\"><div class=\"wpb_wrapper\"><div class=\"w-counter color_heading align_center\" data-duration=\"2\"><div class=\"w-counter-value\"><span class=\"w-counter-value-part type_text\" data-final=\"\"><\/span><span class=\"w-counter-value-part type_number\" data-final=\"6411\">0<\/span><span class=\"w-counter-value-part type_text\" data-final=\"\"><\/span><\/div><h6 class=\"w-counter-title\">Soutien \u00e0 l&rsquo;allaitement<\/h6><\/div><\/div><\/div><\/div><div class=\"vc_col-sm-3 wpb_column vc_column_container\"><div class=\"vc_column-inner\"><div class=\"wpb_wrapper\"><div class=\"w-counter color_heading align_center\" data-duration=\"2\"><div class=\"w-counter-value\"><span class=\"w-counter-value-part type_text\" data-final=\"\"><\/span><span class=\"w-counter-value-part type_number\" data-final=\"94\">0<\/span><span class=\"w-counter-value-part type_text\" data-final=\"\"><\/span><\/div><h6 class=\"w-counter-title\">Animatrices<\/h6><\/div><\/div><\/div><\/div><div class=\"vc_col-sm-3 wpb_column vc_column_container\"><div class=\"vc_column-inner\"><div class=\"wpb_wrapper\"><div class=\"w-counter color_heading align_center\" data-duration=\"2\"><div class=\"w-counter-value\"><span class=\"w-counter-value-part type_text\" data-final=\"\"><\/span><span class=\"w-counter-value-part type_number\" data-final=\"304\">0<\/span><span class=\"w-counter-value-part type_text\" data-final=\"\"><\/span><\/div><h6 class=\"w-counter-title\">R\u00e9unions de l&rsquo;allaitement maternel<\/h6><\/div><\/div><\/div><\/div><div class=\"vc_col-sm-3 wpb_column vc_column_container\"><div class=\"vc_column-inner\"><div class=\"wpb_wrapper\"><div class=\"w-counter color_heading align_center\" data-duration=\"2\"><div class=\"w-counter-value\"><span class=\"w-counter-value-part type_text\" data-final=\"\"><\/span><span class=\"w-counter-value-part type_number\" data-final=\"527\">0<\/span><span class=\"w-counter-value-part type_text\" data-final=\"\"><\/span><\/div><h6 class=\"w-counter-title\">Membres<\/h6><\/div><\/div><\/div><\/div><\/div><\/div><\/div><\/div><\/div><\/div><\/section><section class=\"l-section wpb_row height_small\"><div class=\"l-section-h i-cf\"><div class=\"g-cols vc_row via_flex valign_top type_default stacking_default\"><div class=\"vc_col-sm-12 wpb_column vc_column_container\"><div class=\"vc_column-inner\"><div class=\"wpb_wrapper\"><\/div><\/div><\/div><\/div><\/div><\/section>\n","protected":false},"excerpt":{"rendered":"Photography by: Gina Gr\u00fcter natural-photography Nos points forts sont d\u2018une part l\u2018accompagnement individuel au t\u00e9l\u00e9phone\/par mail. D\u2018autre part, les rencontres d\u2018\u00e9change mensuelles reposent sur l\u2018entraide mutuelle et permettent aux participants \u2013 familles ou professionnels \u2013 de s\u2018inspirer d\u2018exp\u00e9riences riches et diverses. Congr\u00e8s Consultations par t\u00e9l\u00e9phone Don L\u2019histoire de La Leche League commence par un r\u00eave:...","protected":false},"author":15,"featured_media":0,"parent":0,"menu_order":0,"comment_status":"closed","ping_status":"closed","template":"","meta":{"_exactmetrics_skip_tracking":false,"_exactmetrics_sitenote_active":false,"_exactmetrics_sitenote_note":"","_exactmetrics_sitenote_category":0,"footnotes":""},"class_list":["post-488","page","type-page","status-publish","hentry"],"yoast_head":"<!-- This site is optimized with the Yoast SEO Premium plugin v25.7.1 (Yoast SEO v25.7) - https:\/\/yoast.com\/wordpress\/plugins\/seo\/ -->\n<title>La Leche League Suisse - Soutien et accompagnement \u00e0 l\u2019allaitement \u2013 La Leche League Suisse<\/title>\n<meta name=\"robots\" content=\"index, follow, max-snippet:-1, max-image-preview:large, max-video-preview:-1\" \/>\n<link rel=\"canonical\" href=\"https:\/\/lalecheleague.ch\/fr\/\" \/>\n<meta property=\"og:locale\" content=\"fr_FR\" \/>\n<meta property=\"og:type\" content=\"article\" \/>\n<meta property=\"og:title\" content=\"La Leche League Suisse\" \/>\n<meta property=\"og:url\" content=\"https:\/\/lalecheleague.ch\/fr\/\" \/>\n<meta property=\"og:site_name\" content=\"Soutien et accompagnement \u00e0 l\u2019allaitement \u2013 La Leche League Suisse\" \/>\n<meta property=\"article:publisher\" content=\"https:\/\/www.facebook.com\/La-Leche-League-Schweiz-Suisse-Svizzera-Svizra-163191413759963\" \/>\n<meta property=\"article:modified_time\" content=\"2023-03-02T07:18:42+00:00\" \/>\n<meta property=\"og:image\" content=\"http:\/\/lalecheleague.ch\/wp-content\/uploads\/2016\/04\/Favicon_primary_transparent.png\" \/>\n<meta name=\"twitter:card\" content=\"summary_large_image\" \/>\n<meta name=\"twitter:label1\" content=\"Dur\u00e9e de lecture estim\u00e9e\" \/>\n\t<meta name=\"twitter:data1\" content=\"1 minute\" \/>\n<script type=\"application\/ld+json\" class=\"yoast-schema-graph\">{\"@context\":\"https:\/\/schema.org\",\"@graph\":[{\"@type\":\"WebPage\",\"@id\":\"https:\/\/lalecheleague.ch\/fr\/\",\"url\":\"https:\/\/lalecheleague.ch\/fr\/\",\"name\":\"La Leche League Suisse - Soutien et accompagnement \u00e0 l\u2019allaitement \u2013 La Leche League Suisse\",\"isPartOf\":{\"@id\":\"https:\/\/lalecheleague.ch\/fr\/#website\"},\"datePublished\":\"2016-04-17T12:47:42+00:00\",\"dateModified\":\"2023-03-02T07:18:42+00:00\",\"breadcrumb\":{\"@id\":\"https:\/\/lalecheleague.ch\/fr\/#breadcrumb\"},\"inLanguage\":\"fr-FR\",\"potentialAction\":[{\"@type\":\"ReadAction\",\"target\":[\"https:\/\/lalecheleague.ch\/fr\/\"]}]},{\"@type\":\"BreadcrumbList\",\"@id\":\"https:\/\/lalecheleague.ch\/fr\/#breadcrumb\",\"itemListElement\":[{\"@type\":\"ListItem\",\"position\":1,\"name\":\"Startseite\",\"item\":\"https:\/\/lalecheleague.ch\/fr\/\"},{\"@type\":\"ListItem\",\"position\":2,\"name\":\"La Leche League Suisse\"}]},{\"@type\":\"WebSite\",\"@id\":\"https:\/\/lalecheleague.ch\/fr\/#website\",\"url\":\"https:\/\/lalecheleague.ch\/fr\/\",\"name\":\"lalecheleague.ch\",\"description\":\"Des questions sur l\u2019allaitement ? Ici, vous trouverez des conseils, un accompagnement et du soutien.\",\"publisher\":{\"@id\":\"https:\/\/lalecheleague.ch\/fr\/#organization\"},\"alternateName\":\"stillberatung.ch\",\"potentialAction\":[{\"@type\":\"SearchAction\",\"target\":{\"@type\":\"EntryPoint\",\"urlTemplate\":\"https:\/\/lalecheleague.ch\/fr\/?s={search_term_string}\"},\"query-input\":{\"@type\":\"PropertyValueSpecification\",\"valueRequired\":true,\"valueName\":\"search_term_string\"}}],\"inLanguage\":\"fr-FR\"},{\"@type\":\"Organization\",\"@id\":\"https:\/\/lalecheleague.ch\/fr\/#organization\",\"name\":\"La Leche League Schweiz\",\"url\":\"https:\/\/lalecheleague.ch\/fr\/\",\"logo\":{\"@type\":\"ImageObject\",\"inLanguage\":\"fr-FR\",\"@id\":\"https:\/\/lalecheleague.ch\/fr\/#\/schema\/logo\/image\/\",\"url\":\"https:\/\/lalecheleague.ch\/wp-content\/uploads\/Favicon_primary_transparent.png\",\"contentUrl\":\"https:\/\/lalecheleague.ch\/wp-content\/uploads\/Favicon_primary_transparent.png\",\"width\":218,\"height\":218,\"caption\":\"La Leche League Schweiz\"},\"image\":{\"@id\":\"https:\/\/lalecheleague.ch\/fr\/#\/schema\/logo\/image\/\"},\"sameAs\":[\"https:\/\/www.facebook.com\/La-Leche-League-Schweiz-Suisse-Svizzera-Svizra-163191413759963\"]}]}<\/script>\n<!-- \/ Yoast SEO Premium plugin. -->","yoast_head_json":{"title":"La Leche League Suisse - Soutien et accompagnement \u00e0 l\u2019allaitement \u2013 La Leche League Suisse","robots":{"index":"index","follow":"follow","max-snippet":"max-snippet:-1","max-image-preview":"max-image-preview:large","max-video-preview":"max-video-preview:-1"},"canonical":"https:\/\/lalecheleague.ch\/fr\/","og_locale":"fr_FR","og_type":"article","og_title":"La Leche League Suisse","og_url":"https:\/\/lalecheleague.ch\/fr\/","og_site_name":"Soutien et accompagnement \u00e0 l\u2019allaitement \u2013 La Leche League Suisse","article_publisher":"https:\/\/www.facebook.com\/La-Leche-League-Schweiz-Suisse-Svizzera-Svizra-163191413759963","article_modified_time":"2023-03-02T07:18:42+00:00","og_image":[{"url":"http:\/\/lalecheleague.ch\/wp-content\/uploads\/2016\/04\/Favicon_primary_transparent.png","type":"","width":"","height":""}],"twitter_card":"summary_large_image","twitter_misc":{"Dur\u00e9e de lecture estim\u00e9e":"1 minute"},"schema":{"@context":"https:\/\/schema.org","@graph":[{"@type":"WebPage","@id":"https:\/\/lalecheleague.ch\/fr\/","url":"https:\/\/lalecheleague.ch\/fr\/","name":"La Leche League Suisse - Soutien et accompagnement \u00e0 l\u2019allaitement \u2013 La Leche League Suisse","isPartOf":{"@id":"https:\/\/lalecheleague.ch\/fr\/#website"},"datePublished":"2016-04-17T12:47:42+00:00","dateModified":"2023-03-02T07:18:42+00:00","breadcrumb":{"@id":"https:\/\/lalecheleague.ch\/fr\/#breadcrumb"},"inLanguage":"fr-FR","potentialAction":[{"@type":"ReadAction","target":["https:\/\/lalecheleague.ch\/fr\/"]}]},{"@type":"BreadcrumbList","@id":"https:\/\/lalecheleague.ch\/fr\/#breadcrumb","itemListElement":[{"@type":"ListItem","position":1,"name":"Startseite","item":"https:\/\/lalecheleague.ch\/fr\/"},{"@type":"ListItem","position":2,"name":"La Leche League Suisse"}]},{"@type":"WebSite","@id":"https:\/\/lalecheleague.ch\/fr\/#website","url":"https:\/\/lalecheleague.ch\/fr\/","name":"lalecheleague.ch","description":"Des questions sur l\u2019allaitement ? Ici, vous trouverez des conseils, un accompagnement et du soutien.","publisher":{"@id":"https:\/\/lalecheleague.ch\/fr\/#organization"},"alternateName":"stillberatung.ch","potentialAction":[{"@type":"SearchAction","target":{"@type":"EntryPoint","urlTemplate":"https:\/\/lalecheleague.ch\/fr\/?s={search_term_string}"},"query-input":{"@type":"PropertyValueSpecification","valueRequired":true,"valueName":"search_term_string"}}],"inLanguage":"fr-FR"},{"@type":"Organization","@id":"https:\/\/lalecheleague.ch\/fr\/#organization","name":"La Leche League Schweiz","url":"https:\/\/lalecheleague.ch\/fr\/","logo":{"@type":"ImageObject","inLanguage":"fr-FR","@id":"https:\/\/lalecheleague.ch\/fr\/#\/schema\/logo\/image\/","url":"https:\/\/lalecheleague.ch\/wp-content\/uploads\/Favicon_primary_transparent.png","contentUrl":"https:\/\/lalecheleague.ch\/wp-content\/uploads\/Favicon_primary_transparent.png","width":218,"height":218,"caption":"La Leche League Schweiz"},"image":{"@id":"https:\/\/lalecheleague.ch\/fr\/#\/schema\/logo\/image\/"},"sameAs":["https:\/\/www.facebook.com\/La-Leche-League-Schweiz-Suisse-Svizzera-Svizra-163191413759963"]}]}},"_links":{"self":[{"href":"https:\/\/lalecheleague.ch\/fr\/wp-json\/wp\/v2\/pages\/488","targetHints":{"allow":["GET"]}}],"collection":[{"href":"https:\/\/lalecheleague.ch\/fr\/wp-json\/wp\/v2\/pages"}],"about":[{"href":"https:\/\/lalecheleague.ch\/fr\/wp-json\/wp\/v2\/types\/page"}],"author":[{"embeddable":true,"href":"https:\/\/lalecheleague.ch\/fr\/wp-json\/wp\/v2\/users\/15"}],"replies":[{"embeddable":true,"href":"https:\/\/lalecheleague.ch\/fr\/wp-json\/wp\/v2\/comments?post=488"}],"version-history":[{"count":99,"href":"https:\/\/lalecheleague.ch\/fr\/wp-json\/wp\/v2\/pages\/488\/revisions"}],"predecessor-version":[{"id":33415,"href":"https:\/\/lalecheleague.ch\/fr\/wp-json\/wp\/v2\/pages\/488\/revisions\/33415"}],"wp:attachment":[{"href":"https:\/\/lalecheleague.ch\/fr\/wp-json\/wp\/v2\/media?parent=488"}],"curies":[{"name":"wp","href":"https:\/\/api.w.org\/{rel}","templated":true}]}}