{"id":22517,"date":"2020-03-02T20:46:06","date_gmt":"2020-03-02T19:46:06","guid":{"rendered":"https:\/\/lalecheleague.ch\/wbti\/"},"modified":"2021-02-19T18:23:15","modified_gmt":"2021-02-19T17:23:15","slug":"wbti","status":"publish","type":"page","link":"https:\/\/lalecheleague.ch\/fr\/les-bases-de-lallaitement-maternel\/wbti\/","title":{"rendered":"WBTi"},"content":{"rendered":"<section class=\"l-section wpb_row height_small\"><div class=\"l-section-h i-cf\"><div class=\"g-cols vc_row via_flex valign_top type_default stacking_default\"><div class=\"vc_col-sm-12 wpb_column vc_column_container\"><div class=\"vc_column-inner\"><div class=\"wpb_wrapper\"><div class=\"g-cols wpb_row via_flex valign_top type_default stacking_default\"><div class=\"vc_col-sm-8 wpb_column vc_column_container\"><div class=\"vc_column-inner\"><div class=\"wpb_wrapper\"><div class=\"wpb_text_column\"><div class=\"wpb_wrapper\"><p>L\u2019Initiative mondiale de suivi des tendances de l\u2019allaitement ou World Breastfeeding Trends Initiative (WBTi) est une d\u00e9marche innovante de\u0301veloppe\u0301e par IBFAN Asie depuis 2005.<\/p>\n<p>Elle e\u0301value l\u2019e\u0301tat de la mise en \u0153uvre de la Strate\u0301gie mondiale pour l&rsquo;alimentation du nourrisson et du jeune enfant au niveau national, et mesure les progre\u0300s r\u00e9alis\u00e9s.<br \/>\nLa WBTi est conc\u0327ue pour aider les pays a\u0300 e\u0301valuer les points forts et les faiblesses de leurs politiques et programmes destin\u00e9s \u00e0 prote\u0301ger, promouvoir et soutenir les pratiques optimales d\u2019alimentation du nourrisson et du jeune enfant. La WBTi est divise\u0301e en deux parties et comporte 15 indicateurs.<\/p>\n<p>En Europe, le processus d\u2019\u00e9valuation au moyen des outils WBTi a commenc\u00e9 en 2015 (Arm\u00e9nie, Belgique, Bosnie-et-Herz\u00e9govine, Croatie, G\u00e9orgie, Italie, Portugal, Royaume-Uni, Suisse, Turquie, Ukraine). Six nouveaux pays ont rejoint la liste en octobre 2016 : Albanie, Espagne, France, Lituanie, Mac\u00e9doine, Moldavie.<\/p>\n<p><a href=\"https:\/\/www.worldbreastfeedingtrends.org\" target=\"_blank\" rel=\"noopener noreferrer\">La base de donn\u00e9es WBTi<\/a> permet \u00e0 la fois de comparer diff\u00e9rents pays, et de visualiser les \u00e9volutions dans chaque pays. L\u2019acc\u00e8s est gratuit et toutes sortes de repr\u00e9sentations graphiques peuvent \u00eatre g\u00e9n\u00e9r\u00e9es.<\/p>\n<p>Le Rapport WBTi Swiss 2020 est actuellement disponible en allemand (ci-dessous, rapport complet) et en anglais (version courte). Une traduction fran\u00e7aise est pr\u00e9vue en fonction des fonds disponibles.<\/p>\n<p><a href=\"https:\/\/wbti-swiss-fr.jimdofree.com\/wbti-suisse\/rapport-wbti-suisse-2020\/\" target=\"_blank\" rel=\"noopener noreferrer\">Rapport WBTi Swiss (r\u00e9sum\u00e9 en fran\u00e7ais) <\/a><\/p>\n<p><a href=\"https:\/\/lalecheleague.ch\/wp-content\/uploads\/WBTi-Swiss-Report2020.pdf\" target=\"_blank\" rel=\"noopener noreferrer\">WBTi Siwss Report (english, short Version)<\/a><\/p>\n<p><a href=\"https:\/\/wbti-swiss-fr.jimdofree.com\/\" target=\"_blank\" rel=\"noopener noreferrer\">WBTi Suisse<\/a><\/p>\n<\/div><\/div><\/div><\/div><\/div><div class=\"vc_col-sm-4 wpb_column vc_column_container\"><div class=\"vc_column-inner\"><div class=\"wpb_wrapper\"><div class=\"w-image align_none\"><div class=\"w-image-h\"><img decoding=\"async\" width=\"309\" height=\"206\" src=\"https:\/\/lalecheleague.ch\/wp-content\/uploads\/wbti.png\" class=\"attachment-large size-large\" alt=\"\" loading=\"lazy\" srcset=\"https:\/\/lalecheleague.ch\/wp-content\/uploads\/wbti.png 309w, https:\/\/lalecheleague.ch\/wp-content\/uploads\/wbti-220x147.png 220w\" sizes=\"auto, (max-width: 309px) 100vw, 309px\" \/><\/div><\/div><\/div><\/div><\/div><\/div><div class=\"g-cols wpb_row via_flex valign_top type_default stacking_default\"><div class=\"vc_col-sm-12 wpb_column vc_column_container\"><div class=\"vc_column-inner\"><div class=\"wpb_wrapper\"><div class=\"w-separator size_medium\"><\/div>[vc_custom_heading text=\u00a0\u00bbLes 15 indicateurs\u00a0\u00bb use_theme_fonts=\u00a0\u00bbyes\u00a0\u00bb]<div class=\"w-separator size_small\"><\/div><\/div><\/div><\/div><\/div><div class=\"g-cols wpb_row via_flex valign_top type_default stacking_default\"><div class=\"vc_col-sm-6 wpb_column vc_column_container\"><div class=\"vc_column-inner\"><div class=\"wpb_wrapper\"><div class=\"wpb_text_column\"><div class=\"wpb_wrapper\"><h5>Partie I:<br \/>\nAlimentation du nourrisson et du jeune enfant:<br \/>\npolitiques et programmes<\/h5>\n<ol>\n<li>La politique, le programme et la coordination au niveau national<\/li>\n<li>Soins Amis des b\u00e9b\u00e9s et Initiative H\u00f4pitaux Amis des B\u00e9b\u00e9s (dix conditions pour le succ\u00e8s de l\u2019allaitement maternel)<\/li>\n<li>Mise en \u0153uvre du Code international de commercialisation des substituts du lait maternel<\/li>\n<li>Protection de la maternit\u00e9<\/li>\n<li>Syst\u00e9mes de soins de sant\u00e9 et de nutrition (en soutien \u00e0 l\u2019allaitement et l\u2019alimentation du nourrisson et du jeune enfant)<\/li>\n<li>Soutien aux m\u00e8res et assistance communautaire \u2013 soutien \u00e0 base communautaire pour les femmes enceintes et allaitantes<\/li>\n<li>Appui \u00e0 l\u2019information<\/li>\n<li>Alimentation infantile et VIH<\/li>\n<li>Alimentation du nourrisson et du jeune enfant dans les situations d\u2019urgence<\/li>\n<li>M\u00e9canismes et syst\u00e8me de suivi et d\u2019\u00e9valuation<\/li>\n<\/ol>\n<\/div><\/div><\/div><\/div><\/div><div class=\"vc_col-sm-6 wpb_column vc_column_container\"><div class=\"vc_column-inner\"><div class=\"wpb_wrapper\"><div class=\"wpb_text_column\"><div class=\"wpb_wrapper\"><h5>Partie II:<br \/>\nPratiques d\u2019alimentation du nourrisson et du jeune enfant<\/h5>\n<ol start=\"11\">\n<li>Initiation pr\u00e9coce de l\u2019allaitement<\/li>\n<li>Allaitement exclusif pendant les 6 premiers mois<\/li>\n<li>Dur\u00e9e m\u00e9diane de l\u2019allaitement<\/li>\n<li>Alimentation au biberon<\/li>\n<li>Alimentation de compl\u00e9ment &#8211; Introduction d\u2019aliments solides, semi-solides ou mous<\/li>\n<\/ol>\n<\/div><\/div><div class=\"w-separator size_medium\"><\/div><div class=\"w-image align_none\"><a title=\"IBFAN Kalender\" target=\" _blank\" rel=\"nofollow\" href=\"http:\/\/stillshop.ch\/epages\/174212.sf\/de_CH\/?ObjectPath=\/Shops\/174212\/Products\/GE.500\/SubProducts\/GE.500-20\" aria-label=\"IBFAN-Kalender\" class=\"w-image-h\"><img decoding=\"async\" width=\"220\" height=\"155\" src=\"https:\/\/lalecheleague.ch\/wp-content\/uploads\/IBFAN-Kalender-220x155.jpg\" class=\"attachment-thumbnail size-thumbnail\" alt=\"\" loading=\"lazy\" srcset=\"https:\/\/lalecheleague.ch\/wp-content\/uploads\/IBFAN-Kalender-220x155.jpg 220w, https:\/\/lalecheleague.ch\/wp-content\/uploads\/IBFAN-Kalender-750x528.jpg 750w, https:\/\/lalecheleague.ch\/wp-content\/uploads\/IBFAN-Kalender.jpg 1057w\" sizes=\"auto, (max-width: 220px) 100vw, 220px\" \/><\/a><\/div><\/div><\/div><\/div><\/div><\/div><\/div><\/div><\/div><\/div><\/section>\n","protected":false},"excerpt":{"rendered":"L\u2019Initiative mondiale de suivi des tendances de l\u2019allaitement ou World Breastfeeding Trends Initiative (WBTi) est une d\u00e9marche innovante de\u0301veloppe\u0301e par IBFAN Asie depuis 2005. Elle e\u0301value l\u2019e\u0301tat de la mise en \u0153uvre de la Strate\u0301gie mondiale pour l&rsquo;alimentation du nourrisson et du jeune enfant au niveau national, et mesure les progre\u0300s r\u00e9alis\u00e9s. La WBTi est...","protected":false},"author":15,"featured_media":0,"parent":1731,"menu_order":0,"comment_status":"closed","ping_status":"closed","template":"","meta":{"_exactmetrics_skip_tracking":false,"_exactmetrics_sitenote_active":false,"_exactmetrics_sitenote_note":"","_exactmetrics_sitenote_category":0,"footnotes":""},"class_list":["post-22517","page","type-page","status-publish","hentry"],"yoast_head":"<!-- This site is optimized with the Yoast SEO Premium plugin v25.7.1 (Yoast SEO v25.7) - https:\/\/yoast.com\/wordpress\/plugins\/seo\/ -->\n<title>WBTi - Soutien et accompagnement \u00e0 l\u2019allaitement \u2013 La Leche League Suisse<\/title>\n<meta name=\"robots\" content=\"index, follow, max-snippet:-1, max-image-preview:large, max-video-preview:-1\" \/>\n<link rel=\"canonical\" href=\"https:\/\/lalecheleague.ch\/fr\/les-bases-de-lallaitement-maternel\/wbti\/\" \/>\n<meta property=\"og:locale\" content=\"fr_FR\" \/>\n<meta property=\"og:type\" content=\"article\" \/>\n<meta property=\"og:title\" content=\"WBTi\" \/>\n<meta property=\"og:url\" content=\"https:\/\/lalecheleague.ch\/fr\/les-bases-de-lallaitement-maternel\/wbti\/\" \/>\n<meta property=\"og:site_name\" content=\"Soutien et accompagnement \u00e0 l\u2019allaitement \u2013 La Leche League Suisse\" \/>\n<meta property=\"article:publisher\" content=\"https:\/\/www.facebook.com\/La-Leche-League-Schweiz-Suisse-Svizzera-Svizra-163191413759963\" \/>\n<meta property=\"article:modified_time\" content=\"2021-02-19T17:23:15+00:00\" \/>\n<meta property=\"og:image\" content=\"http:\/\/lalecheleague.ch\/wp-content\/uploads\/2016\/04\/Favicon_primary_transparent.png\" \/>\n<meta name=\"twitter:card\" content=\"summary_large_image\" \/>\n<meta name=\"twitter:label1\" content=\"Dur\u00e9e de lecture estim\u00e9e\" \/>\n\t<meta name=\"twitter:data1\" content=\"3 minutes\" \/>\n<script type=\"application\/ld+json\" class=\"yoast-schema-graph\">{\"@context\":\"https:\/\/schema.org\",\"@graph\":[{\"@type\":\"WebPage\",\"@id\":\"https:\/\/lalecheleague.ch\/fr\/les-bases-de-lallaitement-maternel\/wbti\/\",\"url\":\"https:\/\/lalecheleague.ch\/fr\/les-bases-de-lallaitement-maternel\/wbti\/\",\"name\":\"WBTi - Soutien et accompagnement \u00e0 l\u2019allaitement \u2013 La Leche League Suisse\",\"isPartOf\":{\"@id\":\"https:\/\/lalecheleague.ch\/fr\/#website\"},\"datePublished\":\"2020-03-02T19:46:06+00:00\",\"dateModified\":\"2021-02-19T17:23:15+00:00\",\"breadcrumb\":{\"@id\":\"https:\/\/lalecheleague.ch\/fr\/les-bases-de-lallaitement-maternel\/wbti\/#breadcrumb\"},\"inLanguage\":\"fr-FR\",\"potentialAction\":[{\"@type\":\"ReadAction\",\"target\":[\"https:\/\/lalecheleague.ch\/fr\/les-bases-de-lallaitement-maternel\/wbti\/\"]}]},{\"@type\":\"BreadcrumbList\",\"@id\":\"https:\/\/lalecheleague.ch\/fr\/les-bases-de-lallaitement-maternel\/wbti\/#breadcrumb\",\"itemListElement\":[{\"@type\":\"ListItem\",\"position\":1,\"name\":\"Startseite\",\"item\":\"https:\/\/lalecheleague.ch\/fr\/\"},{\"@type\":\"ListItem\",\"position\":2,\"name\":\"Les bases de l&#8217;allaitement maternel\",\"item\":\"https:\/\/lalecheleague.ch\/fr\/les-bases-de-lallaitement-maternel\/\"},{\"@type\":\"ListItem\",\"position\":3,\"name\":\"WBTi\"}]},{\"@type\":\"WebSite\",\"@id\":\"https:\/\/lalecheleague.ch\/fr\/#website\",\"url\":\"https:\/\/lalecheleague.ch\/fr\/\",\"name\":\"lalecheleague.ch\",\"description\":\"Des questions sur l\u2019allaitement ? Ici, vous trouverez des conseils, un accompagnement et du soutien.\",\"publisher\":{\"@id\":\"https:\/\/lalecheleague.ch\/fr\/#organization\"},\"alternateName\":\"stillberatung.ch\",\"potentialAction\":[{\"@type\":\"SearchAction\",\"target\":{\"@type\":\"EntryPoint\",\"urlTemplate\":\"https:\/\/lalecheleague.ch\/fr\/?s={search_term_string}\"},\"query-input\":{\"@type\":\"PropertyValueSpecification\",\"valueRequired\":true,\"valueName\":\"search_term_string\"}}],\"inLanguage\":\"fr-FR\"},{\"@type\":\"Organization\",\"@id\":\"https:\/\/lalecheleague.ch\/fr\/#organization\",\"name\":\"La Leche League Schweiz\",\"url\":\"https:\/\/lalecheleague.ch\/fr\/\",\"logo\":{\"@type\":\"ImageObject\",\"inLanguage\":\"fr-FR\",\"@id\":\"https:\/\/lalecheleague.ch\/fr\/#\/schema\/logo\/image\/\",\"url\":\"https:\/\/lalecheleague.ch\/wp-content\/uploads\/Favicon_primary_transparent.png\",\"contentUrl\":\"https:\/\/lalecheleague.ch\/wp-content\/uploads\/Favicon_primary_transparent.png\",\"width\":218,\"height\":218,\"caption\":\"La Leche League Schweiz\"},\"image\":{\"@id\":\"https:\/\/lalecheleague.ch\/fr\/#\/schema\/logo\/image\/\"},\"sameAs\":[\"https:\/\/www.facebook.com\/La-Leche-League-Schweiz-Suisse-Svizzera-Svizra-163191413759963\"]}]}<\/script>\n<!-- \/ Yoast SEO Premium plugin. -->","yoast_head_json":{"title":"WBTi - Soutien et accompagnement \u00e0 l\u2019allaitement \u2013 La Leche League Suisse","robots":{"index":"index","follow":"follow","max-snippet":"max-snippet:-1","max-image-preview":"max-image-preview:large","max-video-preview":"max-video-preview:-1"},"canonical":"https:\/\/lalecheleague.ch\/fr\/les-bases-de-lallaitement-maternel\/wbti\/","og_locale":"fr_FR","og_type":"article","og_title":"WBTi","og_url":"https:\/\/lalecheleague.ch\/fr\/les-bases-de-lallaitement-maternel\/wbti\/","og_site_name":"Soutien et accompagnement \u00e0 l\u2019allaitement \u2013 La Leche League Suisse","article_publisher":"https:\/\/www.facebook.com\/La-Leche-League-Schweiz-Suisse-Svizzera-Svizra-163191413759963","article_modified_time":"2021-02-19T17:23:15+00:00","og_image":[{"url":"http:\/\/lalecheleague.ch\/wp-content\/uploads\/2016\/04\/Favicon_primary_transparent.png","type":"","width":"","height":""}],"twitter_card":"summary_large_image","twitter_misc":{"Dur\u00e9e de lecture estim\u00e9e":"3 minutes"},"schema":{"@context":"https:\/\/schema.org","@graph":[{"@type":"WebPage","@id":"https:\/\/lalecheleague.ch\/fr\/les-bases-de-lallaitement-maternel\/wbti\/","url":"https:\/\/lalecheleague.ch\/fr\/les-bases-de-lallaitement-maternel\/wbti\/","name":"WBTi - Soutien et accompagnement \u00e0 l\u2019allaitement \u2013 La Leche League Suisse","isPartOf":{"@id":"https:\/\/lalecheleague.ch\/fr\/#website"},"datePublished":"2020-03-02T19:46:06+00:00","dateModified":"2021-02-19T17:23:15+00:00","breadcrumb":{"@id":"https:\/\/lalecheleague.ch\/fr\/les-bases-de-lallaitement-maternel\/wbti\/#breadcrumb"},"inLanguage":"fr-FR","potentialAction":[{"@type":"ReadAction","target":["https:\/\/lalecheleague.ch\/fr\/les-bases-de-lallaitement-maternel\/wbti\/"]}]},{"@type":"BreadcrumbList","@id":"https:\/\/lalecheleague.ch\/fr\/les-bases-de-lallaitement-maternel\/wbti\/#breadcrumb","itemListElement":[{"@type":"ListItem","position":1,"name":"Startseite","item":"https:\/\/lalecheleague.ch\/fr\/"},{"@type":"ListItem","position":2,"name":"Les bases de l&#8217;allaitement maternel","item":"https:\/\/lalecheleague.ch\/fr\/les-bases-de-lallaitement-maternel\/"},{"@type":"ListItem","position":3,"name":"WBTi"}]},{"@type":"WebSite","@id":"https:\/\/lalecheleague.ch\/fr\/#website","url":"https:\/\/lalecheleague.ch\/fr\/","name":"lalecheleague.ch","description":"Des questions sur l\u2019allaitement ? Ici, vous trouverez des conseils, un accompagnement et du soutien.","publisher":{"@id":"https:\/\/lalecheleague.ch\/fr\/#organization"},"alternateName":"stillberatung.ch","potentialAction":[{"@type":"SearchAction","target":{"@type":"EntryPoint","urlTemplate":"https:\/\/lalecheleague.ch\/fr\/?s={search_term_string}"},"query-input":{"@type":"PropertyValueSpecification","valueRequired":true,"valueName":"search_term_string"}}],"inLanguage":"fr-FR"},{"@type":"Organization","@id":"https:\/\/lalecheleague.ch\/fr\/#organization","name":"La Leche League Schweiz","url":"https:\/\/lalecheleague.ch\/fr\/","logo":{"@type":"ImageObject","inLanguage":"fr-FR","@id":"https:\/\/lalecheleague.ch\/fr\/#\/schema\/logo\/image\/","url":"https:\/\/lalecheleague.ch\/wp-content\/uploads\/Favicon_primary_transparent.png","contentUrl":"https:\/\/lalecheleague.ch\/wp-content\/uploads\/Favicon_primary_transparent.png","width":218,"height":218,"caption":"La Leche League Schweiz"},"image":{"@id":"https:\/\/lalecheleague.ch\/fr\/#\/schema\/logo\/image\/"},"sameAs":["https:\/\/www.facebook.com\/La-Leche-League-Schweiz-Suisse-Svizzera-Svizra-163191413759963"]}]}},"_links":{"self":[{"href":"https:\/\/lalecheleague.ch\/fr\/wp-json\/wp\/v2\/pages\/22517","targetHints":{"allow":["GET"]}}],"collection":[{"href":"https:\/\/lalecheleague.ch\/fr\/wp-json\/wp\/v2\/pages"}],"about":[{"href":"https:\/\/lalecheleague.ch\/fr\/wp-json\/wp\/v2\/types\/page"}],"author":[{"embeddable":true,"href":"https:\/\/lalecheleague.ch\/fr\/wp-json\/wp\/v2\/users\/15"}],"replies":[{"embeddable":true,"href":"https:\/\/lalecheleague.ch\/fr\/wp-json\/wp\/v2\/comments?post=22517"}],"version-history":[{"count":12,"href":"https:\/\/lalecheleague.ch\/fr\/wp-json\/wp\/v2\/pages\/22517\/revisions"}],"predecessor-version":[{"id":25299,"href":"https:\/\/lalecheleague.ch\/fr\/wp-json\/wp\/v2\/pages\/22517\/revisions\/25299"}],"up":[{"embeddable":true,"href":"https:\/\/lalecheleague.ch\/fr\/wp-json\/wp\/v2\/pages\/1731"}],"wp:attachment":[{"href":"https:\/\/lalecheleague.ch\/fr\/wp-json\/wp\/v2\/media?parent=22517"}],"curies":[{"name":"wp","href":"https:\/\/api.w.org\/{rel}","templated":true}]}}