{"id":1883,"date":"2016-09-28T14:43:34","date_gmt":"2016-09-28T12:43:34","guid":{"rendered":"http:\/\/lalecheleague.ch\/fr\/ueber-uns\/links\/"},"modified":"2025-03-18T23:35:19","modified_gmt":"2025-03-18T22:35:19","slug":"links","status":"publish","type":"page","link":"https:\/\/lalecheleague.ch\/fr\/propos-de-nous\/links\/","title":{"rendered":"Links"},"content":{"rendered":"<section class=\"l-section wpb_row height_small\"><div class=\"l-section-h i-cf\"><div class=\"g-cols vc_row via_flex valign_top type_default stacking_default\"><div class=\"vc_col-sm-12 wpb_column vc_column_container\"><div class=\"vc_column-inner\"><div class=\"wpb_wrapper\"><div class=\"wpb_text_column\"><div class=\"wpb_wrapper\"><p>F\u00fcr die verlinkten Webseiten sind ausschliesslich deren Betreiber verantwortlich. Die La Leche League Schweiz \u00fcbernimmt keine Verantwortung f\u00fcr den detaillierten Inhalt der einzelnen Seiten, die Struktur der diese Seiten ver\u00f6ffentlichenden Organisationen und deren Handlungen sowie die von dort weiterf\u00fchrenden Links.<\/p>\n<\/div><\/div><\/div><\/div><\/div><\/div><\/div><\/section><section class=\"l-section wpb_row height_small\"><div class=\"l-section-h i-cf\"><div class=\"g-cols vc_row via_flex valign_top type_default stacking_default\"><div class=\"vc_col-sm-12 wpb_column vc_column_container\"><div class=\"vc_column-inner\"><div class=\"wpb_wrapper\"><div class=\"w-tabs style_default switch_click accordion type_togglable has_scrolling\" style=\"--sections-title-size:inherit\"><div class=\"w-tabs-sections titles-align_none icon_chevron cpos_right\"><div class=\"w-tabs-section active\" id=\"l58c\"><button class=\"w-tabs-section-header active\" aria-controls=\"content-l58c\" aria-expanded=\"true\"><h3 class=\"w-tabs-section-title\">La Leche League<\/h3><div class=\"w-tabs-section-control\"><\/div><\/button><div  class=\"w-tabs-section-content\" id=\"content-l58c\"><div class=\"w-tabs-section-content-h i-cf\"><div class=\"wpb_text_column\"><div class=\"wpb_wrapper\"><p>Die La Leche League ist in \u00fcber 70 L\u00e4nder vertreten. Die Webseiten k\u00f6nnen von der Webpage der LLL International abgerufen werden.<\/p>\n<\/div><\/div><div class=\"wpb_text_column\"><div class=\"wpb_wrapper\"><ul>\n<li><a href=\"https:\/\/llli.org\/\" target=\"_blank\" rel=\"noopener\">La Leche League International<\/a><\/li>\n<li><a href=\"http:\/\/lalecheleague.eu\/\" target=\"_blank\" rel=\"noopener\">La Leche League Europe<\/a><\/li>\n<li><a href=\"https:\/\/lalecheliga.de\/\" target=\"_blank\" rel=\"noopener\">La Leche Liga Deutschland<\/a><\/li>\n<li><a href=\"https:\/\/lalecheliga.at\/\" target=\"_blank\" rel=\"noopener\">La Leche Liga \u00d6sterreich<\/a><\/li>\n<li><a href=\"http:\/\/lalecheleague.fr\/\" target=\"_blank\" rel=\"noopener\">La Leche League R\u00e9seau pour l&rsquo;Allaitement<\/a><\/li>\n<li><a href=\"https:\/\/lllfrance.org\/\" target=\"_blank\" rel=\"noopener\">La Leche League France<\/a><\/li>\n<li><a href=\"https:\/\/lllitalia.org\/\" target=\"_blank\" rel=\"noopener\">La Leche League Italia<\/a><\/li>\n<li><a href=\"https:\/\/laleche.org.uk\/\" target=\"_blank\" rel=\"noopener\">La Leche League GB<\/a><\/li>\n<li><a href=\"https:\/\/laligadelaleche.es\/\" target=\"_blank\" rel=\"noopener\">La Liga de La Leche Espa\u00f1a<\/a><\/li>\n<li><a href=\"http:\/\/lllbelgique.org\/\" target=\"_blank\" rel=\"noopener\">La Leche League Belgique (fran\u00e7ais)<\/a><\/li>\n<li><a href=\"https:\/\/lalecheleague.be\/\" target=\"_blank\" rel=\"noopener\">La Leche League Vlaanderen (nederlandse)<\/a><\/li>\n<li><a href=\"http:\/\/www.lalecheleague.lu\/\" target=\"_blank\" rel=\"noopener\">La Leche League Luxembourg<\/a><\/li>\n<li><a href=\"https:\/\/lalecheleague.nl\/\" target=\"_blank\" rel=\"noopener\">La Leche League Nederland<\/a><\/li>\n<\/ul>\n<\/div><\/div><\/div><\/div><\/div><div class=\"w-tabs-section\" id=\"z7d9\"><button class=\"w-tabs-section-header\" aria-controls=\"content-z7d9\" aria-expanded=\"false\"><h3 class=\"w-tabs-section-title\">Wir werden unterst\u00fctzt von<\/h3><div class=\"w-tabs-section-control\"><\/div><\/button><div  class=\"w-tabs-section-content\" id=\"content-z7d9\"><div class=\"w-tabs-section-content-h i-cf\"><div class=\"wpb_text_column\"><div class=\"wpb_wrapper\"><ul>\n<li><a href=\"https:\/\/ardo.ch\/\" target=\"_blank\" rel=\"noopener\">Ardo<\/a><\/li>\n<li><a href=\"https:\/\/css.ch\/\" target=\"_blank\" rel=\"noopener\">CSS Versicherungen<\/a><\/li>\n<\/ul>\n<\/div><\/div><\/div><\/div><\/div><div class=\"w-tabs-section\" id=\"pb4f\"><button class=\"w-tabs-section-header\" aria-controls=\"content-pb4f\" aria-expanded=\"false\"><h3 class=\"w-tabs-section-title\">Weitere Links<\/h3><div class=\"w-tabs-section-control\"><\/div><\/button><div  class=\"w-tabs-section-content\" id=\"content-pb4f\"><div class=\"w-tabs-section-content-h i-cf\"><div class=\"wpb_text_column\"><div class=\"wpb_wrapper\"><ul>\n<li><a href=\"https:\/\/aha.ch\/\" target=\"_blank\" rel=\"noopener\">Aha! Allergiezentrum Schweiz<\/a><\/li>\n<li><a href=\"https:\/\/bgb-schweiz.ch\/\" target=\"_blank\" rel=\"noopener\">Berufsverband Dipl. Geburtsvorbereiterinnen<\/a><\/li>\n<li><a href=\"https:\/\/stillen.ch\/\" target=\"_blank\" rel=\"noopener\">Berufsverband Schweizerischer Stillberaterinnen IBCLC<\/a><\/li>\n<li><a href=\"https:\/\/fruehgeborene.ch\/\" target=\"_blank\" rel=\"noopener\">Elternverein K\u00e4nguru<\/a><\/li>\n<li><a href=\"https:\/\/emotionelle-erste-hilfe.org\/\" target=\"_blank\" rel=\"noopener\">Emotionelle Erste Hilfe (EEH)<\/a><\/li>\n<li><a href=\"https:\/\/forum-geburt.ch\/\" target=\"_blank\" rel=\"noopener\">Forum Geburt<\/a><\/li>\n<li><a href=\"https:\/\/insieme21.ch\/\" target=\"_blank\" rel=\"noopener\">Insieme 21<\/a><\/li>\n<li><a href=\"https:\/\/www.kindundspital.ch\/\" target=\"_blank\" rel=\"noopener\">Kind und Spital<\/a><\/li>\n<li><a href=\"https:\/\/www.krebsliga.ch\/\" target=\"_blank\" rel=\"noopener\">Krebsliga<\/a><\/li>\n<li><a href=\"https:\/\/www.mehrlingsverein.ch\/\" target=\"_blank\" rel=\"noopener\">Mehrlingsverein<\/a><\/li>\n<li><a href=\"https:\/\/sf-mvb.ch\" target=\"_blank\" rel=\"noopener\">M\u00fctter- und V\u00e4terberatung<\/a><\/li>\n<li><a href=\"https:\/\/www.hebamme.ch\/\" target=\"_blank\" rel=\"noopener\">Schweizerischer Hebammenverband<\/a><\/li>\n<li><a href=\"https:\/\/www.stillfoerderung.ch\/\" target=\"_blank\" rel=\"noopener\">Stillf\u00f6rderung Schweiz<\/a><\/li>\n<li><a href=\"https:\/\/www.einelternfamilie.ch\/\" target=\"_blank\" rel=\"noopener\">Schweizerischer Verband alleinerziehender M\u00fctter und V\u00e4ter<\/a><\/li>\n<li><a href=\"https:\/\/www.schweizerischerzwillingsverein.ch\/\" target=\"_blank\" rel=\"noopener\">Schweizerischer Zwillingsverein<\/a><\/li>\n<li><a href=\"http:\/\/www.sids.ch\/\" target=\"_blank\" rel=\"noopener\">SIDS Schweiz<\/a><\/li>\n<li><a href=\"https:\/\/www.muetterhilfe.ch\/\" target=\"_blank\" rel=\"noopener\">Stiftung M\u00fctterhilfe<\/a><\/li>\n<li><a href=\"https:\/\/www.doula.ch\/\" target=\"_blank\" rel=\"noopener\">Verband Doula Schweiz<\/a><\/li>\n<li><a href=\"https:\/\/www.postnatale-depression.ch\/\" target=\"_blank\" rel=\"noopener\">Verein Postnatale Depression<\/a><\/li>\n<li><a href=\"https:\/\/www.verein-regenbogen.ch\/\" target=\"_blank\" rel=\"noopener\">Verein Regenbogen<\/a><\/li>\n<li><a href=\"https:\/\/www.schreibabyhilfe.ch\/\" target=\"_blank\" rel=\"noopener\">Verein Schreibabyhilfe<\/a><\/li>\n<li><a href=\"https:\/\/wochenbettbetreuung.ch\/\" target=\"_blank\" rel=\"noopener\">Wochenbettbetreuung<\/a><\/li>\n<\/ul>\n<\/div><\/div><\/div><\/div><\/div><\/div><\/div><\/div><\/div><\/div><\/div><\/div><\/section>\n","protected":false},"excerpt":{"rendered":"F\u00fcr die verlinkten Webseiten sind ausschliesslich deren Betreiber verantwortlich. Die La Leche League Schweiz \u00fcbernimmt keine Verantwortung f\u00fcr den detaillierten Inhalt der einzelnen Seiten, die Struktur der diese Seiten ver\u00f6ffentlichenden Organisationen und deren Handlungen sowie die von dort weiterf\u00fchrenden Links. La Leche LeagueDie La Leche League ist in \u00fcber 70 L\u00e4nder vertreten. Die Webseiten k\u00f6nnen...","protected":false},"author":14,"featured_media":0,"parent":1654,"menu_order":0,"comment_status":"closed","ping_status":"closed","template":"","meta":{"_exactmetrics_skip_tracking":false,"_exactmetrics_sitenote_active":false,"_exactmetrics_sitenote_note":"","_exactmetrics_sitenote_category":0,"footnotes":""},"class_list":["post-1883","page","type-page","status-publish","hentry"],"yoast_head":"<!-- This site is optimized with the Yoast SEO Premium plugin v25.7.1 (Yoast SEO v25.7) - https:\/\/yoast.com\/wordpress\/plugins\/seo\/ -->\n<title>Links - Soutien et accompagnement \u00e0 l\u2019allaitement \u2013 La Leche League Suisse<\/title>\n<meta name=\"robots\" content=\"index, follow, max-snippet:-1, max-image-preview:large, max-video-preview:-1\" \/>\n<link rel=\"canonical\" href=\"https:\/\/lalecheleague.ch\/fr\/propos-de-nous\/links\/\" \/>\n<meta property=\"og:locale\" content=\"fr_FR\" \/>\n<meta property=\"og:type\" content=\"article\" \/>\n<meta property=\"og:title\" content=\"Links\" \/>\n<meta property=\"og:url\" content=\"https:\/\/lalecheleague.ch\/fr\/propos-de-nous\/links\/\" \/>\n<meta property=\"og:site_name\" content=\"Soutien et accompagnement \u00e0 l\u2019allaitement \u2013 La Leche League Suisse\" \/>\n<meta property=\"article:publisher\" content=\"https:\/\/www.facebook.com\/La-Leche-League-Schweiz-Suisse-Svizzera-Svizra-163191413759963\" \/>\n<meta property=\"article:modified_time\" content=\"2025-03-18T22:35:19+00:00\" \/>\n<meta property=\"og:image\" content=\"http:\/\/lalecheleague.ch\/wp-content\/uploads\/2016\/04\/Favicon_primary_transparent.png\" \/>\n<meta name=\"twitter:card\" content=\"summary_large_image\" \/>\n<meta name=\"twitter:label1\" content=\"Dur\u00e9e de lecture estim\u00e9e\" \/>\n\t<meta name=\"twitter:data1\" content=\"2 minutes\" \/>\n<script type=\"application\/ld+json\" class=\"yoast-schema-graph\">{\"@context\":\"https:\/\/schema.org\",\"@graph\":[{\"@type\":\"WebPage\",\"@id\":\"https:\/\/lalecheleague.ch\/fr\/propos-de-nous\/links\/\",\"url\":\"https:\/\/lalecheleague.ch\/fr\/propos-de-nous\/links\/\",\"name\":\"Links - Soutien et accompagnement \u00e0 l\u2019allaitement \u2013 La Leche League Suisse\",\"isPartOf\":{\"@id\":\"https:\/\/lalecheleague.ch\/fr\/#website\"},\"datePublished\":\"2016-09-28T12:43:34+00:00\",\"dateModified\":\"2025-03-18T22:35:19+00:00\",\"breadcrumb\":{\"@id\":\"https:\/\/lalecheleague.ch\/fr\/propos-de-nous\/links\/#breadcrumb\"},\"inLanguage\":\"fr-FR\",\"potentialAction\":[{\"@type\":\"ReadAction\",\"target\":[\"https:\/\/lalecheleague.ch\/fr\/propos-de-nous\/links\/\"]}]},{\"@type\":\"BreadcrumbList\",\"@id\":\"https:\/\/lalecheleague.ch\/fr\/propos-de-nous\/links\/#breadcrumb\",\"itemListElement\":[{\"@type\":\"ListItem\",\"position\":1,\"name\":\"Startseite\",\"item\":\"https:\/\/lalecheleague.ch\/fr\/\"},{\"@type\":\"ListItem\",\"position\":2,\"name\":\"Portrait LLL\",\"item\":\"https:\/\/lalecheleague.ch\/fr\/propos-de-nous\/\"},{\"@type\":\"ListItem\",\"position\":3,\"name\":\"Links\"}]},{\"@type\":\"WebSite\",\"@id\":\"https:\/\/lalecheleague.ch\/fr\/#website\",\"url\":\"https:\/\/lalecheleague.ch\/fr\/\",\"name\":\"lalecheleague.ch\",\"description\":\"Des questions sur l\u2019allaitement ? Ici, vous trouverez des conseils, un accompagnement et du soutien.\",\"publisher\":{\"@id\":\"https:\/\/lalecheleague.ch\/fr\/#organization\"},\"alternateName\":\"stillberatung.ch\",\"potentialAction\":[{\"@type\":\"SearchAction\",\"target\":{\"@type\":\"EntryPoint\",\"urlTemplate\":\"https:\/\/lalecheleague.ch\/fr\/?s={search_term_string}\"},\"query-input\":{\"@type\":\"PropertyValueSpecification\",\"valueRequired\":true,\"valueName\":\"search_term_string\"}}],\"inLanguage\":\"fr-FR\"},{\"@type\":\"Organization\",\"@id\":\"https:\/\/lalecheleague.ch\/fr\/#organization\",\"name\":\"La Leche League Schweiz\",\"url\":\"https:\/\/lalecheleague.ch\/fr\/\",\"logo\":{\"@type\":\"ImageObject\",\"inLanguage\":\"fr-FR\",\"@id\":\"https:\/\/lalecheleague.ch\/fr\/#\/schema\/logo\/image\/\",\"url\":\"https:\/\/lalecheleague.ch\/wp-content\/uploads\/Favicon_primary_transparent.png\",\"contentUrl\":\"https:\/\/lalecheleague.ch\/wp-content\/uploads\/Favicon_primary_transparent.png\",\"width\":218,\"height\":218,\"caption\":\"La Leche League Schweiz\"},\"image\":{\"@id\":\"https:\/\/lalecheleague.ch\/fr\/#\/schema\/logo\/image\/\"},\"sameAs\":[\"https:\/\/www.facebook.com\/La-Leche-League-Schweiz-Suisse-Svizzera-Svizra-163191413759963\"]}]}<\/script>\n<!-- \/ Yoast SEO Premium plugin. -->","yoast_head_json":{"title":"Links - Soutien et accompagnement \u00e0 l\u2019allaitement \u2013 La Leche League Suisse","robots":{"index":"index","follow":"follow","max-snippet":"max-snippet:-1","max-image-preview":"max-image-preview:large","max-video-preview":"max-video-preview:-1"},"canonical":"https:\/\/lalecheleague.ch\/fr\/propos-de-nous\/links\/","og_locale":"fr_FR","og_type":"article","og_title":"Links","og_url":"https:\/\/lalecheleague.ch\/fr\/propos-de-nous\/links\/","og_site_name":"Soutien et accompagnement \u00e0 l\u2019allaitement \u2013 La Leche League Suisse","article_publisher":"https:\/\/www.facebook.com\/La-Leche-League-Schweiz-Suisse-Svizzera-Svizra-163191413759963","article_modified_time":"2025-03-18T22:35:19+00:00","og_image":[{"url":"http:\/\/lalecheleague.ch\/wp-content\/uploads\/2016\/04\/Favicon_primary_transparent.png","type":"","width":"","height":""}],"twitter_card":"summary_large_image","twitter_misc":{"Dur\u00e9e de lecture estim\u00e9e":"2 minutes"},"schema":{"@context":"https:\/\/schema.org","@graph":[{"@type":"WebPage","@id":"https:\/\/lalecheleague.ch\/fr\/propos-de-nous\/links\/","url":"https:\/\/lalecheleague.ch\/fr\/propos-de-nous\/links\/","name":"Links - Soutien et accompagnement \u00e0 l\u2019allaitement \u2013 La Leche League Suisse","isPartOf":{"@id":"https:\/\/lalecheleague.ch\/fr\/#website"},"datePublished":"2016-09-28T12:43:34+00:00","dateModified":"2025-03-18T22:35:19+00:00","breadcrumb":{"@id":"https:\/\/lalecheleague.ch\/fr\/propos-de-nous\/links\/#breadcrumb"},"inLanguage":"fr-FR","potentialAction":[{"@type":"ReadAction","target":["https:\/\/lalecheleague.ch\/fr\/propos-de-nous\/links\/"]}]},{"@type":"BreadcrumbList","@id":"https:\/\/lalecheleague.ch\/fr\/propos-de-nous\/links\/#breadcrumb","itemListElement":[{"@type":"ListItem","position":1,"name":"Startseite","item":"https:\/\/lalecheleague.ch\/fr\/"},{"@type":"ListItem","position":2,"name":"Portrait LLL","item":"https:\/\/lalecheleague.ch\/fr\/propos-de-nous\/"},{"@type":"ListItem","position":3,"name":"Links"}]},{"@type":"WebSite","@id":"https:\/\/lalecheleague.ch\/fr\/#website","url":"https:\/\/lalecheleague.ch\/fr\/","name":"lalecheleague.ch","description":"Des questions sur l\u2019allaitement ? Ici, vous trouverez des conseils, un accompagnement et du soutien.","publisher":{"@id":"https:\/\/lalecheleague.ch\/fr\/#organization"},"alternateName":"stillberatung.ch","potentialAction":[{"@type":"SearchAction","target":{"@type":"EntryPoint","urlTemplate":"https:\/\/lalecheleague.ch\/fr\/?s={search_term_string}"},"query-input":{"@type":"PropertyValueSpecification","valueRequired":true,"valueName":"search_term_string"}}],"inLanguage":"fr-FR"},{"@type":"Organization","@id":"https:\/\/lalecheleague.ch\/fr\/#organization","name":"La Leche League Schweiz","url":"https:\/\/lalecheleague.ch\/fr\/","logo":{"@type":"ImageObject","inLanguage":"fr-FR","@id":"https:\/\/lalecheleague.ch\/fr\/#\/schema\/logo\/image\/","url":"https:\/\/lalecheleague.ch\/wp-content\/uploads\/Favicon_primary_transparent.png","contentUrl":"https:\/\/lalecheleague.ch\/wp-content\/uploads\/Favicon_primary_transparent.png","width":218,"height":218,"caption":"La Leche League Schweiz"},"image":{"@id":"https:\/\/lalecheleague.ch\/fr\/#\/schema\/logo\/image\/"},"sameAs":["https:\/\/www.facebook.com\/La-Leche-League-Schweiz-Suisse-Svizzera-Svizra-163191413759963"]}]}},"_links":{"self":[{"href":"https:\/\/lalecheleague.ch\/fr\/wp-json\/wp\/v2\/pages\/1883","targetHints":{"allow":["GET"]}}],"collection":[{"href":"https:\/\/lalecheleague.ch\/fr\/wp-json\/wp\/v2\/pages"}],"about":[{"href":"https:\/\/lalecheleague.ch\/fr\/wp-json\/wp\/v2\/types\/page"}],"author":[{"embeddable":true,"href":"https:\/\/lalecheleague.ch\/fr\/wp-json\/wp\/v2\/users\/14"}],"replies":[{"embeddable":true,"href":"https:\/\/lalecheleague.ch\/fr\/wp-json\/wp\/v2\/comments?post=1883"}],"version-history":[{"count":50,"href":"https:\/\/lalecheleague.ch\/fr\/wp-json\/wp\/v2\/pages\/1883\/revisions"}],"predecessor-version":[{"id":40436,"href":"https:\/\/lalecheleague.ch\/fr\/wp-json\/wp\/v2\/pages\/1883\/revisions\/40436"}],"up":[{"embeddable":true,"href":"https:\/\/lalecheleague.ch\/fr\/wp-json\/wp\/v2\/pages\/1654"}],"wp:attachment":[{"href":"https:\/\/lalecheleague.ch\/fr\/wp-json\/wp\/v2\/media?parent=1883"}],"curies":[{"name":"wp","href":"https:\/\/api.w.org\/{rel}","templated":true}]}}