{"id":1750,"date":"2016-09-26T12:07:03","date_gmt":"2016-09-26T10:07:03","guid":{"rendered":"http:\/\/lalecheleague.ch\/fr\/ueber-uns\/philosophie\/"},"modified":"2023-01-12T11:48:46","modified_gmt":"2023-01-12T10:48:46","slug":"philosophie","status":"publish","type":"page","link":"https:\/\/lalecheleague.ch\/fr\/propos-de-nous\/philosophie\/","title":{"rendered":"Philosophie"},"content":{"rendered":"<section class=\"l-section wpb_row height_small\"><div class=\"l-section-h i-cf\"><div class=\"g-cols vc_row via_flex valign_top type_default stacking_default\"><div class=\"vc_col-sm-12 wpb_column vc_column_container\"><div class=\"vc_column-inner\"><div class=\"wpb_wrapper\"><div class=\"wpb_text_column\"><div class=\"wpb_wrapper\"><p>La Philosophie de la LLL est bas\u00e9e sur les <strong>dix principes<\/strong> suivants qui tournent autour de l&rsquo;allaitement et de la de la m\u00e8re et du b\u00e9b\u00e9 :<\/p>\n<ul>\n<li>Le maternage par l&rsquo;allaitement est le moyen le plus naturel et le plus efficace pour comprendre et satisfaire les besoins du b\u00e9b\u00e9.<\/li>\n<li>La m\u00e8re et son b\u00e9b\u00e9 ont besoin d&rsquo;\u00eatre ensemble t\u00f4t et souvent afin d&rsquo;\u00e9tablir des liens affectifs satisfaisants et une s\u00e9cr\u00e9tion lact\u00e9e ad\u00e9quate.<\/li>\n<li>Pendant ses premi\u00e8res ann\u00e9es, le b\u00e9b\u00e9 a un besoin intense de la pr\u00e9sence de sa m\u00e8re. Celui-ci est aussi fondamental que son besoin de nourriture.<\/li>\n<li>Le lait maternel est l&rsquo;aliment par excellence du nourrisson.<\/li>\n<li>Pour le b\u00e9b\u00e9 n\u00e9 \u00e0 terme et en bonne sant\u00e9, le lait maternel est la seule nourriture n\u00e9cessaire jusqu&rsquo;\u00e0 ce qu&rsquo;il manifeste, par certains signes, le besoin d&rsquo;aliments solides, en g\u00e9n\u00e9ral vers le milieu de sa premi\u00e8re ann\u00e9e.<\/li>\n<li>Id\u00e9alement, la relation d&rsquo;allaitement se poursuivra jusqu&rsquo;\u00e0 ce que le b\u00e9b\u00e9 n&rsquo;en ait plus besoin.<\/li>\n<li>La participation consciente et active de la m\u00e8re pendant son accouchement favorise un bon d\u00e9marrage de l&rsquo;allaitement, en consolidant le couple m\u00e8re-enfant.<\/li>\n<li>L\u2019allaitement maternel est favoris\u00e9 par le soutien affectueux de ceux qui appr\u00e9cient la relation d\u2019allaitement \u00e0 sa juste valeur.<\/li>\n<li>Une bonne alimentation signifie un r\u00e9gime vari\u00e9 et bien \u00e9quilibr\u00e9, compos\u00e9 d&rsquo;aliments servis dans un \u00e9tat aussi proche que possible de leur \u00e9tat naturel.<\/li>\n<li>D\u00e8s la petite enfance, les enfants ont besoin d&rsquo;\u00eatre guid\u00e9s avec amour, ce qui implique la compr\u00e9hension de leurs capacit\u00e9s et de leur sensibilit\u00e9 propre.<\/li>\n<\/ul>\n<\/div><\/div><\/div><\/div><\/div><\/div><\/div><\/section>\n","protected":false},"excerpt":{"rendered":"La Philosophie de la LLL est bas\u00e9e sur les dix principes suivants qui tournent autour de l&rsquo;allaitement et de la de la m\u00e8re et du b\u00e9b\u00e9 : Le maternage par l&rsquo;allaitement est le moyen le plus naturel et le plus efficace pour comprendre et satisfaire les besoins du b\u00e9b\u00e9. La m\u00e8re et son b\u00e9b\u00e9 ont...","protected":false},"author":14,"featured_media":0,"parent":1654,"menu_order":0,"comment_status":"closed","ping_status":"closed","template":"","meta":{"_exactmetrics_skip_tracking":false,"_exactmetrics_sitenote_active":false,"_exactmetrics_sitenote_note":"","_exactmetrics_sitenote_category":0,"footnotes":""},"class_list":["post-1750","page","type-page","status-publish","hentry"],"yoast_head":"<!-- This site is optimized with the Yoast SEO Premium plugin v25.7.1 (Yoast SEO v25.7) - https:\/\/yoast.com\/wordpress\/plugins\/seo\/ -->\n<title>Philosophie - Soutien et accompagnement \u00e0 l\u2019allaitement \u2013 La Leche League Suisse<\/title>\n<meta name=\"robots\" content=\"index, follow, max-snippet:-1, max-image-preview:large, max-video-preview:-1\" \/>\n<link rel=\"canonical\" href=\"https:\/\/lalecheleague.ch\/fr\/propos-de-nous\/philosophie\/\" \/>\n<meta property=\"og:locale\" content=\"fr_FR\" \/>\n<meta property=\"og:type\" content=\"article\" \/>\n<meta property=\"og:title\" content=\"Philosophie\" \/>\n<meta property=\"og:url\" content=\"https:\/\/lalecheleague.ch\/fr\/propos-de-nous\/philosophie\/\" \/>\n<meta property=\"og:site_name\" content=\"Soutien et accompagnement \u00e0 l\u2019allaitement \u2013 La Leche League Suisse\" \/>\n<meta property=\"article:publisher\" content=\"https:\/\/www.facebook.com\/La-Leche-League-Schweiz-Suisse-Svizzera-Svizra-163191413759963\" \/>\n<meta property=\"article:modified_time\" content=\"2023-01-12T10:48:46+00:00\" \/>\n<meta property=\"og:image\" content=\"http:\/\/lalecheleague.ch\/wp-content\/uploads\/2016\/04\/Favicon_primary_transparent.png\" \/>\n<meta name=\"twitter:card\" content=\"summary_large_image\" \/>\n<meta name=\"twitter:label1\" content=\"Dur\u00e9e de lecture estim\u00e9e\" \/>\n\t<meta name=\"twitter:data1\" content=\"2 minutes\" \/>\n<script type=\"application\/ld+json\" class=\"yoast-schema-graph\">{\"@context\":\"https:\/\/schema.org\",\"@graph\":[{\"@type\":\"WebPage\",\"@id\":\"https:\/\/lalecheleague.ch\/fr\/propos-de-nous\/philosophie\/\",\"url\":\"https:\/\/lalecheleague.ch\/fr\/propos-de-nous\/philosophie\/\",\"name\":\"Philosophie - Soutien et accompagnement \u00e0 l\u2019allaitement \u2013 La Leche League Suisse\",\"isPartOf\":{\"@id\":\"https:\/\/lalecheleague.ch\/fr\/#website\"},\"datePublished\":\"2016-09-26T10:07:03+00:00\",\"dateModified\":\"2023-01-12T10:48:46+00:00\",\"breadcrumb\":{\"@id\":\"https:\/\/lalecheleague.ch\/fr\/propos-de-nous\/philosophie\/#breadcrumb\"},\"inLanguage\":\"fr-FR\",\"potentialAction\":[{\"@type\":\"ReadAction\",\"target\":[\"https:\/\/lalecheleague.ch\/fr\/propos-de-nous\/philosophie\/\"]}]},{\"@type\":\"BreadcrumbList\",\"@id\":\"https:\/\/lalecheleague.ch\/fr\/propos-de-nous\/philosophie\/#breadcrumb\",\"itemListElement\":[{\"@type\":\"ListItem\",\"position\":1,\"name\":\"Startseite\",\"item\":\"https:\/\/lalecheleague.ch\/fr\/\"},{\"@type\":\"ListItem\",\"position\":2,\"name\":\"Portrait LLL\",\"item\":\"https:\/\/lalecheleague.ch\/fr\/propos-de-nous\/\"},{\"@type\":\"ListItem\",\"position\":3,\"name\":\"Philosophie\"}]},{\"@type\":\"WebSite\",\"@id\":\"https:\/\/lalecheleague.ch\/fr\/#website\",\"url\":\"https:\/\/lalecheleague.ch\/fr\/\",\"name\":\"lalecheleague.ch\",\"description\":\"Des questions sur l\u2019allaitement ? Ici, vous trouverez des conseils, un accompagnement et du soutien.\",\"publisher\":{\"@id\":\"https:\/\/lalecheleague.ch\/fr\/#organization\"},\"alternateName\":\"stillberatung.ch\",\"potentialAction\":[{\"@type\":\"SearchAction\",\"target\":{\"@type\":\"EntryPoint\",\"urlTemplate\":\"https:\/\/lalecheleague.ch\/fr\/?s={search_term_string}\"},\"query-input\":{\"@type\":\"PropertyValueSpecification\",\"valueRequired\":true,\"valueName\":\"search_term_string\"}}],\"inLanguage\":\"fr-FR\"},{\"@type\":\"Organization\",\"@id\":\"https:\/\/lalecheleague.ch\/fr\/#organization\",\"name\":\"La Leche League Schweiz\",\"url\":\"https:\/\/lalecheleague.ch\/fr\/\",\"logo\":{\"@type\":\"ImageObject\",\"inLanguage\":\"fr-FR\",\"@id\":\"https:\/\/lalecheleague.ch\/fr\/#\/schema\/logo\/image\/\",\"url\":\"https:\/\/lalecheleague.ch\/wp-content\/uploads\/Favicon_primary_transparent.png\",\"contentUrl\":\"https:\/\/lalecheleague.ch\/wp-content\/uploads\/Favicon_primary_transparent.png\",\"width\":218,\"height\":218,\"caption\":\"La Leche League Schweiz\"},\"image\":{\"@id\":\"https:\/\/lalecheleague.ch\/fr\/#\/schema\/logo\/image\/\"},\"sameAs\":[\"https:\/\/www.facebook.com\/La-Leche-League-Schweiz-Suisse-Svizzera-Svizra-163191413759963\"]}]}<\/script>\n<!-- \/ Yoast SEO Premium plugin. -->","yoast_head_json":{"title":"Philosophie - Soutien et accompagnement \u00e0 l\u2019allaitement \u2013 La Leche League Suisse","robots":{"index":"index","follow":"follow","max-snippet":"max-snippet:-1","max-image-preview":"max-image-preview:large","max-video-preview":"max-video-preview:-1"},"canonical":"https:\/\/lalecheleague.ch\/fr\/propos-de-nous\/philosophie\/","og_locale":"fr_FR","og_type":"article","og_title":"Philosophie","og_url":"https:\/\/lalecheleague.ch\/fr\/propos-de-nous\/philosophie\/","og_site_name":"Soutien et accompagnement \u00e0 l\u2019allaitement \u2013 La Leche League Suisse","article_publisher":"https:\/\/www.facebook.com\/La-Leche-League-Schweiz-Suisse-Svizzera-Svizra-163191413759963","article_modified_time":"2023-01-12T10:48:46+00:00","og_image":[{"url":"http:\/\/lalecheleague.ch\/wp-content\/uploads\/2016\/04\/Favicon_primary_transparent.png","type":"","width":"","height":""}],"twitter_card":"summary_large_image","twitter_misc":{"Dur\u00e9e de lecture estim\u00e9e":"2 minutes"},"schema":{"@context":"https:\/\/schema.org","@graph":[{"@type":"WebPage","@id":"https:\/\/lalecheleague.ch\/fr\/propos-de-nous\/philosophie\/","url":"https:\/\/lalecheleague.ch\/fr\/propos-de-nous\/philosophie\/","name":"Philosophie - Soutien et accompagnement \u00e0 l\u2019allaitement \u2013 La Leche League Suisse","isPartOf":{"@id":"https:\/\/lalecheleague.ch\/fr\/#website"},"datePublished":"2016-09-26T10:07:03+00:00","dateModified":"2023-01-12T10:48:46+00:00","breadcrumb":{"@id":"https:\/\/lalecheleague.ch\/fr\/propos-de-nous\/philosophie\/#breadcrumb"},"inLanguage":"fr-FR","potentialAction":[{"@type":"ReadAction","target":["https:\/\/lalecheleague.ch\/fr\/propos-de-nous\/philosophie\/"]}]},{"@type":"BreadcrumbList","@id":"https:\/\/lalecheleague.ch\/fr\/propos-de-nous\/philosophie\/#breadcrumb","itemListElement":[{"@type":"ListItem","position":1,"name":"Startseite","item":"https:\/\/lalecheleague.ch\/fr\/"},{"@type":"ListItem","position":2,"name":"Portrait LLL","item":"https:\/\/lalecheleague.ch\/fr\/propos-de-nous\/"},{"@type":"ListItem","position":3,"name":"Philosophie"}]},{"@type":"WebSite","@id":"https:\/\/lalecheleague.ch\/fr\/#website","url":"https:\/\/lalecheleague.ch\/fr\/","name":"lalecheleague.ch","description":"Des questions sur l\u2019allaitement ? Ici, vous trouverez des conseils, un accompagnement et du soutien.","publisher":{"@id":"https:\/\/lalecheleague.ch\/fr\/#organization"},"alternateName":"stillberatung.ch","potentialAction":[{"@type":"SearchAction","target":{"@type":"EntryPoint","urlTemplate":"https:\/\/lalecheleague.ch\/fr\/?s={search_term_string}"},"query-input":{"@type":"PropertyValueSpecification","valueRequired":true,"valueName":"search_term_string"}}],"inLanguage":"fr-FR"},{"@type":"Organization","@id":"https:\/\/lalecheleague.ch\/fr\/#organization","name":"La Leche League Schweiz","url":"https:\/\/lalecheleague.ch\/fr\/","logo":{"@type":"ImageObject","inLanguage":"fr-FR","@id":"https:\/\/lalecheleague.ch\/fr\/#\/schema\/logo\/image\/","url":"https:\/\/lalecheleague.ch\/wp-content\/uploads\/Favicon_primary_transparent.png","contentUrl":"https:\/\/lalecheleague.ch\/wp-content\/uploads\/Favicon_primary_transparent.png","width":218,"height":218,"caption":"La Leche League Schweiz"},"image":{"@id":"https:\/\/lalecheleague.ch\/fr\/#\/schema\/logo\/image\/"},"sameAs":["https:\/\/www.facebook.com\/La-Leche-League-Schweiz-Suisse-Svizzera-Svizra-163191413759963"]}]}},"_links":{"self":[{"href":"https:\/\/lalecheleague.ch\/fr\/wp-json\/wp\/v2\/pages\/1750","targetHints":{"allow":["GET"]}}],"collection":[{"href":"https:\/\/lalecheleague.ch\/fr\/wp-json\/wp\/v2\/pages"}],"about":[{"href":"https:\/\/lalecheleague.ch\/fr\/wp-json\/wp\/v2\/types\/page"}],"author":[{"embeddable":true,"href":"https:\/\/lalecheleague.ch\/fr\/wp-json\/wp\/v2\/users\/14"}],"replies":[{"embeddable":true,"href":"https:\/\/lalecheleague.ch\/fr\/wp-json\/wp\/v2\/comments?post=1750"}],"version-history":[{"count":2,"href":"https:\/\/lalecheleague.ch\/fr\/wp-json\/wp\/v2\/pages\/1750\/revisions"}],"predecessor-version":[{"id":32783,"href":"https:\/\/lalecheleague.ch\/fr\/wp-json\/wp\/v2\/pages\/1750\/revisions\/32783"}],"up":[{"embeddable":true,"href":"https:\/\/lalecheleague.ch\/fr\/wp-json\/wp\/v2\/pages\/1654"}],"wp:attachment":[{"href":"https:\/\/lalecheleague.ch\/fr\/wp-json\/wp\/v2\/media?parent=1750"}],"curies":[{"name":"wp","href":"https:\/\/api.w.org\/{rel}","templated":true}]}}