{"id":1717,"date":"2016-05-15T14:38:28","date_gmt":"2016-05-15T14:38:28","guid":{"rendered":"http:\/\/lalecheleague.ch\/fr\/ueber-uns\/rechtliche-hinweise\/"},"modified":"2025-09-26T11:27:07","modified_gmt":"2025-09-26T09:27:07","slug":"rechtliche-hinweise","status":"publish","type":"page","link":"https:\/\/lalecheleague.ch\/fr\/propos-de-nous\/rechtliche-hinweise\/","title":{"rendered":"Rechtliche Hinweise"},"content":{"rendered":"<section class=\"l-section wpb_row height_small\"><div class=\"l-section-h i-cf\"><div class=\"g-cols vc_row via_flex valign_top type_default stacking_default\"><div class=\"vc_col-sm-12 wpb_column vc_column_container\"><div class=\"vc_column-inner\"><div class=\"wpb_wrapper\"><div class=\"wpb_text_column\"><div class=\"wpb_wrapper\"><p>Die auf dieser Website enthaltenen Informationen d\u00fcrfen f\u00fcr den privaten Gebrauch ausgedruckt und verwendet werden. Die Verwendung s\u00e4mtlicher anderen Inhalte dieser Website, sowie die Weiterverwendung zum kommerziellen Gebrauch bed\u00fcrfen einer ausdr\u00fccklichen schriftlichen Genehmigung.<\/p>\n<\/div><\/div><\/div><\/div><\/div><\/div><\/div><\/section><section class=\"l-section wpb_row height_small\"><div class=\"l-section-h i-cf\"><div class=\"g-cols vc_row via_flex valign_top type_default stacking_default\"><div class=\"vc_col-sm-12 wpb_column vc_column_container\"><div class=\"vc_column-inner\"><div class=\"wpb_wrapper\">[vc_custom_heading text=\u00a0\u00bbHaftungsausschluss\u00a0\u00bb use_theme_fonts=\u00a0\u00bbyes\u00a0\u00bb]<div class=\"wpb_text_column\"><div class=\"wpb_wrapper\"><p>Die Informationen auf www.lalecheleague.ch beruhen nach bestem Wissen und Gewissen auf dem aktuellen Forschungsstand zum Stillen. Sie k\u00f6nnen jedoch keine \u00e4rztliche Diagnose und Therapie ersetzen.<\/p>\n<p>Wenden Sie sich bei medizinischen Fragen und in Notf\u00e4llen an eine medizinische Fachperson (\u00c4rztin, Laktationsberaterin IBCLC).<\/p>\n<p>Die La Leche League Schweiz \u00fcbernimmt \u00fcberdies<\/p>\n<ul>\n<li>keine Gew\u00e4hr f\u00fcr die Richtigkeit, Vollst\u00e4ndigkeit, Aktualit\u00e4t und Qualit\u00e4t der auf dieser Website befindlichen Informationen und Inhalte.<\/li>\n<li>keine Haftung f\u00fcr die Inhalte externer Links. F\u00fcr den Inhalt der verlinkten Seiten sind ausschliesslich deren Betreiber verantwortlich.<\/li>\n<\/ul>\n<\/div><\/div><\/div><\/div><\/div><\/div><\/div><\/section><section class=\"l-section wpb_row height_small\"><div class=\"l-section-h i-cf\"><div class=\"g-cols vc_row via_flex valign_top type_default stacking_default\"><div class=\"vc_col-sm-12 wpb_column vc_column_container\"><div class=\"vc_column-inner\"><div class=\"wpb_wrapper\">[vc_custom_heading text=\u00a0\u00bbDatenschutz und Schutz der Privatsph\u00e4re\u00a0\u00bb use_theme_fonts=\u00a0\u00bbyes\u00a0\u00bb]<div class=\"wpb_text_column\"><div class=\"wpb_wrapper\"><p>Die La Leche League (LLL) verpflichtet sich, die pers\u00f6nlichen Daten vertraulich, nach den geltenden gesetzlichen Bestimmungen zu behandeln und die Privatsph\u00e4re aller Personen zu sch\u00fctzen, die ihre Dienstleistungen in Anspruch nehmen.<\/p>\n<\/div><\/div><\/div><\/div><\/div><\/div><\/div><\/section><section class=\"l-section wpb_row height_small\"><div class=\"l-section-h i-cf\"><div class=\"g-cols vc_row via_flex valign_top type_default stacking_default\"><div class=\"vc_col-sm-12 wpb_column vc_column_container\"><div class=\"vc_column-inner\"><div class=\"wpb_wrapper\">[vc_custom_heading text=\u00a0\u00bbVerwendung, Behandlung und Weitergabe von Informationen\u00a0\u00bb use_theme_fonts=\u00a0\u00bbyes\u00a0\u00bb]<div class=\"wpb_text_column\"><div class=\"wpb_wrapper\"><p>Im Einklang mit den geltenden rechtlichen Bestimmungen verwendet die LLL die erhaltenen Daten ausschliesslich dazu, um Ihnen die beschriebenen Dienstleistungen und Angebote erbringen zu k\u00f6nnen. Es werden nur die Informationen und Daten gespeichert und verarbeitet, die notwendig sind.<\/p>\n<p>Zur Qualit\u00e4tssicherung und Verbesserungen der Dienstleistungen nimmt die LLL interne Untersuchungen basierend auf den Informationen vor. Diese Untersuchungen werden auf vollst\u00e4ndig anonymisierter Basis erstellt und lassen keinerlei R\u00fcckschl\u00fcsse auf einzelne Nutzer zu.<\/p>\n<p>Die LLL verpflichtet sich, die erhaltenen pers\u00f6nlichen Daten nicht an Dritte weiterzugeben.<\/p>\n<p>Die an lalecheleague.ch geschickten E-Mails werden ausschliesslich durch Mitarbeiterinnen und Stillberaterinnen LLL bearbeitet und beantwortet.<\/p>\n<p>Die LLL ver\u00f6ffentlicht keine pers\u00f6nlichen Informationen der Nutzer, wenn nicht die ausdr\u00fcckliche Genehmigung vom Nutzer erteilt wurde oder in besonderen Ausnahmef\u00e4llen. Erlaubt ist die Datenweitergabe namentlich, wenn ein \u00fcberwiegendes privates oder \u00f6ffentliches Interesse oder ein Gesetz vorliegen.<br \/>\nBei der \u00dcbermittlung eines unverschl\u00fcsselten oder ungen\u00fcgend verschl\u00fcsselten E-Mails ist die Vertraulichkeit nicht gew\u00e4hrleistet.<\/p>\n<\/div><\/div><\/div><\/div><\/div><\/div><\/div><\/section><section class=\"l-section wpb_row height_small\" id=\"Quellenangaben\"><div class=\"l-section-h i-cf\"><div class=\"g-cols vc_row via_flex valign_top type_default stacking_default\"><div class=\"vc_col-sm-12 wpb_column vc_column_container\"><div class=\"vc_column-inner\"><div class=\"wpb_wrapper\">[vc_custom_heading text=\u00a0\u00bbQuellenangaben\u00a0\u00bb use_theme_fonts=\u00a0\u00bbyes\u00a0\u00bb]<div class=\"wpb_text_column\"><div class=\"wpb_wrapper\"><p>S\u00e4mtliche Texte wurden entweder von der La Leche League Schweiz geschrieben oder sind einer Publikation der <a href=\"https:\/\/llli.org\/\" target=\"_blank\" rel=\"noopener\">La Leche League International<\/a> in einer der von dieser Website angebotenen Sprachen entnommen. Diejenigen Texte, die mit dem Link [Quellenangaben] versehen sind, wurden dem Handbuch f\u00fcr die stillende Mutter, La Leche League Schweiz 2008, entnommen und durch das PR-Team der La Leche League Schweiz an Schweizer Verh\u00e4ltnisse angepasst. Die franz\u00f6sischen \u00dcbersetzungen, die mit dem Link [Source] versehen sind, wurden der franz\u00f6sischen Version des Handbuches, L&rsquo;art de l&rsquo;allaitement maternel, <a href=\"https:\/\/allaitement.ca\/\" target=\"_blank\" rel=\"noopener\">Ligue La Leche Canada<\/a> 2005 (franz\u00f6sischsprachige La Leche League in Canada), entnommen und teilweise durch die \u00dcbersetzerin an den deutschen Text auf dieser Seite angeglichen, wobei der Name der LLL aus den Originaltexten konsequent an den Namen unseres Vereines in der Schweiz, La Leche League, angepasst wurde.<\/p>\n<\/div><\/div><\/div><\/div><\/div><\/div><\/div><\/section>\n","protected":false},"excerpt":{"rendered":"Die auf dieser Website enthaltenen Informationen d\u00fcrfen f\u00fcr den privaten Gebrauch ausgedruckt und verwendet werden. Die Verwendung s\u00e4mtlicher anderen Inhalte dieser Website, sowie die Weiterverwendung zum kommerziellen Gebrauch bed\u00fcrfen einer ausdr\u00fccklichen schriftlichen Genehmigung. [vc_custom_heading text=\"Haftungsausschluss\" use_theme_fonts=\"yes\"]Die Informationen auf www.lalecheleague.ch beruhen nach bestem Wissen und Gewissen auf dem aktuellen Forschungsstand zum Stillen. Sie k\u00f6nnen jedoch keine...","protected":false},"author":15,"featured_media":0,"parent":1654,"menu_order":0,"comment_status":"closed","ping_status":"closed","template":"","meta":{"_exactmetrics_skip_tracking":false,"_exactmetrics_sitenote_active":false,"_exactmetrics_sitenote_note":"","_exactmetrics_sitenote_category":0,"footnotes":""},"class_list":["post-1717","page","type-page","status-publish","hentry"],"yoast_head":"<!-- This site is optimized with the Yoast SEO Premium plugin v25.7.1 (Yoast SEO v25.7) - https:\/\/yoast.com\/wordpress\/plugins\/seo\/ -->\n<title>Rechtliche Hinweise - Soutien et accompagnement \u00e0 l\u2019allaitement \u2013 La Leche League Suisse<\/title>\n<meta name=\"robots\" content=\"index, follow, max-snippet:-1, max-image-preview:large, max-video-preview:-1\" \/>\n<link rel=\"canonical\" href=\"https:\/\/lalecheleague.ch\/fr\/propos-de-nous\/rechtliche-hinweise\/\" \/>\n<meta property=\"og:locale\" content=\"fr_FR\" \/>\n<meta property=\"og:type\" content=\"article\" \/>\n<meta property=\"og:title\" content=\"Rechtliche Hinweise\" \/>\n<meta property=\"og:url\" content=\"https:\/\/lalecheleague.ch\/fr\/propos-de-nous\/rechtliche-hinweise\/\" \/>\n<meta property=\"og:site_name\" content=\"Soutien et accompagnement \u00e0 l\u2019allaitement \u2013 La Leche League Suisse\" \/>\n<meta property=\"article:publisher\" content=\"https:\/\/www.facebook.com\/La-Leche-League-Schweiz-Suisse-Svizzera-Svizra-163191413759963\" \/>\n<meta property=\"article:modified_time\" content=\"2025-09-26T09:27:07+00:00\" \/>\n<meta property=\"og:image\" content=\"http:\/\/lalecheleague.ch\/wp-content\/uploads\/2016\/04\/Favicon_primary_transparent.png\" \/>\n<meta name=\"twitter:card\" content=\"summary_large_image\" \/>\n<meta name=\"twitter:label1\" content=\"Dur\u00e9e de lecture estim\u00e9e\" \/>\n\t<meta name=\"twitter:data1\" content=\"3 minutes\" \/>\n<script type=\"application\/ld+json\" class=\"yoast-schema-graph\">{\"@context\":\"https:\/\/schema.org\",\"@graph\":[{\"@type\":\"WebPage\",\"@id\":\"https:\/\/lalecheleague.ch\/fr\/propos-de-nous\/rechtliche-hinweise\/\",\"url\":\"https:\/\/lalecheleague.ch\/fr\/propos-de-nous\/rechtliche-hinweise\/\",\"name\":\"Rechtliche Hinweise - Soutien et accompagnement \u00e0 l\u2019allaitement \u2013 La Leche League Suisse\",\"isPartOf\":{\"@id\":\"https:\/\/lalecheleague.ch\/fr\/#website\"},\"datePublished\":\"2016-05-15T14:38:28+00:00\",\"dateModified\":\"2025-09-26T09:27:07+00:00\",\"breadcrumb\":{\"@id\":\"https:\/\/lalecheleague.ch\/fr\/propos-de-nous\/rechtliche-hinweise\/#breadcrumb\"},\"inLanguage\":\"fr-FR\",\"potentialAction\":[{\"@type\":\"ReadAction\",\"target\":[\"https:\/\/lalecheleague.ch\/fr\/propos-de-nous\/rechtliche-hinweise\/\"]}]},{\"@type\":\"BreadcrumbList\",\"@id\":\"https:\/\/lalecheleague.ch\/fr\/propos-de-nous\/rechtliche-hinweise\/#breadcrumb\",\"itemListElement\":[{\"@type\":\"ListItem\",\"position\":1,\"name\":\"Startseite\",\"item\":\"https:\/\/lalecheleague.ch\/fr\/\"},{\"@type\":\"ListItem\",\"position\":2,\"name\":\"Portrait LLL\",\"item\":\"https:\/\/lalecheleague.ch\/fr\/propos-de-nous\/\"},{\"@type\":\"ListItem\",\"position\":3,\"name\":\"Rechtliche Hinweise\"}]},{\"@type\":\"WebSite\",\"@id\":\"https:\/\/lalecheleague.ch\/fr\/#website\",\"url\":\"https:\/\/lalecheleague.ch\/fr\/\",\"name\":\"lalecheleague.ch\",\"description\":\"Des questions sur l\u2019allaitement ? Ici, vous trouverez des conseils, un accompagnement et du soutien.\",\"publisher\":{\"@id\":\"https:\/\/lalecheleague.ch\/fr\/#organization\"},\"alternateName\":\"stillberatung.ch\",\"potentialAction\":[{\"@type\":\"SearchAction\",\"target\":{\"@type\":\"EntryPoint\",\"urlTemplate\":\"https:\/\/lalecheleague.ch\/fr\/?s={search_term_string}\"},\"query-input\":{\"@type\":\"PropertyValueSpecification\",\"valueRequired\":true,\"valueName\":\"search_term_string\"}}],\"inLanguage\":\"fr-FR\"},{\"@type\":\"Organization\",\"@id\":\"https:\/\/lalecheleague.ch\/fr\/#organization\",\"name\":\"La Leche League Schweiz\",\"url\":\"https:\/\/lalecheleague.ch\/fr\/\",\"logo\":{\"@type\":\"ImageObject\",\"inLanguage\":\"fr-FR\",\"@id\":\"https:\/\/lalecheleague.ch\/fr\/#\/schema\/logo\/image\/\",\"url\":\"https:\/\/lalecheleague.ch\/wp-content\/uploads\/Favicon_primary_transparent.png\",\"contentUrl\":\"https:\/\/lalecheleague.ch\/wp-content\/uploads\/Favicon_primary_transparent.png\",\"width\":218,\"height\":218,\"caption\":\"La Leche League Schweiz\"},\"image\":{\"@id\":\"https:\/\/lalecheleague.ch\/fr\/#\/schema\/logo\/image\/\"},\"sameAs\":[\"https:\/\/www.facebook.com\/La-Leche-League-Schweiz-Suisse-Svizzera-Svizra-163191413759963\"]}]}<\/script>\n<!-- \/ Yoast SEO Premium plugin. -->","yoast_head_json":{"title":"Rechtliche Hinweise - Soutien et accompagnement \u00e0 l\u2019allaitement \u2013 La Leche League Suisse","robots":{"index":"index","follow":"follow","max-snippet":"max-snippet:-1","max-image-preview":"max-image-preview:large","max-video-preview":"max-video-preview:-1"},"canonical":"https:\/\/lalecheleague.ch\/fr\/propos-de-nous\/rechtliche-hinweise\/","og_locale":"fr_FR","og_type":"article","og_title":"Rechtliche Hinweise","og_url":"https:\/\/lalecheleague.ch\/fr\/propos-de-nous\/rechtliche-hinweise\/","og_site_name":"Soutien et accompagnement \u00e0 l\u2019allaitement \u2013 La Leche League Suisse","article_publisher":"https:\/\/www.facebook.com\/La-Leche-League-Schweiz-Suisse-Svizzera-Svizra-163191413759963","article_modified_time":"2025-09-26T09:27:07+00:00","og_image":[{"url":"http:\/\/lalecheleague.ch\/wp-content\/uploads\/2016\/04\/Favicon_primary_transparent.png","type":"","width":"","height":""}],"twitter_card":"summary_large_image","twitter_misc":{"Dur\u00e9e de lecture estim\u00e9e":"3 minutes"},"schema":{"@context":"https:\/\/schema.org","@graph":[{"@type":"WebPage","@id":"https:\/\/lalecheleague.ch\/fr\/propos-de-nous\/rechtliche-hinweise\/","url":"https:\/\/lalecheleague.ch\/fr\/propos-de-nous\/rechtliche-hinweise\/","name":"Rechtliche Hinweise - Soutien et accompagnement \u00e0 l\u2019allaitement \u2013 La Leche League Suisse","isPartOf":{"@id":"https:\/\/lalecheleague.ch\/fr\/#website"},"datePublished":"2016-05-15T14:38:28+00:00","dateModified":"2025-09-26T09:27:07+00:00","breadcrumb":{"@id":"https:\/\/lalecheleague.ch\/fr\/propos-de-nous\/rechtliche-hinweise\/#breadcrumb"},"inLanguage":"fr-FR","potentialAction":[{"@type":"ReadAction","target":["https:\/\/lalecheleague.ch\/fr\/propos-de-nous\/rechtliche-hinweise\/"]}]},{"@type":"BreadcrumbList","@id":"https:\/\/lalecheleague.ch\/fr\/propos-de-nous\/rechtliche-hinweise\/#breadcrumb","itemListElement":[{"@type":"ListItem","position":1,"name":"Startseite","item":"https:\/\/lalecheleague.ch\/fr\/"},{"@type":"ListItem","position":2,"name":"Portrait LLL","item":"https:\/\/lalecheleague.ch\/fr\/propos-de-nous\/"},{"@type":"ListItem","position":3,"name":"Rechtliche Hinweise"}]},{"@type":"WebSite","@id":"https:\/\/lalecheleague.ch\/fr\/#website","url":"https:\/\/lalecheleague.ch\/fr\/","name":"lalecheleague.ch","description":"Des questions sur l\u2019allaitement ? Ici, vous trouverez des conseils, un accompagnement et du soutien.","publisher":{"@id":"https:\/\/lalecheleague.ch\/fr\/#organization"},"alternateName":"stillberatung.ch","potentialAction":[{"@type":"SearchAction","target":{"@type":"EntryPoint","urlTemplate":"https:\/\/lalecheleague.ch\/fr\/?s={search_term_string}"},"query-input":{"@type":"PropertyValueSpecification","valueRequired":true,"valueName":"search_term_string"}}],"inLanguage":"fr-FR"},{"@type":"Organization","@id":"https:\/\/lalecheleague.ch\/fr\/#organization","name":"La Leche League Schweiz","url":"https:\/\/lalecheleague.ch\/fr\/","logo":{"@type":"ImageObject","inLanguage":"fr-FR","@id":"https:\/\/lalecheleague.ch\/fr\/#\/schema\/logo\/image\/","url":"https:\/\/lalecheleague.ch\/wp-content\/uploads\/Favicon_primary_transparent.png","contentUrl":"https:\/\/lalecheleague.ch\/wp-content\/uploads\/Favicon_primary_transparent.png","width":218,"height":218,"caption":"La Leche League Schweiz"},"image":{"@id":"https:\/\/lalecheleague.ch\/fr\/#\/schema\/logo\/image\/"},"sameAs":["https:\/\/www.facebook.com\/La-Leche-League-Schweiz-Suisse-Svizzera-Svizra-163191413759963"]}]}},"_links":{"self":[{"href":"https:\/\/lalecheleague.ch\/fr\/wp-json\/wp\/v2\/pages\/1717","targetHints":{"allow":["GET"]}}],"collection":[{"href":"https:\/\/lalecheleague.ch\/fr\/wp-json\/wp\/v2\/pages"}],"about":[{"href":"https:\/\/lalecheleague.ch\/fr\/wp-json\/wp\/v2\/types\/page"}],"author":[{"embeddable":true,"href":"https:\/\/lalecheleague.ch\/fr\/wp-json\/wp\/v2\/users\/15"}],"replies":[{"embeddable":true,"href":"https:\/\/lalecheleague.ch\/fr\/wp-json\/wp\/v2\/comments?post=1717"}],"version-history":[{"count":7,"href":"https:\/\/lalecheleague.ch\/fr\/wp-json\/wp\/v2\/pages\/1717\/revisions"}],"predecessor-version":[{"id":41346,"href":"https:\/\/lalecheleague.ch\/fr\/wp-json\/wp\/v2\/pages\/1717\/revisions\/41346"}],"up":[{"embeddable":true,"href":"https:\/\/lalecheleague.ch\/fr\/wp-json\/wp\/v2\/pages\/1654"}],"wp:attachment":[{"href":"https:\/\/lalecheleague.ch\/fr\/wp-json\/wp\/v2\/media?parent=1717"}],"curies":[{"name":"wp","href":"https:\/\/api.w.org\/{rel}","templated":true}]}}