{"id":1654,"date":"2016-04-06T12:28:25","date_gmt":"2016-04-06T12:28:25","guid":{"rendered":"http:\/\/lalecheleague.ch\/fr\/ueber-uns\/"},"modified":"2017-12-16T01:38:01","modified_gmt":"2017-12-16T00:38:01","slug":"propos-de-nous","status":"publish","type":"page","link":"https:\/\/lalecheleague.ch\/fr\/propos-de-nous\/","title":{"rendered":"Portrait LLL"},"content":{"rendered":"<section class=\"l-section wpb_row height_small\"><div class=\"l-section-h i-cf\"><div class=\"g-cols vc_row via_flex valign_top type_default stacking_default\"><div class=\"vc_col-sm-12 wpb_column vc_column_container\"><div class=\"vc_column-inner\"><div class=\"wpb_wrapper\">[vc_custom_heading text=\u00a0\u00bbLa Leche League\u00a0\u00bb use_theme_fonts=\u00a0\u00bbyes\u00a0\u00bb]<div class=\"wpb_text_column\"><div class=\"wpb_wrapper\"><p>La Leche League (LLL) est une association \u00e0 but non lucratif, neutre sur le plan politique, \u00e9conomique et religieux. Nous encourageons l\u2018allaitement en Suisse depuis presque 40 ans \u2013 avec succ\u00e8s. Nos points forts sont d\u2018une part l\u2018accompagnement individuel au t\u00e9l\u00e9phone \/ par mail. D\u2018autre part, les rencontres d\u2018\u00e9change mensuelles reposent sur l\u2018entraide mutuelle et permettent aux participants \u2013 familles ou professionnels \u2013 de s\u2018inspirer d\u2018exp\u00e9riences riches et diverses. Les animatrices LLL b\u00e9n\u00e9voles offrent du soutien et des informations fond\u00e9es, aussi en dehors des heures de bureau.<\/p>\n<p>Le soutien de m\u00e8re \u00e0 m\u00e8re ne peut en aucun cas remplacer ni consultation ni th\u00e9rapie m\u00e9dicales.<br \/>\nSi vous avez des questions d&rsquo;ordre m\u00e9dical, voire en cas d&rsquo;urgence, adressez-vous \u00e0 une professionnelle de la sant\u00e9 (m\u00e9decin, consultante en lactation IBCLC).<\/p>\n<\/div><\/div><\/div><\/div><\/div><\/div><\/div><\/section><section class=\"l-section wpb_row height_small\"><div class=\"l-section-h i-cf\"><div class=\"g-cols vc_row via_flex valign_top type_default stacking_default\"><div class=\"vc_col-sm-12 wpb_column vc_column_container\"><div class=\"vc_column-inner\"><div class=\"wpb_wrapper\">[vc_custom_heading text=\u00a0\u00bbConseil en allaitement et soutien de m\u00e8re \u00e0 m\u00e8re\u00a0\u00bb use_theme_fonts=\u00a0\u00bbyes\u00a0\u00bb]<div class=\"wpb_text_column\"><div class=\"wpb_wrapper\"><p>Les animatrices LLL offrent du soutien gratuit, m\u00eame en dehors des heures de bureau. Toute question par rapport \u00e0 l&rsquo;allaitement maternel et le quotidien avec des enfants en bas-\u00e2ge est la bienvenue. Les animatrices LLL sont des m\u00e8res exp\u00e9riment\u00e9es \u00e0 l&rsquo;allaitement qui ont suivi une formation de standard international.<\/p>\n<\/div><\/div><\/div><\/div><\/div><\/div><\/div><\/section><section class=\"l-section wpb_row height_small\"><div class=\"l-section-h i-cf\"><div class=\"g-cols vc_row via_flex valign_top type_default stacking_default\"><div class=\"vc_col-sm-12 wpb_column vc_column_container\"><div class=\"vc_column-inner\"><div class=\"wpb_wrapper\">[vc_custom_heading text=\u00a0\u00bbSoutenue par les membres et les donateurs\u00a0\u00bb use_theme_fonts=\u00a0\u00bbyes\u00a0\u00bb]<div class=\"wpb_text_column\"><div class=\"wpb_wrapper\"><p>La Leche League est financ\u00e9e par des affiliations et des dons.<\/p>\n<\/div><\/div><\/div><\/div><\/div><\/div><\/div><\/section>\n","protected":false},"excerpt":{"rendered":"[vc_custom_heading text=\"La Leche League\" use_theme_fonts=\"yes\"]La Leche League (LLL) est une association \u00e0 but non lucratif, neutre sur le plan politique, \u00e9conomique et religieux. Nous encourageons l\u2018allaitement en Suisse depuis presque 40 ans \u2013 avec succ\u00e8s. Nos points forts sont d\u2018une part l\u2018accompagnement individuel au t\u00e9l\u00e9phone \/ par mail. D\u2018autre part, les rencontres d\u2018\u00e9change mensuelles reposent...","protected":false},"author":15,"featured_media":0,"parent":0,"menu_order":0,"comment_status":"closed","ping_status":"closed","template":"","meta":{"_exactmetrics_skip_tracking":false,"_exactmetrics_sitenote_active":false,"_exactmetrics_sitenote_note":"","_exactmetrics_sitenote_category":0,"footnotes":""},"class_list":["post-1654","page","type-page","status-publish","hentry"],"yoast_head":"<!-- This site is optimized with the Yoast SEO Premium plugin v25.7.1 (Yoast SEO v25.7) - https:\/\/yoast.com\/wordpress\/plugins\/seo\/ -->\n<title>Portrait LLL - Soutien et accompagnement \u00e0 l\u2019allaitement \u2013 La Leche League Suisse<\/title>\n<meta name=\"robots\" content=\"index, follow, max-snippet:-1, max-image-preview:large, max-video-preview:-1\" \/>\n<link rel=\"canonical\" href=\"https:\/\/lalecheleague.ch\/fr\/propos-de-nous\/\" \/>\n<meta property=\"og:locale\" content=\"fr_FR\" \/>\n<meta property=\"og:type\" content=\"article\" \/>\n<meta property=\"og:title\" content=\"Portrait LLL\" \/>\n<meta property=\"og:url\" content=\"https:\/\/lalecheleague.ch\/fr\/propos-de-nous\/\" \/>\n<meta property=\"og:site_name\" content=\"Soutien et accompagnement \u00e0 l\u2019allaitement \u2013 La Leche League Suisse\" \/>\n<meta property=\"article:publisher\" content=\"https:\/\/www.facebook.com\/La-Leche-League-Schweiz-Suisse-Svizzera-Svizra-163191413759963\" \/>\n<meta property=\"article:modified_time\" content=\"2017-12-16T00:38:01+00:00\" \/>\n<meta property=\"og:image\" content=\"http:\/\/lalecheleague.ch\/wp-content\/uploads\/2016\/04\/Favicon_primary_transparent.png\" \/>\n<meta name=\"twitter:card\" content=\"summary_large_image\" \/>\n<meta name=\"twitter:label1\" content=\"Dur\u00e9e de lecture estim\u00e9e\" \/>\n\t<meta name=\"twitter:data1\" content=\"1 minute\" \/>\n<script type=\"application\/ld+json\" class=\"yoast-schema-graph\">{\"@context\":\"https:\/\/schema.org\",\"@graph\":[{\"@type\":\"WebPage\",\"@id\":\"https:\/\/lalecheleague.ch\/fr\/propos-de-nous\/\",\"url\":\"https:\/\/lalecheleague.ch\/fr\/propos-de-nous\/\",\"name\":\"Portrait LLL - Soutien et accompagnement \u00e0 l\u2019allaitement \u2013 La Leche League Suisse\",\"isPartOf\":{\"@id\":\"https:\/\/lalecheleague.ch\/fr\/#website\"},\"datePublished\":\"2016-04-06T12:28:25+00:00\",\"dateModified\":\"2017-12-16T00:38:01+00:00\",\"breadcrumb\":{\"@id\":\"https:\/\/lalecheleague.ch\/fr\/propos-de-nous\/#breadcrumb\"},\"inLanguage\":\"fr-FR\",\"potentialAction\":[{\"@type\":\"ReadAction\",\"target\":[\"https:\/\/lalecheleague.ch\/fr\/propos-de-nous\/\"]}]},{\"@type\":\"BreadcrumbList\",\"@id\":\"https:\/\/lalecheleague.ch\/fr\/propos-de-nous\/#breadcrumb\",\"itemListElement\":[{\"@type\":\"ListItem\",\"position\":1,\"name\":\"Startseite\",\"item\":\"https:\/\/lalecheleague.ch\/fr\/\"},{\"@type\":\"ListItem\",\"position\":2,\"name\":\"Portrait LLL\"}]},{\"@type\":\"WebSite\",\"@id\":\"https:\/\/lalecheleague.ch\/fr\/#website\",\"url\":\"https:\/\/lalecheleague.ch\/fr\/\",\"name\":\"lalecheleague.ch\",\"description\":\"Des questions sur l\u2019allaitement ? Ici, vous trouverez des conseils, un accompagnement et du soutien.\",\"publisher\":{\"@id\":\"https:\/\/lalecheleague.ch\/fr\/#organization\"},\"alternateName\":\"stillberatung.ch\",\"potentialAction\":[{\"@type\":\"SearchAction\",\"target\":{\"@type\":\"EntryPoint\",\"urlTemplate\":\"https:\/\/lalecheleague.ch\/fr\/?s={search_term_string}\"},\"query-input\":{\"@type\":\"PropertyValueSpecification\",\"valueRequired\":true,\"valueName\":\"search_term_string\"}}],\"inLanguage\":\"fr-FR\"},{\"@type\":\"Organization\",\"@id\":\"https:\/\/lalecheleague.ch\/fr\/#organization\",\"name\":\"La Leche League Schweiz\",\"url\":\"https:\/\/lalecheleague.ch\/fr\/\",\"logo\":{\"@type\":\"ImageObject\",\"inLanguage\":\"fr-FR\",\"@id\":\"https:\/\/lalecheleague.ch\/fr\/#\/schema\/logo\/image\/\",\"url\":\"https:\/\/lalecheleague.ch\/wp-content\/uploads\/Favicon_primary_transparent.png\",\"contentUrl\":\"https:\/\/lalecheleague.ch\/wp-content\/uploads\/Favicon_primary_transparent.png\",\"width\":218,\"height\":218,\"caption\":\"La Leche League Schweiz\"},\"image\":{\"@id\":\"https:\/\/lalecheleague.ch\/fr\/#\/schema\/logo\/image\/\"},\"sameAs\":[\"https:\/\/www.facebook.com\/La-Leche-League-Schweiz-Suisse-Svizzera-Svizra-163191413759963\"]}]}<\/script>\n<!-- \/ Yoast SEO Premium plugin. -->","yoast_head_json":{"title":"Portrait LLL - Soutien et accompagnement \u00e0 l\u2019allaitement \u2013 La Leche League Suisse","robots":{"index":"index","follow":"follow","max-snippet":"max-snippet:-1","max-image-preview":"max-image-preview:large","max-video-preview":"max-video-preview:-1"},"canonical":"https:\/\/lalecheleague.ch\/fr\/propos-de-nous\/","og_locale":"fr_FR","og_type":"article","og_title":"Portrait LLL","og_url":"https:\/\/lalecheleague.ch\/fr\/propos-de-nous\/","og_site_name":"Soutien et accompagnement \u00e0 l\u2019allaitement \u2013 La Leche League Suisse","article_publisher":"https:\/\/www.facebook.com\/La-Leche-League-Schweiz-Suisse-Svizzera-Svizra-163191413759963","article_modified_time":"2017-12-16T00:38:01+00:00","og_image":[{"url":"http:\/\/lalecheleague.ch\/wp-content\/uploads\/2016\/04\/Favicon_primary_transparent.png","type":"","width":"","height":""}],"twitter_card":"summary_large_image","twitter_misc":{"Dur\u00e9e de lecture estim\u00e9e":"1 minute"},"schema":{"@context":"https:\/\/schema.org","@graph":[{"@type":"WebPage","@id":"https:\/\/lalecheleague.ch\/fr\/propos-de-nous\/","url":"https:\/\/lalecheleague.ch\/fr\/propos-de-nous\/","name":"Portrait LLL - Soutien et accompagnement \u00e0 l\u2019allaitement \u2013 La Leche League Suisse","isPartOf":{"@id":"https:\/\/lalecheleague.ch\/fr\/#website"},"datePublished":"2016-04-06T12:28:25+00:00","dateModified":"2017-12-16T00:38:01+00:00","breadcrumb":{"@id":"https:\/\/lalecheleague.ch\/fr\/propos-de-nous\/#breadcrumb"},"inLanguage":"fr-FR","potentialAction":[{"@type":"ReadAction","target":["https:\/\/lalecheleague.ch\/fr\/propos-de-nous\/"]}]},{"@type":"BreadcrumbList","@id":"https:\/\/lalecheleague.ch\/fr\/propos-de-nous\/#breadcrumb","itemListElement":[{"@type":"ListItem","position":1,"name":"Startseite","item":"https:\/\/lalecheleague.ch\/fr\/"},{"@type":"ListItem","position":2,"name":"Portrait LLL"}]},{"@type":"WebSite","@id":"https:\/\/lalecheleague.ch\/fr\/#website","url":"https:\/\/lalecheleague.ch\/fr\/","name":"lalecheleague.ch","description":"Des questions sur l\u2019allaitement ? Ici, vous trouverez des conseils, un accompagnement et du soutien.","publisher":{"@id":"https:\/\/lalecheleague.ch\/fr\/#organization"},"alternateName":"stillberatung.ch","potentialAction":[{"@type":"SearchAction","target":{"@type":"EntryPoint","urlTemplate":"https:\/\/lalecheleague.ch\/fr\/?s={search_term_string}"},"query-input":{"@type":"PropertyValueSpecification","valueRequired":true,"valueName":"search_term_string"}}],"inLanguage":"fr-FR"},{"@type":"Organization","@id":"https:\/\/lalecheleague.ch\/fr\/#organization","name":"La Leche League Schweiz","url":"https:\/\/lalecheleague.ch\/fr\/","logo":{"@type":"ImageObject","inLanguage":"fr-FR","@id":"https:\/\/lalecheleague.ch\/fr\/#\/schema\/logo\/image\/","url":"https:\/\/lalecheleague.ch\/wp-content\/uploads\/Favicon_primary_transparent.png","contentUrl":"https:\/\/lalecheleague.ch\/wp-content\/uploads\/Favicon_primary_transparent.png","width":218,"height":218,"caption":"La Leche League Schweiz"},"image":{"@id":"https:\/\/lalecheleague.ch\/fr\/#\/schema\/logo\/image\/"},"sameAs":["https:\/\/www.facebook.com\/La-Leche-League-Schweiz-Suisse-Svizzera-Svizra-163191413759963"]}]}},"_links":{"self":[{"href":"https:\/\/lalecheleague.ch\/fr\/wp-json\/wp\/v2\/pages\/1654","targetHints":{"allow":["GET"]}}],"collection":[{"href":"https:\/\/lalecheleague.ch\/fr\/wp-json\/wp\/v2\/pages"}],"about":[{"href":"https:\/\/lalecheleague.ch\/fr\/wp-json\/wp\/v2\/types\/page"}],"author":[{"embeddable":true,"href":"https:\/\/lalecheleague.ch\/fr\/wp-json\/wp\/v2\/users\/15"}],"replies":[{"embeddable":true,"href":"https:\/\/lalecheleague.ch\/fr\/wp-json\/wp\/v2\/comments?post=1654"}],"version-history":[{"count":8,"href":"https:\/\/lalecheleague.ch\/fr\/wp-json\/wp\/v2\/pages\/1654\/revisions"}],"predecessor-version":[{"id":7275,"href":"https:\/\/lalecheleague.ch\/fr\/wp-json\/wp\/v2\/pages\/1654\/revisions\/7275"}],"wp:attachment":[{"href":"https:\/\/lalecheleague.ch\/fr\/wp-json\/wp\/v2\/media?parent=1654"}],"curies":[{"name":"wp","href":"https:\/\/api.w.org\/{rel}","templated":true}]}}