{"id":1473,"date":"2016-05-15T14:54:03","date_gmt":"2016-05-15T14:54:03","guid":{"rendered":"http:\/\/lalecheleague.ch\/fr\/lll-unterstuetzen\/"},"modified":"2020-06-10T14:39:55","modified_gmt":"2020-06-10T12:39:55","slug":"soutien-lll","status":"publish","type":"page","link":"https:\/\/lalecheleague.ch\/fr\/soutien-lll\/","title":{"rendered":"Soutien LLL"},"content":{"rendered":"<section class=\"l-section wpb_row height_small\"><div class=\"l-section-h i-cf\"><div class=\"g-cols vc_row via_flex valign_top type_default stacking_default\"><div class=\"vc_col-sm-6 wpb_column vc_column_container\"><div class=\"vc_column-inner\"><div class=\"wpb_wrapper\"><a href=\"http:\/\/stillshop.ch\/epages\/174212.sf\/fr_CH\/?ObjectPath=\/Shops\/174212\/Products\/ME.001\" target=\"_blank\" rel=\"noopener\"  class=\"ult_price_action_button\" style=\"background:#05bed7;\"><div class=\"ult_pricing_table_wrap ult_info_table ult_design_2  ult-cs-custom \">\n\t\t\t\t\t<div class=\"ult_pricing_table \" style=\" \"><div id=\"Info-table-wrap-8245\" class=\"ult_pricing_heading\" style=\"background:#05bed7;\">\n\t\t\t\t\t\t\t<h3 class=\"ult-responsive\"  data-ultimate-target='#Info-table-wrap-8245 h3'  data-responsive-json-new='{\"font-size\":\"\",\"line-height\":\"\"}'  style=\"font-weight:normal;\">Devenir membre<\/h3><h5 class=\"ult-responsive\"  data-ultimate-target='#Info-table-wrap-8245 h5'  data-responsive-json-new='{\"font-size\":\"\",\"line-height\":\"\"}'  style=\"font-weight:normal;\">font partie d'un r\u00e9seau mondial de m\u00e8res avec l'exp\u00e9rience de l'allaitement maternel<\/h5><\/div><!--ult_pricing_heading--><div id=\"info_table_features_wrap-8634\"  data-ultimate-target='#info_table_features_wrap-8634.ult_price_features'  data-responsive-json-new='{\"font-size\":\"\",\"line-height\":\"\"}'  class=\"ult-responsive ult_price_features\" style=\"font-weight:normal;\">\n\t\t\t\t\t\t\t<p>En tant que membre LLL, vous faites partie d&rsquo;un r\u00e9seau mondial de m\u00e8res avec l&rsquo;exp\u00e9rience de l&rsquo;allaitement maternel qui partagent leurs connaissances et donner leur appui et leur encouragement \u00e0 l&rsquo;autre.<\/p>\n<p>Si vous devenez membre, vous soutenant ainsi les volontaires conseillers travaillant de votre r\u00e9gion et le soutien de LLL, poursuivre leur occupation de 60 ans. Ils permettent ainsi une contribution importante \u00e0 la sant\u00e9 de toute la population.<\/p>\n<p>En tant que membre, vous b\u00e9n\u00e9ficiez \u00e9galement du pr\u00eat gratuit d&rsquo;articles de notre biblioth\u00e8que centrale ou des biblioth\u00e8ques groupes.<\/p>\n<p><strong>La cotisation des membres pour un an est de CHF 50 .&#8211;.<\/strong><\/p>\n\n\t\t\t\t\t\t<\/div><!--ult_price_features--><div class=\"ult_clr\"><\/div>\n\t\t\t<\/div><!--pricing_table-->\n\t\t<\/div><!--pricing_table_wrap--><\/a><\/div><\/div><\/div><div class=\"vc_col-sm-6 wpb_column vc_column_container\"><div class=\"vc_column-inner\"><div class=\"wpb_wrapper\"><a href=\"https:\/\/lalecheleague.ch\/fr\/don\/\" title=\"Don\"  class=\"ult_price_action_button\" style=\"background:#05bed7;\"><div class=\"ult_pricing_table_wrap ult_info_table ult_design_2  ult-cs-custom \">\n\t\t\t\t\t<div class=\"ult_pricing_table \" style=\" \"><div id=\"Info-table-wrap-3343\" class=\"ult_pricing_heading\" style=\"background:#05bed7;\">\n\t\t\t\t\t\t\t<h3 class=\"ult-responsive\"  data-ultimate-target='#Info-table-wrap-3343 h3'  data-responsive-json-new='{\"font-size\":\"\",\"line-height\":\"\"}'  style=\"font-weight:normal;\">Faire un don<\/h3><h5 class=\"ult-responsive\"  data-ultimate-target='#Info-table-wrap-3343 h5'  data-responsive-json-new='{\"font-size\":\"\",\"line-height\":\"\"}'  style=\"font-weight:normal;\">Soutenez-nous avec une aucune contribution<\/h5><\/div><!--ult_pricing_heading--><div id=\"info_table_features_wrap-8286\"  data-ultimate-target='#info_table_features_wrap-8286.ult_price_features'  data-responsive-json-new='{\"font-size\":\"\",\"line-height\":\"\"}'  class=\"ult-responsive ult_price_features\" style=\"font-weight:normal;\">\n\t\t\t\t\t\t\t<p>Vous pouvez nous contribuer avec comme individu, comme une compagnie ou d&rsquo;une institution.<\/p>\n<p>Les contributions volontaires \u00e0 notre organisation sont d\u00e9ductibles d&rsquo;imp\u00f4t et seront d&rsquo;entre nous remercie d&rsquo;un montant de CHF 50 .&#8211;.<\/p>\n<form action=\"https:\/\/www.paypal.com\/cgi-bin\/webscr\" method=\"post\" target=\"blank\"><input name=\"cmd\" type=\"hidden\" value=\"_s-xclick\" \/>IBAN CHF : CH51 0900 0000 9000 7183 1<\/p>\n<p>Bank : PostFinance AG, 3030 Bern, BIC : POFICHBEXXX<br \/>\nLa Leche League Schweiz, Postfach 197, 8053 Z\u00fcrich<br \/>\n<input name=\"encrypted\" type=\"hidden\" value=\"-----BEGIN PKCS7-----MIIHZwYJKoZIhvcNAQcEoIIHWDCCB1QCAQExggEwMIIBLAIBADCBlDCBjjELMAkGA1UEBhMCVVMxCzAJBgNVBAgTAkNBMRYwFAYDVQQHEw1Nb3VudGFpbiBWaWV3MRQwEgYDVQQKEwtQYXlQYWwgSW5jLjETMBEGA1UECxQKbGl2ZV9jZXJ0czERMA8GA1UEAxQIbGl2ZV9hcGkxHDAaBgkqhkiG9w0BCQEWDXJlQHBheXBhbC5jb20CAQAwDQYJKoZIhvcNAQEBBQAEgYAfpbVpsLej2iVR6wCetYR+l5hAKX3P0QTtObccHkIgpYLBY5txR83DkcJ7v7+y5aIE01lbIphr3nwm2fZM1sftvUNt5Srx\/+9FMrrf3yHbWN0II\/UjbmF7qqA53vvHCPEBxfAFXrGvvuYyW6yXrS4A3+GkLn5\/dBIYHbNztmMe\/jELMAkGBSsOAwIaBQAwgeQGCSqGSIb3DQEHATAUBggqhkiG9w0DBwQIWRSZ+WgVaO+AgcB2kuFQEmagN5uWnz4lzFFdgbjnAZLYWeqGI+oA45ibTFKNzjvhx8Ex2uzbgSZAsZQUsXsCGke3dfwaHUzVIZCmGAStL5E1v6FF4taBSsvXMGb3ks\/04z8\/dFJb9yNrtkBMcrGqZk28Mrxhs1CDjCnLlH2a054dxCpX93TQkHEXm1hkZPO5WP8Piv6LQYz0WMlLPcO49OmlyPi2Zyyr6Mwv7D0wZWSXacevx0MZjrfrpLAVf\/60HKlM07VnRCf0CYWgggOHMIIDgzCCAuygAwIBAgIBADANBgkqhkiG9w0BAQUFADCBjjELMAkGA1UEBhMCVVMxCzAJBgNVBAgTAkNBMRYwFAYDVQQHEw1Nb3VudGFpbiBWaWV3MRQwEgYDVQQKEwtQYXlQYWwgSW5jLjETMBEGA1UECxQKbGl2ZV9jZXJ0czERMA8GA1UEAxQIbGl2ZV9hcGkxHDAaBgkqhkiG9w0BCQEWDXJlQHBheXBhbC5jb20wHhcNMDQwMjEzMTAxMzE1WhcNMzUwMjEzMTAxMzE1WjCBjjELMAkGA1UEBhMCVVMxCzAJBgNVBAgTAkNBMRYwFAYDVQQHEw1Nb3VudGFpbiBWaWV3MRQwEgYDVQQKEwtQYXlQYWwgSW5jLjETMBEGA1UECxQKbGl2ZV9jZXJ0czERMA8GA1UEAxQIbGl2ZV9hcGkxHDAaBgkqhkiG9w0BCQEWDXJlQHBheXBhbC5jb20wgZ8wDQYJKoZIhvcNAQEBBQADgY0AMIGJAoGBAMFHTt38RMxLXJyO2SmS+Ndl72T7oKJ4u4uw+6awntALWh03PewmIJuzbALScsTS4sZoS1fKciBGoh11gIfHzylvkdNe\/hJl66\/RGqrj5rFb08sAABNTzDTiqqNpJeBsYs\/c2aiGozptX2RlnBktH+SUNpAajW724Nv2Wvhif6sFAgMBAAGjge4wgeswHQYDVR0OBBYEFJaffLvGbxe9WT9S1wob7BDWZJRrMIG7BgNVHSMEgbMwgbCAFJaffLvGbxe9WT9S1wob7BDWZJRroYGUpIGRMIGOMQswCQYDVQQGEwJVUzELMAkGA1UECBMCQ0ExFjAUBgNVBAcTDU1vdW50YWluIFZpZXcxFDASBgNVBAoTC1BheVBhbCBJbmMuMRMwEQYDVQQLFApsaXZlX2NlcnRzMREwDwYDVQQDFAhsaXZlX2FwaTEcMBoGCSqGSIb3DQEJARYNcmVAcGF5cGFsLmNvbYIBADAMBgNVHRMEBTADAQH\/MA0GCSqGSIb3DQEBBQUAA4GBAIFfOlaagFrl71+jq6OKidbWFSE+Q4FqROvdgIONth+8kSK\/\/Y\/4ihuE4Ymvzn5ceE3S\/iBSQQMjyvb+s2TWbQYDwcp129OPIbD9epdr4tJOUNiSojw7BHwYRiPh58S1xGlFgHFXwrEBb3dgNbMUa+u4qectsMAXpVHnD9wIyfmHMYIBmjCCAZYCAQEwgZQwgY4xCzAJBgNVBAYTAlVTMQswCQYDVQQIEwJDQTEWMBQGA1UEBxMNTW91bnRhaW4gVmlldzEUMBIGA1UEChMLUGF5UGFsIEluYy4xEzARBgNVBAsUCmxpdmVfY2VydHMxETAPBgNVBAMUCGxpdmVfYXBpMRwwGgYJKoZIhvcNAQkBFg1yZUBwYXlwYWwuY29tAgEAMAkGBSsOAwIaBQCgXTAYBgkqhkiG9w0BCQMxCwYJKoZIhvcNAQcBMBwGCSqGSIb3DQEJBTEPFw0xNjA5MjQxMzI1MDFaMCMGCSqGSIb3DQEJBDEWBBTl5Jxja0vNentV+NJmywMHc6sCTTANBgkqhkiG9w0BAQEFAASBgF6XsQIl2aJnIYQzG89MD2+HKg8fgJHGmYoBH8XWHwmw9zuPSv8cp+L8wEISdpqZUdurSelaQLFi8GkF4C97nzAuo\/T4Qkho4Pr1hT5IU29cf28ltLN3dPhcVMYe7npQE24EoKCMImq4rtU4VCxxPLu0MCEbmpqePBtltcj5mI4e-----END PKCS7----- \" \/><\/p>\n<\/form>\n\n\t\t\t\t\t\t<\/div><!--ult_price_features--><div class=\"ult_clr\"><\/div>\n\t\t\t<\/div><!--pricing_table-->\n\t\t<\/div><!--pricing_table_wrap--><\/a><\/div><\/div><\/div><\/div><\/div><\/section><section class=\"l-section wpb_row height_small\"><div class=\"l-section-h i-cf\"><div class=\"g-cols vc_row via_flex valign_top type_default stacking_default\"><div class=\"vc_col-sm-6 wpb_column vc_column_container\"><div class=\"vc_column-inner\"><div class=\"wpb_wrapper\"><a href=\"mailto:info@lalecheleague.ch\"  class=\"ult_price_action_button\" style=\"background:#05bed7;\"><div class=\"ult_pricing_table_wrap ult_info_table ult_design_2  ult-cs-custom \">\n\t\t\t\t\t<div class=\"ult_pricing_table \" style=\" \"><div id=\"Info-table-wrap-1549\" class=\"ult_pricing_heading\" style=\"background:#05bed7;\">\n\t\t\t\t\t\t\t<h3 class=\"ult-responsive\"  data-ultimate-target='#Info-table-wrap-1549 h3'  data-responsive-json-new='{\"font-size\":\"\",\"line-height\":\"\"}'  style=\"font-weight:normal;\">Employ\u00e9s volontaires<\/h3><h5 class=\"ult-responsive\"  data-ultimate-target='#Info-table-wrap-1549 h5'  data-responsive-json-new='{\"font-size\":\"\",\"line-height\":\"\"}'  style=\"font-weight:normal;\">Donnez-nous vos connaissances et votre temps de travailler volontaires en faveur de La Leche League Suisse<\/h5><\/div><!--ult_pricing_heading--><div id=\"info_table_features_wrap-9919\"  data-ultimate-target='#info_table_features_wrap-9919.ult_price_features'  data-responsive-json-new='{\"font-size\":\"\",\"line-height\":\"\"}'  class=\"ult-responsive ult_price_features\" style=\"font-weight:normal;\">\n\t\t\t\t\t\t\t<p>Nous sommes toujours \u00e0 la recherche de volontaires et nous appr\u00e9cierions si vous voulez investir vos comp\u00e9tences, vos connaissances et temps personnel pour la promotion de l&rsquo;allaitement maternel.<\/p>\n\n\t\t\t\t\t\t<\/div><!--ult_price_features--><div class=\"ult_clr\"><\/div>\n\t\t\t<\/div><!--pricing_table-->\n\t\t<\/div><!--pricing_table_wrap--><\/a><\/div><\/div><\/div><div class=\"vc_col-sm-6 wpb_column vc_column_container\"><div class=\"vc_column-inner\"><div class=\"wpb_wrapper\"><a href=\"http:\/\/stillshop.ch\/epages\/174212.sf\/fr_CH\/?ViewObjectPath=\/Shops\/174212\" target=\"_blank\" rel=\"noopener\"  class=\"ult_price_action_button\" style=\"background:#05bed7;\"><div class=\"ult_pricing_table_wrap ult_info_table ult_design_2  ult-cs-custom \">\n\t\t\t\t\t<div class=\"ult_pricing_table \" style=\" \"><div id=\"Info-table-wrap-4688\" class=\"ult_pricing_heading\" style=\"background:#05bed7;\">\n\t\t\t\t\t\t\t<h3 class=\"ult-responsive\"  data-ultimate-target='#Info-table-wrap-4688 h3'  data-responsive-json-new='{\"font-size\":\"\",\"line-height\":\"\"}'  style=\"font-weight:normal;\">Boutique<\/h3><h5 class=\"ult-responsive\"  data-ultimate-target='#Info-table-wrap-4688 h5'  data-responsive-json-new='{\"font-size\":\"\",\"line-height\":\"\"}'  style=\"font-weight:normal;\">Soutenez-nous, avec des achats dans notre boutique<\/h5><\/div><!--ult_pricing_heading--><div id=\"info_table_features_wrap-1789\"  data-ultimate-target='#info_table_features_wrap-1789.ult_price_features'  data-responsive-json-new='{\"font-size\":\"\",\"line-height\":\"\"}'  class=\"ult-responsive ult_price_features\" style=\"font-weight:normal;\">\n\t\t\t\t\t\t\t<p>Couches, porte-b\u00e9b\u00e9s, v\u00eatements de maternit\u00e9, produits d&rsquo;allaitement, livres, petits plaisirs<br \/>\n&#8211; Tout en un seul endroit. &#8211;<\/p>\n<p><strong><br \/>\nstillshop.ch<\/strong><\/p>\n<p>Tous les produits de notre magasin ont \u00e9t\u00e9 s\u00e9lectionn\u00e9s selon les crit\u00e8res d&rsquo;un bon environnement et la facilit\u00e9 d&rsquo;utilisation.<\/p>\n\n\t\t\t\t\t\t<\/div><!--ult_price_features--><div class=\"ult_clr\"><\/div>\n\t\t\t<\/div><!--pricing_table-->\n\t\t<\/div><!--pricing_table_wrap--><\/a><\/div><\/div><\/div><\/div><\/div><\/section>\n","protected":false},"excerpt":{"rendered":"Devenir membrefont partie d'un r\u00e9seau mondial de m\u00e8res avec l'exp\u00e9rience de l'allaitement maternel En tant que membre LLL, vous faites partie d'un r\u00e9seau mondial de m\u00e8res avec l'exp\u00e9rience de l'allaitement maternel qui partagent leurs connaissances et donner leur appui et leur encouragement \u00e0 l'autre. Si vous devenez membre, vous soutenant ainsi les volontaires conseillers travaillant...","protected":false},"author":15,"featured_media":0,"parent":0,"menu_order":0,"comment_status":"closed","ping_status":"closed","template":"","meta":{"_exactmetrics_skip_tracking":false,"_exactmetrics_sitenote_active":false,"_exactmetrics_sitenote_note":"","_exactmetrics_sitenote_category":0,"footnotes":""},"class_list":["post-1473","page","type-page","status-publish","hentry"],"yoast_head":"<!-- This site is optimized with the Yoast SEO Premium plugin v25.7.1 (Yoast SEO v25.7) - https:\/\/yoast.com\/wordpress\/plugins\/seo\/ -->\n<title>Soutien LLL - Soutien et accompagnement \u00e0 l\u2019allaitement \u2013 La Leche League Suisse<\/title>\n<meta name=\"robots\" content=\"index, follow, max-snippet:-1, max-image-preview:large, max-video-preview:-1\" \/>\n<link rel=\"canonical\" href=\"https:\/\/lalecheleague.ch\/fr\/soutien-lll\/\" \/>\n<meta property=\"og:locale\" content=\"fr_FR\" \/>\n<meta property=\"og:type\" content=\"article\" \/>\n<meta property=\"og:title\" content=\"Soutien LLL\" \/>\n<meta property=\"og:url\" content=\"https:\/\/lalecheleague.ch\/fr\/soutien-lll\/\" \/>\n<meta property=\"og:site_name\" content=\"Soutien et accompagnement \u00e0 l\u2019allaitement \u2013 La Leche League Suisse\" \/>\n<meta property=\"article:publisher\" content=\"https:\/\/www.facebook.com\/La-Leche-League-Schweiz-Suisse-Svizzera-Svizra-163191413759963\" \/>\n<meta property=\"article:modified_time\" content=\"2020-06-10T12:39:55+00:00\" \/>\n<meta property=\"og:image\" content=\"http:\/\/lalecheleague.ch\/wp-content\/uploads\/2016\/04\/Favicon_primary_transparent.png\" \/>\n<meta name=\"twitter:card\" content=\"summary_large_image\" \/>\n<meta name=\"twitter:label1\" content=\"Dur\u00e9e de lecture estim\u00e9e\" \/>\n\t<meta name=\"twitter:data1\" content=\"2 minutes\" \/>\n<script type=\"application\/ld+json\" class=\"yoast-schema-graph\">{\"@context\":\"https:\/\/schema.org\",\"@graph\":[{\"@type\":\"WebPage\",\"@id\":\"https:\/\/lalecheleague.ch\/fr\/soutien-lll\/\",\"url\":\"https:\/\/lalecheleague.ch\/fr\/soutien-lll\/\",\"name\":\"Soutien LLL - Soutien et accompagnement \u00e0 l\u2019allaitement \u2013 La Leche League Suisse\",\"isPartOf\":{\"@id\":\"https:\/\/lalecheleague.ch\/fr\/#website\"},\"datePublished\":\"2016-05-15T14:54:03+00:00\",\"dateModified\":\"2020-06-10T12:39:55+00:00\",\"breadcrumb\":{\"@id\":\"https:\/\/lalecheleague.ch\/fr\/soutien-lll\/#breadcrumb\"},\"inLanguage\":\"fr-FR\",\"potentialAction\":[{\"@type\":\"ReadAction\",\"target\":[\"https:\/\/lalecheleague.ch\/fr\/soutien-lll\/\"]}]},{\"@type\":\"BreadcrumbList\",\"@id\":\"https:\/\/lalecheleague.ch\/fr\/soutien-lll\/#breadcrumb\",\"itemListElement\":[{\"@type\":\"ListItem\",\"position\":1,\"name\":\"Startseite\",\"item\":\"https:\/\/lalecheleague.ch\/fr\/\"},{\"@type\":\"ListItem\",\"position\":2,\"name\":\"Soutien LLL\"}]},{\"@type\":\"WebSite\",\"@id\":\"https:\/\/lalecheleague.ch\/fr\/#website\",\"url\":\"https:\/\/lalecheleague.ch\/fr\/\",\"name\":\"lalecheleague.ch\",\"description\":\"Des questions sur l\u2019allaitement ? Ici, vous trouverez des conseils, un accompagnement et du soutien.\",\"publisher\":{\"@id\":\"https:\/\/lalecheleague.ch\/fr\/#organization\"},\"alternateName\":\"stillberatung.ch\",\"potentialAction\":[{\"@type\":\"SearchAction\",\"target\":{\"@type\":\"EntryPoint\",\"urlTemplate\":\"https:\/\/lalecheleague.ch\/fr\/?s={search_term_string}\"},\"query-input\":{\"@type\":\"PropertyValueSpecification\",\"valueRequired\":true,\"valueName\":\"search_term_string\"}}],\"inLanguage\":\"fr-FR\"},{\"@type\":\"Organization\",\"@id\":\"https:\/\/lalecheleague.ch\/fr\/#organization\",\"name\":\"La Leche League Schweiz\",\"url\":\"https:\/\/lalecheleague.ch\/fr\/\",\"logo\":{\"@type\":\"ImageObject\",\"inLanguage\":\"fr-FR\",\"@id\":\"https:\/\/lalecheleague.ch\/fr\/#\/schema\/logo\/image\/\",\"url\":\"https:\/\/lalecheleague.ch\/wp-content\/uploads\/Favicon_primary_transparent.png\",\"contentUrl\":\"https:\/\/lalecheleague.ch\/wp-content\/uploads\/Favicon_primary_transparent.png\",\"width\":218,\"height\":218,\"caption\":\"La Leche League Schweiz\"},\"image\":{\"@id\":\"https:\/\/lalecheleague.ch\/fr\/#\/schema\/logo\/image\/\"},\"sameAs\":[\"https:\/\/www.facebook.com\/La-Leche-League-Schweiz-Suisse-Svizzera-Svizra-163191413759963\"]}]}<\/script>\n<!-- \/ Yoast SEO Premium plugin. -->","yoast_head_json":{"title":"Soutien LLL - Soutien et accompagnement \u00e0 l\u2019allaitement \u2013 La Leche League Suisse","robots":{"index":"index","follow":"follow","max-snippet":"max-snippet:-1","max-image-preview":"max-image-preview:large","max-video-preview":"max-video-preview:-1"},"canonical":"https:\/\/lalecheleague.ch\/fr\/soutien-lll\/","og_locale":"fr_FR","og_type":"article","og_title":"Soutien LLL","og_url":"https:\/\/lalecheleague.ch\/fr\/soutien-lll\/","og_site_name":"Soutien et accompagnement \u00e0 l\u2019allaitement \u2013 La Leche League Suisse","article_publisher":"https:\/\/www.facebook.com\/La-Leche-League-Schweiz-Suisse-Svizzera-Svizra-163191413759963","article_modified_time":"2020-06-10T12:39:55+00:00","og_image":[{"url":"http:\/\/lalecheleague.ch\/wp-content\/uploads\/2016\/04\/Favicon_primary_transparent.png","type":"","width":"","height":""}],"twitter_card":"summary_large_image","twitter_misc":{"Dur\u00e9e de lecture estim\u00e9e":"2 minutes"},"schema":{"@context":"https:\/\/schema.org","@graph":[{"@type":"WebPage","@id":"https:\/\/lalecheleague.ch\/fr\/soutien-lll\/","url":"https:\/\/lalecheleague.ch\/fr\/soutien-lll\/","name":"Soutien LLL - Soutien et accompagnement \u00e0 l\u2019allaitement \u2013 La Leche League Suisse","isPartOf":{"@id":"https:\/\/lalecheleague.ch\/fr\/#website"},"datePublished":"2016-05-15T14:54:03+00:00","dateModified":"2020-06-10T12:39:55+00:00","breadcrumb":{"@id":"https:\/\/lalecheleague.ch\/fr\/soutien-lll\/#breadcrumb"},"inLanguage":"fr-FR","potentialAction":[{"@type":"ReadAction","target":["https:\/\/lalecheleague.ch\/fr\/soutien-lll\/"]}]},{"@type":"BreadcrumbList","@id":"https:\/\/lalecheleague.ch\/fr\/soutien-lll\/#breadcrumb","itemListElement":[{"@type":"ListItem","position":1,"name":"Startseite","item":"https:\/\/lalecheleague.ch\/fr\/"},{"@type":"ListItem","position":2,"name":"Soutien LLL"}]},{"@type":"WebSite","@id":"https:\/\/lalecheleague.ch\/fr\/#website","url":"https:\/\/lalecheleague.ch\/fr\/","name":"lalecheleague.ch","description":"Des questions sur l\u2019allaitement ? Ici, vous trouverez des conseils, un accompagnement et du soutien.","publisher":{"@id":"https:\/\/lalecheleague.ch\/fr\/#organization"},"alternateName":"stillberatung.ch","potentialAction":[{"@type":"SearchAction","target":{"@type":"EntryPoint","urlTemplate":"https:\/\/lalecheleague.ch\/fr\/?s={search_term_string}"},"query-input":{"@type":"PropertyValueSpecification","valueRequired":true,"valueName":"search_term_string"}}],"inLanguage":"fr-FR"},{"@type":"Organization","@id":"https:\/\/lalecheleague.ch\/fr\/#organization","name":"La Leche League Schweiz","url":"https:\/\/lalecheleague.ch\/fr\/","logo":{"@type":"ImageObject","inLanguage":"fr-FR","@id":"https:\/\/lalecheleague.ch\/fr\/#\/schema\/logo\/image\/","url":"https:\/\/lalecheleague.ch\/wp-content\/uploads\/Favicon_primary_transparent.png","contentUrl":"https:\/\/lalecheleague.ch\/wp-content\/uploads\/Favicon_primary_transparent.png","width":218,"height":218,"caption":"La Leche League Schweiz"},"image":{"@id":"https:\/\/lalecheleague.ch\/fr\/#\/schema\/logo\/image\/"},"sameAs":["https:\/\/www.facebook.com\/La-Leche-League-Schweiz-Suisse-Svizzera-Svizra-163191413759963"]}]}},"_links":{"self":[{"href":"https:\/\/lalecheleague.ch\/fr\/wp-json\/wp\/v2\/pages\/1473","targetHints":{"allow":["GET"]}}],"collection":[{"href":"https:\/\/lalecheleague.ch\/fr\/wp-json\/wp\/v2\/pages"}],"about":[{"href":"https:\/\/lalecheleague.ch\/fr\/wp-json\/wp\/v2\/types\/page"}],"author":[{"embeddable":true,"href":"https:\/\/lalecheleague.ch\/fr\/wp-json\/wp\/v2\/users\/15"}],"replies":[{"embeddable":true,"href":"https:\/\/lalecheleague.ch\/fr\/wp-json\/wp\/v2\/comments?post=1473"}],"version-history":[{"count":32,"href":"https:\/\/lalecheleague.ch\/fr\/wp-json\/wp\/v2\/pages\/1473\/revisions"}],"predecessor-version":[{"id":23029,"href":"https:\/\/lalecheleague.ch\/fr\/wp-json\/wp\/v2\/pages\/1473\/revisions\/23029"}],"wp:attachment":[{"href":"https:\/\/lalecheleague.ch\/fr\/wp-json\/wp\/v2\/media?parent=1473"}],"curies":[{"name":"wp","href":"https:\/\/api.w.org\/{rel}","templated":true}]}}