{"id":1453,"date":"2016-05-23T09:14:20","date_gmt":"2016-05-23T09:14:20","guid":{"rendered":"http:\/\/lalecheleague.ch\/fr\/conseils-de-lallaitement-maternel\/e-mail\/"},"modified":"2025-01-27T00:04:56","modified_gmt":"2025-01-26T23:04:56","slug":"e-mail","status":"publish","type":"page","link":"https:\/\/lalecheleague.ch\/fr\/conseils\/e-mail\/","title":{"rendered":"Conseils par e-mail"},"content":{"rendered":"<section class=\"l-section wpb_row height_auto\"><div class=\"l-section-h i-cf\"><div class=\"g-cols vc_row via_flex valign_top type_default stacking_default\"><div class=\"vc_col-sm-12 wpb_column vc_column_container\"><div class=\"vc_column-inner\"><div class=\"wpb_wrapper\"><div class=\"w-separator size_custom\" style=\"height:30px\"><\/div><\/div><\/div><\/div><\/div><\/div><\/section><section class=\"l-section wpb_row height_auto\"><div class=\"l-section-h i-cf\"><div class=\"g-cols vc_row via_flex valign_top type_default stacking_default\"><div class=\"vc_col-sm-12 wpb_column vc_column_container\"><div class=\"vc_column-inner\"><div class=\"wpb_wrapper\"><div class=\"wpb_text_column\"><div class=\"wpb_wrapper\"><p>Nous vous prions de nous transmettre vos demandes de conseil d\u2019allaitement par e-mail uniquement \u00e0 travers le formulaire ci-dessous.<\/p>\n<p>Afin de permettre \u00e0 votre animatrice de se faire une image de votre situation, il est imparable de formuler votre demande de fa\u00e7on pr\u00e9cise et d\u00e9taill\u00e9e dans la case \u00ab\u00a0Votre message\u00a0\u00bb.<\/p>\n<p>Votre demande sera normalement trait\u00e9e par une animatrice dans les trois jours apr\u00e8s r\u00e9ception. M\u00eame si vous avez pens\u00e9 aux plus petits d\u00e9tails il se peut que l\u2019animatrice aura besoin d\u2019autres informations ou qu\u2019elle vous posera des questions encore plus pr\u00e9cis. Le conseil d\u2019allaitement offert par LLL est personnel et il y a souvent plusieurs solutions possibles au m\u00eame probl\u00e8me parce qu\u2019il n\u2019y a pas deux b\u00e9b\u00e9s ou deux mamans qui sont identiques.<\/p>\n<p>Si vous d\u00e9sirez ou avez besoin d\u2019une r\u00e9ponse imm\u00e9diate, nous vous prions de <a href=\"https:\/\/lalecheleague.ch\/fr\/conseils\/telephone\/\">contacter une animatrice par t\u00e9l\u00e9phone<\/a>.<\/p>\n<\/div><\/div><div class=\"g-cols wpb_row via_flex valign_top type_default stacking_default\"><div class=\"vc_col-sm-8 wpb_column vc_column_container\"><div class=\"vc_column-inner\"><div class=\"wpb_wrapper\"><div class=\"wpb_text_column\"><div class=\"wpb_wrapper\">\n<div class=\"wpcf7 no-js\" id=\"wpcf7-f1911-o1\" lang=\"de-DE\" dir=\"ltr\" data-wpcf7-id=\"1911\">\n<div class=\"screen-reader-response\"><p role=\"status\" aria-live=\"polite\" aria-atomic=\"true\"><\/p> <ul><\/ul><\/div>\n<form action=\"\/fr\/wp-json\/wp\/v2\/pages\/1453#wpcf7-f1911-o1\" method=\"post\" class=\"wpcf7-form init\" aria-label=\"Kontaktformular\" novalidate=\"novalidate\" data-status=\"init\">\n<fieldset class=\"hidden-fields-container\"><input type=\"hidden\" name=\"_wpcf7\" value=\"1911\" \/><input type=\"hidden\" name=\"_wpcf7_version\" value=\"6.1.1\" \/><input type=\"hidden\" name=\"_wpcf7_locale\" value=\"de_DE\" \/><input type=\"hidden\" name=\"_wpcf7_unit_tag\" value=\"wpcf7-f1911-o1\" \/><input type=\"hidden\" name=\"_wpcf7_container_post\" value=\"0\" \/><input type=\"hidden\" name=\"_wpcf7_posted_data_hash\" value=\"\" \/><input type=\"hidden\" name=\"_wpcf7_recaptcha_response\" value=\"\" \/>\n<\/fieldset>\n<p><label>votre nom\n\t\t<font color=\"red\">*\n\t\t<\/font><br \/>\n<span class=\"wpcf7-form-control-wrap\" data-name=\"asker-firstname\"><input size=\"40\" maxlength=\"400\" class=\"wpcf7-form-control wpcf7-text wpcf7-validates-as-required\" aria-required=\"true\" aria-invalid=\"false\" placeholder=\"pr\u00e9nom\" value=\"\" type=\"text\" name=\"asker-firstname\" \/><\/span><\/label><br \/>\n<label><span class=\"wpcf7-form-control-wrap\" data-name=\"asker-lastname\"><input size=\"40\" maxlength=\"400\" class=\"wpcf7-form-control wpcf7-text wpcf7-validates-as-required\" aria-required=\"true\" aria-invalid=\"false\" placeholder=\"nom de famille\" value=\"\" type=\"text\" name=\"asker-lastname\" \/><\/span><\/label>\n<\/p>\n<p><label>adresse e-mail\n\t\t<font color=\"red\">*\n\t\t<\/font><br \/>\n<span class=\"wpcf7-form-control-wrap\" data-name=\"asker-mail\"><input size=\"40\" maxlength=\"400\" class=\"wpcf7-form-control wpcf7-email wpcf7-validates-as-required wpcf7-text wpcf7-validates-as-email\" aria-required=\"true\" aria-invalid=\"false\" placeholder=\"info@exemple.ch\" value=\"\" type=\"email\" name=\"asker-mail\" \/><\/span><\/label>\n<\/p>\n<p><label>domicile<br \/>\n<span class=\"wpcf7-form-control-wrap\" data-name=\"asker-plz\"><input class=\"wpcf7-form-control wpcf7-number wpcf7-validates-as-number\" id=\"LLL_Beratung_Mail_Halbbreit\" min=\"0\" max=\"9999\" aria-invalid=\"false\" placeholder=\"8000\" value=\"\" type=\"number\" name=\"asker-plz\" \/><\/span><\/label><br \/>\n<label><span class=\"wpcf7-form-control-wrap\" data-name=\"asker-place\"><input size=\"40\" maxlength=\"400\" class=\"wpcf7-form-control wpcf7-text\" aria-invalid=\"false\" placeholder=\"Z\u00fcrich\" value=\"\" type=\"text\" name=\"asker-place\" \/><\/span><\/label>\n<\/p>\n<p><label>num\u00e9ro de t\u00e9l\u00e9phone<br \/>\n<span class=\"wpcf7-form-control-wrap\" data-name=\"asker-tel\"><input size=\"40\" maxlength=\"400\" class=\"wpcf7-form-control wpcf7-tel wpcf7-text wpcf7-validates-as-tel\" aria-invalid=\"false\" placeholder=\"+41 98 765 43 21\" value=\"\" type=\"tel\" name=\"asker-tel\" \/><\/span><\/label><br \/>\n<label><br \/>\n<span class=\"wpcf7-form-control-wrap\" data-name=\"asker-LLL\"><span class=\"wpcf7-form-control wpcf7-checkbox wpcf7-exclusive-checkbox\"><span class=\"wpcf7-list-item first last\"><input type=\"checkbox\" name=\"asker-LLL\" value=\"Je suis membre de La Leche League Suisse\" \/><span class=\"wpcf7-list-item-label\">Je suis membre de La Leche League Suisse<\/span><\/span><\/span><\/span><br \/>\n<span><a target=\"_blank\" href=\"http:\/\/membre.lalecheleague.ch\">Je d\u00e9sire devenir membre La Leche League Suisse<\/a><\/span><br \/>\n<span><a target=\"_blank\" href=\"http:\/\/stillshop.ch\/epages\/174212.sf\/fr_CH\/?ViewObjectPath=%2FShops%2F174212%2FProducts%2FME.002%2FSubProducts%2FME.002-de\">Je d\u00e9sire devenir membre de sympathie La Leche League Suisse<\/a><\/span><\/label>\n<\/p>\n<p><label>nom de votre enfant<br \/>\n<span class=\"wpcf7-form-control-wrap\" data-name=\"asker-child-name\"><input size=\"40\" maxlength=\"400\" class=\"wpcf7-form-control wpcf7-text\" aria-invalid=\"false\" placeholder=\"pr\u00e9nom\" value=\"\" type=\"text\" name=\"asker-child-name\" \/><\/span><\/label>\n<\/p>\n<p><label>Date de naissance de l'enfant<br \/>\n<span class=\"wpcf7-form-control-wrap\" data-name=\"asker-child-date\"><input class=\"wpcf7-form-control wpcf7-date wpcf7-validates-as-date\" aria-invalid=\"false\" placeholder=\"2016-08-26\" value=\"\" type=\"date\" name=\"asker-child-date\" \/><\/span>\n\t\t<font size=1 color=\"grey\">&emsp;en format AAAA-MM-JJ\n\t\t<\/font><\/label>\n<\/p>\n<p><label>votre message<br \/>\n<span class=\"wpcf7-form-control-wrap\" data-name=\"asker-message\"><textarea cols=\"40\" rows=\"10\" maxlength=\"2000\" class=\"wpcf7-form-control wpcf7-textarea\" aria-invalid=\"false\" placeholder=\"Nous vous prions de formuler votre demande de fa\u00e7on pr\u00e9cise et d\u00e9taill\u00e9e afin de permettre \u00e0 votre animatrice de se faire une image de votre situation.\" name=\"asker-message\"><\/textarea><\/span><\/label>\n<\/p>\n<p><input class=\"wpcf7-form-control wpcf7-submit has-spinner\" type=\"submit\" value=\"Envoyer\" \/>\n<\/p><div class=\"wpcf7-response-output\" aria-hidden=\"true\"><\/div>\n<\/form>\n<\/div>\n\n<\/div><\/div><\/div><\/div><\/div><div class=\"vc_col-sm-4 wpb_column vc_column_container\"><div class=\"vc_column-inner\"><div class=\"wpb_wrapper\"><\/div><\/div><\/div><\/div><div class=\"w-separator size_small with_line width_default thick_2 style_solid color_border align_center\"><div class=\"w-separator-h\"><\/div><\/div><div class=\"wpb_text_column\"><div class=\"wpb_wrapper\"><p>En toute bonne foi, les informations donn\u00e9es par les animatrices LLL reposent sur l&rsquo;\u00e9tat de recherche sur l&rsquo;allaitement le plus r\u00e9cent accessible. Le soutien de m\u00e8re \u00e0 m\u00e8re ne peut en aucun cas remplacer ni consultation ni th\u00e9rapie m\u00e9dicales.<br \/>\n<strong>Si vous avez des questions d&rsquo;ordre m\u00e9dical, voire en cas d&rsquo;urgence, adressez-vous \u00e0 une professionnelle de la sant\u00e9 (m\u00e9decin, consultante en lactation IBCLC).<\/strong><\/p>\n<\/div><\/div><\/div><\/div><\/div><\/div><\/div><\/section>\n","protected":false},"excerpt":{"rendered":"Nous vous prions de nous transmettre vos demandes de conseil d\u2019allaitement par e-mail uniquement \u00e0 travers le formulaire ci-dessous. Afin de permettre \u00e0 votre animatrice de se faire une image de votre situation, il est imparable de formuler votre demande de fa\u00e7on pr\u00e9cise et d\u00e9taill\u00e9e dans la case \u00ab\u00a0Votre message\u00a0\u00bb. Votre demande sera normalement trait\u00e9e...","protected":false},"author":14,"featured_media":0,"parent":1434,"menu_order":0,"comment_status":"closed","ping_status":"closed","template":"","meta":{"_exactmetrics_skip_tracking":false,"_exactmetrics_sitenote_active":false,"_exactmetrics_sitenote_note":"","_exactmetrics_sitenote_category":0,"footnotes":""},"class_list":["post-1453","page","type-page","status-publish","hentry"],"yoast_head":"<!-- This site is optimized with the Yoast SEO Premium plugin v25.7.1 (Yoast SEO v25.7) - https:\/\/yoast.com\/wordpress\/plugins\/seo\/ -->\n<title>Conseils par e-mail - Soutien et accompagnement \u00e0 l\u2019allaitement \u2013 La Leche League Suisse<\/title>\n<meta name=\"robots\" content=\"index, follow, max-snippet:-1, max-image-preview:large, max-video-preview:-1\" \/>\n<link rel=\"canonical\" href=\"https:\/\/lalecheleague.ch\/fr\/conseils\/e-mail\/\" \/>\n<meta property=\"og:locale\" content=\"fr_FR\" \/>\n<meta property=\"og:type\" content=\"article\" \/>\n<meta property=\"og:title\" content=\"Conseils par e-mail\" \/>\n<meta property=\"og:url\" content=\"https:\/\/lalecheleague.ch\/fr\/conseils\/e-mail\/\" \/>\n<meta property=\"og:site_name\" content=\"Soutien et accompagnement \u00e0 l\u2019allaitement \u2013 La Leche League Suisse\" \/>\n<meta property=\"article:publisher\" content=\"https:\/\/www.facebook.com\/La-Leche-League-Schweiz-Suisse-Svizzera-Svizra-163191413759963\" \/>\n<meta property=\"article:modified_time\" content=\"2025-01-26T23:04:56+00:00\" \/>\n<meta property=\"og:image\" content=\"http:\/\/lalecheleague.ch\/wp-content\/uploads\/2016\/04\/Favicon_primary_transparent.png\" \/>\n<meta name=\"twitter:card\" content=\"summary_large_image\" \/>\n<meta name=\"twitter:label1\" content=\"Dur\u00e9e de lecture estim\u00e9e\" \/>\n\t<meta name=\"twitter:data1\" content=\"2 minutes\" \/>\n<script type=\"application\/ld+json\" class=\"yoast-schema-graph\">{\"@context\":\"https:\/\/schema.org\",\"@graph\":[{\"@type\":\"WebPage\",\"@id\":\"https:\/\/lalecheleague.ch\/fr\/conseils\/e-mail\/\",\"url\":\"https:\/\/lalecheleague.ch\/fr\/conseils\/e-mail\/\",\"name\":\"Conseils par e-mail - Soutien et accompagnement \u00e0 l\u2019allaitement \u2013 La Leche League Suisse\",\"isPartOf\":{\"@id\":\"https:\/\/lalecheleague.ch\/fr\/#website\"},\"datePublished\":\"2016-05-23T09:14:20+00:00\",\"dateModified\":\"2025-01-26T23:04:56+00:00\",\"breadcrumb\":{\"@id\":\"https:\/\/lalecheleague.ch\/fr\/conseils\/e-mail\/#breadcrumb\"},\"inLanguage\":\"fr-FR\",\"potentialAction\":[{\"@type\":\"ReadAction\",\"target\":[\"https:\/\/lalecheleague.ch\/fr\/conseils\/e-mail\/\"]}]},{\"@type\":\"BreadcrumbList\",\"@id\":\"https:\/\/lalecheleague.ch\/fr\/conseils\/e-mail\/#breadcrumb\",\"itemListElement\":[{\"@type\":\"ListItem\",\"position\":1,\"name\":\"Startseite\",\"item\":\"https:\/\/lalecheleague.ch\/fr\/\"},{\"@type\":\"ListItem\",\"position\":2,\"name\":\"Conseils\",\"item\":\"https:\/\/lalecheleague.ch\/fr\/conseils\/\"},{\"@type\":\"ListItem\",\"position\":3,\"name\":\"Conseils par e-mail\"}]},{\"@type\":\"WebSite\",\"@id\":\"https:\/\/lalecheleague.ch\/fr\/#website\",\"url\":\"https:\/\/lalecheleague.ch\/fr\/\",\"name\":\"lalecheleague.ch\",\"description\":\"Des questions sur l\u2019allaitement ? Ici, vous trouverez des conseils, un accompagnement et du soutien.\",\"publisher\":{\"@id\":\"https:\/\/lalecheleague.ch\/fr\/#organization\"},\"alternateName\":\"stillberatung.ch\",\"potentialAction\":[{\"@type\":\"SearchAction\",\"target\":{\"@type\":\"EntryPoint\",\"urlTemplate\":\"https:\/\/lalecheleague.ch\/fr\/?s={search_term_string}\"},\"query-input\":{\"@type\":\"PropertyValueSpecification\",\"valueRequired\":true,\"valueName\":\"search_term_string\"}}],\"inLanguage\":\"fr-FR\"},{\"@type\":\"Organization\",\"@id\":\"https:\/\/lalecheleague.ch\/fr\/#organization\",\"name\":\"La Leche League Schweiz\",\"url\":\"https:\/\/lalecheleague.ch\/fr\/\",\"logo\":{\"@type\":\"ImageObject\",\"inLanguage\":\"fr-FR\",\"@id\":\"https:\/\/lalecheleague.ch\/fr\/#\/schema\/logo\/image\/\",\"url\":\"https:\/\/lalecheleague.ch\/wp-content\/uploads\/Favicon_primary_transparent.png\",\"contentUrl\":\"https:\/\/lalecheleague.ch\/wp-content\/uploads\/Favicon_primary_transparent.png\",\"width\":218,\"height\":218,\"caption\":\"La Leche League Schweiz\"},\"image\":{\"@id\":\"https:\/\/lalecheleague.ch\/fr\/#\/schema\/logo\/image\/\"},\"sameAs\":[\"https:\/\/www.facebook.com\/La-Leche-League-Schweiz-Suisse-Svizzera-Svizra-163191413759963\"]}]}<\/script>\n<!-- \/ Yoast SEO Premium plugin. -->","yoast_head_json":{"title":"Conseils par e-mail - Soutien et accompagnement \u00e0 l\u2019allaitement \u2013 La Leche League Suisse","robots":{"index":"index","follow":"follow","max-snippet":"max-snippet:-1","max-image-preview":"max-image-preview:large","max-video-preview":"max-video-preview:-1"},"canonical":"https:\/\/lalecheleague.ch\/fr\/conseils\/e-mail\/","og_locale":"fr_FR","og_type":"article","og_title":"Conseils par e-mail","og_url":"https:\/\/lalecheleague.ch\/fr\/conseils\/e-mail\/","og_site_name":"Soutien et accompagnement \u00e0 l\u2019allaitement \u2013 La Leche League Suisse","article_publisher":"https:\/\/www.facebook.com\/La-Leche-League-Schweiz-Suisse-Svizzera-Svizra-163191413759963","article_modified_time":"2025-01-26T23:04:56+00:00","og_image":[{"url":"http:\/\/lalecheleague.ch\/wp-content\/uploads\/2016\/04\/Favicon_primary_transparent.png","type":"","width":"","height":""}],"twitter_card":"summary_large_image","twitter_misc":{"Dur\u00e9e de lecture estim\u00e9e":"2 minutes"},"schema":{"@context":"https:\/\/schema.org","@graph":[{"@type":"WebPage","@id":"https:\/\/lalecheleague.ch\/fr\/conseils\/e-mail\/","url":"https:\/\/lalecheleague.ch\/fr\/conseils\/e-mail\/","name":"Conseils par e-mail - Soutien et accompagnement \u00e0 l\u2019allaitement \u2013 La Leche League Suisse","isPartOf":{"@id":"https:\/\/lalecheleague.ch\/fr\/#website"},"datePublished":"2016-05-23T09:14:20+00:00","dateModified":"2025-01-26T23:04:56+00:00","breadcrumb":{"@id":"https:\/\/lalecheleague.ch\/fr\/conseils\/e-mail\/#breadcrumb"},"inLanguage":"fr-FR","potentialAction":[{"@type":"ReadAction","target":["https:\/\/lalecheleague.ch\/fr\/conseils\/e-mail\/"]}]},{"@type":"BreadcrumbList","@id":"https:\/\/lalecheleague.ch\/fr\/conseils\/e-mail\/#breadcrumb","itemListElement":[{"@type":"ListItem","position":1,"name":"Startseite","item":"https:\/\/lalecheleague.ch\/fr\/"},{"@type":"ListItem","position":2,"name":"Conseils","item":"https:\/\/lalecheleague.ch\/fr\/conseils\/"},{"@type":"ListItem","position":3,"name":"Conseils par e-mail"}]},{"@type":"WebSite","@id":"https:\/\/lalecheleague.ch\/fr\/#website","url":"https:\/\/lalecheleague.ch\/fr\/","name":"lalecheleague.ch","description":"Des questions sur l\u2019allaitement ? Ici, vous trouverez des conseils, un accompagnement et du soutien.","publisher":{"@id":"https:\/\/lalecheleague.ch\/fr\/#organization"},"alternateName":"stillberatung.ch","potentialAction":[{"@type":"SearchAction","target":{"@type":"EntryPoint","urlTemplate":"https:\/\/lalecheleague.ch\/fr\/?s={search_term_string}"},"query-input":{"@type":"PropertyValueSpecification","valueRequired":true,"valueName":"search_term_string"}}],"inLanguage":"fr-FR"},{"@type":"Organization","@id":"https:\/\/lalecheleague.ch\/fr\/#organization","name":"La Leche League Schweiz","url":"https:\/\/lalecheleague.ch\/fr\/","logo":{"@type":"ImageObject","inLanguage":"fr-FR","@id":"https:\/\/lalecheleague.ch\/fr\/#\/schema\/logo\/image\/","url":"https:\/\/lalecheleague.ch\/wp-content\/uploads\/Favicon_primary_transparent.png","contentUrl":"https:\/\/lalecheleague.ch\/wp-content\/uploads\/Favicon_primary_transparent.png","width":218,"height":218,"caption":"La Leche League Schweiz"},"image":{"@id":"https:\/\/lalecheleague.ch\/fr\/#\/schema\/logo\/image\/"},"sameAs":["https:\/\/www.facebook.com\/La-Leche-League-Schweiz-Suisse-Svizzera-Svizra-163191413759963"]}]}},"_links":{"self":[{"href":"https:\/\/lalecheleague.ch\/fr\/wp-json\/wp\/v2\/pages\/1453","targetHints":{"allow":["GET"]}}],"collection":[{"href":"https:\/\/lalecheleague.ch\/fr\/wp-json\/wp\/v2\/pages"}],"about":[{"href":"https:\/\/lalecheleague.ch\/fr\/wp-json\/wp\/v2\/types\/page"}],"author":[{"embeddable":true,"href":"https:\/\/lalecheleague.ch\/fr\/wp-json\/wp\/v2\/users\/14"}],"replies":[{"embeddable":true,"href":"https:\/\/lalecheleague.ch\/fr\/wp-json\/wp\/v2\/comments?post=1453"}],"version-history":[{"count":23,"href":"https:\/\/lalecheleague.ch\/fr\/wp-json\/wp\/v2\/pages\/1453\/revisions"}],"predecessor-version":[{"id":39649,"href":"https:\/\/lalecheleague.ch\/fr\/wp-json\/wp\/v2\/pages\/1453\/revisions\/39649"}],"up":[{"embeddable":true,"href":"https:\/\/lalecheleague.ch\/fr\/wp-json\/wp\/v2\/pages\/1434"}],"wp:attachment":[{"href":"https:\/\/lalecheleague.ch\/fr\/wp-json\/wp\/v2\/media?parent=1453"}],"curies":[{"name":"wp","href":"https:\/\/api.w.org\/{rel}","templated":true}]}}