{"id":1434,"date":"2016-05-04T08:03:27","date_gmt":"2016-05-04T08:03:27","guid":{"rendered":"http:\/\/lalecheleague.ch\/fr\/stillberatung\/"},"modified":"2025-01-27T00:04:56","modified_gmt":"2025-01-26T23:04:56","slug":"conseils","status":"publish","type":"page","link":"https:\/\/lalecheleague.ch\/fr\/conseils\/","title":{"rendered":"Conseils"},"content":{"rendered":"<section class=\"l-section wpb_row height_auto\"><div class=\"l-section-h i-cf\"><div class=\"g-cols vc_row via_flex valign_top type_default stacking_default\"><div class=\"vc_col-sm-12 wpb_column vc_column_container\"><div class=\"vc_column-inner\"><div class=\"wpb_wrapper\"><div class=\"w-separator size_custom\" style=\"height:30px\"><\/div><\/div><\/div><\/div><\/div><\/div><\/section><section class=\"l-section wpb_row height_auto\"><div class=\"l-section-h i-cf\"><div class=\"g-cols vc_row via_flex valign_top type_default stacking_default\"><div class=\"vc_col-sm-12 wpb_column vc_column_container\"><div class=\"vc_column-inner\"><div class=\"wpb_wrapper\"><div class=\"wpb_text_column\"><div class=\"wpb_wrapper\"><p>Avez-vous des questions par rapport \u00e0 l&rsquo;allaitement en g\u00e9n\u00e9ral ?<br \/>\nOu bien des questions encore plus g\u00e9n\u00e9rales, par exemple touchant :<\/p>\n<ul>\n<li>l&rsquo;alimentation compl\u00e9mentaire<\/li>\n<li>le sommeil<\/li>\n<li>le portage<\/li>\n<li>l&rsquo;allaitement et le travail<\/li>\n<li>le sevrage<\/li>\n<li>&#8230;<\/li>\n<\/ul>\n<p>Nos animatrices LLL sont ravies de vous soutenir dans toutes les questions par rapport \u00e0 l&rsquo;allaitement et la vie avec des enfants en bas-\u00e2ge.<\/p>\n<p><a href=\"https:\/\/lalecheleague.ch\/fr\/conseils\/telephone\/\">Appelez directement l&rsquo;animatrice de votre choix<\/a> , <a href=\"https:\/\/lalecheleague.ch\/fr\/conseils\/e-mail\/\">remplissez le formulaire pour recevoir un conseil par e-mail<\/a> ou <a href=\"https:\/\/lalecheleague.ch\/fr\/conseils\/reunions-de-lallaitement-maternel\/\">participez \u00e0 une r\u00e9union<\/a>.<\/p>\n<p>Les animatrices LLL b\u00e9n\u00e9voles offrent du soutien et des informations fond\u00e9es, m\u00eame en dehors des heures de bureau.<\/p>\n<\/div><\/div><div class=\"g-cols wpb_row via_flex valign_top type_default stacking_default\"><div class=\"vc_col-sm-4 wpb_column vc_column_container\"><div class=\"vc_column-inner\"><div class=\"wpb_wrapper\"><div class=\"w-flipbox animation_cardflip direction_w\"><div class=\"w-flipbox-h easing_ease\" style=\"transition-duration:0.5s;\"><div class=\"w-flipbox-hh\"><div class=\"w-flipbox-front\" style=\"background:#ffffff;\"><div class=\"w-flipbox-front-h\"><div class=\"w-flipbox-front-icon type_image\" style=\"width:170px;\"><img loading=\"lazy\" decoding=\"async\" width=\"700\" height=\"600\" src=\"https:\/\/lalecheleague.ch\/wp-content\/uploads\/Stilltreffen.png\" class=\"attachment-medium size-medium\" alt=\"\" srcset=\"https:\/\/lalecheleague.ch\/wp-content\/uploads\/Stilltreffen.png 700w, https:\/\/lalecheleague.ch\/wp-content\/uploads\/Stilltreffen-220x189.png 220w\" sizes=\"auto, (max-width: 700px) 100vw, 700px\" \/><\/div><\/div><\/div><div class=\"w-flipbox-back\" style=\"display:none;background:var(--color-header-middle-bg);\"><div class=\"w-flipbox-back-h\"><h4 class=\"w-flipbox-back-title\" style=\"font-size:25px;\">R\u00e9unions<\/h4><\/div><\/div><\/div><\/div><a href=\"http:\/\/lalecheleague.ch\/fr\/conseils\/reunions-de-lallaitement-maternel\/\"><\/a><\/div><\/div><\/div><\/div><div class=\"vc_col-sm-4 wpb_column vc_column_container\"><div class=\"vc_column-inner\"><div class=\"wpb_wrapper\"><div class=\"w-flipbox animation_cardflip direction_w\"><div class=\"w-flipbox-h easing_ease\" style=\"transition-duration:0.5s;\"><div class=\"w-flipbox-hh\"><div class=\"w-flipbox-front\" style=\"background:#ffffff;\"><div class=\"w-flipbox-front-h\"><div class=\"w-flipbox-front-icon type_image\" style=\"width:170px;\"><img loading=\"lazy\" decoding=\"async\" width=\"700\" height=\"600\" src=\"https:\/\/lalecheleague.ch\/wp-content\/uploads\/E-Mail-1.png\" class=\"attachment-medium size-medium\" alt=\"\" srcset=\"https:\/\/lalecheleague.ch\/wp-content\/uploads\/E-Mail-1.png 700w, https:\/\/lalecheleague.ch\/wp-content\/uploads\/E-Mail-1-220x189.png 220w\" sizes=\"auto, (max-width: 700px) 100vw, 700px\" \/><\/div><\/div><\/div><div class=\"w-flipbox-back\" style=\"display:none;background:var(--color-header-middle-bg);\"><div class=\"w-flipbox-back-h\"><h4 class=\"w-flipbox-back-title\" style=\"font-size:25px;\">Consultation par mail<\/h4><\/div><\/div><\/div><\/div><a href=\"https:\/\/lalecheleague.ch\/fr\/conseils\/e-mail\/\"><\/a><\/div><\/div><\/div><\/div><div class=\"vc_col-sm-4 wpb_column vc_column_container\"><div class=\"vc_column-inner\"><div class=\"wpb_wrapper\"><div class=\"w-flipbox animation_cardflip direction_w\"><div class=\"w-flipbox-h easing_ease\" style=\"transition-duration:0.5s;\"><div class=\"w-flipbox-hh\"><div class=\"w-flipbox-front\" style=\"background:#ffffff;\"><div class=\"w-flipbox-front-h\"><div class=\"w-flipbox-front-icon type_image\" style=\"width:170px;\"><img loading=\"lazy\" decoding=\"async\" width=\"700\" height=\"600\" src=\"https:\/\/lalecheleague.ch\/wp-content\/uploads\/Telefon-1.png\" class=\"attachment-medium size-medium\" alt=\"\" srcset=\"https:\/\/lalecheleague.ch\/wp-content\/uploads\/Telefon-1.png 700w, https:\/\/lalecheleague.ch\/wp-content\/uploads\/Telefon-1-220x189.png 220w\" sizes=\"auto, (max-width: 700px) 100vw, 700px\" \/><\/div><\/div><\/div><div class=\"w-flipbox-back\" style=\"display:none;background:var(--color-header-middle-bg);\"><div class=\"w-flipbox-back-h\"><h4 class=\"w-flipbox-back-title\" style=\"font-size:25px;\">Consultations par t\u00e9l\u00e9phone<\/h4><\/div><\/div><\/div><\/div><a href=\"https:\/\/lalecheleague.ch\/fr\/conseils\/telephone\/\"><\/a><\/div><\/div><\/div><\/div><\/div><div class=\"w-separator size_small with_line width_default thick_2 style_solid color_border align_center\"><div class=\"w-separator-h\"><\/div><\/div><div class=\"wpb_text_column\"><div class=\"wpb_wrapper\"><p>En toute bonne foi, les informations donn\u00e9es par les animatrices LLL reposent sur l&rsquo;\u00e9tat de recherche sur l&rsquo;allaitement le plus r\u00e9cent accessible. Le soutien de m\u00e8re \u00e0 m\u00e8re ne peut en aucun cas remplacer ni consultation ni th\u00e9rapie m\u00e9dicales.<\/p>\n<p><strong>Si vous avez des questions d&rsquo;ordre m\u00e9dical, voire en cas d&rsquo;urgence, adressez-vous \u00e0 une professionnelle de la sant\u00e9 (m\u00e9decin, consultante en lactation IBCLC).<\/strong><\/p>\n<\/div><\/div><\/div><\/div><\/div><\/div><\/div><\/section>\n","protected":false},"excerpt":{"rendered":"Avez-vous des questions par rapport \u00e0 l&rsquo;allaitement en g\u00e9n\u00e9ral ? Ou bien des questions encore plus g\u00e9n\u00e9rales, par exemple touchant : l&rsquo;alimentation compl\u00e9mentaire le sommeil le portage l&rsquo;allaitement et le travail le sevrage &#8230; Nos animatrices LLL sont ravies de vous soutenir dans toutes les questions par rapport \u00e0 l&rsquo;allaitement et la vie avec des...","protected":false},"author":15,"featured_media":0,"parent":0,"menu_order":0,"comment_status":"closed","ping_status":"closed","template":"","meta":{"_exactmetrics_skip_tracking":false,"_exactmetrics_sitenote_active":false,"_exactmetrics_sitenote_note":"","_exactmetrics_sitenote_category":0,"footnotes":""},"class_list":["post-1434","page","type-page","status-publish","hentry"],"yoast_head":"<!-- This site is optimized with the Yoast SEO Premium plugin v25.7.1 (Yoast SEO v25.7) - https:\/\/yoast.com\/wordpress\/plugins\/seo\/ -->\n<title>Conseils - Soutien et accompagnement \u00e0 l\u2019allaitement \u2013 La Leche League Suisse<\/title>\n<meta name=\"robots\" content=\"index, follow, max-snippet:-1, max-image-preview:large, max-video-preview:-1\" \/>\n<link rel=\"canonical\" href=\"https:\/\/lalecheleague.ch\/fr\/conseils\/\" \/>\n<meta property=\"og:locale\" content=\"fr_FR\" \/>\n<meta property=\"og:type\" content=\"article\" \/>\n<meta property=\"og:title\" content=\"Conseils\" \/>\n<meta property=\"og:url\" content=\"https:\/\/lalecheleague.ch\/fr\/conseils\/\" \/>\n<meta property=\"og:site_name\" content=\"Soutien et accompagnement \u00e0 l\u2019allaitement \u2013 La Leche League Suisse\" \/>\n<meta property=\"article:publisher\" content=\"https:\/\/www.facebook.com\/La-Leche-League-Schweiz-Suisse-Svizzera-Svizra-163191413759963\" \/>\n<meta property=\"article:modified_time\" content=\"2025-01-26T23:04:56+00:00\" \/>\n<meta property=\"og:image\" content=\"http:\/\/lalecheleague.ch\/wp-content\/uploads\/2016\/04\/Favicon_primary_transparent.png\" \/>\n<meta name=\"twitter:card\" content=\"summary_large_image\" \/>\n<meta name=\"twitter:label1\" content=\"Dur\u00e9e de lecture estim\u00e9e\" \/>\n\t<meta name=\"twitter:data1\" content=\"2 minutes\" \/>\n<script type=\"application\/ld+json\" class=\"yoast-schema-graph\">{\"@context\":\"https:\/\/schema.org\",\"@graph\":[{\"@type\":\"WebPage\",\"@id\":\"https:\/\/lalecheleague.ch\/fr\/conseils\/\",\"url\":\"https:\/\/lalecheleague.ch\/fr\/conseils\/\",\"name\":\"Conseils - Soutien et accompagnement \u00e0 l\u2019allaitement \u2013 La Leche League Suisse\",\"isPartOf\":{\"@id\":\"https:\/\/lalecheleague.ch\/fr\/#website\"},\"datePublished\":\"2016-05-04T08:03:27+00:00\",\"dateModified\":\"2025-01-26T23:04:56+00:00\",\"breadcrumb\":{\"@id\":\"https:\/\/lalecheleague.ch\/fr\/conseils\/#breadcrumb\"},\"inLanguage\":\"fr-FR\",\"potentialAction\":[{\"@type\":\"ReadAction\",\"target\":[\"https:\/\/lalecheleague.ch\/fr\/conseils\/\"]}]},{\"@type\":\"BreadcrumbList\",\"@id\":\"https:\/\/lalecheleague.ch\/fr\/conseils\/#breadcrumb\",\"itemListElement\":[{\"@type\":\"ListItem\",\"position\":1,\"name\":\"Startseite\",\"item\":\"https:\/\/lalecheleague.ch\/fr\/\"},{\"@type\":\"ListItem\",\"position\":2,\"name\":\"Conseils\"}]},{\"@type\":\"WebSite\",\"@id\":\"https:\/\/lalecheleague.ch\/fr\/#website\",\"url\":\"https:\/\/lalecheleague.ch\/fr\/\",\"name\":\"lalecheleague.ch\",\"description\":\"Des questions sur l\u2019allaitement ? Ici, vous trouverez des conseils, un accompagnement et du soutien.\",\"publisher\":{\"@id\":\"https:\/\/lalecheleague.ch\/fr\/#organization\"},\"alternateName\":\"stillberatung.ch\",\"potentialAction\":[{\"@type\":\"SearchAction\",\"target\":{\"@type\":\"EntryPoint\",\"urlTemplate\":\"https:\/\/lalecheleague.ch\/fr\/?s={search_term_string}\"},\"query-input\":{\"@type\":\"PropertyValueSpecification\",\"valueRequired\":true,\"valueName\":\"search_term_string\"}}],\"inLanguage\":\"fr-FR\"},{\"@type\":\"Organization\",\"@id\":\"https:\/\/lalecheleague.ch\/fr\/#organization\",\"name\":\"La Leche League Schweiz\",\"url\":\"https:\/\/lalecheleague.ch\/fr\/\",\"logo\":{\"@type\":\"ImageObject\",\"inLanguage\":\"fr-FR\",\"@id\":\"https:\/\/lalecheleague.ch\/fr\/#\/schema\/logo\/image\/\",\"url\":\"https:\/\/lalecheleague.ch\/wp-content\/uploads\/Favicon_primary_transparent.png\",\"contentUrl\":\"https:\/\/lalecheleague.ch\/wp-content\/uploads\/Favicon_primary_transparent.png\",\"width\":218,\"height\":218,\"caption\":\"La Leche League Schweiz\"},\"image\":{\"@id\":\"https:\/\/lalecheleague.ch\/fr\/#\/schema\/logo\/image\/\"},\"sameAs\":[\"https:\/\/www.facebook.com\/La-Leche-League-Schweiz-Suisse-Svizzera-Svizra-163191413759963\"]}]}<\/script>\n<!-- \/ Yoast SEO Premium plugin. -->","yoast_head_json":{"title":"Conseils - Soutien et accompagnement \u00e0 l\u2019allaitement \u2013 La Leche League Suisse","robots":{"index":"index","follow":"follow","max-snippet":"max-snippet:-1","max-image-preview":"max-image-preview:large","max-video-preview":"max-video-preview:-1"},"canonical":"https:\/\/lalecheleague.ch\/fr\/conseils\/","og_locale":"fr_FR","og_type":"article","og_title":"Conseils","og_url":"https:\/\/lalecheleague.ch\/fr\/conseils\/","og_site_name":"Soutien et accompagnement \u00e0 l\u2019allaitement \u2013 La Leche League Suisse","article_publisher":"https:\/\/www.facebook.com\/La-Leche-League-Schweiz-Suisse-Svizzera-Svizra-163191413759963","article_modified_time":"2025-01-26T23:04:56+00:00","og_image":[{"url":"http:\/\/lalecheleague.ch\/wp-content\/uploads\/2016\/04\/Favicon_primary_transparent.png","type":"","width":"","height":""}],"twitter_card":"summary_large_image","twitter_misc":{"Dur\u00e9e de lecture estim\u00e9e":"2 minutes"},"schema":{"@context":"https:\/\/schema.org","@graph":[{"@type":"WebPage","@id":"https:\/\/lalecheleague.ch\/fr\/conseils\/","url":"https:\/\/lalecheleague.ch\/fr\/conseils\/","name":"Conseils - Soutien et accompagnement \u00e0 l\u2019allaitement \u2013 La Leche League Suisse","isPartOf":{"@id":"https:\/\/lalecheleague.ch\/fr\/#website"},"datePublished":"2016-05-04T08:03:27+00:00","dateModified":"2025-01-26T23:04:56+00:00","breadcrumb":{"@id":"https:\/\/lalecheleague.ch\/fr\/conseils\/#breadcrumb"},"inLanguage":"fr-FR","potentialAction":[{"@type":"ReadAction","target":["https:\/\/lalecheleague.ch\/fr\/conseils\/"]}]},{"@type":"BreadcrumbList","@id":"https:\/\/lalecheleague.ch\/fr\/conseils\/#breadcrumb","itemListElement":[{"@type":"ListItem","position":1,"name":"Startseite","item":"https:\/\/lalecheleague.ch\/fr\/"},{"@type":"ListItem","position":2,"name":"Conseils"}]},{"@type":"WebSite","@id":"https:\/\/lalecheleague.ch\/fr\/#website","url":"https:\/\/lalecheleague.ch\/fr\/","name":"lalecheleague.ch","description":"Des questions sur l\u2019allaitement ? Ici, vous trouverez des conseils, un accompagnement et du soutien.","publisher":{"@id":"https:\/\/lalecheleague.ch\/fr\/#organization"},"alternateName":"stillberatung.ch","potentialAction":[{"@type":"SearchAction","target":{"@type":"EntryPoint","urlTemplate":"https:\/\/lalecheleague.ch\/fr\/?s={search_term_string}"},"query-input":{"@type":"PropertyValueSpecification","valueRequired":true,"valueName":"search_term_string"}}],"inLanguage":"fr-FR"},{"@type":"Organization","@id":"https:\/\/lalecheleague.ch\/fr\/#organization","name":"La Leche League Schweiz","url":"https:\/\/lalecheleague.ch\/fr\/","logo":{"@type":"ImageObject","inLanguage":"fr-FR","@id":"https:\/\/lalecheleague.ch\/fr\/#\/schema\/logo\/image\/","url":"https:\/\/lalecheleague.ch\/wp-content\/uploads\/Favicon_primary_transparent.png","contentUrl":"https:\/\/lalecheleague.ch\/wp-content\/uploads\/Favicon_primary_transparent.png","width":218,"height":218,"caption":"La Leche League Schweiz"},"image":{"@id":"https:\/\/lalecheleague.ch\/fr\/#\/schema\/logo\/image\/"},"sameAs":["https:\/\/www.facebook.com\/La-Leche-League-Schweiz-Suisse-Svizzera-Svizra-163191413759963"]}]}},"_links":{"self":[{"href":"https:\/\/lalecheleague.ch\/fr\/wp-json\/wp\/v2\/pages\/1434","targetHints":{"allow":["GET"]}}],"collection":[{"href":"https:\/\/lalecheleague.ch\/fr\/wp-json\/wp\/v2\/pages"}],"about":[{"href":"https:\/\/lalecheleague.ch\/fr\/wp-json\/wp\/v2\/types\/page"}],"author":[{"embeddable":true,"href":"https:\/\/lalecheleague.ch\/fr\/wp-json\/wp\/v2\/users\/15"}],"replies":[{"embeddable":true,"href":"https:\/\/lalecheleague.ch\/fr\/wp-json\/wp\/v2\/comments?post=1434"}],"version-history":[{"count":20,"href":"https:\/\/lalecheleague.ch\/fr\/wp-json\/wp\/v2\/pages\/1434\/revisions"}],"predecessor-version":[{"id":39651,"href":"https:\/\/lalecheleague.ch\/fr\/wp-json\/wp\/v2\/pages\/1434\/revisions\/39651"}],"wp:attachment":[{"href":"https:\/\/lalecheleague.ch\/fr\/wp-json\/wp\/v2\/media?parent=1434"}],"curies":[{"name":"wp","href":"https:\/\/api.w.org\/{rel}","templated":true}]}}