{"id":1154,"date":"2016-09-18T10:27:47","date_gmt":"2016-09-18T10:27:47","guid":{"rendered":"http:\/\/lalecheleague.ch\/fr\/?page_id=1154"},"modified":"2024-07-13T09:34:50","modified_gmt":"2024-07-13T07:34:50","slug":"reunions-de-lallaitement-maternel","status":"publish","type":"page","link":"https:\/\/lalecheleague.ch\/fr\/reunions-de-lallaitement-maternel\/","title":{"rendered":"R\u00e9unions"},"content":{"rendered":"<p>Pour plus d&rsquo;informations et de l&rsquo;exp\u00e9rience, il est possible participer d&rsquo;un r\u00e9union de l&rsquo;allaitement maternel offert. Invit\u00e9 sont les femmes future et allaitement avec leurs enfants et leurs partenaires, et toutes les personnes qui sont int\u00e9ress\u00e9s par le sujet.<\/p>\n<ul>\n<li>Les parents associ\u00e9s peuvent avoir leurs propres questions et les probl\u00e8mes contribuent et re\u00e7oivent des autres participants des conseils et des suggestions. Regarder les autres m\u00e8res et des b\u00e9b\u00e9s et de voir comment ils sont diff\u00e9rents, peut \u00eatre utile.<\/li>\n<li>Les sujets traitent les principaux aspects pratiques, physiques et psychologiques de l&rsquo;allaitement maternel.<\/li>\n<li>Les consultantes en allaitement conduicantes sont des m\u00e8res avec leur propre exp\u00e9rience de l&rsquo;allaitement maternel qui a \u00e9galement termin\u00e9 l&rsquo;\u00e9ducation internationale pour le consultant LaLecheLeague et en d\u00e9veloppement constamment leurs activit\u00e9s.<\/li>\n<li>Les r\u00e9union de La Leche League sont souvent le point de d\u00e9part pour des amiti\u00e9s durables.<\/li>\n<\/ul>\n<p>&nbsp;<\/p>\n<p>CONTENTS<\/p>\n<p>&nbsp;<\/p>\n","protected":false},"excerpt":{"rendered":"<p>Pour plus d&rsquo;informations et de l&rsquo;exp\u00e9rience, il est possible participer d&rsquo;un r\u00e9union de l&rsquo;allaitement maternel offert. Invit\u00e9 sont les femmes future et allaitement avec leurs enfants et leurs partenaires, et toutes les personnes qui sont int\u00e9ress\u00e9s par le sujet. Les parents associ\u00e9s peuvent avoir leurs propres questions et les probl\u00e8mes contribuent et re\u00e7oivent des autres&#8230;<\/p>\n","protected":false},"author":14,"featured_media":0,"parent":0,"menu_order":0,"comment_status":"closed","ping_status":"closed","template":"","meta":{"_exactmetrics_skip_tracking":false,"_exactmetrics_sitenote_active":false,"_exactmetrics_sitenote_note":"","_exactmetrics_sitenote_category":0,"footnotes":""},"class_list":["post-1154","page","type-page","status-publish","hentry"],"yoast_head":"<!-- This site is optimized with the Yoast SEO Premium plugin v25.7.1 (Yoast SEO v25.7) - https:\/\/yoast.com\/wordpress\/plugins\/seo\/ -->\n<title>R\u00e9unions - Soutien et accompagnement \u00e0 l\u2019allaitement \u2013 La Leche League Suisse<\/title>\n<meta name=\"robots\" content=\"index, follow, max-snippet:-1, max-image-preview:large, max-video-preview:-1\" \/>\n<link rel=\"canonical\" href=\"https:\/\/lalecheleague.ch\/fr\/reunions-de-lallaitement-maternel\/\" \/>\n<meta property=\"og:locale\" content=\"fr_FR\" \/>\n<meta property=\"og:type\" content=\"article\" \/>\n<meta property=\"og:title\" content=\"R\u00e9unions\" \/>\n<meta property=\"og:description\" content=\"Pour plus d&rsquo;informations et de l&rsquo;exp\u00e9rience, il est possible participer d&rsquo;un r\u00e9union de l&rsquo;allaitement maternel offert. Invit\u00e9 sont les femmes future et allaitement avec leurs enfants et leurs partenaires, et toutes les personnes qui sont int\u00e9ress\u00e9s par le sujet. Les parents associ\u00e9s peuvent avoir leurs propres questions et les probl\u00e8mes contribuent et re\u00e7oivent des autres...\" \/>\n<meta property=\"og:url\" content=\"https:\/\/lalecheleague.ch\/fr\/reunions-de-lallaitement-maternel\/\" \/>\n<meta property=\"og:site_name\" content=\"Soutien et accompagnement \u00e0 l\u2019allaitement \u2013 La Leche League Suisse\" \/>\n<meta property=\"article:publisher\" content=\"https:\/\/www.facebook.com\/La-Leche-League-Schweiz-Suisse-Svizzera-Svizra-163191413759963\" \/>\n<meta property=\"article:modified_time\" content=\"2024-07-13T07:34:50+00:00\" \/>\n<meta property=\"og:image\" content=\"http:\/\/lalecheleague.ch\/wp-content\/uploads\/2016\/04\/Favicon_primary_transparent.png\" \/>\n<meta name=\"twitter:card\" content=\"summary_large_image\" \/>\n<meta name=\"twitter:label1\" content=\"Dur\u00e9e de lecture estim\u00e9e\" \/>\n\t<meta name=\"twitter:data1\" content=\"1 minute\" \/>\n<script type=\"application\/ld+json\" class=\"yoast-schema-graph\">{\"@context\":\"https:\/\/schema.org\",\"@graph\":[{\"@type\":\"WebPage\",\"@id\":\"https:\/\/lalecheleague.ch\/fr\/reunions-de-lallaitement-maternel\/\",\"url\":\"https:\/\/lalecheleague.ch\/fr\/reunions-de-lallaitement-maternel\/\",\"name\":\"R\u00e9unions - Soutien et accompagnement \u00e0 l\u2019allaitement \u2013 La Leche League Suisse\",\"isPartOf\":{\"@id\":\"https:\/\/lalecheleague.ch\/fr\/#website\"},\"datePublished\":\"2016-09-18T10:27:47+00:00\",\"dateModified\":\"2024-07-13T07:34:50+00:00\",\"breadcrumb\":{\"@id\":\"https:\/\/lalecheleague.ch\/fr\/reunions-de-lallaitement-maternel\/#breadcrumb\"},\"inLanguage\":\"fr-FR\",\"potentialAction\":[{\"@type\":\"ReadAction\",\"target\":[\"https:\/\/lalecheleague.ch\/fr\/reunions-de-lallaitement-maternel\/\"]}]},{\"@type\":\"BreadcrumbList\",\"@id\":\"https:\/\/lalecheleague.ch\/fr\/reunions-de-lallaitement-maternel\/#breadcrumb\",\"itemListElement\":[{\"@type\":\"ListItem\",\"position\":1,\"name\":\"Startseite\",\"item\":\"https:\/\/lalecheleague.ch\/fr\/\"},{\"@type\":\"ListItem\",\"position\":2,\"name\":\"R\u00e9unions\"}]},{\"@type\":\"WebSite\",\"@id\":\"https:\/\/lalecheleague.ch\/fr\/#website\",\"url\":\"https:\/\/lalecheleague.ch\/fr\/\",\"name\":\"lalecheleague.ch\",\"description\":\"Des questions sur l\u2019allaitement ? Ici, vous trouverez des conseils, un accompagnement et du soutien.\",\"publisher\":{\"@id\":\"https:\/\/lalecheleague.ch\/fr\/#organization\"},\"alternateName\":\"stillberatung.ch\",\"potentialAction\":[{\"@type\":\"SearchAction\",\"target\":{\"@type\":\"EntryPoint\",\"urlTemplate\":\"https:\/\/lalecheleague.ch\/fr\/?s={search_term_string}\"},\"query-input\":{\"@type\":\"PropertyValueSpecification\",\"valueRequired\":true,\"valueName\":\"search_term_string\"}}],\"inLanguage\":\"fr-FR\"},{\"@type\":\"Organization\",\"@id\":\"https:\/\/lalecheleague.ch\/fr\/#organization\",\"name\":\"La Leche League Schweiz\",\"url\":\"https:\/\/lalecheleague.ch\/fr\/\",\"logo\":{\"@type\":\"ImageObject\",\"inLanguage\":\"fr-FR\",\"@id\":\"https:\/\/lalecheleague.ch\/fr\/#\/schema\/logo\/image\/\",\"url\":\"https:\/\/lalecheleague.ch\/wp-content\/uploads\/Favicon_primary_transparent.png\",\"contentUrl\":\"https:\/\/lalecheleague.ch\/wp-content\/uploads\/Favicon_primary_transparent.png\",\"width\":218,\"height\":218,\"caption\":\"La Leche League Schweiz\"},\"image\":{\"@id\":\"https:\/\/lalecheleague.ch\/fr\/#\/schema\/logo\/image\/\"},\"sameAs\":[\"https:\/\/www.facebook.com\/La-Leche-League-Schweiz-Suisse-Svizzera-Svizra-163191413759963\"]}]}<\/script>\n<!-- \/ Yoast SEO Premium plugin. -->","yoast_head_json":{"title":"R\u00e9unions - Soutien et accompagnement \u00e0 l\u2019allaitement \u2013 La Leche League Suisse","robots":{"index":"index","follow":"follow","max-snippet":"max-snippet:-1","max-image-preview":"max-image-preview:large","max-video-preview":"max-video-preview:-1"},"canonical":"https:\/\/lalecheleague.ch\/fr\/reunions-de-lallaitement-maternel\/","og_locale":"fr_FR","og_type":"article","og_title":"R\u00e9unions","og_description":"Pour plus d&rsquo;informations et de l&rsquo;exp\u00e9rience, il est possible participer d&rsquo;un r\u00e9union de l&rsquo;allaitement maternel offert. Invit\u00e9 sont les femmes future et allaitement avec leurs enfants et leurs partenaires, et toutes les personnes qui sont int\u00e9ress\u00e9s par le sujet. Les parents associ\u00e9s peuvent avoir leurs propres questions et les probl\u00e8mes contribuent et re\u00e7oivent des autres...","og_url":"https:\/\/lalecheleague.ch\/fr\/reunions-de-lallaitement-maternel\/","og_site_name":"Soutien et accompagnement \u00e0 l\u2019allaitement \u2013 La Leche League Suisse","article_publisher":"https:\/\/www.facebook.com\/La-Leche-League-Schweiz-Suisse-Svizzera-Svizra-163191413759963","article_modified_time":"2024-07-13T07:34:50+00:00","og_image":[{"url":"http:\/\/lalecheleague.ch\/wp-content\/uploads\/2016\/04\/Favicon_primary_transparent.png","type":"","width":"","height":""}],"twitter_card":"summary_large_image","twitter_misc":{"Dur\u00e9e de lecture estim\u00e9e":"1 minute"},"schema":{"@context":"https:\/\/schema.org","@graph":[{"@type":"WebPage","@id":"https:\/\/lalecheleague.ch\/fr\/reunions-de-lallaitement-maternel\/","url":"https:\/\/lalecheleague.ch\/fr\/reunions-de-lallaitement-maternel\/","name":"R\u00e9unions - Soutien et accompagnement \u00e0 l\u2019allaitement \u2013 La Leche League Suisse","isPartOf":{"@id":"https:\/\/lalecheleague.ch\/fr\/#website"},"datePublished":"2016-09-18T10:27:47+00:00","dateModified":"2024-07-13T07:34:50+00:00","breadcrumb":{"@id":"https:\/\/lalecheleague.ch\/fr\/reunions-de-lallaitement-maternel\/#breadcrumb"},"inLanguage":"fr-FR","potentialAction":[{"@type":"ReadAction","target":["https:\/\/lalecheleague.ch\/fr\/reunions-de-lallaitement-maternel\/"]}]},{"@type":"BreadcrumbList","@id":"https:\/\/lalecheleague.ch\/fr\/reunions-de-lallaitement-maternel\/#breadcrumb","itemListElement":[{"@type":"ListItem","position":1,"name":"Startseite","item":"https:\/\/lalecheleague.ch\/fr\/"},{"@type":"ListItem","position":2,"name":"R\u00e9unions"}]},{"@type":"WebSite","@id":"https:\/\/lalecheleague.ch\/fr\/#website","url":"https:\/\/lalecheleague.ch\/fr\/","name":"lalecheleague.ch","description":"Des questions sur l\u2019allaitement ? Ici, vous trouverez des conseils, un accompagnement et du soutien.","publisher":{"@id":"https:\/\/lalecheleague.ch\/fr\/#organization"},"alternateName":"stillberatung.ch","potentialAction":[{"@type":"SearchAction","target":{"@type":"EntryPoint","urlTemplate":"https:\/\/lalecheleague.ch\/fr\/?s={search_term_string}"},"query-input":{"@type":"PropertyValueSpecification","valueRequired":true,"valueName":"search_term_string"}}],"inLanguage":"fr-FR"},{"@type":"Organization","@id":"https:\/\/lalecheleague.ch\/fr\/#organization","name":"La Leche League Schweiz","url":"https:\/\/lalecheleague.ch\/fr\/","logo":{"@type":"ImageObject","inLanguage":"fr-FR","@id":"https:\/\/lalecheleague.ch\/fr\/#\/schema\/logo\/image\/","url":"https:\/\/lalecheleague.ch\/wp-content\/uploads\/Favicon_primary_transparent.png","contentUrl":"https:\/\/lalecheleague.ch\/wp-content\/uploads\/Favicon_primary_transparent.png","width":218,"height":218,"caption":"La Leche League Schweiz"},"image":{"@id":"https:\/\/lalecheleague.ch\/fr\/#\/schema\/logo\/image\/"},"sameAs":["https:\/\/www.facebook.com\/La-Leche-League-Schweiz-Suisse-Svizzera-Svizra-163191413759963"]}]}},"_links":{"self":[{"href":"https:\/\/lalecheleague.ch\/fr\/wp-json\/wp\/v2\/pages\/1154","targetHints":{"allow":["GET"]}}],"collection":[{"href":"https:\/\/lalecheleague.ch\/fr\/wp-json\/wp\/v2\/pages"}],"about":[{"href":"https:\/\/lalecheleague.ch\/fr\/wp-json\/wp\/v2\/types\/page"}],"author":[{"embeddable":true,"href":"https:\/\/lalecheleague.ch\/fr\/wp-json\/wp\/v2\/users\/14"}],"replies":[{"embeddable":true,"href":"https:\/\/lalecheleague.ch\/fr\/wp-json\/wp\/v2\/comments?post=1154"}],"version-history":[{"count":13,"href":"https:\/\/lalecheleague.ch\/fr\/wp-json\/wp\/v2\/pages\/1154\/revisions"}],"predecessor-version":[{"id":37425,"href":"https:\/\/lalecheleague.ch\/fr\/wp-json\/wp\/v2\/pages\/1154\/revisions\/37425"}],"wp:attachment":[{"href":"https:\/\/lalecheleague.ch\/fr\/wp-json\/wp\/v2\/media?parent=1154"}],"curies":[{"name":"wp","href":"https:\/\/api.w.org\/{rel}","templated":true}]}}