{"id":3861,"date":"2016-11-18T00:34:08","date_gmt":"2016-11-17T23:34:08","guid":{"rendered":"http:\/\/lalecheleague.ch\/es\/?page_id=3861"},"modified":"2025-01-27T00:04:57","modified_gmt":"2025-01-26T23:04:57","slug":"formacion-las-monitoras","status":"publish","type":"page","link":"https:\/\/lalecheleague.ch\/es\/acerca-de-nosotros\/formacion-las-monitoras\/","title":{"rendered":"Hacerse monitora"},"content":{"rendered":"<section class=\"l-section wpb_row height_small\"><div class=\"l-section-h i-cf\"><div class=\"g-cols vc_row via_flex valign_top type_default stacking_default\"><div class=\"vc_col-sm-12 wpb_column vc_column_container\"><div class=\"vc_column-inner\"><div class=\"wpb_wrapper\"><div class=\"wpb_text_column\"><div class=\"wpb_wrapper\"><p>Las monitoras de la Liga de la Leche forman parte de una tradici\u00f3n que se remonta a los albores de la humanidad: Una madre ayudando a otra en el arte femenino de amamantar.<\/p>\n<p><strong>Requisitos para ser monitora de la Liga de la Leche<\/strong><\/p>\n<ol>\n<li><strong>Experiencia personal de lactancia<\/strong>;<br \/>\nPara ser monitora, la madre debe haber amamantado a su beb\u00e9 por lo menos nueve meses. Es decir, el beb\u00e9 ha sido alimentado con la leche de su madre hasta que tuvo necesidad nutricional de otras comidas (esto es, cerca de la mitad del primer a\u00f1o si es un beb\u00e9 saludable y de t\u00e9rmino). Si el beb\u00e9 ya ha sido destetado, este sucedi\u00f3 de manera respetuosa, respetando las necesidades del beb\u00e9.<br \/>\nNota: Se puede dar una consideraci\u00f3n especial a una mujer que haya tenido una experiencia que se considerar\u00eda fuera del \u00abcurso normal de la lactancia\u00bb.<\/li>\n<li><strong>Experiencia como madre<\/strong>: La madre valora la alimentaci\u00f3n al pecho como la forma \u00f3ptima de nutrir, criar y dar consuelo a su beb\u00e9. Reconoce, entiende y responde a las necesidades de su beb\u00e9 tanto de su presencia, como de su alimentaci\u00f3n. Maneja cualquier separaci\u00f3n de su beb\u00e9 con sensibilidad y respetando las necesidades de su beb\u00e9.<\/li>\n<li><strong>Experiencia en la Organizaci\u00f3n de la Liga de la Leche<\/strong><br \/>\nEs socia de La Liga de la Leche. Apoya los prop\u00f3sitos y la filosof\u00eda de La Liga de la Leche. Ha asistido al menos a una serie de reuniones (en caso de que existan) y ha demostrado un compromiso con La Liga de la Leche.<br \/>\nPosee y est\u00e1 familiarizada con el contenido de la edici\u00f3n m\u00e1s reciente de EL ARTE FEMENINO DE AMAMANTAR (si es que existe en su idioma) como un recurso b\u00e1sico para montoras.<br \/>\nTiene una recomendaci\u00f3n de una monitora de La Liga de la Leche.<\/li>\n<li><strong>Caracter\u00edsticas personales<\/strong><br \/>\nTiene conocimiento suficiente del idioma para completar la solicitud y preparaci\u00f3n para la acreditaci\u00f3n y para cumplir con las responsabilidades de liderazgo de La Liga de la Leche.<br \/>\nTiene una actitud respetuosa y de aceptaci\u00f3n hacia los dem\u00e1s.<br \/>\nMuestra calidez y empat\u00eda hacia otros.<br \/>\nDemuestra o est\u00e1 dispuesta a desarrollar habilidades de comunicaci\u00f3n efectivas.<\/li>\n<\/ol>\n<p>\u00bfEst\u00e1s interesada y cumples con los requisitos? no dudes en <a href=\"https:\/\/lalecheleague.ch\/es\/asesoramiento\/telefono\/\">ponerte en contacto<\/a> con una lider para expresarle tu intenci\u00f3n de hacerte monitora.<\/p>\n<\/div><\/div><\/div><\/div><\/div><\/div><\/div><\/section>\n","protected":false},"excerpt":{"rendered":"Las monitoras de la Liga de la Leche forman parte de una tradici\u00f3n que se remonta a los albores de la humanidad: Una madre ayudando a otra en el arte femenino de amamantar. Requisitos para ser monitora de la Liga de la Leche Experiencia personal de lactancia; Para ser monitora, la madre debe haber amamantado...","protected":false},"author":15,"featured_media":0,"parent":1656,"menu_order":5,"comment_status":"closed","ping_status":"closed","template":"","meta":{"_exactmetrics_skip_tracking":false,"_exactmetrics_sitenote_active":false,"_exactmetrics_sitenote_note":"","_exactmetrics_sitenote_category":0,"footnotes":""},"class_list":["post-3861","page","type-page","status-publish","hentry"],"yoast_head":"<!-- This site is optimized with the Yoast SEO Premium plugin v25.7.1 (Yoast SEO v25.7) - https:\/\/yoast.com\/wordpress\/plugins\/seo\/ -->\n<title>Hacerse monitora - Asesoramiento y apoyo en lactancia \u2013 La Leche League Suiza<\/title>\n<meta name=\"robots\" content=\"index, follow, max-snippet:-1, max-image-preview:large, max-video-preview:-1\" \/>\n<link rel=\"canonical\" href=\"https:\/\/lalecheleague.ch\/es\/acerca-de-nosotros\/formacion-las-monitoras\/\" \/>\n<meta property=\"og:locale\" content=\"es_ES\" \/>\n<meta property=\"og:type\" content=\"article\" \/>\n<meta property=\"og:title\" content=\"Hacerse monitora\" \/>\n<meta property=\"og:url\" content=\"https:\/\/lalecheleague.ch\/es\/acerca-de-nosotros\/formacion-las-monitoras\/\" \/>\n<meta property=\"og:site_name\" content=\"Asesoramiento y apoyo en lactancia \u2013 La Leche League Suiza\" \/>\n<meta property=\"article:publisher\" content=\"https:\/\/www.facebook.com\/La-Leche-League-Schweiz-Suisse-Svizzera-Svizra-163191413759963\" \/>\n<meta property=\"article:modified_time\" content=\"2025-01-26T23:04:57+00:00\" \/>\n<meta property=\"og:image\" content=\"http:\/\/lalecheleague.ch\/wp-content\/uploads\/2016\/04\/Favicon_primary_transparent.png\" \/>\n<meta name=\"twitter:card\" content=\"summary_large_image\" \/>\n<meta name=\"twitter:label1\" content=\"Tiempo de lectura\" \/>\n\t<meta name=\"twitter:data1\" content=\"2 minutos\" \/>\n<script type=\"application\/ld+json\" class=\"yoast-schema-graph\">{\"@context\":\"https:\/\/schema.org\",\"@graph\":[{\"@type\":\"WebPage\",\"@id\":\"https:\/\/lalecheleague.ch\/es\/acerca-de-nosotros\/formacion-las-monitoras\/\",\"url\":\"https:\/\/lalecheleague.ch\/es\/acerca-de-nosotros\/formacion-las-monitoras\/\",\"name\":\"Hacerse monitora - Asesoramiento y apoyo en lactancia \u2013 La Leche League Suiza\",\"isPartOf\":{\"@id\":\"https:\/\/lalecheleague.ch\/es\/#website\"},\"datePublished\":\"2016-11-17T23:34:08+00:00\",\"dateModified\":\"2025-01-26T23:04:57+00:00\",\"breadcrumb\":{\"@id\":\"https:\/\/lalecheleague.ch\/es\/acerca-de-nosotros\/formacion-las-monitoras\/#breadcrumb\"},\"inLanguage\":\"es\",\"potentialAction\":[{\"@type\":\"ReadAction\",\"target\":[\"https:\/\/lalecheleague.ch\/es\/acerca-de-nosotros\/formacion-las-monitoras\/\"]}]},{\"@type\":\"BreadcrumbList\",\"@id\":\"https:\/\/lalecheleague.ch\/es\/acerca-de-nosotros\/formacion-las-monitoras\/#breadcrumb\",\"itemListElement\":[{\"@type\":\"ListItem\",\"position\":1,\"name\":\"Startseite\",\"item\":\"https:\/\/lalecheleague.ch\/es\/\"},{\"@type\":\"ListItem\",\"position\":2,\"name\":\"Acerca de nosotros\",\"item\":\"https:\/\/lalecheleague.ch\/es\/acerca-de-nosotros\/\"},{\"@type\":\"ListItem\",\"position\":3,\"name\":\"Hacerse monitora\"}]},{\"@type\":\"WebSite\",\"@id\":\"https:\/\/lalecheleague.ch\/es\/#website\",\"url\":\"https:\/\/lalecheleague.ch\/es\/\",\"name\":\"lalecheleague.ch\",\"description\":\"\u00bfPreguntas sobre la lactancia? Aqu\u00ed encontrar\u00e1s consejos, asesoramiento y apoyo.\",\"publisher\":{\"@id\":\"https:\/\/lalecheleague.ch\/es\/#organization\"},\"alternateName\":\"stillberatung.ch\",\"potentialAction\":[{\"@type\":\"SearchAction\",\"target\":{\"@type\":\"EntryPoint\",\"urlTemplate\":\"https:\/\/lalecheleague.ch\/es\/?s={search_term_string}\"},\"query-input\":{\"@type\":\"PropertyValueSpecification\",\"valueRequired\":true,\"valueName\":\"search_term_string\"}}],\"inLanguage\":\"es\"},{\"@type\":\"Organization\",\"@id\":\"https:\/\/lalecheleague.ch\/es\/#organization\",\"name\":\"La Leche League Schweiz\",\"url\":\"https:\/\/lalecheleague.ch\/es\/\",\"logo\":{\"@type\":\"ImageObject\",\"inLanguage\":\"es\",\"@id\":\"https:\/\/lalecheleague.ch\/es\/#\/schema\/logo\/image\/\",\"url\":\"https:\/\/lalecheleague.ch\/wp-content\/uploads\/Favicon_primary_transparent.png\",\"contentUrl\":\"https:\/\/lalecheleague.ch\/wp-content\/uploads\/Favicon_primary_transparent.png\",\"width\":218,\"height\":218,\"caption\":\"La Leche League Schweiz\"},\"image\":{\"@id\":\"https:\/\/lalecheleague.ch\/es\/#\/schema\/logo\/image\/\"},\"sameAs\":[\"https:\/\/www.facebook.com\/La-Leche-League-Schweiz-Suisse-Svizzera-Svizra-163191413759963\"]}]}<\/script>\n<!-- \/ Yoast SEO Premium plugin. -->","yoast_head_json":{"title":"Hacerse monitora - Asesoramiento y apoyo en lactancia \u2013 La Leche League Suiza","robots":{"index":"index","follow":"follow","max-snippet":"max-snippet:-1","max-image-preview":"max-image-preview:large","max-video-preview":"max-video-preview:-1"},"canonical":"https:\/\/lalecheleague.ch\/es\/acerca-de-nosotros\/formacion-las-monitoras\/","og_locale":"es_ES","og_type":"article","og_title":"Hacerse monitora","og_url":"https:\/\/lalecheleague.ch\/es\/acerca-de-nosotros\/formacion-las-monitoras\/","og_site_name":"Asesoramiento y apoyo en lactancia \u2013 La Leche League Suiza","article_publisher":"https:\/\/www.facebook.com\/La-Leche-League-Schweiz-Suisse-Svizzera-Svizra-163191413759963","article_modified_time":"2025-01-26T23:04:57+00:00","og_image":[{"url":"http:\/\/lalecheleague.ch\/wp-content\/uploads\/2016\/04\/Favicon_primary_transparent.png","type":"","width":"","height":""}],"twitter_card":"summary_large_image","twitter_misc":{"Tiempo de lectura":"2 minutos"},"schema":{"@context":"https:\/\/schema.org","@graph":[{"@type":"WebPage","@id":"https:\/\/lalecheleague.ch\/es\/acerca-de-nosotros\/formacion-las-monitoras\/","url":"https:\/\/lalecheleague.ch\/es\/acerca-de-nosotros\/formacion-las-monitoras\/","name":"Hacerse monitora - Asesoramiento y apoyo en lactancia \u2013 La Leche League Suiza","isPartOf":{"@id":"https:\/\/lalecheleague.ch\/es\/#website"},"datePublished":"2016-11-17T23:34:08+00:00","dateModified":"2025-01-26T23:04:57+00:00","breadcrumb":{"@id":"https:\/\/lalecheleague.ch\/es\/acerca-de-nosotros\/formacion-las-monitoras\/#breadcrumb"},"inLanguage":"es","potentialAction":[{"@type":"ReadAction","target":["https:\/\/lalecheleague.ch\/es\/acerca-de-nosotros\/formacion-las-monitoras\/"]}]},{"@type":"BreadcrumbList","@id":"https:\/\/lalecheleague.ch\/es\/acerca-de-nosotros\/formacion-las-monitoras\/#breadcrumb","itemListElement":[{"@type":"ListItem","position":1,"name":"Startseite","item":"https:\/\/lalecheleague.ch\/es\/"},{"@type":"ListItem","position":2,"name":"Acerca de nosotros","item":"https:\/\/lalecheleague.ch\/es\/acerca-de-nosotros\/"},{"@type":"ListItem","position":3,"name":"Hacerse monitora"}]},{"@type":"WebSite","@id":"https:\/\/lalecheleague.ch\/es\/#website","url":"https:\/\/lalecheleague.ch\/es\/","name":"lalecheleague.ch","description":"\u00bfPreguntas sobre la lactancia? Aqu\u00ed encontrar\u00e1s consejos, asesoramiento y apoyo.","publisher":{"@id":"https:\/\/lalecheleague.ch\/es\/#organization"},"alternateName":"stillberatung.ch","potentialAction":[{"@type":"SearchAction","target":{"@type":"EntryPoint","urlTemplate":"https:\/\/lalecheleague.ch\/es\/?s={search_term_string}"},"query-input":{"@type":"PropertyValueSpecification","valueRequired":true,"valueName":"search_term_string"}}],"inLanguage":"es"},{"@type":"Organization","@id":"https:\/\/lalecheleague.ch\/es\/#organization","name":"La Leche League Schweiz","url":"https:\/\/lalecheleague.ch\/es\/","logo":{"@type":"ImageObject","inLanguage":"es","@id":"https:\/\/lalecheleague.ch\/es\/#\/schema\/logo\/image\/","url":"https:\/\/lalecheleague.ch\/wp-content\/uploads\/Favicon_primary_transparent.png","contentUrl":"https:\/\/lalecheleague.ch\/wp-content\/uploads\/Favicon_primary_transparent.png","width":218,"height":218,"caption":"La Leche League Schweiz"},"image":{"@id":"https:\/\/lalecheleague.ch\/es\/#\/schema\/logo\/image\/"},"sameAs":["https:\/\/www.facebook.com\/La-Leche-League-Schweiz-Suisse-Svizzera-Svizra-163191413759963"]}]}},"_links":{"self":[{"href":"https:\/\/lalecheleague.ch\/es\/wp-json\/wp\/v2\/pages\/3861","targetHints":{"allow":["GET"]}}],"collection":[{"href":"https:\/\/lalecheleague.ch\/es\/wp-json\/wp\/v2\/pages"}],"about":[{"href":"https:\/\/lalecheleague.ch\/es\/wp-json\/wp\/v2\/types\/page"}],"author":[{"embeddable":true,"href":"https:\/\/lalecheleague.ch\/es\/wp-json\/wp\/v2\/users\/15"}],"replies":[{"embeddable":true,"href":"https:\/\/lalecheleague.ch\/es\/wp-json\/wp\/v2\/comments?post=3861"}],"version-history":[{"count":6,"href":"https:\/\/lalecheleague.ch\/es\/wp-json\/wp\/v2\/pages\/3861\/revisions"}],"predecessor-version":[{"id":39658,"href":"https:\/\/lalecheleague.ch\/es\/wp-json\/wp\/v2\/pages\/3861\/revisions\/39658"}],"up":[{"embeddable":true,"href":"https:\/\/lalecheleague.ch\/es\/wp-json\/wp\/v2\/pages\/1656"}],"wp:attachment":[{"href":"https:\/\/lalecheleague.ch\/es\/wp-json\/wp\/v2\/media?parent=3861"}],"curies":[{"name":"wp","href":"https:\/\/api.w.org\/{rel}","templated":true}]}}