{"id":1885,"date":"2016-09-28T14:43:34","date_gmt":"2016-09-28T12:43:34","guid":{"rendered":"http:\/\/lalecheleague.ch\/es\/ueber-uns\/links\/"},"modified":"2025-03-18T23:36:46","modified_gmt":"2025-03-18T22:36:46","slug":"links","status":"publish","type":"page","link":"https:\/\/lalecheleague.ch\/es\/acerca-de-nosotros\/links\/","title":{"rendered":"V\u00ednculos"},"content":{"rendered":"<section class=\"l-section wpb_row height_small\"><div class=\"l-section-h i-cf\"><div class=\"g-cols vc_row via_flex valign_top type_default stacking_default\"><div class=\"vc_col-sm-12 wpb_column vc_column_container\"><div class=\"vc_column-inner\"><div class=\"wpb_wrapper\"><div class=\"wpb_text_column\"><div class=\"wpb_wrapper\"><p>A continuaci\u00f3n nombramos algunos v\u00ednculos de inter\u00e9s relacionados con la actividad de La Liga de la Leche. Aclaramos que no nos hacemos responsables de los contenidos desarrollados en los siguientes enlaces, ya que nos son supervisados por nuestra organizaci\u00f3n.<\/p>\n<\/div><\/div><\/div><\/div><\/div><\/div><\/div><\/section><section class=\"l-section wpb_row height_small\"><div class=\"l-section-h i-cf\"><div class=\"g-cols vc_row via_flex valign_top type_default stacking_default\"><div class=\"vc_col-sm-12 wpb_column vc_column_container\"><div class=\"vc_column-inner\"><div class=\"wpb_wrapper\"><div class=\"w-tabs style_default switch_click accordion type_togglable has_scrolling\" style=\"--sections-title-size:inherit\"><div class=\"w-tabs-sections titles-align_none icon_chevron cpos_right\"><div class=\"w-tabs-section active\" id=\"nbb8\"><button class=\"w-tabs-section-header active\" aria-controls=\"content-nbb8\" aria-expanded=\"true\"><h3 class=\"w-tabs-section-title\">La Leche League<\/h3><div class=\"w-tabs-section-control\"><\/div><\/button><div  class=\"w-tabs-section-content\" id=\"content-nbb8\"><div class=\"w-tabs-section-content-h i-cf\"><div class=\"wpb_text_column\"><div class=\"wpb_wrapper\"><p>La Liga de la Leche est\u00e1 presente en m\u00e1s de 70 pa\u00edses. Los v\u00ednculos se pueden encontrar en la p\u00e1gina de LLL internacional<\/p>\n<\/div><\/div><div class=\"wpb_text_column\"><div class=\"wpb_wrapper\"><ul>\n<li><a href=\"https:\/\/llli.org\/\" target=\"_blank\" rel=\"noopener noreferrer\">La Leche League International<\/a><\/li>\n<li><a href=\"http:\/\/lalecheleague.eu\/\" target=\"_blank\" rel=\"noopener noreferrer\">La Leche League Europe<\/a><\/li>\n<li><a href=\"https:\/\/lalecheliga.de\/\" target=\"_blank\" rel=\"noopener noreferrer\">La Leche Liga Deutschland<\/a><\/li>\n<li><a href=\"https:\/\/lalecheliga.at\/\" target=\"_blank\" rel=\"noopener noreferrer\">La Leche Liga \u00d6sterreich<\/a><\/li>\n<li><a href=\"http:\/\/lalecheleague.fr\/\" target=\"_blank\" rel=\"noopener noreferrer\">La Leche League R\u00e9seau pour l&#8217;Allaitement<\/a><\/li>\n<li><a href=\"https:\/\/lllfrance.org\/\" target=\"_blank\" rel=\"noopener noreferrer\">La Leche League France<\/a><\/li>\n<li><a href=\"https:\/\/lllitalia.org\/\" target=\"_blank\" rel=\"noopener noreferrer\">La Leche League Italia<\/a><\/li>\n<li><a href=\"https:\/\/laleche.org.uk\/\" target=\"_blank\" rel=\"noopener noreferrer\">La Leche League GB<\/a><\/li>\n<li><a href=\"https:\/\/laligadelaleche.es\/\" target=\"_blank\" rel=\"noopener noreferrer\">La Liga de La Leche Espa\u00f1a<\/a><\/li>\n<li><a href=\"http:\/\/lllbelgique.org\/\" target=\"_blank\" rel=\"noopener noreferrer\">La Leche League Belgique (fran\u00e7ais)<\/a><\/li>\n<li><a href=\"https:\/\/lalecheleague.be\/\" target=\"_blank\" rel=\"noopener noreferrer\">La Leche League Vlaanderen (nederlandse)<\/a><\/li>\n<li><a href=\"http:\/\/www.lalecheleague.lu\/\" target=\"_blank\" rel=\"noopener noreferrer\">La Leche League Luxembourg<\/a><\/li>\n<li><a href=\"https:\/\/lalecheleague.nl\/\" target=\"_blank\" rel=\"noopener noreferrer\">La Leche League Nederland<\/a><\/li>\n<\/ul>\n<\/div><\/div><\/div><\/div><\/div><div class=\"w-tabs-section\" id=\"ee0b\"><button class=\"w-tabs-section-header\" aria-controls=\"content-ee0b\" aria-expanded=\"false\"><h3 class=\"w-tabs-section-title\">Agredecemos el apoyo de las siguientes empresas<\/h3><div class=\"w-tabs-section-control\"><\/div><\/button><div  class=\"w-tabs-section-content\" id=\"content-ee0b\"><div class=\"w-tabs-section-content-h i-cf\"><div class=\"wpb_text_column\"><div class=\"wpb_wrapper\"><ul>\n<li><a href=\"https:\/\/ardo.ch\/\" target=\"_blank\" rel=\"noopener noreferrer\">Ardo<\/a><\/li>\n<li><a href=\"https:\/\/css.ch\/\" target=\"_blank\" rel=\"noopener noreferrer\">CSS Versicherungen<\/a><\/li>\n<\/ul>\n<\/div><\/div><\/div><\/div><\/div><div class=\"w-tabs-section\" id=\"t193\"><button class=\"w-tabs-section-header\" aria-controls=\"content-t193\" aria-expanded=\"false\"><h3 class=\"w-tabs-section-title\">Otros v\u00ednculos de inter\u00e9s<\/h3><div class=\"w-tabs-section-control\"><\/div><\/button><div  class=\"w-tabs-section-content\" id=\"content-t193\"><div class=\"w-tabs-section-content-h i-cf\"><div class=\"wpb_text_column\"><div class=\"wpb_wrapper\"><ul>\n<li><a href=\"https:\/\/aha.ch\/\" target=\"_blank\" rel=\"noopener noreferrer\">Aha! Allergiezentrum Schweiz<\/a><\/li>\n<li><a href=\"https:\/\/bgb-schweiz.ch\/\" target=\"_blank\" rel=\"noopener noreferrer\">Berufsverband Dipl. Geburtsvorbereiterinnen<\/a><\/li>\n<li><a href=\"https:\/\/stillen.ch\/\" target=\"_blank\" rel=\"noopener noreferrer\">Berufsverband Schweizerischer Stillberaterinnen IBCLC<\/a><\/li>\n<li><a href=\"https:\/\/fruehgeborene.ch\/\" target=\"_blank\" rel=\"noopener noreferrer\">Elternverein K\u00e4nguru<\/a><\/li>\n<li><a href=\"https:\/\/emotionelle-erste-hilfe.org\/\" target=\"_blank\" rel=\"noopener noreferrer\">Emotionelle Erste Hilfe (EEH)<\/a><\/li>\n<li><a href=\"https:\/\/forum-geburt.ch\/\" target=\"_blank\" rel=\"noopener noreferrer\">Forum Geburt<\/a><\/li>\n<li><a href=\"https:\/\/insieme21.ch\/\" target=\"_blank\" rel=\"noopener noreferrer\">Insieme 21<\/a><\/li>\n<li><a href=\"https:\/\/www.kindundspital.ch\/\" target=\"_blank\" rel=\"noopener noreferrer\">Kind und Spital<\/a><\/li>\n<li><a href=\"https:\/\/www.krebsliga.ch\/\" target=\"_blank\" rel=\"noopener noreferrer\">Krebsliga<\/a><\/li>\n<li><a href=\"https:\/\/www.mehrlingsverein.ch\/\" target=\"_blank\" rel=\"noopener noreferrer\">Mehrlingsverein<\/a><\/li>\n<li><a href=\"https:\/\/sf-mvb.ch\" target=\"_blank\" rel=\"noopener noreferrer\">M\u00fctter- und V\u00e4terberatung<\/a><\/li>\n<li><a href=\"https:\/\/www.hebamme.ch\/\" target=\"_blank\" rel=\"noopener noreferrer\">Schweizerischer Hebammenverband<\/a><\/li>\n<li><a href=\"https:\/\/www.stillfoerderung.ch\/\" target=\"_blank\" rel=\"noopener noreferrer\">Stillf\u00f6rderung Schweiz<\/a><\/li>\n<li><a href=\"https:\/\/www.einelternfamilie.ch\/\" target=\"_blank\" rel=\"noopener noreferrer\">Schweizerischer Verband alleinerziehender M\u00fctter und V\u00e4ter<\/a><\/li>\n<li><a href=\"https:\/\/www.schweizerischerzwillingsverein.ch\/\" target=\"_blank\" rel=\"noopener noreferrer\">Schweizerischer Zwillingsverein<\/a><\/li>\n<li><a href=\"http:\/\/www.sids.ch\/\" target=\"_blank\" rel=\"noopener noreferrer\">SIDS Schweiz<\/a><\/li>\n<li><a href=\"https:\/\/www.muetterhilfe.ch\/\" target=\"_blank\" rel=\"noopener noreferrer\">Stiftung M\u00fctterhilfe<\/a><\/li>\n<li><a href=\"https:\/\/www.doula.ch\/\" target=\"_blank\" rel=\"noopener noreferrer\">Verband Doula Schweiz<\/a><\/li>\n<li><a href=\"https:\/\/www.postnatale-depression.ch\/\" target=\"_blank\" rel=\"noopener noreferrer\">Verein Postnatale Depression<\/a><\/li>\n<li><a href=\"https:\/\/www.verein-regenbogen.ch\/\" target=\"_blank\" rel=\"noopener noreferrer\">Verein Regenbogen<\/a><\/li>\n<li><a href=\"https:\/\/www.schreibabyhilfe.ch\/\" target=\"_blank\" rel=\"noopener noreferrer\">Verein Schreibabyhilfe<\/a><\/li>\n<li><a href=\"https:\/\/wochenbettbetreuung.ch\/\" target=\"_blank\" rel=\"noopener noreferrer\">Wochenbettbetreuung<\/a><\/li>\n<\/ul>\n<\/div><\/div><\/div><\/div><\/div><\/div><\/div><\/div><\/div><\/div><\/div><\/div><\/section>\n","protected":false},"excerpt":{"rendered":"A continuaci\u00f3n nombramos algunos v\u00ednculos de inter\u00e9s relacionados con la actividad de La Liga de la Leche. Aclaramos que no nos hacemos responsables de los contenidos desarrollados en los siguientes enlaces, ya que nos son supervisados por nuestra organizaci\u00f3n. La Leche LeagueLa Liga de la Leche est\u00e1 presente en m\u00e1s de 70 pa\u00edses. Los v\u00ednculos...","protected":false},"author":14,"featured_media":0,"parent":1656,"menu_order":0,"comment_status":"closed","ping_status":"closed","template":"","meta":{"_exactmetrics_skip_tracking":false,"_exactmetrics_sitenote_active":false,"_exactmetrics_sitenote_note":"","_exactmetrics_sitenote_category":0,"footnotes":""},"class_list":["post-1885","page","type-page","status-publish","hentry"],"yoast_head":"<!-- This site is optimized with the Yoast SEO Premium plugin v25.7.1 (Yoast SEO v25.7) - https:\/\/yoast.com\/wordpress\/plugins\/seo\/ -->\n<title>V\u00ednculos - Asesoramiento y apoyo en lactancia \u2013 La Leche League Suiza<\/title>\n<meta name=\"robots\" content=\"index, follow, max-snippet:-1, max-image-preview:large, max-video-preview:-1\" \/>\n<link rel=\"canonical\" href=\"https:\/\/lalecheleague.ch\/es\/acerca-de-nosotros\/links\/\" \/>\n<meta property=\"og:locale\" content=\"es_ES\" \/>\n<meta property=\"og:type\" content=\"article\" \/>\n<meta property=\"og:title\" content=\"V\u00ednculos\" \/>\n<meta property=\"og:url\" content=\"https:\/\/lalecheleague.ch\/es\/acerca-de-nosotros\/links\/\" \/>\n<meta property=\"og:site_name\" content=\"Asesoramiento y apoyo en lactancia \u2013 La Leche League Suiza\" \/>\n<meta property=\"article:publisher\" content=\"https:\/\/www.facebook.com\/La-Leche-League-Schweiz-Suisse-Svizzera-Svizra-163191413759963\" \/>\n<meta property=\"article:modified_time\" content=\"2025-03-18T22:36:46+00:00\" \/>\n<meta property=\"og:image\" content=\"http:\/\/lalecheleague.ch\/wp-content\/uploads\/2016\/04\/Favicon_primary_transparent.png\" \/>\n<meta name=\"twitter:card\" content=\"summary_large_image\" \/>\n<meta name=\"twitter:label1\" content=\"Tiempo de lectura\" \/>\n\t<meta name=\"twitter:data1\" content=\"2 minutos\" \/>\n<script type=\"application\/ld+json\" class=\"yoast-schema-graph\">{\"@context\":\"https:\/\/schema.org\",\"@graph\":[{\"@type\":\"WebPage\",\"@id\":\"https:\/\/lalecheleague.ch\/es\/acerca-de-nosotros\/links\/\",\"url\":\"https:\/\/lalecheleague.ch\/es\/acerca-de-nosotros\/links\/\",\"name\":\"V\u00ednculos - Asesoramiento y apoyo en lactancia \u2013 La Leche League Suiza\",\"isPartOf\":{\"@id\":\"https:\/\/lalecheleague.ch\/es\/#website\"},\"datePublished\":\"2016-09-28T12:43:34+00:00\",\"dateModified\":\"2025-03-18T22:36:46+00:00\",\"breadcrumb\":{\"@id\":\"https:\/\/lalecheleague.ch\/es\/acerca-de-nosotros\/links\/#breadcrumb\"},\"inLanguage\":\"es\",\"potentialAction\":[{\"@type\":\"ReadAction\",\"target\":[\"https:\/\/lalecheleague.ch\/es\/acerca-de-nosotros\/links\/\"]}]},{\"@type\":\"BreadcrumbList\",\"@id\":\"https:\/\/lalecheleague.ch\/es\/acerca-de-nosotros\/links\/#breadcrumb\",\"itemListElement\":[{\"@type\":\"ListItem\",\"position\":1,\"name\":\"Startseite\",\"item\":\"https:\/\/lalecheleague.ch\/es\/\"},{\"@type\":\"ListItem\",\"position\":2,\"name\":\"Acerca de nosotros\",\"item\":\"https:\/\/lalecheleague.ch\/es\/acerca-de-nosotros\/\"},{\"@type\":\"ListItem\",\"position\":3,\"name\":\"V\u00ednculos\"}]},{\"@type\":\"WebSite\",\"@id\":\"https:\/\/lalecheleague.ch\/es\/#website\",\"url\":\"https:\/\/lalecheleague.ch\/es\/\",\"name\":\"lalecheleague.ch\",\"description\":\"\u00bfPreguntas sobre la lactancia? Aqu\u00ed encontrar\u00e1s consejos, asesoramiento y apoyo.\",\"publisher\":{\"@id\":\"https:\/\/lalecheleague.ch\/es\/#organization\"},\"alternateName\":\"stillberatung.ch\",\"potentialAction\":[{\"@type\":\"SearchAction\",\"target\":{\"@type\":\"EntryPoint\",\"urlTemplate\":\"https:\/\/lalecheleague.ch\/es\/?s={search_term_string}\"},\"query-input\":{\"@type\":\"PropertyValueSpecification\",\"valueRequired\":true,\"valueName\":\"search_term_string\"}}],\"inLanguage\":\"es\"},{\"@type\":\"Organization\",\"@id\":\"https:\/\/lalecheleague.ch\/es\/#organization\",\"name\":\"La Leche League Schweiz\",\"url\":\"https:\/\/lalecheleague.ch\/es\/\",\"logo\":{\"@type\":\"ImageObject\",\"inLanguage\":\"es\",\"@id\":\"https:\/\/lalecheleague.ch\/es\/#\/schema\/logo\/image\/\",\"url\":\"https:\/\/lalecheleague.ch\/wp-content\/uploads\/Favicon_primary_transparent.png\",\"contentUrl\":\"https:\/\/lalecheleague.ch\/wp-content\/uploads\/Favicon_primary_transparent.png\",\"width\":218,\"height\":218,\"caption\":\"La Leche League Schweiz\"},\"image\":{\"@id\":\"https:\/\/lalecheleague.ch\/es\/#\/schema\/logo\/image\/\"},\"sameAs\":[\"https:\/\/www.facebook.com\/La-Leche-League-Schweiz-Suisse-Svizzera-Svizra-163191413759963\"]}]}<\/script>\n<!-- \/ Yoast SEO Premium plugin. -->","yoast_head_json":{"title":"V\u00ednculos - Asesoramiento y apoyo en lactancia \u2013 La Leche League Suiza","robots":{"index":"index","follow":"follow","max-snippet":"max-snippet:-1","max-image-preview":"max-image-preview:large","max-video-preview":"max-video-preview:-1"},"canonical":"https:\/\/lalecheleague.ch\/es\/acerca-de-nosotros\/links\/","og_locale":"es_ES","og_type":"article","og_title":"V\u00ednculos","og_url":"https:\/\/lalecheleague.ch\/es\/acerca-de-nosotros\/links\/","og_site_name":"Asesoramiento y apoyo en lactancia \u2013 La Leche League Suiza","article_publisher":"https:\/\/www.facebook.com\/La-Leche-League-Schweiz-Suisse-Svizzera-Svizra-163191413759963","article_modified_time":"2025-03-18T22:36:46+00:00","og_image":[{"url":"http:\/\/lalecheleague.ch\/wp-content\/uploads\/2016\/04\/Favicon_primary_transparent.png","type":"","width":"","height":""}],"twitter_card":"summary_large_image","twitter_misc":{"Tiempo de lectura":"2 minutos"},"schema":{"@context":"https:\/\/schema.org","@graph":[{"@type":"WebPage","@id":"https:\/\/lalecheleague.ch\/es\/acerca-de-nosotros\/links\/","url":"https:\/\/lalecheleague.ch\/es\/acerca-de-nosotros\/links\/","name":"V\u00ednculos - Asesoramiento y apoyo en lactancia \u2013 La Leche League Suiza","isPartOf":{"@id":"https:\/\/lalecheleague.ch\/es\/#website"},"datePublished":"2016-09-28T12:43:34+00:00","dateModified":"2025-03-18T22:36:46+00:00","breadcrumb":{"@id":"https:\/\/lalecheleague.ch\/es\/acerca-de-nosotros\/links\/#breadcrumb"},"inLanguage":"es","potentialAction":[{"@type":"ReadAction","target":["https:\/\/lalecheleague.ch\/es\/acerca-de-nosotros\/links\/"]}]},{"@type":"BreadcrumbList","@id":"https:\/\/lalecheleague.ch\/es\/acerca-de-nosotros\/links\/#breadcrumb","itemListElement":[{"@type":"ListItem","position":1,"name":"Startseite","item":"https:\/\/lalecheleague.ch\/es\/"},{"@type":"ListItem","position":2,"name":"Acerca de nosotros","item":"https:\/\/lalecheleague.ch\/es\/acerca-de-nosotros\/"},{"@type":"ListItem","position":3,"name":"V\u00ednculos"}]},{"@type":"WebSite","@id":"https:\/\/lalecheleague.ch\/es\/#website","url":"https:\/\/lalecheleague.ch\/es\/","name":"lalecheleague.ch","description":"\u00bfPreguntas sobre la lactancia? Aqu\u00ed encontrar\u00e1s consejos, asesoramiento y apoyo.","publisher":{"@id":"https:\/\/lalecheleague.ch\/es\/#organization"},"alternateName":"stillberatung.ch","potentialAction":[{"@type":"SearchAction","target":{"@type":"EntryPoint","urlTemplate":"https:\/\/lalecheleague.ch\/es\/?s={search_term_string}"},"query-input":{"@type":"PropertyValueSpecification","valueRequired":true,"valueName":"search_term_string"}}],"inLanguage":"es"},{"@type":"Organization","@id":"https:\/\/lalecheleague.ch\/es\/#organization","name":"La Leche League Schweiz","url":"https:\/\/lalecheleague.ch\/es\/","logo":{"@type":"ImageObject","inLanguage":"es","@id":"https:\/\/lalecheleague.ch\/es\/#\/schema\/logo\/image\/","url":"https:\/\/lalecheleague.ch\/wp-content\/uploads\/Favicon_primary_transparent.png","contentUrl":"https:\/\/lalecheleague.ch\/wp-content\/uploads\/Favicon_primary_transparent.png","width":218,"height":218,"caption":"La Leche League Schweiz"},"image":{"@id":"https:\/\/lalecheleague.ch\/es\/#\/schema\/logo\/image\/"},"sameAs":["https:\/\/www.facebook.com\/La-Leche-League-Schweiz-Suisse-Svizzera-Svizra-163191413759963"]}]}},"_links":{"self":[{"href":"https:\/\/lalecheleague.ch\/es\/wp-json\/wp\/v2\/pages\/1885","targetHints":{"allow":["GET"]}}],"collection":[{"href":"https:\/\/lalecheleague.ch\/es\/wp-json\/wp\/v2\/pages"}],"about":[{"href":"https:\/\/lalecheleague.ch\/es\/wp-json\/wp\/v2\/types\/page"}],"author":[{"embeddable":true,"href":"https:\/\/lalecheleague.ch\/es\/wp-json\/wp\/v2\/users\/14"}],"replies":[{"embeddable":true,"href":"https:\/\/lalecheleague.ch\/es\/wp-json\/wp\/v2\/comments?post=1885"}],"version-history":[{"count":53,"href":"https:\/\/lalecheleague.ch\/es\/wp-json\/wp\/v2\/pages\/1885\/revisions"}],"predecessor-version":[{"id":40438,"href":"https:\/\/lalecheleague.ch\/es\/wp-json\/wp\/v2\/pages\/1885\/revisions\/40438"}],"up":[{"embeddable":true,"href":"https:\/\/lalecheleague.ch\/es\/wp-json\/wp\/v2\/pages\/1656"}],"wp:attachment":[{"href":"https:\/\/lalecheleague.ch\/es\/wp-json\/wp\/v2\/media?parent=1885"}],"curies":[{"name":"wp","href":"https:\/\/api.w.org\/{rel}","templated":true}]}}