{"id":1656,"date":"2016-04-06T12:28:25","date_gmt":"2016-04-06T12:28:25","guid":{"rendered":"http:\/\/lalecheleague.ch\/es\/ueber-uns\/"},"modified":"2017-06-06T17:57:01","modified_gmt":"2017-06-06T15:57:01","slug":"acerca-de-nosotros","status":"publish","type":"page","link":"https:\/\/lalecheleague.ch\/es\/acerca-de-nosotros\/","title":{"rendered":"Acerca de nosotros"},"content":{"rendered":"<section class=\"l-section wpb_row height_small\"><div class=\"l-section-h i-cf\"><div class=\"g-cols vc_row via_flex valign_top type_default stacking_default\"><div class=\"vc_col-sm-12 wpb_column vc_column_container\"><div class=\"vc_column-inner\"><div class=\"wpb_wrapper\">[vc_custom_heading text=\u00bbLa Leche League\u00bb use_theme_fonts=\u00bbyes\u00bb]<div class=\"wpb_text_column\"><div class=\"wpb_wrapper\"><p>La Liga de la Leche es una organizaci\u00f3n no gubernamental, sin \u00e1nimo de lucro, aconfesional y apol\u00edtica. Est\u00e1 presente en Suiza desde hace m\u00e1s de 45 a\u00f1os, proporcionando informaci\u00f3n y apoyo a las madres que deseen amamantar.<\/p>\n<\/div><\/div><\/div><\/div><\/div><\/div><\/div><\/section><section class=\"l-section wpb_row height_small\"><div class=\"l-section-h i-cf\"><div class=\"g-cols vc_row via_flex valign_top type_default stacking_default\"><div class=\"vc_col-sm-12 wpb_column vc_column_container\"><div class=\"vc_column-inner\"><div class=\"wpb_wrapper\">[vc_custom_heading text=\u00bbAsesor\u00eda madre a madre\u00bb use_theme_fonts=\u00bbyes\u00bb]<div class=\"wpb_text_column\"><div class=\"wpb_wrapper\"><p>Nuestras asesoras de lactancia son voluntarias que atienden consultas telef\u00f3nicas y por correo electr\u00f3nico, adem\u00e1s de ofrecer reuniones mensuales en las que intercambiar experiencias con otras familias sobre la lactancia y crianza de los hijos.<\/p>\n<\/div><\/div><\/div><\/div><\/div><\/div><\/div><\/section><section class=\"l-section wpb_row height_small\"><div class=\"l-section-h i-cf\"><div class=\"g-cols vc_row via_flex valign_top type_default stacking_default\"><div class=\"vc_col-sm-12 wpb_column vc_column_container\"><div class=\"vc_column-inner\"><div class=\"wpb_wrapper\">[vc_custom_heading text=\u00bbAyudar a La Leche League\u00bb use_theme_fonts=\u00bbyes\u00bb]<div class=\"wpb_text_column\"><div class=\"wpb_wrapper\"><p>La Leche League se financia de el aporte anual de los socios, de las ventas de la tienda virtual y de las donaciones voluntarias.<\/p>\n<\/div><\/div><\/div><\/div><\/div><\/div><\/div><\/section>\n","protected":false},"excerpt":{"rendered":"[vc_custom_heading text=\"La Leche League\" use_theme_fonts=\"yes\"]La Liga de la Leche es una organizaci\u00f3n no gubernamental, sin \u00e1nimo de lucro, aconfesional y apol\u00edtica. Est\u00e1 presente en Suiza desde hace m\u00e1s de 45 a\u00f1os, proporcionando informaci\u00f3n y apoyo a las madres que deseen amamantar. [vc_custom_heading text=\"Asesor\u00eda madre a madre\" use_theme_fonts=\"yes\"]Nuestras asesoras de lactancia son voluntarias que atienden consultas...","protected":false},"author":15,"featured_media":0,"parent":0,"menu_order":0,"comment_status":"closed","ping_status":"closed","template":"","meta":{"_exactmetrics_skip_tracking":false,"_exactmetrics_sitenote_active":false,"_exactmetrics_sitenote_note":"","_exactmetrics_sitenote_category":0,"footnotes":""},"class_list":["post-1656","page","type-page","status-publish","hentry"],"yoast_head":"<!-- This site is optimized with the Yoast SEO Premium plugin v25.7.1 (Yoast SEO v25.7) - https:\/\/yoast.com\/wordpress\/plugins\/seo\/ -->\n<title>Acerca de nosotros - Asesoramiento y apoyo en lactancia \u2013 La Leche League Suiza<\/title>\n<meta name=\"robots\" content=\"index, follow, max-snippet:-1, max-image-preview:large, max-video-preview:-1\" \/>\n<link rel=\"canonical\" href=\"https:\/\/lalecheleague.ch\/es\/acerca-de-nosotros\/\" \/>\n<meta property=\"og:locale\" content=\"es_ES\" \/>\n<meta property=\"og:type\" content=\"article\" \/>\n<meta property=\"og:title\" content=\"Acerca de nosotros\" \/>\n<meta property=\"og:url\" content=\"https:\/\/lalecheleague.ch\/es\/acerca-de-nosotros\/\" \/>\n<meta property=\"og:site_name\" content=\"Asesoramiento y apoyo en lactancia \u2013 La Leche League Suiza\" \/>\n<meta property=\"article:publisher\" content=\"https:\/\/www.facebook.com\/La-Leche-League-Schweiz-Suisse-Svizzera-Svizra-163191413759963\" \/>\n<meta property=\"article:modified_time\" content=\"2017-06-06T15:57:01+00:00\" \/>\n<meta property=\"og:image\" content=\"http:\/\/lalecheleague.ch\/wp-content\/uploads\/2016\/04\/Favicon_primary_transparent.png\" \/>\n<meta name=\"twitter:card\" content=\"summary_large_image\" \/>\n<meta name=\"twitter:label1\" content=\"Tiempo de lectura\" \/>\n\t<meta name=\"twitter:data1\" content=\"1 minuto\" \/>\n<script type=\"application\/ld+json\" class=\"yoast-schema-graph\">{\"@context\":\"https:\/\/schema.org\",\"@graph\":[{\"@type\":\"WebPage\",\"@id\":\"https:\/\/lalecheleague.ch\/es\/acerca-de-nosotros\/\",\"url\":\"https:\/\/lalecheleague.ch\/es\/acerca-de-nosotros\/\",\"name\":\"Acerca de nosotros - Asesoramiento y apoyo en lactancia \u2013 La Leche League Suiza\",\"isPartOf\":{\"@id\":\"https:\/\/lalecheleague.ch\/es\/#website\"},\"datePublished\":\"2016-04-06T12:28:25+00:00\",\"dateModified\":\"2017-06-06T15:57:01+00:00\",\"breadcrumb\":{\"@id\":\"https:\/\/lalecheleague.ch\/es\/acerca-de-nosotros\/#breadcrumb\"},\"inLanguage\":\"es\",\"potentialAction\":[{\"@type\":\"ReadAction\",\"target\":[\"https:\/\/lalecheleague.ch\/es\/acerca-de-nosotros\/\"]}]},{\"@type\":\"BreadcrumbList\",\"@id\":\"https:\/\/lalecheleague.ch\/es\/acerca-de-nosotros\/#breadcrumb\",\"itemListElement\":[{\"@type\":\"ListItem\",\"position\":1,\"name\":\"Startseite\",\"item\":\"https:\/\/lalecheleague.ch\/es\/\"},{\"@type\":\"ListItem\",\"position\":2,\"name\":\"Acerca de nosotros\"}]},{\"@type\":\"WebSite\",\"@id\":\"https:\/\/lalecheleague.ch\/es\/#website\",\"url\":\"https:\/\/lalecheleague.ch\/es\/\",\"name\":\"lalecheleague.ch\",\"description\":\"\u00bfPreguntas sobre la lactancia? Aqu\u00ed encontrar\u00e1s consejos, asesoramiento y apoyo.\",\"publisher\":{\"@id\":\"https:\/\/lalecheleague.ch\/es\/#organization\"},\"alternateName\":\"stillberatung.ch\",\"potentialAction\":[{\"@type\":\"SearchAction\",\"target\":{\"@type\":\"EntryPoint\",\"urlTemplate\":\"https:\/\/lalecheleague.ch\/es\/?s={search_term_string}\"},\"query-input\":{\"@type\":\"PropertyValueSpecification\",\"valueRequired\":true,\"valueName\":\"search_term_string\"}}],\"inLanguage\":\"es\"},{\"@type\":\"Organization\",\"@id\":\"https:\/\/lalecheleague.ch\/es\/#organization\",\"name\":\"La Leche League Schweiz\",\"url\":\"https:\/\/lalecheleague.ch\/es\/\",\"logo\":{\"@type\":\"ImageObject\",\"inLanguage\":\"es\",\"@id\":\"https:\/\/lalecheleague.ch\/es\/#\/schema\/logo\/image\/\",\"url\":\"https:\/\/lalecheleague.ch\/wp-content\/uploads\/Favicon_primary_transparent.png\",\"contentUrl\":\"https:\/\/lalecheleague.ch\/wp-content\/uploads\/Favicon_primary_transparent.png\",\"width\":218,\"height\":218,\"caption\":\"La Leche League Schweiz\"},\"image\":{\"@id\":\"https:\/\/lalecheleague.ch\/es\/#\/schema\/logo\/image\/\"},\"sameAs\":[\"https:\/\/www.facebook.com\/La-Leche-League-Schweiz-Suisse-Svizzera-Svizra-163191413759963\"]}]}<\/script>\n<!-- \/ Yoast SEO Premium plugin. -->","yoast_head_json":{"title":"Acerca de nosotros - Asesoramiento y apoyo en lactancia \u2013 La Leche League Suiza","robots":{"index":"index","follow":"follow","max-snippet":"max-snippet:-1","max-image-preview":"max-image-preview:large","max-video-preview":"max-video-preview:-1"},"canonical":"https:\/\/lalecheleague.ch\/es\/acerca-de-nosotros\/","og_locale":"es_ES","og_type":"article","og_title":"Acerca de nosotros","og_url":"https:\/\/lalecheleague.ch\/es\/acerca-de-nosotros\/","og_site_name":"Asesoramiento y apoyo en lactancia \u2013 La Leche League Suiza","article_publisher":"https:\/\/www.facebook.com\/La-Leche-League-Schweiz-Suisse-Svizzera-Svizra-163191413759963","article_modified_time":"2017-06-06T15:57:01+00:00","og_image":[{"url":"http:\/\/lalecheleague.ch\/wp-content\/uploads\/2016\/04\/Favicon_primary_transparent.png","type":"","width":"","height":""}],"twitter_card":"summary_large_image","twitter_misc":{"Tiempo de lectura":"1 minuto"},"schema":{"@context":"https:\/\/schema.org","@graph":[{"@type":"WebPage","@id":"https:\/\/lalecheleague.ch\/es\/acerca-de-nosotros\/","url":"https:\/\/lalecheleague.ch\/es\/acerca-de-nosotros\/","name":"Acerca de nosotros - Asesoramiento y apoyo en lactancia \u2013 La Leche League Suiza","isPartOf":{"@id":"https:\/\/lalecheleague.ch\/es\/#website"},"datePublished":"2016-04-06T12:28:25+00:00","dateModified":"2017-06-06T15:57:01+00:00","breadcrumb":{"@id":"https:\/\/lalecheleague.ch\/es\/acerca-de-nosotros\/#breadcrumb"},"inLanguage":"es","potentialAction":[{"@type":"ReadAction","target":["https:\/\/lalecheleague.ch\/es\/acerca-de-nosotros\/"]}]},{"@type":"BreadcrumbList","@id":"https:\/\/lalecheleague.ch\/es\/acerca-de-nosotros\/#breadcrumb","itemListElement":[{"@type":"ListItem","position":1,"name":"Startseite","item":"https:\/\/lalecheleague.ch\/es\/"},{"@type":"ListItem","position":2,"name":"Acerca de nosotros"}]},{"@type":"WebSite","@id":"https:\/\/lalecheleague.ch\/es\/#website","url":"https:\/\/lalecheleague.ch\/es\/","name":"lalecheleague.ch","description":"\u00bfPreguntas sobre la lactancia? Aqu\u00ed encontrar\u00e1s consejos, asesoramiento y apoyo.","publisher":{"@id":"https:\/\/lalecheleague.ch\/es\/#organization"},"alternateName":"stillberatung.ch","potentialAction":[{"@type":"SearchAction","target":{"@type":"EntryPoint","urlTemplate":"https:\/\/lalecheleague.ch\/es\/?s={search_term_string}"},"query-input":{"@type":"PropertyValueSpecification","valueRequired":true,"valueName":"search_term_string"}}],"inLanguage":"es"},{"@type":"Organization","@id":"https:\/\/lalecheleague.ch\/es\/#organization","name":"La Leche League Schweiz","url":"https:\/\/lalecheleague.ch\/es\/","logo":{"@type":"ImageObject","inLanguage":"es","@id":"https:\/\/lalecheleague.ch\/es\/#\/schema\/logo\/image\/","url":"https:\/\/lalecheleague.ch\/wp-content\/uploads\/Favicon_primary_transparent.png","contentUrl":"https:\/\/lalecheleague.ch\/wp-content\/uploads\/Favicon_primary_transparent.png","width":218,"height":218,"caption":"La Leche League Schweiz"},"image":{"@id":"https:\/\/lalecheleague.ch\/es\/#\/schema\/logo\/image\/"},"sameAs":["https:\/\/www.facebook.com\/La-Leche-League-Schweiz-Suisse-Svizzera-Svizra-163191413759963"]}]}},"_links":{"self":[{"href":"https:\/\/lalecheleague.ch\/es\/wp-json\/wp\/v2\/pages\/1656","targetHints":{"allow":["GET"]}}],"collection":[{"href":"https:\/\/lalecheleague.ch\/es\/wp-json\/wp\/v2\/pages"}],"about":[{"href":"https:\/\/lalecheleague.ch\/es\/wp-json\/wp\/v2\/types\/page"}],"author":[{"embeddable":true,"href":"https:\/\/lalecheleague.ch\/es\/wp-json\/wp\/v2\/users\/15"}],"replies":[{"embeddable":true,"href":"https:\/\/lalecheleague.ch\/es\/wp-json\/wp\/v2\/comments?post=1656"}],"version-history":[{"count":4,"href":"https:\/\/lalecheleague.ch\/es\/wp-json\/wp\/v2\/pages\/1656\/revisions"}],"predecessor-version":[{"id":8492,"href":"https:\/\/lalecheleague.ch\/es\/wp-json\/wp\/v2\/pages\/1656\/revisions\/8492"}],"wp:attachment":[{"href":"https:\/\/lalecheleague.ch\/es\/wp-json\/wp\/v2\/media?parent=1656"}],"curies":[{"name":"wp","href":"https:\/\/api.w.org\/{rel}","templated":true}]}}