{"id":1455,"date":"2016-05-23T09:14:20","date_gmt":"2016-05-23T09:14:20","guid":{"rendered":"http:\/\/lalecheleague.ch\/es\/asesoramiento-del-amamantamiento\/e-mail\/"},"modified":"2025-01-27T00:04:57","modified_gmt":"2025-01-26T23:04:57","slug":"e-mail","status":"publish","type":"page","link":"https:\/\/lalecheleague.ch\/es\/asesoramiento\/e-mail\/","title":{"rendered":"E-mail"},"content":{"rendered":"<section class=\"l-section wpb_row height_auto\"><div class=\"l-section-h i-cf\"><div class=\"g-cols vc_row via_flex valign_top type_default stacking_default\"><div class=\"vc_col-sm-12 wpb_column vc_column_container\"><div class=\"vc_column-inner\"><div class=\"wpb_wrapper\"><div class=\"w-separator size_custom\" style=\"height:30px\"><\/div><\/div><\/div><\/div><\/div><\/div><\/section><section class=\"l-section wpb_row height_auto\"><div class=\"l-section-h i-cf\"><div class=\"g-cols vc_row via_flex valign_top type_default stacking_default\"><div class=\"vc_col-sm-12 wpb_column vc_column_container\"><div class=\"vc_column-inner\"><div class=\"wpb_wrapper\"><div class=\"wpb_text_column\"><div class=\"wpb_wrapper\"><p>Para asesoramiento sobre lactancia a trav\u00e9s de e-mail, por favor utiliza \u00fanicamente el siguiente formulario.<br \/>\nDescribe tu pregunta o problema en el espacio indicado \u00abSu mensaje\u00bb.<\/p>\n<p><strong>De acuerdo a tu descripci\u00f3n<\/strong>, el especialista evaluar\u00e1 su situaci\u00f3n, por lo que es importante que <strong>seas lo m\u00e1s preciso posible<\/strong>.<\/p>\n<p>Despu\u00e9s de enviar el formulario, una de nuestras asesoras de lactancia se pondr\u00e1 en contacto contigo. Si deseas una asistencia inmediata o algo puntual te preocupa, tienes la opci\u00f3n de <a href=\"https:\/\/lalecheleague.ch\/es\/asesoramiento\/telefono\/\">contactarnos por tel\u00e9fono<\/a>.<\/p>\n<\/div><\/div><div class=\"g-cols wpb_row via_flex valign_top type_default stacking_default\"><div class=\"vc_col-sm-8 wpb_column vc_column_container\"><div class=\"vc_column-inner\"><div class=\"wpb_wrapper\"><div class=\"wpb_text_column\"><div class=\"wpb_wrapper\">\n<div class=\"wpcf7 no-js\" id=\"wpcf7-f2024-o1\" lang=\"de-DE\" dir=\"ltr\" data-wpcf7-id=\"2024\">\n<div class=\"screen-reader-response\"><p role=\"status\" aria-live=\"polite\" aria-atomic=\"true\"><\/p> <ul><\/ul><\/div>\n<form action=\"\/es\/wp-json\/wp\/v2\/pages\/1455#wpcf7-f2024-o1\" method=\"post\" class=\"wpcf7-form init\" aria-label=\"Kontaktformular\" novalidate=\"novalidate\" data-status=\"init\">\n<fieldset class=\"hidden-fields-container\"><input type=\"hidden\" name=\"_wpcf7\" value=\"2024\" \/><input type=\"hidden\" name=\"_wpcf7_version\" value=\"6.1.1\" \/><input type=\"hidden\" name=\"_wpcf7_locale\" value=\"de_DE\" \/><input type=\"hidden\" name=\"_wpcf7_unit_tag\" value=\"wpcf7-f2024-o1\" \/><input type=\"hidden\" name=\"_wpcf7_container_post\" value=\"0\" \/><input type=\"hidden\" name=\"_wpcf7_posted_data_hash\" value=\"\" \/><input type=\"hidden\" name=\"_wpcf7_recaptcha_response\" value=\"\" \/>\n<\/fieldset>\n<p><label>Su nombre\n\t\t<font color=\"red\">*\n\t\t<\/font><br \/>\n<span class=\"wpcf7-form-control-wrap\" data-name=\"asker-firstname\"><input size=\"40\" maxlength=\"400\" class=\"wpcf7-form-control wpcf7-text wpcf7-validates-as-required\" aria-required=\"true\" aria-invalid=\"false\" placeholder=\"Nombre\" value=\"\" type=\"text\" name=\"asker-firstname\" \/><\/span><\/label><br \/>\n<label><span class=\"wpcf7-form-control-wrap\" data-name=\"asker-lastname\"><input size=\"40\" maxlength=\"400\" class=\"wpcf7-form-control wpcf7-text wpcf7-validates-as-required\" aria-required=\"true\" aria-invalid=\"false\" placeholder=\"Apellido\" value=\"\" type=\"text\" name=\"asker-lastname\" \/><\/span><\/label>\n<\/p>\n<p><label>Su direcci\u00f3n de correo electr\u00f3nico\n\t\t<font color=\"red\">*\n\t\t<\/font><br \/>\n<span class=\"wpcf7-form-control-wrap\" data-name=\"asker-mail\"><input size=\"40\" maxlength=\"400\" class=\"wpcf7-form-control wpcf7-email wpcf7-validates-as-required wpcf7-text wpcf7-validates-as-email\" aria-required=\"true\" aria-invalid=\"false\" placeholder=\"info@ejemplo.ch\" value=\"\" type=\"email\" name=\"asker-mail\" \/><\/span><\/label>\n<\/p>\n<p><label>Residencia<br \/>\n<span class=\"wpcf7-form-control-wrap\" data-name=\"asker-plz\"><input class=\"wpcf7-form-control wpcf7-number wpcf7-validates-as-number\" id=\"LLL_Beratung_Mail_Halbbreit\" min=\"0\" max=\"9999\" aria-invalid=\"false\" placeholder=\"8000\" value=\"\" type=\"number\" name=\"asker-plz\" \/><\/span><\/label><br \/>\n<label><span class=\"wpcf7-form-control-wrap\" data-name=\"asker-place\"><input size=\"40\" maxlength=\"400\" class=\"wpcf7-form-control wpcf7-text\" aria-invalid=\"false\" placeholder=\"Z\u00fcrich\" value=\"\" type=\"text\" name=\"asker-place\" \/><\/span><\/label>\n<\/p>\n<p><label>Su n\u00famero de tel\u00e9fono<br \/>\n<span class=\"wpcf7-form-control-wrap\" data-name=\"asker-tel\"><input size=\"40\" maxlength=\"400\" class=\"wpcf7-form-control wpcf7-tel wpcf7-text wpcf7-validates-as-tel\" aria-invalid=\"false\" placeholder=\"+41 98 765 43 21\" value=\"\" type=\"tel\" name=\"asker-tel\" \/><\/span><\/label><br \/>\n<label><br \/>\n<span class=\"wpcf7-form-control-wrap\" data-name=\"asker-LLL\"><span class=\"wpcf7-form-control wpcf7-checkbox wpcf7-exclusive-checkbox\"><span class=\"wpcf7-list-item first last\"><input type=\"checkbox\" name=\"asker-LLL\" value=\"Soy miembro de la Liga de la Leche Suiza\" \/><span class=\"wpcf7-list-item-label\">Soy miembro de la Liga de la Leche Suiza<\/span><\/span><\/span><\/span><br \/>\n<span><a target=\"_blank\" href=\"http:\/\/mitglied.lalecheleague.ch\">Me gustar\u00eda ser miembro la Liga de la Leche Suiza<\/a><\/span><br \/>\n<span><a target=\"_blank\" href=\"http:\/\/stillshop.ch\/epages\/174212.sf\/de_CH\/?ViewObjectPath=%2FShops%2F174212%2FProducts%2FME.002%2FSubProducts%2FME.002-de\">Me gustar\u00eda ser miembro de simpat\u00eda la Liga de la Leche Suiza<\/a><\/span><\/label>\n<\/p>\n<p><label>Nombre del ni\u00f1o<br \/>\n<span class=\"wpcf7-form-control-wrap\" data-name=\"asker-child-name\"><input size=\"40\" maxlength=\"400\" class=\"wpcf7-form-control wpcf7-text\" aria-invalid=\"false\" placeholder=\"Alejandro\" value=\"\" type=\"text\" name=\"asker-child-name\" \/><\/span><\/label>\n<\/p>\n<p><label>Nacimiento del Ni\u00f1o<br \/>\n<span class=\"wpcf7-form-control-wrap\" data-name=\"asker-child-date\"><input class=\"wpcf7-form-control wpcf7-date wpcf7-validates-as-date\" aria-invalid=\"false\" placeholder=\"2016-08-26\" value=\"\" type=\"date\" name=\"asker-child-date\" \/><\/span>\n\t\t<font size=1 color=\"grey\">&emsp;En el formato AAAA-MM-DD\n\t\t<\/font><\/label>\n<\/p>\n<p><label>Su mensaje<br \/>\n<span class=\"wpcf7-form-control-wrap\" data-name=\"asker-message\"><textarea cols=\"40\" rows=\"10\" maxlength=\"2000\" class=\"wpcf7-form-control wpcf7-textarea\" aria-invalid=\"false\" placeholder=\"Por favor describa su situaci\u00f3n con la mayor precisi\u00f3n posible, para que podamos hacer una buena imagen.\" name=\"asker-message\"><\/textarea><\/span><\/label>\n<\/p>\n<p><input class=\"wpcf7-form-control wpcf7-submit has-spinner\" type=\"submit\" value=\"Enviar\" \/>\n<\/p><div class=\"wpcf7-response-output\" aria-hidden=\"true\"><\/div>\n<\/form>\n<\/div>\n\n<\/div><\/div><\/div><\/div><\/div><div class=\"vc_col-sm-4 wpb_column vc_column_container\"><div class=\"vc_column-inner\"><div class=\"wpb_wrapper\"><\/div><\/div><\/div><\/div><div class=\"w-separator size_small with_line width_default thick_2 style_solid color_border align_center\"><div class=\"w-separator-h\"><\/div><\/div><div class=\"wpb_text_column\"><div class=\"wpb_wrapper\"><p>Recibir\u00e1 una respuesta de una asesora de lactancia de La Leche League disponible, basada en la experiencia y conocimiento actualizado seg\u00fan las \u00faltimas investigaciones sobre la lactancia materna.<br \/>\nSin embargo, nuestro consejo de madre a madre no deber\u00eda sustituir a un diagn\u00f3stico m\u00e9dico y\/o terapia.<br \/>\n<strong>Si tiene cualquier pregunta m\u00e9dica o emergencia contacte a un profesional sanitario (m\u00e9dico, consultora de lactancia IBCLC).<\/strong><\/p>\n<\/div><\/div><\/div><\/div><\/div><\/div><\/div><\/section><section class=\"l-section wpb_row height_small\"><div class=\"l-section-h i-cf\"><div class=\"g-cols vc_row via_flex valign_top type_default stacking_default\"><div class=\"vc_col-sm-12 wpb_column vc_column_container\"><div class=\"vc_column-inner\"><div class=\"wpb_wrapper\"><div class=\"wpb_text_column\"><div class=\"wpb_wrapper\"><p>&nbsp;<\/p>\n<\/div><\/div><\/div><\/div><\/div><\/div><\/div><\/section>\n","protected":false},"excerpt":{"rendered":"Para asesoramiento sobre lactancia a trav\u00e9s de e-mail, por favor utiliza \u00fanicamente el siguiente formulario. Describe tu pregunta o problema en el espacio indicado \u00abSu mensaje\u00bb. De acuerdo a tu descripci\u00f3n, el especialista evaluar\u00e1 su situaci\u00f3n, por lo que es importante que seas lo m\u00e1s preciso posible. Despu\u00e9s de enviar el formulario, una de nuestras...","protected":false},"author":14,"featured_media":0,"parent":1436,"menu_order":0,"comment_status":"closed","ping_status":"closed","template":"","meta":{"_exactmetrics_skip_tracking":false,"_exactmetrics_sitenote_active":false,"_exactmetrics_sitenote_note":"","_exactmetrics_sitenote_category":0,"footnotes":""},"class_list":["post-1455","page","type-page","status-publish","hentry"],"yoast_head":"<!-- This site is optimized with the Yoast SEO Premium plugin v25.7.1 (Yoast SEO v25.7) - https:\/\/yoast.com\/wordpress\/plugins\/seo\/ -->\n<title>E-mail - Asesoramiento y apoyo en lactancia \u2013 La Leche League Suiza<\/title>\n<meta name=\"robots\" content=\"index, follow, max-snippet:-1, max-image-preview:large, max-video-preview:-1\" \/>\n<link rel=\"canonical\" href=\"https:\/\/lalecheleague.ch\/es\/asesoramiento\/e-mail\/\" \/>\n<meta property=\"og:locale\" content=\"es_ES\" \/>\n<meta property=\"og:type\" content=\"article\" \/>\n<meta property=\"og:title\" content=\"E-mail\" \/>\n<meta property=\"og:url\" content=\"https:\/\/lalecheleague.ch\/es\/asesoramiento\/e-mail\/\" \/>\n<meta property=\"og:site_name\" content=\"Asesoramiento y apoyo en lactancia \u2013 La Leche League Suiza\" \/>\n<meta property=\"article:publisher\" content=\"https:\/\/www.facebook.com\/La-Leche-League-Schweiz-Suisse-Svizzera-Svizra-163191413759963\" \/>\n<meta property=\"article:modified_time\" content=\"2025-01-26T23:04:57+00:00\" \/>\n<meta property=\"og:image\" content=\"http:\/\/lalecheleague.ch\/wp-content\/uploads\/2016\/04\/Favicon_primary_transparent.png\" \/>\n<meta name=\"twitter:card\" content=\"summary_large_image\" \/>\n<meta name=\"twitter:label1\" content=\"Tiempo de lectura\" \/>\n\t<meta name=\"twitter:data1\" content=\"1 minuto\" \/>\n<script type=\"application\/ld+json\" class=\"yoast-schema-graph\">{\"@context\":\"https:\/\/schema.org\",\"@graph\":[{\"@type\":\"WebPage\",\"@id\":\"https:\/\/lalecheleague.ch\/es\/asesoramiento\/e-mail\/\",\"url\":\"https:\/\/lalecheleague.ch\/es\/asesoramiento\/e-mail\/\",\"name\":\"E-mail - Asesoramiento y apoyo en lactancia \u2013 La Leche League Suiza\",\"isPartOf\":{\"@id\":\"https:\/\/lalecheleague.ch\/es\/#website\"},\"datePublished\":\"2016-05-23T09:14:20+00:00\",\"dateModified\":\"2025-01-26T23:04:57+00:00\",\"breadcrumb\":{\"@id\":\"https:\/\/lalecheleague.ch\/es\/asesoramiento\/e-mail\/#breadcrumb\"},\"inLanguage\":\"es\",\"potentialAction\":[{\"@type\":\"ReadAction\",\"target\":[\"https:\/\/lalecheleague.ch\/es\/asesoramiento\/e-mail\/\"]}]},{\"@type\":\"BreadcrumbList\",\"@id\":\"https:\/\/lalecheleague.ch\/es\/asesoramiento\/e-mail\/#breadcrumb\",\"itemListElement\":[{\"@type\":\"ListItem\",\"position\":1,\"name\":\"Startseite\",\"item\":\"https:\/\/lalecheleague.ch\/es\/\"},{\"@type\":\"ListItem\",\"position\":2,\"name\":\"Asesor\u00eda en lactancia\",\"item\":\"https:\/\/lalecheleague.ch\/es\/asesoramiento\/\"},{\"@type\":\"ListItem\",\"position\":3,\"name\":\"E-mail\"}]},{\"@type\":\"WebSite\",\"@id\":\"https:\/\/lalecheleague.ch\/es\/#website\",\"url\":\"https:\/\/lalecheleague.ch\/es\/\",\"name\":\"lalecheleague.ch\",\"description\":\"\u00bfPreguntas sobre la lactancia? Aqu\u00ed encontrar\u00e1s consejos, asesoramiento y apoyo.\",\"publisher\":{\"@id\":\"https:\/\/lalecheleague.ch\/es\/#organization\"},\"alternateName\":\"stillberatung.ch\",\"potentialAction\":[{\"@type\":\"SearchAction\",\"target\":{\"@type\":\"EntryPoint\",\"urlTemplate\":\"https:\/\/lalecheleague.ch\/es\/?s={search_term_string}\"},\"query-input\":{\"@type\":\"PropertyValueSpecification\",\"valueRequired\":true,\"valueName\":\"search_term_string\"}}],\"inLanguage\":\"es\"},{\"@type\":\"Organization\",\"@id\":\"https:\/\/lalecheleague.ch\/es\/#organization\",\"name\":\"La Leche League Schweiz\",\"url\":\"https:\/\/lalecheleague.ch\/es\/\",\"logo\":{\"@type\":\"ImageObject\",\"inLanguage\":\"es\",\"@id\":\"https:\/\/lalecheleague.ch\/es\/#\/schema\/logo\/image\/\",\"url\":\"https:\/\/lalecheleague.ch\/wp-content\/uploads\/Favicon_primary_transparent.png\",\"contentUrl\":\"https:\/\/lalecheleague.ch\/wp-content\/uploads\/Favicon_primary_transparent.png\",\"width\":218,\"height\":218,\"caption\":\"La Leche League Schweiz\"},\"image\":{\"@id\":\"https:\/\/lalecheleague.ch\/es\/#\/schema\/logo\/image\/\"},\"sameAs\":[\"https:\/\/www.facebook.com\/La-Leche-League-Schweiz-Suisse-Svizzera-Svizra-163191413759963\"]}]}<\/script>\n<!-- \/ Yoast SEO Premium plugin. -->","yoast_head_json":{"title":"E-mail - Asesoramiento y apoyo en lactancia \u2013 La Leche League Suiza","robots":{"index":"index","follow":"follow","max-snippet":"max-snippet:-1","max-image-preview":"max-image-preview:large","max-video-preview":"max-video-preview:-1"},"canonical":"https:\/\/lalecheleague.ch\/es\/asesoramiento\/e-mail\/","og_locale":"es_ES","og_type":"article","og_title":"E-mail","og_url":"https:\/\/lalecheleague.ch\/es\/asesoramiento\/e-mail\/","og_site_name":"Asesoramiento y apoyo en lactancia \u2013 La Leche League Suiza","article_publisher":"https:\/\/www.facebook.com\/La-Leche-League-Schweiz-Suisse-Svizzera-Svizra-163191413759963","article_modified_time":"2025-01-26T23:04:57+00:00","og_image":[{"url":"http:\/\/lalecheleague.ch\/wp-content\/uploads\/2016\/04\/Favicon_primary_transparent.png","type":"","width":"","height":""}],"twitter_card":"summary_large_image","twitter_misc":{"Tiempo de lectura":"1 minuto"},"schema":{"@context":"https:\/\/schema.org","@graph":[{"@type":"WebPage","@id":"https:\/\/lalecheleague.ch\/es\/asesoramiento\/e-mail\/","url":"https:\/\/lalecheleague.ch\/es\/asesoramiento\/e-mail\/","name":"E-mail - Asesoramiento y apoyo en lactancia \u2013 La Leche League Suiza","isPartOf":{"@id":"https:\/\/lalecheleague.ch\/es\/#website"},"datePublished":"2016-05-23T09:14:20+00:00","dateModified":"2025-01-26T23:04:57+00:00","breadcrumb":{"@id":"https:\/\/lalecheleague.ch\/es\/asesoramiento\/e-mail\/#breadcrumb"},"inLanguage":"es","potentialAction":[{"@type":"ReadAction","target":["https:\/\/lalecheleague.ch\/es\/asesoramiento\/e-mail\/"]}]},{"@type":"BreadcrumbList","@id":"https:\/\/lalecheleague.ch\/es\/asesoramiento\/e-mail\/#breadcrumb","itemListElement":[{"@type":"ListItem","position":1,"name":"Startseite","item":"https:\/\/lalecheleague.ch\/es\/"},{"@type":"ListItem","position":2,"name":"Asesor\u00eda en lactancia","item":"https:\/\/lalecheleague.ch\/es\/asesoramiento\/"},{"@type":"ListItem","position":3,"name":"E-mail"}]},{"@type":"WebSite","@id":"https:\/\/lalecheleague.ch\/es\/#website","url":"https:\/\/lalecheleague.ch\/es\/","name":"lalecheleague.ch","description":"\u00bfPreguntas sobre la lactancia? Aqu\u00ed encontrar\u00e1s consejos, asesoramiento y apoyo.","publisher":{"@id":"https:\/\/lalecheleague.ch\/es\/#organization"},"alternateName":"stillberatung.ch","potentialAction":[{"@type":"SearchAction","target":{"@type":"EntryPoint","urlTemplate":"https:\/\/lalecheleague.ch\/es\/?s={search_term_string}"},"query-input":{"@type":"PropertyValueSpecification","valueRequired":true,"valueName":"search_term_string"}}],"inLanguage":"es"},{"@type":"Organization","@id":"https:\/\/lalecheleague.ch\/es\/#organization","name":"La Leche League Schweiz","url":"https:\/\/lalecheleague.ch\/es\/","logo":{"@type":"ImageObject","inLanguage":"es","@id":"https:\/\/lalecheleague.ch\/es\/#\/schema\/logo\/image\/","url":"https:\/\/lalecheleague.ch\/wp-content\/uploads\/Favicon_primary_transparent.png","contentUrl":"https:\/\/lalecheleague.ch\/wp-content\/uploads\/Favicon_primary_transparent.png","width":218,"height":218,"caption":"La Leche League Schweiz"},"image":{"@id":"https:\/\/lalecheleague.ch\/es\/#\/schema\/logo\/image\/"},"sameAs":["https:\/\/www.facebook.com\/La-Leche-League-Schweiz-Suisse-Svizzera-Svizra-163191413759963"]}]}},"_links":{"self":[{"href":"https:\/\/lalecheleague.ch\/es\/wp-json\/wp\/v2\/pages\/1455","targetHints":{"allow":["GET"]}}],"collection":[{"href":"https:\/\/lalecheleague.ch\/es\/wp-json\/wp\/v2\/pages"}],"about":[{"href":"https:\/\/lalecheleague.ch\/es\/wp-json\/wp\/v2\/types\/page"}],"author":[{"embeddable":true,"href":"https:\/\/lalecheleague.ch\/es\/wp-json\/wp\/v2\/users\/14"}],"replies":[{"embeddable":true,"href":"https:\/\/lalecheleague.ch\/es\/wp-json\/wp\/v2\/comments?post=1455"}],"version-history":[{"count":30,"href":"https:\/\/lalecheleague.ch\/es\/wp-json\/wp\/v2\/pages\/1455\/revisions"}],"predecessor-version":[{"id":39657,"href":"https:\/\/lalecheleague.ch\/es\/wp-json\/wp\/v2\/pages\/1455\/revisions\/39657"}],"up":[{"embeddable":true,"href":"https:\/\/lalecheleague.ch\/es\/wp-json\/wp\/v2\/pages\/1436"}],"wp:attachment":[{"href":"https:\/\/lalecheleague.ch\/es\/wp-json\/wp\/v2\/media?parent=1455"}],"curies":[{"name":"wp","href":"https:\/\/api.w.org\/{rel}","templated":true}]}}