{"id":1436,"date":"2016-05-04T08:03:27","date_gmt":"2016-05-04T08:03:27","guid":{"rendered":"http:\/\/lalecheleague.ch\/es\/stillberatung\/"},"modified":"2025-01-27T00:04:58","modified_gmt":"2025-01-26T23:04:58","slug":"asesoramiento","status":"publish","type":"page","link":"https:\/\/lalecheleague.ch\/es\/asesoramiento\/","title":{"rendered":"Asesor\u00eda en lactancia"},"content":{"rendered":"<section class=\"l-section wpb_row height_auto\"><div class=\"l-section-h i-cf\"><div class=\"g-cols vc_row via_flex valign_top type_default stacking_default\"><div class=\"vc_col-sm-12 wpb_column vc_column_container\"><div class=\"vc_column-inner\"><div class=\"wpb_wrapper\"><div class=\"w-separator size_custom\" style=\"height:30px\"><\/div><\/div><\/div><\/div><\/div><\/div><\/section><section class=\"l-section wpb_row height_auto\"><div class=\"l-section-h i-cf\"><div class=\"g-cols vc_row via_flex valign_top type_default stacking_default\"><div class=\"vc_col-sm-12 wpb_column vc_column_container\"><div class=\"vc_column-inner\"><div class=\"wpb_wrapper\"><div class=\"wpb_text_column\"><div class=\"wpb_wrapper\"><p>No s\u00f3lo te asesoramos en lactancia, sino tambi\u00e9n en los temas relacionados con:<\/p>\n<ul>\n<li>Embarazo<\/li>\n<li>Parto<\/li>\n<li>Alimentaci\u00f3n complementaria<\/li>\n<li>Sue\u00f1o infantil<\/li>\n<li>Porteo<\/li>\n<li>Lactancia materna y trabajo<\/li>\n<li>Destete<\/li>\n<li>&#8230;<\/li>\n<\/ul>\n<p>Nuestras consultoras de lactancia\u2013LLL est\u00e1n disponibles para orientarte sobre temas de lactancia materna y vida cotidiana con ni\u00f1os peque\u00f1os.<br \/>\nPonte en contacto con nosotras a trav\u00e9s de <a href=\"https:\/\/lalecheleague.ch\/es\/asesoramiento\/telefono\/\">tel\u00e9fono<\/a> o mediante el <a href=\"https:\/\/lalecheleague.ch\/es\/asesoramiento\/e-mail\/\">formulario de correo electr\u00f3nico<\/a> o asistiendo a una <a href=\"https:\/\/lalecheleague.ch\/es\/asesoramiento\/reuniones-del-amamantar-materna\/\">Grupo de apoyo a la lactancia materna<\/a>.<br \/>\nEl asesoramiento de la LLL es <strong>gratuito<\/strong> y <strong>no sujeto a horarios de oficina.<\/strong> <\/p>\n<\/div><\/div><div class=\"g-cols wpb_row via_flex valign_top type_default stacking_default\"><div class=\"vc_col-sm-4 wpb_column vc_column_container\"><div class=\"vc_column-inner\"><div class=\"wpb_wrapper\"><div class=\"w-flipbox animation_cardflip direction_w\"><div class=\"w-flipbox-h easing_ease\" style=\"transition-duration:0.5s;\"><div class=\"w-flipbox-hh\"><div class=\"w-flipbox-front\" style=\"background:#ffffff;\"><div class=\"w-flipbox-front-h\"><div class=\"w-flipbox-front-icon type_image\" style=\"width:170px;\"><img loading=\"lazy\" decoding=\"async\" width=\"700\" height=\"600\" src=\"https:\/\/lalecheleague.ch\/wp-content\/uploads\/Stilltreffen.png\" class=\"attachment-medium size-medium\" alt=\"\" srcset=\"https:\/\/lalecheleague.ch\/wp-content\/uploads\/Stilltreffen.png 700w, https:\/\/lalecheleague.ch\/wp-content\/uploads\/Stilltreffen-220x189.png 220w\" sizes=\"auto, (max-width: 700px) 100vw, 700px\" \/><\/div><\/div><\/div><div class=\"w-flipbox-back\" style=\"display:none;background:var(--color-header-middle-bg);\"><div class=\"w-flipbox-back-h\"><h4 class=\"w-flipbox-back-title\" style=\"font-size:25px;\">Reuniones mensuales<\/h4><\/div><\/div><\/div><\/div><a href=\"https:\/\/lalecheleague.ch\/es\/asesoramiento\/reuniones-del-amamantar-materna\/\"><\/a><\/div><\/div><\/div><\/div><div class=\"vc_col-sm-4 wpb_column vc_column_container\"><div class=\"vc_column-inner\"><div class=\"wpb_wrapper\"><div class=\"w-flipbox animation_cardflip direction_w\"><div class=\"w-flipbox-h easing_ease\" style=\"transition-duration:0.5s;\"><div class=\"w-flipbox-hh\"><div class=\"w-flipbox-front\" style=\"background:#ffffff;\"><div class=\"w-flipbox-front-h\"><div class=\"w-flipbox-front-icon type_image\" style=\"width:170px;\"><img loading=\"lazy\" decoding=\"async\" width=\"700\" height=\"600\" src=\"https:\/\/lalecheleague.ch\/wp-content\/uploads\/E-Mail-1.png\" class=\"attachment-medium size-medium\" alt=\"\" srcset=\"https:\/\/lalecheleague.ch\/wp-content\/uploads\/E-Mail-1.png 700w, https:\/\/lalecheleague.ch\/wp-content\/uploads\/E-Mail-1-220x189.png 220w\" sizes=\"auto, (max-width: 700px) 100vw, 700px\" \/><\/div><\/div><\/div><div class=\"w-flipbox-back\" style=\"display:none;background:var(--color-header-middle-bg);\"><div class=\"w-flipbox-back-h\"><h4 class=\"w-flipbox-back-title\" style=\"font-size:25px;\">Consultas por correo electr\u00f2nico<\/h4><\/div><\/div><\/div><\/div><a href=\"https:\/\/lalecheleague.ch\/es\/asesoramiento\/e-mail\/\"><\/a><\/div><\/div><\/div><\/div><div class=\"vc_col-sm-4 wpb_column vc_column_container\"><div class=\"vc_column-inner\"><div class=\"wpb_wrapper\"><div class=\"w-flipbox animation_cardflip direction_w\"><div class=\"w-flipbox-h easing_ease\" style=\"transition-duration:0.5s;\"><div class=\"w-flipbox-hh\"><div class=\"w-flipbox-front\" style=\"background:#ffffff;\"><div class=\"w-flipbox-front-h\"><div class=\"w-flipbox-front-icon type_image\" style=\"width:170px;\"><img loading=\"lazy\" decoding=\"async\" width=\"700\" height=\"600\" src=\"https:\/\/lalecheleague.ch\/wp-content\/uploads\/Telefon-1.png\" class=\"attachment-medium size-medium\" alt=\"\" srcset=\"https:\/\/lalecheleague.ch\/wp-content\/uploads\/Telefon-1.png 700w, https:\/\/lalecheleague.ch\/wp-content\/uploads\/Telefon-1-220x189.png 220w\" sizes=\"auto, (max-width: 700px) 100vw, 700px\" \/><\/div><\/div><\/div><div class=\"w-flipbox-back\" style=\"display:none;background:var(--color-header-middle-bg);\"><div class=\"w-flipbox-back-h\"><h4 class=\"w-flipbox-back-title\" style=\"font-size:25px;\">Consultas telef\u00f3nicas<\/h4><\/div><\/div><\/div><\/div><a href=\"https:\/\/lalecheleague.ch\/es\/asesoramiento\/telefono\/\"><\/a><\/div><\/div><\/div><\/div><\/div><div class=\"w-separator size_small with_line width_default thick_2 style_solid color_border align_center\"><div class=\"w-separator-h\"><\/div><\/div><div class=\"wpb_text_column\"><div class=\"wpb_wrapper\"><p>La informaci\u00f3n entregada por las consultoras de lactancia\u2013LLL, se basan en la experiencia y conocimientos actualizados sobre lactancia materna.<br \/>\nSin embargo, nuestro consejo no sustituye un diagn\u00f3stico m\u00e9dico ni terapia.<br \/>\n<strong>Si tienes cualquier pregunta m\u00e9dica y\/o emergencia, contacta a un profesional m\u00e9dico (ya sea m\u00e9dico o una consultora de lactancia IBCLC).<\/strong><\/p>\n<\/div><\/div><\/div><\/div><\/div><\/div><\/div><\/section>\n","protected":false},"excerpt":{"rendered":"No s\u00f3lo te asesoramos en lactancia, sino tambi\u00e9n en los temas relacionados con: Embarazo Parto Alimentaci\u00f3n complementaria Sue\u00f1o infantil Porteo Lactancia materna y trabajo Destete &#8230; Nuestras consultoras de lactancia\u2013LLL est\u00e1n disponibles para orientarte sobre temas de lactancia materna y vida cotidiana con ni\u00f1os peque\u00f1os. Ponte en contacto con nosotras a trav\u00e9s de tel\u00e9fono o...","protected":false},"author":15,"featured_media":0,"parent":0,"menu_order":0,"comment_status":"closed","ping_status":"closed","template":"","meta":{"_exactmetrics_skip_tracking":false,"_exactmetrics_sitenote_active":false,"_exactmetrics_sitenote_note":"","_exactmetrics_sitenote_category":0,"footnotes":""},"class_list":["post-1436","page","type-page","status-publish","hentry"],"yoast_head":"<!-- This site is optimized with the Yoast SEO Premium plugin v25.7.1 (Yoast SEO v25.7) - https:\/\/yoast.com\/wordpress\/plugins\/seo\/ -->\n<title>Asesor\u00eda en lactancia - Asesoramiento y apoyo en lactancia \u2013 La Leche League Suiza<\/title>\n<meta name=\"robots\" content=\"index, follow, max-snippet:-1, max-image-preview:large, max-video-preview:-1\" \/>\n<link rel=\"canonical\" href=\"https:\/\/lalecheleague.ch\/es\/asesoramiento\/\" \/>\n<meta property=\"og:locale\" content=\"es_ES\" \/>\n<meta property=\"og:type\" content=\"article\" \/>\n<meta property=\"og:title\" content=\"Asesor\u00eda en lactancia\" \/>\n<meta property=\"og:url\" content=\"https:\/\/lalecheleague.ch\/es\/asesoramiento\/\" \/>\n<meta property=\"og:site_name\" content=\"Asesoramiento y apoyo en lactancia \u2013 La Leche League Suiza\" \/>\n<meta property=\"article:publisher\" content=\"https:\/\/www.facebook.com\/La-Leche-League-Schweiz-Suisse-Svizzera-Svizra-163191413759963\" \/>\n<meta property=\"article:modified_time\" content=\"2025-01-26T23:04:58+00:00\" \/>\n<meta property=\"og:image\" content=\"http:\/\/lalecheleague.ch\/wp-content\/uploads\/2016\/04\/Favicon_primary_transparent.png\" \/>\n<meta name=\"twitter:card\" content=\"summary_large_image\" \/>\n<meta name=\"twitter:label1\" content=\"Tiempo de lectura\" \/>\n\t<meta name=\"twitter:data1\" content=\"2 minutos\" \/>\n<script type=\"application\/ld+json\" class=\"yoast-schema-graph\">{\"@context\":\"https:\/\/schema.org\",\"@graph\":[{\"@type\":\"WebPage\",\"@id\":\"https:\/\/lalecheleague.ch\/es\/asesoramiento\/\",\"url\":\"https:\/\/lalecheleague.ch\/es\/asesoramiento\/\",\"name\":\"Asesor\u00eda en lactancia - Asesoramiento y apoyo en lactancia \u2013 La Leche League Suiza\",\"isPartOf\":{\"@id\":\"https:\/\/lalecheleague.ch\/es\/#website\"},\"datePublished\":\"2016-05-04T08:03:27+00:00\",\"dateModified\":\"2025-01-26T23:04:58+00:00\",\"breadcrumb\":{\"@id\":\"https:\/\/lalecheleague.ch\/es\/asesoramiento\/#breadcrumb\"},\"inLanguage\":\"es\",\"potentialAction\":[{\"@type\":\"ReadAction\",\"target\":[\"https:\/\/lalecheleague.ch\/es\/asesoramiento\/\"]}]},{\"@type\":\"BreadcrumbList\",\"@id\":\"https:\/\/lalecheleague.ch\/es\/asesoramiento\/#breadcrumb\",\"itemListElement\":[{\"@type\":\"ListItem\",\"position\":1,\"name\":\"Startseite\",\"item\":\"https:\/\/lalecheleague.ch\/es\/\"},{\"@type\":\"ListItem\",\"position\":2,\"name\":\"Asesor\u00eda en lactancia\"}]},{\"@type\":\"WebSite\",\"@id\":\"https:\/\/lalecheleague.ch\/es\/#website\",\"url\":\"https:\/\/lalecheleague.ch\/es\/\",\"name\":\"lalecheleague.ch\",\"description\":\"\u00bfPreguntas sobre la lactancia? Aqu\u00ed encontrar\u00e1s consejos, asesoramiento y apoyo.\",\"publisher\":{\"@id\":\"https:\/\/lalecheleague.ch\/es\/#organization\"},\"alternateName\":\"stillberatung.ch\",\"potentialAction\":[{\"@type\":\"SearchAction\",\"target\":{\"@type\":\"EntryPoint\",\"urlTemplate\":\"https:\/\/lalecheleague.ch\/es\/?s={search_term_string}\"},\"query-input\":{\"@type\":\"PropertyValueSpecification\",\"valueRequired\":true,\"valueName\":\"search_term_string\"}}],\"inLanguage\":\"es\"},{\"@type\":\"Organization\",\"@id\":\"https:\/\/lalecheleague.ch\/es\/#organization\",\"name\":\"La Leche League Schweiz\",\"url\":\"https:\/\/lalecheleague.ch\/es\/\",\"logo\":{\"@type\":\"ImageObject\",\"inLanguage\":\"es\",\"@id\":\"https:\/\/lalecheleague.ch\/es\/#\/schema\/logo\/image\/\",\"url\":\"https:\/\/lalecheleague.ch\/wp-content\/uploads\/Favicon_primary_transparent.png\",\"contentUrl\":\"https:\/\/lalecheleague.ch\/wp-content\/uploads\/Favicon_primary_transparent.png\",\"width\":218,\"height\":218,\"caption\":\"La Leche League Schweiz\"},\"image\":{\"@id\":\"https:\/\/lalecheleague.ch\/es\/#\/schema\/logo\/image\/\"},\"sameAs\":[\"https:\/\/www.facebook.com\/La-Leche-League-Schweiz-Suisse-Svizzera-Svizra-163191413759963\"]}]}<\/script>\n<!-- \/ Yoast SEO Premium plugin. -->","yoast_head_json":{"title":"Asesor\u00eda en lactancia - Asesoramiento y apoyo en lactancia \u2013 La Leche League Suiza","robots":{"index":"index","follow":"follow","max-snippet":"max-snippet:-1","max-image-preview":"max-image-preview:large","max-video-preview":"max-video-preview:-1"},"canonical":"https:\/\/lalecheleague.ch\/es\/asesoramiento\/","og_locale":"es_ES","og_type":"article","og_title":"Asesor\u00eda en lactancia","og_url":"https:\/\/lalecheleague.ch\/es\/asesoramiento\/","og_site_name":"Asesoramiento y apoyo en lactancia \u2013 La Leche League Suiza","article_publisher":"https:\/\/www.facebook.com\/La-Leche-League-Schweiz-Suisse-Svizzera-Svizra-163191413759963","article_modified_time":"2025-01-26T23:04:58+00:00","og_image":[{"url":"http:\/\/lalecheleague.ch\/wp-content\/uploads\/2016\/04\/Favicon_primary_transparent.png","type":"","width":"","height":""}],"twitter_card":"summary_large_image","twitter_misc":{"Tiempo de lectura":"2 minutos"},"schema":{"@context":"https:\/\/schema.org","@graph":[{"@type":"WebPage","@id":"https:\/\/lalecheleague.ch\/es\/asesoramiento\/","url":"https:\/\/lalecheleague.ch\/es\/asesoramiento\/","name":"Asesor\u00eda en lactancia - Asesoramiento y apoyo en lactancia \u2013 La Leche League Suiza","isPartOf":{"@id":"https:\/\/lalecheleague.ch\/es\/#website"},"datePublished":"2016-05-04T08:03:27+00:00","dateModified":"2025-01-26T23:04:58+00:00","breadcrumb":{"@id":"https:\/\/lalecheleague.ch\/es\/asesoramiento\/#breadcrumb"},"inLanguage":"es","potentialAction":[{"@type":"ReadAction","target":["https:\/\/lalecheleague.ch\/es\/asesoramiento\/"]}]},{"@type":"BreadcrumbList","@id":"https:\/\/lalecheleague.ch\/es\/asesoramiento\/#breadcrumb","itemListElement":[{"@type":"ListItem","position":1,"name":"Startseite","item":"https:\/\/lalecheleague.ch\/es\/"},{"@type":"ListItem","position":2,"name":"Asesor\u00eda en lactancia"}]},{"@type":"WebSite","@id":"https:\/\/lalecheleague.ch\/es\/#website","url":"https:\/\/lalecheleague.ch\/es\/","name":"lalecheleague.ch","description":"\u00bfPreguntas sobre la lactancia? Aqu\u00ed encontrar\u00e1s consejos, asesoramiento y apoyo.","publisher":{"@id":"https:\/\/lalecheleague.ch\/es\/#organization"},"alternateName":"stillberatung.ch","potentialAction":[{"@type":"SearchAction","target":{"@type":"EntryPoint","urlTemplate":"https:\/\/lalecheleague.ch\/es\/?s={search_term_string}"},"query-input":{"@type":"PropertyValueSpecification","valueRequired":true,"valueName":"search_term_string"}}],"inLanguage":"es"},{"@type":"Organization","@id":"https:\/\/lalecheleague.ch\/es\/#organization","name":"La Leche League Schweiz","url":"https:\/\/lalecheleague.ch\/es\/","logo":{"@type":"ImageObject","inLanguage":"es","@id":"https:\/\/lalecheleague.ch\/es\/#\/schema\/logo\/image\/","url":"https:\/\/lalecheleague.ch\/wp-content\/uploads\/Favicon_primary_transparent.png","contentUrl":"https:\/\/lalecheleague.ch\/wp-content\/uploads\/Favicon_primary_transparent.png","width":218,"height":218,"caption":"La Leche League Schweiz"},"image":{"@id":"https:\/\/lalecheleague.ch\/es\/#\/schema\/logo\/image\/"},"sameAs":["https:\/\/www.facebook.com\/La-Leche-League-Schweiz-Suisse-Svizzera-Svizra-163191413759963"]}]}},"_links":{"self":[{"href":"https:\/\/lalecheleague.ch\/es\/wp-json\/wp\/v2\/pages\/1436","targetHints":{"allow":["GET"]}}],"collection":[{"href":"https:\/\/lalecheleague.ch\/es\/wp-json\/wp\/v2\/pages"}],"about":[{"href":"https:\/\/lalecheleague.ch\/es\/wp-json\/wp\/v2\/types\/page"}],"author":[{"embeddable":true,"href":"https:\/\/lalecheleague.ch\/es\/wp-json\/wp\/v2\/users\/15"}],"replies":[{"embeddable":true,"href":"https:\/\/lalecheleague.ch\/es\/wp-json\/wp\/v2\/comments?post=1436"}],"version-history":[{"count":25,"href":"https:\/\/lalecheleague.ch\/es\/wp-json\/wp\/v2\/pages\/1436\/revisions"}],"predecessor-version":[{"id":39660,"href":"https:\/\/lalecheleague.ch\/es\/wp-json\/wp\/v2\/pages\/1436\/revisions\/39660"}],"wp:attachment":[{"href":"https:\/\/lalecheleague.ch\/es\/wp-json\/wp\/v2\/media?parent=1436"}],"curies":[{"name":"wp","href":"https:\/\/api.w.org\/{rel}","templated":true}]}}