{"id":1163,"date":"2016-09-18T10:32:58","date_gmt":"2016-09-18T10:32:58","guid":{"rendered":"http:\/\/lalecheleague.ch\/es\/?page_id=1163"},"modified":"2022-03-14T22:33:13","modified_gmt":"2022-03-14T21:33:13","slug":"reuniones-del-amamantar-materna","status":"publish","type":"page","link":"https:\/\/lalecheleague.ch\/es\/reuniones-del-amamantar-materna\/","title":{"rendered":"Grupos de apoyo"},"content":{"rendered":"<p>Las reuniones de lactancia son una excelente oportunidad de intercambiar experiencias y conocimientos sobre lactancia y todo lo que rodea a la crianza. En el grupo en espa\u00f1ol de Z\u00fcrich nos reunimos dos veces al mes; el primer martes y el tercer s\u00e1bado de cada mes. En Basel, las reuniones son el \u00faltimo viernes de cada mes. Para informaci\u00f3n detallada puedes consultar la lista de reuniones a continuaci\u00f3n.<\/p>\n<ul>\n<li>Los padres son tambi\u00e9n bienvenidos: ellos tienen sus propias preguntas y problemas, adem\u00e1s contribuyen con otros participantes dando consejos y sugerencias. Observar otras maneras de criar puede ser de mucha utilidad.<\/li>\n<li>Los temas a tratar son principalmente aspectos pr\u00e1cticos, f\u00edsicos y psicol\u00f3gicos de la lactancia.<\/li>\n<li>Las asesoras son madres con experiencia propia en lactancia materna, que han completado la formaci\u00f3n internacional de consultora\u2013LLL y siguen form\u00e1ndose con el objetivo de poder ofrecer informaci\u00f3n lo m\u00e1s actualizada posible.<\/li>\n<li>Los grupos de lactancia pueden ser adem\u00e1s, el punto de partida de amistades en nuestro propio idioma.<\/li>\n<\/ul>\n<p>CONTENTS<\/p>\n","protected":false},"excerpt":{"rendered":"<p>Las reuniones de lactancia son una excelente oportunidad de intercambiar experiencias y conocimientos sobre lactancia y todo lo que rodea a la crianza. En el grupo en espa\u00f1ol de Z\u00fcrich nos reunimos dos veces al mes; el primer martes y el tercer s\u00e1bado de cada mes. En Basel, las reuniones son el \u00faltimo viernes de&#8230;<\/p>\n","protected":false},"author":14,"featured_media":0,"parent":0,"menu_order":0,"comment_status":"closed","ping_status":"closed","template":"","meta":{"_exactmetrics_skip_tracking":false,"_exactmetrics_sitenote_active":false,"_exactmetrics_sitenote_note":"","_exactmetrics_sitenote_category":0,"footnotes":""},"class_list":["post-1163","page","type-page","status-publish","hentry"],"yoast_head":"<!-- This site is optimized with the Yoast SEO Premium plugin v25.7.1 (Yoast SEO v25.7) - https:\/\/yoast.com\/wordpress\/plugins\/seo\/ -->\n<title>Grupos de apoyo - Asesoramiento y apoyo en lactancia \u2013 La Leche League Suiza<\/title>\n<meta name=\"robots\" content=\"index, follow, max-snippet:-1, max-image-preview:large, max-video-preview:-1\" \/>\n<link rel=\"canonical\" href=\"https:\/\/lalecheleague.ch\/es\/reuniones-del-amamantar-materna\/\" \/>\n<meta property=\"og:locale\" content=\"es_ES\" \/>\n<meta property=\"og:type\" content=\"article\" \/>\n<meta property=\"og:title\" content=\"Grupos de apoyo\" \/>\n<meta property=\"og:description\" content=\"Las reuniones de lactancia son una excelente oportunidad de intercambiar experiencias y conocimientos sobre lactancia y todo lo que rodea a la crianza. En el grupo en espa\u00f1ol de Z\u00fcrich nos reunimos dos veces al mes; el primer martes y el tercer s\u00e1bado de cada mes. En Basel, las reuniones son el \u00faltimo viernes de...\" \/>\n<meta property=\"og:url\" content=\"https:\/\/lalecheleague.ch\/es\/reuniones-del-amamantar-materna\/\" \/>\n<meta property=\"og:site_name\" content=\"Asesoramiento y apoyo en lactancia \u2013 La Leche League Suiza\" \/>\n<meta property=\"article:publisher\" content=\"https:\/\/www.facebook.com\/La-Leche-League-Schweiz-Suisse-Svizzera-Svizra-163191413759963\" \/>\n<meta property=\"article:modified_time\" content=\"2022-03-14T21:33:13+00:00\" \/>\n<meta property=\"og:image\" content=\"http:\/\/lalecheleague.ch\/wp-content\/uploads\/2016\/04\/Favicon_primary_transparent.png\" \/>\n<meta name=\"twitter:card\" content=\"summary_large_image\" \/>\n<meta name=\"twitter:label1\" content=\"Tiempo de lectura\" \/>\n\t<meta name=\"twitter:data1\" content=\"1 minuto\" \/>\n<script type=\"application\/ld+json\" class=\"yoast-schema-graph\">{\"@context\":\"https:\/\/schema.org\",\"@graph\":[{\"@type\":\"WebPage\",\"@id\":\"https:\/\/lalecheleague.ch\/es\/reuniones-del-amamantar-materna\/\",\"url\":\"https:\/\/lalecheleague.ch\/es\/reuniones-del-amamantar-materna\/\",\"name\":\"Grupos de apoyo - Asesoramiento y apoyo en lactancia \u2013 La Leche League Suiza\",\"isPartOf\":{\"@id\":\"https:\/\/lalecheleague.ch\/es\/#website\"},\"datePublished\":\"2016-09-18T10:32:58+00:00\",\"dateModified\":\"2022-03-14T21:33:13+00:00\",\"breadcrumb\":{\"@id\":\"https:\/\/lalecheleague.ch\/es\/reuniones-del-amamantar-materna\/#breadcrumb\"},\"inLanguage\":\"es\",\"potentialAction\":[{\"@type\":\"ReadAction\",\"target\":[\"https:\/\/lalecheleague.ch\/es\/reuniones-del-amamantar-materna\/\"]}]},{\"@type\":\"BreadcrumbList\",\"@id\":\"https:\/\/lalecheleague.ch\/es\/reuniones-del-amamantar-materna\/#breadcrumb\",\"itemListElement\":[{\"@type\":\"ListItem\",\"position\":1,\"name\":\"Startseite\",\"item\":\"https:\/\/lalecheleague.ch\/es\/\"},{\"@type\":\"ListItem\",\"position\":2,\"name\":\"Grupos de apoyo\"}]},{\"@type\":\"WebSite\",\"@id\":\"https:\/\/lalecheleague.ch\/es\/#website\",\"url\":\"https:\/\/lalecheleague.ch\/es\/\",\"name\":\"lalecheleague.ch\",\"description\":\"\u00bfPreguntas sobre la lactancia? Aqu\u00ed encontrar\u00e1s consejos, asesoramiento y apoyo.\",\"publisher\":{\"@id\":\"https:\/\/lalecheleague.ch\/es\/#organization\"},\"alternateName\":\"stillberatung.ch\",\"potentialAction\":[{\"@type\":\"SearchAction\",\"target\":{\"@type\":\"EntryPoint\",\"urlTemplate\":\"https:\/\/lalecheleague.ch\/es\/?s={search_term_string}\"},\"query-input\":{\"@type\":\"PropertyValueSpecification\",\"valueRequired\":true,\"valueName\":\"search_term_string\"}}],\"inLanguage\":\"es\"},{\"@type\":\"Organization\",\"@id\":\"https:\/\/lalecheleague.ch\/es\/#organization\",\"name\":\"La Leche League Schweiz\",\"url\":\"https:\/\/lalecheleague.ch\/es\/\",\"logo\":{\"@type\":\"ImageObject\",\"inLanguage\":\"es\",\"@id\":\"https:\/\/lalecheleague.ch\/es\/#\/schema\/logo\/image\/\",\"url\":\"https:\/\/lalecheleague.ch\/wp-content\/uploads\/Favicon_primary_transparent.png\",\"contentUrl\":\"https:\/\/lalecheleague.ch\/wp-content\/uploads\/Favicon_primary_transparent.png\",\"width\":218,\"height\":218,\"caption\":\"La Leche League Schweiz\"},\"image\":{\"@id\":\"https:\/\/lalecheleague.ch\/es\/#\/schema\/logo\/image\/\"},\"sameAs\":[\"https:\/\/www.facebook.com\/La-Leche-League-Schweiz-Suisse-Svizzera-Svizra-163191413759963\"]}]}<\/script>\n<!-- \/ Yoast SEO Premium plugin. -->","yoast_head_json":{"title":"Grupos de apoyo - Asesoramiento y apoyo en lactancia \u2013 La Leche League Suiza","robots":{"index":"index","follow":"follow","max-snippet":"max-snippet:-1","max-image-preview":"max-image-preview:large","max-video-preview":"max-video-preview:-1"},"canonical":"https:\/\/lalecheleague.ch\/es\/reuniones-del-amamantar-materna\/","og_locale":"es_ES","og_type":"article","og_title":"Grupos de apoyo","og_description":"Las reuniones de lactancia son una excelente oportunidad de intercambiar experiencias y conocimientos sobre lactancia y todo lo que rodea a la crianza. En el grupo en espa\u00f1ol de Z\u00fcrich nos reunimos dos veces al mes; el primer martes y el tercer s\u00e1bado de cada mes. En Basel, las reuniones son el \u00faltimo viernes de...","og_url":"https:\/\/lalecheleague.ch\/es\/reuniones-del-amamantar-materna\/","og_site_name":"Asesoramiento y apoyo en lactancia \u2013 La Leche League Suiza","article_publisher":"https:\/\/www.facebook.com\/La-Leche-League-Schweiz-Suisse-Svizzera-Svizra-163191413759963","article_modified_time":"2022-03-14T21:33:13+00:00","og_image":[{"url":"http:\/\/lalecheleague.ch\/wp-content\/uploads\/2016\/04\/Favicon_primary_transparent.png","type":"","width":"","height":""}],"twitter_card":"summary_large_image","twitter_misc":{"Tiempo de lectura":"1 minuto"},"schema":{"@context":"https:\/\/schema.org","@graph":[{"@type":"WebPage","@id":"https:\/\/lalecheleague.ch\/es\/reuniones-del-amamantar-materna\/","url":"https:\/\/lalecheleague.ch\/es\/reuniones-del-amamantar-materna\/","name":"Grupos de apoyo - Asesoramiento y apoyo en lactancia \u2013 La Leche League Suiza","isPartOf":{"@id":"https:\/\/lalecheleague.ch\/es\/#website"},"datePublished":"2016-09-18T10:32:58+00:00","dateModified":"2022-03-14T21:33:13+00:00","breadcrumb":{"@id":"https:\/\/lalecheleague.ch\/es\/reuniones-del-amamantar-materna\/#breadcrumb"},"inLanguage":"es","potentialAction":[{"@type":"ReadAction","target":["https:\/\/lalecheleague.ch\/es\/reuniones-del-amamantar-materna\/"]}]},{"@type":"BreadcrumbList","@id":"https:\/\/lalecheleague.ch\/es\/reuniones-del-amamantar-materna\/#breadcrumb","itemListElement":[{"@type":"ListItem","position":1,"name":"Startseite","item":"https:\/\/lalecheleague.ch\/es\/"},{"@type":"ListItem","position":2,"name":"Grupos de apoyo"}]},{"@type":"WebSite","@id":"https:\/\/lalecheleague.ch\/es\/#website","url":"https:\/\/lalecheleague.ch\/es\/","name":"lalecheleague.ch","description":"\u00bfPreguntas sobre la lactancia? Aqu\u00ed encontrar\u00e1s consejos, asesoramiento y apoyo.","publisher":{"@id":"https:\/\/lalecheleague.ch\/es\/#organization"},"alternateName":"stillberatung.ch","potentialAction":[{"@type":"SearchAction","target":{"@type":"EntryPoint","urlTemplate":"https:\/\/lalecheleague.ch\/es\/?s={search_term_string}"},"query-input":{"@type":"PropertyValueSpecification","valueRequired":true,"valueName":"search_term_string"}}],"inLanguage":"es"},{"@type":"Organization","@id":"https:\/\/lalecheleague.ch\/es\/#organization","name":"La Leche League Schweiz","url":"https:\/\/lalecheleague.ch\/es\/","logo":{"@type":"ImageObject","inLanguage":"es","@id":"https:\/\/lalecheleague.ch\/es\/#\/schema\/logo\/image\/","url":"https:\/\/lalecheleague.ch\/wp-content\/uploads\/Favicon_primary_transparent.png","contentUrl":"https:\/\/lalecheleague.ch\/wp-content\/uploads\/Favicon_primary_transparent.png","width":218,"height":218,"caption":"La Leche League Schweiz"},"image":{"@id":"https:\/\/lalecheleague.ch\/es\/#\/schema\/logo\/image\/"},"sameAs":["https:\/\/www.facebook.com\/La-Leche-League-Schweiz-Suisse-Svizzera-Svizra-163191413759963"]}]}},"_links":{"self":[{"href":"https:\/\/lalecheleague.ch\/es\/wp-json\/wp\/v2\/pages\/1163","targetHints":{"allow":["GET"]}}],"collection":[{"href":"https:\/\/lalecheleague.ch\/es\/wp-json\/wp\/v2\/pages"}],"about":[{"href":"https:\/\/lalecheleague.ch\/es\/wp-json\/wp\/v2\/types\/page"}],"author":[{"embeddable":true,"href":"https:\/\/lalecheleague.ch\/es\/wp-json\/wp\/v2\/users\/14"}],"replies":[{"embeddable":true,"href":"https:\/\/lalecheleague.ch\/es\/wp-json\/wp\/v2\/comments?post=1163"}],"version-history":[{"count":10,"href":"https:\/\/lalecheleague.ch\/es\/wp-json\/wp\/v2\/pages\/1163\/revisions"}],"predecessor-version":[{"id":29719,"href":"https:\/\/lalecheleague.ch\/es\/wp-json\/wp\/v2\/pages\/1163\/revisions\/29719"}],"wp:attachment":[{"href":"https:\/\/lalecheleague.ch\/es\/wp-json\/wp\/v2\/media?parent=1163"}],"curies":[{"name":"wp","href":"https:\/\/api.w.org\/{rel}","templated":true}]}}