{"id":3942,"date":"2016-12-01T00:21:13","date_gmt":"2016-11-30T23:21:13","guid":{"rendered":"http:\/\/lalecheleague.ch\/events\/hft\/"},"modified":"2025-09-01T17:46:59","modified_gmt":"2025-09-01T15:46:59","slug":"hft","status":"publish","type":"page","link":"https:\/\/lalecheleague.ch\/en\/about-us\/hft\/","title":{"rendered":"Herbstfachtagung"},"content":{"rendered":"<section class=\"l-section wpb_row height_small\"><div class=\"l-section-h i-cf\"><div class=\"g-cols vc_row via_flex valign_top type_default stacking_default\"><div class=\"vc_col-sm-12 wpb_column vc_column_container\"><div class=\"vc_column-inner\"><div class=\"wpb_wrapper\"><div class=\"wpb_text_column\"><div class=\"wpb_wrapper\"><p>Die \u00f6ffentliche Herbstfachtagung der La Leche League Schweiz HFT ist eine renommierte Weiterbildungsm\u00f6glichkeit f\u00fcr Stillberaterinnen, medizinische Fachpersonen, Eltern und Betreuungspersonen. Sie berechtigt zum Bezug von CERP&#8217;s und elog Punkte. Die Referate werden simultan auf Franz\u00f6sisch und italienisch \u00fcbersetzt.<\/p>\n<p>Die n\u00e4chste und 23. \u00f6ffentliche Herbstfachtagung findet am <strong>8. November 2025 <\/strong>statt.<\/p>\n<p><a href=\"https:\/\/stillshop.ch\/hft\" target=\"_blank\" rel=\"noopener\">Ticket<\/a><\/p>\n<p><a href=\"https:\/\/lalecheleague.ch\/wp-content\/uploads\/Einladung-und-Programm-HFT-2025.pdf\" target=\"_blank\" rel=\"noopener\">Programm<\/a><\/p>\n<\/div><\/div><div class=\"w-image align_none\"><div class=\"w-image-h\"><img decoding=\"async\" width=\"741\" height=\"747\" src=\"https:\/\/lalecheleague.ch\/wp-content\/uploads\/2025_HFT-1.png\" class=\"attachment-large size-large\" alt=\"\" loading=\"lazy\" srcset=\"https:\/\/lalecheleague.ch\/wp-content\/uploads\/2025_HFT-1.png 741w, https:\/\/lalecheleague.ch\/wp-content\/uploads\/2025_HFT-1-218x220.png 218w\" sizes=\"auto, (max-width: 741px) 100vw, 741px\" \/><\/div><\/div><\/div><\/div><\/div><\/div><\/div><\/section>\n","protected":false},"excerpt":{"rendered":"Die \u00f6ffentliche Herbstfachtagung der La Leche League Schweiz HFT ist eine renommierte Weiterbildungsm\u00f6glichkeit f\u00fcr Stillberaterinnen, medizinische Fachpersonen, Eltern und Betreuungspersonen. Sie berechtigt zum Bezug von CERP&#8217;s und elog Punkte. Die Referate werden simultan auf Franz\u00f6sisch und italienisch \u00fcbersetzt. Die n\u00e4chste und 23. \u00f6ffentliche Herbstfachtagung findet am 8. November 2025 statt. Ticket Programm","protected":false},"author":15,"featured_media":0,"parent":1653,"menu_order":0,"comment_status":"closed","ping_status":"closed","template":"","meta":{"_exactmetrics_skip_tracking":false,"_exactmetrics_sitenote_active":false,"_exactmetrics_sitenote_note":"","_exactmetrics_sitenote_category":0,"footnotes":""},"class_list":["post-3942","page","type-page","status-publish","hentry"],"yoast_head":"<!-- This site is optimized with the Yoast SEO Premium plugin v25.7.1 (Yoast SEO v25.7) - https:\/\/yoast.com\/wordpress\/plugins\/seo\/ -->\n<title>Herbstfachtagung - Breastfeeding Support and Guidance \u2013 La Leche League Switzerlandweiz<\/title>\n<meta name=\"robots\" content=\"index, follow, max-snippet:-1, max-image-preview:large, max-video-preview:-1\" \/>\n<link rel=\"canonical\" href=\"https:\/\/lalecheleague.ch\/en\/about-us\/hft\/\" \/>\n<meta property=\"og:locale\" content=\"en_US\" \/>\n<meta property=\"og:type\" content=\"article\" \/>\n<meta property=\"og:title\" content=\"Herbstfachtagung\" \/>\n<meta property=\"og:url\" content=\"https:\/\/lalecheleague.ch\/en\/about-us\/hft\/\" \/>\n<meta property=\"og:site_name\" content=\"Breastfeeding Support and Guidance \u2013 La Leche League Switzerlandweiz\" \/>\n<meta property=\"article:publisher\" content=\"https:\/\/www.facebook.com\/La-Leche-League-Schweiz-Suisse-Svizzera-Svizra-163191413759963\" \/>\n<meta property=\"article:modified_time\" content=\"2025-09-01T15:46:59+00:00\" \/>\n<meta property=\"og:image\" content=\"http:\/\/lalecheleague.ch\/wp-content\/uploads\/2016\/04\/Favicon_primary_transparent.png\" \/>\n<meta name=\"twitter:card\" content=\"summary_large_image\" \/>\n<meta name=\"twitter:label1\" content=\"Est. reading time\" \/>\n\t<meta name=\"twitter:data1\" content=\"1 minute\" \/>\n<script type=\"application\/ld+json\" class=\"yoast-schema-graph\">{\"@context\":\"https:\/\/schema.org\",\"@graph\":[{\"@type\":\"WebPage\",\"@id\":\"https:\/\/lalecheleague.ch\/en\/about-us\/hft\/\",\"url\":\"https:\/\/lalecheleague.ch\/en\/about-us\/hft\/\",\"name\":\"Herbstfachtagung - Breastfeeding Support and Guidance \u2013 La Leche League Switzerlandweiz\",\"isPartOf\":{\"@id\":\"https:\/\/lalecheleague.ch\/en\/#website\"},\"datePublished\":\"2016-11-30T23:21:13+00:00\",\"dateModified\":\"2025-09-01T15:46:59+00:00\",\"breadcrumb\":{\"@id\":\"https:\/\/lalecheleague.ch\/en\/about-us\/hft\/#breadcrumb\"},\"inLanguage\":\"en-US\",\"potentialAction\":[{\"@type\":\"ReadAction\",\"target\":[\"https:\/\/lalecheleague.ch\/en\/about-us\/hft\/\"]}]},{\"@type\":\"BreadcrumbList\",\"@id\":\"https:\/\/lalecheleague.ch\/en\/about-us\/hft\/#breadcrumb\",\"itemListElement\":[{\"@type\":\"ListItem\",\"position\":1,\"name\":\"Startseite\",\"item\":\"https:\/\/lalecheleague.ch\/en\/\"},{\"@type\":\"ListItem\",\"position\":2,\"name\":\"About us\",\"item\":\"https:\/\/lalecheleague.ch\/en\/about-us\/\"},{\"@type\":\"ListItem\",\"position\":3,\"name\":\"Herbstfachtagung\"}]},{\"@type\":\"WebSite\",\"@id\":\"https:\/\/lalecheleague.ch\/en\/#website\",\"url\":\"https:\/\/lalecheleague.ch\/en\/\",\"name\":\"lalecheleague.ch\",\"description\":\"Questions about breastfeeding? Here you\u2019ll find tips, guidance, and support.\",\"publisher\":{\"@id\":\"https:\/\/lalecheleague.ch\/en\/#organization\"},\"alternateName\":\"stillberatung.ch\",\"potentialAction\":[{\"@type\":\"SearchAction\",\"target\":{\"@type\":\"EntryPoint\",\"urlTemplate\":\"https:\/\/lalecheleague.ch\/en\/?s={search_term_string}\"},\"query-input\":{\"@type\":\"PropertyValueSpecification\",\"valueRequired\":true,\"valueName\":\"search_term_string\"}}],\"inLanguage\":\"en-US\"},{\"@type\":\"Organization\",\"@id\":\"https:\/\/lalecheleague.ch\/en\/#organization\",\"name\":\"La Leche League Schweiz\",\"url\":\"https:\/\/lalecheleague.ch\/en\/\",\"logo\":{\"@type\":\"ImageObject\",\"inLanguage\":\"en-US\",\"@id\":\"https:\/\/lalecheleague.ch\/en\/#\/schema\/logo\/image\/\",\"url\":\"https:\/\/lalecheleague.ch\/wp-content\/uploads\/Favicon_primary_transparent.png\",\"contentUrl\":\"https:\/\/lalecheleague.ch\/wp-content\/uploads\/Favicon_primary_transparent.png\",\"width\":218,\"height\":218,\"caption\":\"La Leche League Schweiz\"},\"image\":{\"@id\":\"https:\/\/lalecheleague.ch\/en\/#\/schema\/logo\/image\/\"},\"sameAs\":[\"https:\/\/www.facebook.com\/La-Leche-League-Schweiz-Suisse-Svizzera-Svizra-163191413759963\"]}]}<\/script>\n<!-- \/ Yoast SEO Premium plugin. -->","yoast_head_json":{"title":"Herbstfachtagung - Breastfeeding Support and Guidance \u2013 La Leche League Switzerlandweiz","robots":{"index":"index","follow":"follow","max-snippet":"max-snippet:-1","max-image-preview":"max-image-preview:large","max-video-preview":"max-video-preview:-1"},"canonical":"https:\/\/lalecheleague.ch\/en\/about-us\/hft\/","og_locale":"en_US","og_type":"article","og_title":"Herbstfachtagung","og_url":"https:\/\/lalecheleague.ch\/en\/about-us\/hft\/","og_site_name":"Breastfeeding Support and Guidance \u2013 La Leche League Switzerlandweiz","article_publisher":"https:\/\/www.facebook.com\/La-Leche-League-Schweiz-Suisse-Svizzera-Svizra-163191413759963","article_modified_time":"2025-09-01T15:46:59+00:00","og_image":[{"url":"http:\/\/lalecheleague.ch\/wp-content\/uploads\/2016\/04\/Favicon_primary_transparent.png","type":"","width":"","height":""}],"twitter_card":"summary_large_image","twitter_misc":{"Est. reading time":"1 minute"},"schema":{"@context":"https:\/\/schema.org","@graph":[{"@type":"WebPage","@id":"https:\/\/lalecheleague.ch\/en\/about-us\/hft\/","url":"https:\/\/lalecheleague.ch\/en\/about-us\/hft\/","name":"Herbstfachtagung - Breastfeeding Support and Guidance \u2013 La Leche League Switzerlandweiz","isPartOf":{"@id":"https:\/\/lalecheleague.ch\/en\/#website"},"datePublished":"2016-11-30T23:21:13+00:00","dateModified":"2025-09-01T15:46:59+00:00","breadcrumb":{"@id":"https:\/\/lalecheleague.ch\/en\/about-us\/hft\/#breadcrumb"},"inLanguage":"en-US","potentialAction":[{"@type":"ReadAction","target":["https:\/\/lalecheleague.ch\/en\/about-us\/hft\/"]}]},{"@type":"BreadcrumbList","@id":"https:\/\/lalecheleague.ch\/en\/about-us\/hft\/#breadcrumb","itemListElement":[{"@type":"ListItem","position":1,"name":"Startseite","item":"https:\/\/lalecheleague.ch\/en\/"},{"@type":"ListItem","position":2,"name":"About us","item":"https:\/\/lalecheleague.ch\/en\/about-us\/"},{"@type":"ListItem","position":3,"name":"Herbstfachtagung"}]},{"@type":"WebSite","@id":"https:\/\/lalecheleague.ch\/en\/#website","url":"https:\/\/lalecheleague.ch\/en\/","name":"lalecheleague.ch","description":"Questions about breastfeeding? Here you\u2019ll find tips, guidance, and support.","publisher":{"@id":"https:\/\/lalecheleague.ch\/en\/#organization"},"alternateName":"stillberatung.ch","potentialAction":[{"@type":"SearchAction","target":{"@type":"EntryPoint","urlTemplate":"https:\/\/lalecheleague.ch\/en\/?s={search_term_string}"},"query-input":{"@type":"PropertyValueSpecification","valueRequired":true,"valueName":"search_term_string"}}],"inLanguage":"en-US"},{"@type":"Organization","@id":"https:\/\/lalecheleague.ch\/en\/#organization","name":"La Leche League Schweiz","url":"https:\/\/lalecheleague.ch\/en\/","logo":{"@type":"ImageObject","inLanguage":"en-US","@id":"https:\/\/lalecheleague.ch\/en\/#\/schema\/logo\/image\/","url":"https:\/\/lalecheleague.ch\/wp-content\/uploads\/Favicon_primary_transparent.png","contentUrl":"https:\/\/lalecheleague.ch\/wp-content\/uploads\/Favicon_primary_transparent.png","width":218,"height":218,"caption":"La Leche League Schweiz"},"image":{"@id":"https:\/\/lalecheleague.ch\/en\/#\/schema\/logo\/image\/"},"sameAs":["https:\/\/www.facebook.com\/La-Leche-League-Schweiz-Suisse-Svizzera-Svizra-163191413759963"]}]}},"_links":{"self":[{"href":"https:\/\/lalecheleague.ch\/en\/wp-json\/wp\/v2\/pages\/3942","targetHints":{"allow":["GET"]}}],"collection":[{"href":"https:\/\/lalecheleague.ch\/en\/wp-json\/wp\/v2\/pages"}],"about":[{"href":"https:\/\/lalecheleague.ch\/en\/wp-json\/wp\/v2\/types\/page"}],"author":[{"embeddable":true,"href":"https:\/\/lalecheleague.ch\/en\/wp-json\/wp\/v2\/users\/15"}],"replies":[{"embeddable":true,"href":"https:\/\/lalecheleague.ch\/en\/wp-json\/wp\/v2\/comments?post=3942"}],"version-history":[{"count":55,"href":"https:\/\/lalecheleague.ch\/en\/wp-json\/wp\/v2\/pages\/3942\/revisions"}],"predecessor-version":[{"id":41150,"href":"https:\/\/lalecheleague.ch\/en\/wp-json\/wp\/v2\/pages\/3942\/revisions\/41150"}],"up":[{"embeddable":true,"href":"https:\/\/lalecheleague.ch\/en\/wp-json\/wp\/v2\/pages\/1653"}],"wp:attachment":[{"href":"https:\/\/lalecheleague.ch\/en\/wp-json\/wp\/v2\/media?parent=3942"}],"curies":[{"name":"wp","href":"https:\/\/api.w.org\/{rel}","templated":true}]}}