{"id":22516,"date":"2020-03-02T20:46:06","date_gmt":"2020-03-02T19:46:06","guid":{"rendered":"https:\/\/lalecheleague.ch\/wbti\/"},"modified":"2020-03-02T21:48:42","modified_gmt":"2020-03-02T20:48:42","slug":"wbti","status":"publish","type":"page","link":"https:\/\/lalecheleague.ch\/en\/breastfeeding-basics\/wbti\/","title":{"rendered":"WBTi"},"content":{"rendered":"<section class=\"l-section wpb_row height_small\"><div class=\"l-section-h i-cf\"><div class=\"g-cols vc_row via_flex valign_top type_default stacking_default\"><div class=\"vc_col-sm-12 wpb_column vc_column_container\"><div class=\"vc_column-inner\"><div class=\"wpb_wrapper\"><div class=\"g-cols wpb_row via_flex valign_top type_default stacking_default\"><div class=\"vc_col-sm-8 wpb_column vc_column_container\"><div class=\"vc_column-inner\"><div class=\"wpb_wrapper\"><div class=\"wpb_text_column\"><div class=\"wpb_wrapper\"><p>Die World Breastfeeding Trends Initiative (WBTi) ist ein Audit, das 2005 von IBFAN Asien ins Leben gerufen wurde.<\/p>\n<p>WBTi dient dazu, L\u00e4nder bei ihrer Analyse von St\u00e4rken und Schw\u00e4chen bei der Umsetzung der Globalen Strategie zu unterst\u00fctzen und dadurch ihre Programme und Massnahmen zum Schutz, zur F\u00f6rderung und zur Unterst\u00fctzung des Stillens auf nationaler Ebene zu optimieren. Zu diesem Zweck hat WBTi 15 Indikatoren identifiziert, aufgeteilt in zwei Bereiche, wobei jeder Indikator eine spezielle Bedeutung hat.<\/p>\n<p>In Europa begann der Bewertungsprozess mit den Instrumenten des WBTi im Jahr 2015 (Armenien, Belgien, Bosnien und Herzegowina, Kroatien, Georgien, Italien, Portugal, Schweiz, T\u00fcrkei, Ukraine, Vereinigtes K\u00f6nigreich). Im Oktober 2016 sind sechs neue L\u00e4nder der Liste beigetreten: Albanien, Frankreich, Litauen, Mazedonien, Moldawien, Spanien.<\/p>\n<p><a href=\"https:\/\/www.worldbreastfeedingtrends.org\" target=\"_blank\" rel=\"noopener noreferrer\">Die WBTi-Datenbank<\/a> erm\u00f6glicht sowohl den Vergleich verschiedener L\u00e4nder als auch die Visualisierung der Entwicklungen in jedem Land. Der Zugang ist frei und es k\u00f6nnen alle Arten von grafischen Darstellungen erzeugt werden.<\/p>\n<p><a href=\"https:\/\/lalecheleague.ch\/wp-content\/uploads\/WBTi-Swiss-Bericht2020.pdf\" target=\"_blank\" rel=\"noopener noreferrer\">WBTi Swiss Bericht2020<\/a><\/p>\n<p><a href=\"https:\/\/wbti-swiss.jimdofree.com\/\" target=\"_blank\" rel=\"noopener noreferrer\">WBTi Schweiz<\/a><\/p>\n<\/div><\/div><\/div><\/div><\/div><div class=\"vc_col-sm-4 wpb_column vc_column_container\"><div class=\"vc_column-inner\"><div class=\"wpb_wrapper\"><div class=\"w-image align_none\"><div class=\"w-image-h\"><img decoding=\"async\" width=\"309\" height=\"206\" src=\"https:\/\/lalecheleague.ch\/wp-content\/uploads\/wbti.png\" class=\"attachment-large size-large\" alt=\"\" loading=\"lazy\" srcset=\"https:\/\/lalecheleague.ch\/wp-content\/uploads\/wbti.png 309w, https:\/\/lalecheleague.ch\/wp-content\/uploads\/wbti-220x147.png 220w\" sizes=\"auto, (max-width: 309px) 100vw, 309px\" \/><\/div><\/div><\/div><\/div><\/div><\/div><div class=\"g-cols wpb_row via_flex valign_top type_default stacking_default\"><div class=\"vc_col-sm-12 wpb_column vc_column_container\"><div class=\"vc_column-inner\"><div class=\"wpb_wrapper\"><div class=\"w-separator size_medium\"><\/div>[vc_custom_heading text=&#8221;Die 15 Indikatoren von WBTi&#8221; use_theme_fonts=&#8221;yes&#8221;]<div class=\"w-separator size_small\"><\/div><\/div><\/div><\/div><\/div><div class=\"g-cols wpb_row via_flex valign_top type_default stacking_default\"><div class=\"vc_col-sm-6 wpb_column vc_column_container\"><div class=\"vc_column-inner\"><div class=\"wpb_wrapper\"><div class=\"wpb_text_column\"><div class=\"wpb_wrapper\"><h5>Teil I zu politischen Massnahmen und Programmen (Indikatoren 1-10)<\/h5>\n<ol>\n<li>Politische Massnahmen, Programme und deren Koordination auf nationaler Ebene<\/li>\n<li>Initiative Babyfreundliches Krankenhaus (Zehn Schritte zum erfolgreichen Stillen)<\/li>\n<li>Implementierung des Internationalen Kodex zur Vermarktung von Muttermilchersatzprodukten<\/li>\n<li>Mutterschutz<\/li>\n<li>Unterst\u00fctzung des Stillens im Sinne der Globalen Strategie (IYCF) durch das Gesundheitsversorgungssystem sowie durch Ern\u00e4hrungsberatung<\/li>\n<li>Unterst\u00fctzung der M\u00fctter in ihrer Nachbarschaft und Gemeinde \u2013 Unterst\u00fctzung im wohnlichen Umfeld der Mutter in Schwangerschaft und Stillzeit<\/li>\n<li>Unterst\u00fctzung durch Information<\/li>\n<li>S\u00e4uglingsern\u00e4hrung und HIV<\/li>\n<li>S\u00e4uglings- und Kleinkindern\u00e4hrung bei Katastrophen und Notf\u00e4llen<\/li>\n<li>Mechanismen des Monitoring- und Evaluierungssystems<\/li>\n<\/ol>\n<\/div><\/div><\/div><\/div><\/div><div class=\"vc_col-sm-6 wpb_column vc_column_container\"><div class=\"vc_column-inner\"><div class=\"wpb_wrapper\"><div class=\"wpb_text_column\"><div class=\"wpb_wrapper\"><h5>Teil II zu Praktiken der S\u00e4uglings- und Kleinkindern\u00e4hrung (Indikatoren 11-15)<\/h5>\n<ol start=\"11\">\n<li>Fr\u00fcher Stillbeginn (Initiierung)<\/li>\n<li>Ausschliessliches Stillen<\/li>\n<li>Median der Gesamtstilldauer<\/li>\n<li>Flaschenf\u00fctterung<\/li>\n<li>Beikost<\/li>\n<\/ol>\n<\/div><\/div><div class=\"w-separator size_medium\"><\/div><div class=\"w-image align_none\"><a title=\"IBFAN Kalender\" target=\" _blank\" rel=\"nofollow\" href=\"http:\/\/stillshop.ch\/epages\/174212.sf\/de_CH\/?ObjectPath=\/Shops\/174212\/Products\/GE.500\/SubProducts\/GE.500-20\" aria-label=\"IBFAN-Kalender\" class=\"w-image-h\"><img decoding=\"async\" width=\"220\" height=\"155\" src=\"https:\/\/lalecheleague.ch\/wp-content\/uploads\/IBFAN-Kalender-220x155.jpg\" class=\"attachment-thumbnail size-thumbnail\" alt=\"\" loading=\"lazy\" srcset=\"https:\/\/lalecheleague.ch\/wp-content\/uploads\/IBFAN-Kalender-220x155.jpg 220w, https:\/\/lalecheleague.ch\/wp-content\/uploads\/IBFAN-Kalender-750x528.jpg 750w, https:\/\/lalecheleague.ch\/wp-content\/uploads\/IBFAN-Kalender.jpg 1057w\" sizes=\"auto, (max-width: 220px) 100vw, 220px\" \/><\/a><\/div><\/div><\/div><\/div><\/div><\/div><\/div><\/div><\/div><\/div><\/section>\n","protected":false},"excerpt":{"rendered":"Die World Breastfeeding Trends Initiative (WBTi) ist ein Audit, das 2005 von IBFAN Asien ins Leben gerufen wurde. WBTi dient dazu, L\u00e4nder bei ihrer Analyse von St\u00e4rken und Schw\u00e4chen bei der Umsetzung der Globalen Strategie zu unterst\u00fctzen und dadurch ihre Programme und Massnahmen zum Schutz, zur F\u00f6rderung und zur Unterst\u00fctzung des Stillens auf nationaler Ebene...","protected":false},"author":15,"featured_media":0,"parent":1730,"menu_order":0,"comment_status":"closed","ping_status":"closed","template":"","meta":{"_exactmetrics_skip_tracking":false,"_exactmetrics_sitenote_active":false,"_exactmetrics_sitenote_note":"","_exactmetrics_sitenote_category":0,"footnotes":""},"class_list":["post-22516","page","type-page","status-publish","hentry"],"yoast_head":"<!-- This site is optimized with the Yoast SEO Premium plugin v25.7.1 (Yoast SEO v25.7) - https:\/\/yoast.com\/wordpress\/plugins\/seo\/ -->\n<title>WBTi - Breastfeeding Support and Guidance \u2013 La Leche League Switzerlandweiz<\/title>\n<meta name=\"robots\" content=\"index, follow, max-snippet:-1, max-image-preview:large, max-video-preview:-1\" \/>\n<link rel=\"canonical\" href=\"https:\/\/lalecheleague.ch\/en\/breastfeeding-basics\/wbti\/\" \/>\n<meta property=\"og:locale\" content=\"en_US\" \/>\n<meta property=\"og:type\" content=\"article\" \/>\n<meta property=\"og:title\" content=\"WBTi\" \/>\n<meta property=\"og:url\" content=\"https:\/\/lalecheleague.ch\/en\/breastfeeding-basics\/wbti\/\" \/>\n<meta property=\"og:site_name\" content=\"Breastfeeding Support and Guidance \u2013 La Leche League Switzerlandweiz\" \/>\n<meta property=\"article:publisher\" content=\"https:\/\/www.facebook.com\/La-Leche-League-Schweiz-Suisse-Svizzera-Svizra-163191413759963\" \/>\n<meta property=\"article:modified_time\" content=\"2020-03-02T20:48:42+00:00\" \/>\n<meta property=\"og:image\" content=\"http:\/\/lalecheleague.ch\/wp-content\/uploads\/2016\/04\/Favicon_primary_transparent.png\" \/>\n<meta name=\"twitter:card\" content=\"summary_large_image\" \/>\n<meta name=\"twitter:label1\" content=\"Est. reading time\" \/>\n\t<meta name=\"twitter:data1\" content=\"2 minutes\" \/>\n<script type=\"application\/ld+json\" class=\"yoast-schema-graph\">{\"@context\":\"https:\/\/schema.org\",\"@graph\":[{\"@type\":\"WebPage\",\"@id\":\"https:\/\/lalecheleague.ch\/en\/breastfeeding-basics\/wbti\/\",\"url\":\"https:\/\/lalecheleague.ch\/en\/breastfeeding-basics\/wbti\/\",\"name\":\"WBTi - Breastfeeding Support and Guidance \u2013 La Leche League Switzerlandweiz\",\"isPartOf\":{\"@id\":\"https:\/\/lalecheleague.ch\/en\/#website\"},\"datePublished\":\"2020-03-02T19:46:06+00:00\",\"dateModified\":\"2020-03-02T20:48:42+00:00\",\"breadcrumb\":{\"@id\":\"https:\/\/lalecheleague.ch\/en\/breastfeeding-basics\/wbti\/#breadcrumb\"},\"inLanguage\":\"en-US\",\"potentialAction\":[{\"@type\":\"ReadAction\",\"target\":[\"https:\/\/lalecheleague.ch\/en\/breastfeeding-basics\/wbti\/\"]}]},{\"@type\":\"BreadcrumbList\",\"@id\":\"https:\/\/lalecheleague.ch\/en\/breastfeeding-basics\/wbti\/#breadcrumb\",\"itemListElement\":[{\"@type\":\"ListItem\",\"position\":1,\"name\":\"Startseite\",\"item\":\"https:\/\/lalecheleague.ch\/en\/\"},{\"@type\":\"ListItem\",\"position\":2,\"name\":\"Breastfeeding Basics\",\"item\":\"https:\/\/lalecheleague.ch\/en\/breastfeeding-basics\/\"},{\"@type\":\"ListItem\",\"position\":3,\"name\":\"WBTi\"}]},{\"@type\":\"WebSite\",\"@id\":\"https:\/\/lalecheleague.ch\/en\/#website\",\"url\":\"https:\/\/lalecheleague.ch\/en\/\",\"name\":\"lalecheleague.ch\",\"description\":\"Questions about breastfeeding? Here you\u2019ll find tips, guidance, and support.\",\"publisher\":{\"@id\":\"https:\/\/lalecheleague.ch\/en\/#organization\"},\"alternateName\":\"stillberatung.ch\",\"potentialAction\":[{\"@type\":\"SearchAction\",\"target\":{\"@type\":\"EntryPoint\",\"urlTemplate\":\"https:\/\/lalecheleague.ch\/en\/?s={search_term_string}\"},\"query-input\":{\"@type\":\"PropertyValueSpecification\",\"valueRequired\":true,\"valueName\":\"search_term_string\"}}],\"inLanguage\":\"en-US\"},{\"@type\":\"Organization\",\"@id\":\"https:\/\/lalecheleague.ch\/en\/#organization\",\"name\":\"La Leche League Schweiz\",\"url\":\"https:\/\/lalecheleague.ch\/en\/\",\"logo\":{\"@type\":\"ImageObject\",\"inLanguage\":\"en-US\",\"@id\":\"https:\/\/lalecheleague.ch\/en\/#\/schema\/logo\/image\/\",\"url\":\"https:\/\/lalecheleague.ch\/wp-content\/uploads\/Favicon_primary_transparent.png\",\"contentUrl\":\"https:\/\/lalecheleague.ch\/wp-content\/uploads\/Favicon_primary_transparent.png\",\"width\":218,\"height\":218,\"caption\":\"La Leche League Schweiz\"},\"image\":{\"@id\":\"https:\/\/lalecheleague.ch\/en\/#\/schema\/logo\/image\/\"},\"sameAs\":[\"https:\/\/www.facebook.com\/La-Leche-League-Schweiz-Suisse-Svizzera-Svizra-163191413759963\"]}]}<\/script>\n<!-- \/ Yoast SEO Premium plugin. -->","yoast_head_json":{"title":"WBTi - Breastfeeding Support and Guidance \u2013 La Leche League Switzerlandweiz","robots":{"index":"index","follow":"follow","max-snippet":"max-snippet:-1","max-image-preview":"max-image-preview:large","max-video-preview":"max-video-preview:-1"},"canonical":"https:\/\/lalecheleague.ch\/en\/breastfeeding-basics\/wbti\/","og_locale":"en_US","og_type":"article","og_title":"WBTi","og_url":"https:\/\/lalecheleague.ch\/en\/breastfeeding-basics\/wbti\/","og_site_name":"Breastfeeding Support and Guidance \u2013 La Leche League Switzerlandweiz","article_publisher":"https:\/\/www.facebook.com\/La-Leche-League-Schweiz-Suisse-Svizzera-Svizra-163191413759963","article_modified_time":"2020-03-02T20:48:42+00:00","og_image":[{"url":"http:\/\/lalecheleague.ch\/wp-content\/uploads\/2016\/04\/Favicon_primary_transparent.png","type":"","width":"","height":""}],"twitter_card":"summary_large_image","twitter_misc":{"Est. reading time":"2 minutes"},"schema":{"@context":"https:\/\/schema.org","@graph":[{"@type":"WebPage","@id":"https:\/\/lalecheleague.ch\/en\/breastfeeding-basics\/wbti\/","url":"https:\/\/lalecheleague.ch\/en\/breastfeeding-basics\/wbti\/","name":"WBTi - Breastfeeding Support and Guidance \u2013 La Leche League Switzerlandweiz","isPartOf":{"@id":"https:\/\/lalecheleague.ch\/en\/#website"},"datePublished":"2020-03-02T19:46:06+00:00","dateModified":"2020-03-02T20:48:42+00:00","breadcrumb":{"@id":"https:\/\/lalecheleague.ch\/en\/breastfeeding-basics\/wbti\/#breadcrumb"},"inLanguage":"en-US","potentialAction":[{"@type":"ReadAction","target":["https:\/\/lalecheleague.ch\/en\/breastfeeding-basics\/wbti\/"]}]},{"@type":"BreadcrumbList","@id":"https:\/\/lalecheleague.ch\/en\/breastfeeding-basics\/wbti\/#breadcrumb","itemListElement":[{"@type":"ListItem","position":1,"name":"Startseite","item":"https:\/\/lalecheleague.ch\/en\/"},{"@type":"ListItem","position":2,"name":"Breastfeeding Basics","item":"https:\/\/lalecheleague.ch\/en\/breastfeeding-basics\/"},{"@type":"ListItem","position":3,"name":"WBTi"}]},{"@type":"WebSite","@id":"https:\/\/lalecheleague.ch\/en\/#website","url":"https:\/\/lalecheleague.ch\/en\/","name":"lalecheleague.ch","description":"Questions about breastfeeding? Here you\u2019ll find tips, guidance, and support.","publisher":{"@id":"https:\/\/lalecheleague.ch\/en\/#organization"},"alternateName":"stillberatung.ch","potentialAction":[{"@type":"SearchAction","target":{"@type":"EntryPoint","urlTemplate":"https:\/\/lalecheleague.ch\/en\/?s={search_term_string}"},"query-input":{"@type":"PropertyValueSpecification","valueRequired":true,"valueName":"search_term_string"}}],"inLanguage":"en-US"},{"@type":"Organization","@id":"https:\/\/lalecheleague.ch\/en\/#organization","name":"La Leche League Schweiz","url":"https:\/\/lalecheleague.ch\/en\/","logo":{"@type":"ImageObject","inLanguage":"en-US","@id":"https:\/\/lalecheleague.ch\/en\/#\/schema\/logo\/image\/","url":"https:\/\/lalecheleague.ch\/wp-content\/uploads\/Favicon_primary_transparent.png","contentUrl":"https:\/\/lalecheleague.ch\/wp-content\/uploads\/Favicon_primary_transparent.png","width":218,"height":218,"caption":"La Leche League Schweiz"},"image":{"@id":"https:\/\/lalecheleague.ch\/en\/#\/schema\/logo\/image\/"},"sameAs":["https:\/\/www.facebook.com\/La-Leche-League-Schweiz-Suisse-Svizzera-Svizra-163191413759963"]}]}},"_links":{"self":[{"href":"https:\/\/lalecheleague.ch\/en\/wp-json\/wp\/v2\/pages\/22516","targetHints":{"allow":["GET"]}}],"collection":[{"href":"https:\/\/lalecheleague.ch\/en\/wp-json\/wp\/v2\/pages"}],"about":[{"href":"https:\/\/lalecheleague.ch\/en\/wp-json\/wp\/v2\/types\/page"}],"author":[{"embeddable":true,"href":"https:\/\/lalecheleague.ch\/en\/wp-json\/wp\/v2\/users\/15"}],"replies":[{"embeddable":true,"href":"https:\/\/lalecheleague.ch\/en\/wp-json\/wp\/v2\/comments?post=22516"}],"version-history":[{"count":7,"href":"https:\/\/lalecheleague.ch\/en\/wp-json\/wp\/v2\/pages\/22516\/revisions"}],"predecessor-version":[{"id":22559,"href":"https:\/\/lalecheleague.ch\/en\/wp-json\/wp\/v2\/pages\/22516\/revisions\/22559"}],"up":[{"embeddable":true,"href":"https:\/\/lalecheleague.ch\/en\/wp-json\/wp\/v2\/pages\/1730"}],"wp:attachment":[{"href":"https:\/\/lalecheleague.ch\/en\/wp-json\/wp\/v2\/media?parent=22516"}],"curies":[{"name":"wp","href":"https:\/\/api.w.org\/{rel}","templated":true}]}}